{"id":13978,"date":"2025-07-23T15:34:45","date_gmt":"2025-07-23T07:34:45","guid":{"rendered":"https:\/\/k-level.com\/?post_type=product&#038;p=13978"},"modified":"2025-07-23T15:35:24","modified_gmt":"2025-07-23T07:35:24","slug":"chan-may-can-bang-laser-chat-luong-cao","status":"publish","type":"product","link":"https:\/\/k-level.com\/vi\/san-pham\/chan-may-can-bang-laser-chat-luong-cao\/","title":{"rendered":"Ch\u00e2n m\u00e1y c\u00e2n b\u1eb1ng laser ch\u1ea5t l\u01b0\u1ee3ng cao"},"content":{"rendered":"<p>D\u00f2ng s\u1ea3n ph\u1ea9m Ch\u00e2n m\u00e1y c\u00e2n b\u1eb1ng laser ch\u1ea5t l\u01b0\u1ee3ng cao c\u1ee7a <a href=\"https:\/\/k-level.com\/vi\/ve-chung-toi\/\">C\u1ea5p \u0111\u1ed9 K<\/a> mang l\u1ea1i \u0111\u1ed9 ch\u00ednh x\u00e1c, \u0111\u1ed9 b\u1ec1n v\u00e0 \u0111\u1ed9 \u1ed5n \u0111\u1ecbnh cho c\u00e1c \u1ee9ng d\u1ee5ng kh\u1ea3o s\u00e1t v\u00e0 x\u00e2y d\u1ef1ng chuy\u00ean nghi\u1ec7p. \u0110\u01b0\u1ee3c thi\u1ebft k\u1ebf cho c\u00e1c m\u00f4i tr\u01b0\u1eddng kh\u1eafc nghi\u1ec7t.<\/p>\n<p>C\u00e1i n\u00e0y <a href=\"https:\/\/k-level.com\/vi\/ve-chung-toi\/\">Ch\u00e2n m\u00e1y c\u00e2n b\u1eb1ng laser Black Elevator<\/a> \u0111\u01b0\u1ee3c ch\u1ebf t\u1ea1o t\u1eeb nh\u00f4m oxit cao c\u1ea5p (A), \u0111\u1ea3m b\u1ea3o \u0111\u1ed9 b\u1ec1n nh\u1eb9 v\u00e0 kh\u1ea3 n\u0103ng ch\u1ed1ng \u0103n m\u00f2n.<\/p>\n<p><img fetchpriority=\"high\" decoding=\"async\" class=\"size-medium wp-image-13980 aligncenter\" src=\"https:\/\/k-level.com\/wp-content\/uploads\/2025\/07\/B3160HP2-2-300x300.jpg\" alt=\"Ch\u00e2n m\u00e1y c\u00e2n b\u1eb1ng laser ch\u1ea5t l\u01b0\u1ee3ng cao\" width=\"300\" height=\"300\" srcset=\"https:\/\/k-level.com\/wp-content\/uploads\/2025\/07\/B3160HP2-2-300x300.jpg 300w, https:\/\/k-level.com\/wp-content\/uploads\/2025\/07\/B3160HP2-2-150x150.jpg 150w, https:\/\/k-level.com\/wp-content\/uploads\/2025\/07\/B3160HP2-2-768x768.jpg 768w, https:\/\/k-level.com\/wp-content\/uploads\/2025\/07\/B3160HP2-2-12x12.jpg 12w, https:\/\/k-level.com\/wp-content\/uploads\/2025\/07\/B3160HP2-2-370x370.jpg 370w, https:\/\/k-level.com\/wp-content\/uploads\/2025\/07\/B3160HP2-2-400x400.jpg 400w, https:\/\/k-level.com\/wp-content\/uploads\/2025\/07\/B3160HP2-2-100x100.jpg 100w, https:\/\/k-level.com\/wp-content\/uploads\/2025\/07\/B3160HP2-2-50x50.jpg 50w, https:\/\/k-level.com\/wp-content\/uploads\/2025\/07\/B3160HP2-2.jpg 800w\" sizes=\"(max-width: 300px) 100vw, 300px\" \/><\/p>\n<p><a href=\"https:\/\/k-level.com\/vi\/ve-chung-toi\/\">Ch\u00e2n m\u00e1y c\u00e2n b\u1eb1ng laser ch\u1ea5t l\u01b0\u1ee3ng cao<\/a> D\u00f2ng xe 3<br \/>\nBA3-045HP: 0,45 m\u00e9t, c\u00f3 \u0111\u1ea7u nh\u1ef1a 5\/8\u2033-11<br \/>\nBA3-120HP: 1,20 m\u00e9t, c\u00f3 \u0111\u1ea7u nh\u1ef1a 5\/8\u2033-11<br \/>\nBA3-160HP: 1,60 m\u00e9t, c\u00f3 \u0111\u1ea7u nh\u1ef1a 5\/8\u2033-11<br \/>\nBA3-180HB: 1,80 m\u00e9t, v\u1edbi \u0111\u1ea7u tr\u00f2n l\u1edbn 5\/8\u2033-11<br \/>\nBA3-200HB: 2,00 m\u00e9t, v\u1edbi \u0111\u1ea7u tr\u00f2n l\u1edbn 5\/8\u2033-11<br \/>\nBA3-300HA: 3.00 m\u00e9t, c\u00f3 \u0111\u1ea7u nh\u00f4m 5\/8\u2033-11<\/p>\n<p><img decoding=\"async\" class=\"size-medium wp-image-13982 aligncenter\" src=\"https:\/\/k-level.com\/wp-content\/uploads\/2025\/07\/B3160HP5-300x300.jpg\" alt=\"Ch\u00e2n m\u00e1y c\u00e2n b\u1eb1ng laser ch\u1ea5t l\u01b0\u1ee3ng cao\" width=\"300\" height=\"300\" srcset=\"https:\/\/k-level.com\/wp-content\/uploads\/2025\/07\/B3160HP5-300x300.jpg 300w, https:\/\/k-level.com\/wp-content\/uploads\/2025\/07\/B3160HP5-150x150.jpg 150w, https:\/\/k-level.com\/wp-content\/uploads\/2025\/07\/B3160HP5-768x768.jpg 768w, https:\/\/k-level.com\/wp-content\/uploads\/2025\/07\/B3160HP5-12x12.jpg 12w, https:\/\/k-level.com\/wp-content\/uploads\/2025\/07\/B3160HP5-370x370.jpg 370w, https:\/\/k-level.com\/wp-content\/uploads\/2025\/07\/B3160HP5-400x400.jpg 400w, https:\/\/k-level.com\/wp-content\/uploads\/2025\/07\/B3160HP5-100x100.jpg 100w, https:\/\/k-level.com\/wp-content\/uploads\/2025\/07\/B3160HP5-50x50.jpg 50w, https:\/\/k-level.com\/wp-content\/uploads\/2025\/07\/B3160HP5.jpg 800w\" sizes=\"(max-width: 300px) 100vw, 300px\" \/><\/p>\n<p>C\u1ea7n gi\u1ea3i ph\u00e1p?<\/p>\n<p>K-level cung c\u1ea5p d\u1ecbch v\u1ee5 t\u01b0 v\u1ea5n thi\u1ebft b\u1ecb tr\u1eafc \u0111\u1ecba. Li\u00ean h\u1ec7 v\u1edbi ch\u00fang t\u00f4i \u0111\u1ec3 \u0111\u1eb7t h\u00e0ng s\u1ed1 l\u01b0\u1ee3ng l\u1edbn ho\u1eb7c \u0111\u01b0\u1ee3c h\u1ed7 tr\u1ee3 k\u1ef9 thu\u1eadt!<\/p>","protected":false},"excerpt":{"rendered":"<ul>\n<li>Cho d\u00f9 b\u1ea1n c\u1ea7n Ch\u00e2n m\u00e1y c\u00e2n b\u1eb1ng laser ch\u1ea5t l\u01b0\u1ee3ng cao \u0111\u1ec3 c\u0103n ch\u1ec9nh thang m\u00e1y, b\u1ed1 tr\u00ed x\u00e2y d\u1ef1ng hay kh\u1ea3o s\u00e1t<\/li>\n<li>ho\u1eb7c Ch\u00e2n m\u00e1y c\u00e2n b\u1eb1ng laser m\u00e0u \u0111en ch\u1eafc ch\u1eafn cho c\u00e1c \u1ee9ng d\u1ee5ng n\u1eb7ng<\/li>\n<li>D\u00f2ng BA3 mang l\u1ea1i \u0111\u1ed9 tin c\u1eady v\u00e0 \u0111\u1ed9 ch\u00ednh x\u00e1c cho m\u1ecdi m\u00f4 h\u00ecnh.<\/li>\n<\/ul>\n<p><img decoding=\"async\" class=\"alignnone size-medium wp-image-13646\" src=\"https:\/\/k-level.com\/wp-content\/uploads\/2025\/05\/logo-300x98.png\" alt=\"\" width=\"300\" height=\"98\" srcset=\"https:\/\/k-level.com\/wp-content\/uploads\/2025\/05\/logo-300x98.png 300w, https:\/\/k-level.com\/wp-content\/uploads\/2025\/05\/logo-18x6.png 18w, https:\/\/k-level.com\/wp-content\/uploads\/2025\/05\/logo.png 307w\" sizes=\"(max-width: 300px) 100vw, 300px\" \/><\/p>","protected":false},"featured_media":13982,"comment_status":"open","ping_status":"closed","template":"","meta":[],"product_brand":[],"product_cat":[263],"product_tag":[238],"class_list":{"0":"post-13978","1":"product","2":"type-product","3":"status-publish","4":"has-post-thumbnail","6":"product_cat-laser-level-tripod","7":"product_tag-carpentry-and-furniture","9":"first","10":"instock","11":"shipping-taxable","12":"product-type-simple"},"_links":{"self":[{"href":"https:\/\/k-level.com\/vi\/wp-json\/wp\/v2\/product\/13978","targetHints":{"allow":["GET"]}}],"collection":[{"href":"https:\/\/k-level.com\/vi\/wp-json\/wp\/v2\/product"}],"about":[{"href":"https:\/\/k-level.com\/vi\/wp-json\/wp\/v2\/types\/product"}],"replies":[{"embeddable":true,"href":"https:\/\/k-level.com\/vi\/wp-json\/wp\/v2\/comments?post=13978"}],"version-history":[{"count":2,"href":"https:\/\/k-level.com\/vi\/wp-json\/wp\/v2\/product\/13978\/revisions"}],"predecessor-version":[{"id":13985,"href":"https:\/\/k-level.com\/vi\/wp-json\/wp\/v2\/product\/13978\/revisions\/13985"}],"wp:featuredmedia":[{"embeddable":true,"href":"https:\/\/k-level.com\/vi\/wp-json\/wp\/v2\/media\/13982"}],"wp:attachment":[{"href":"https:\/\/k-level.com\/vi\/wp-json\/wp\/v2\/media?parent=13978"}],"wp:term":[{"taxonomy":"product_brand","embeddable":true,"href":"https:\/\/k-level.com\/vi\/wp-json\/wp\/v2\/product_brand?post=13978"},{"taxonomy":"product_cat","embeddable":true,"href":"https:\/\/k-level.com\/vi\/wp-json\/wp\/v2\/product_cat?post=13978"},{"taxonomy":"product_tag","embeddable":true,"href":"https:\/\/k-level.com\/vi\/wp-json\/wp\/v2\/product_tag?post=13978"}],"curies":[{"name":"wp","href":"https:\/\/api.w.org\/{rel}","templated":true}]}}