{"id":13964,"date":"2025-07-23T14:39:04","date_gmt":"2025-07-23T06:39:04","guid":{"rendered":"https:\/\/k-level.com\/?post_type=product&#038;p=13964"},"modified":"2025-07-23T14:59:49","modified_gmt":"2025-07-23T06:59:49","slug":"chan-may-can-bang-laser-mini-bang-nhom-bac","status":"publish","type":"product","link":"https:\/\/k-level.com\/vi\/san-pham\/chan-may-can-bang-laser-mini-bang-nhom-bac\/","title":{"rendered":"Ch\u00e2n m\u00e1y c\u00e2n b\u1eb1ng laser mini b\u1eb1ng nh\u00f4m b\u1ea1c d\u00f2ng SA11"},"content":{"rendered":"<p>Gi\u1edbi thi\u1ec7u Ch\u00e2n m\u00e1y c\u00e2n b\u1eb1ng laser mini b\u1eb1ng nh\u00f4m b\u1ea1c d\u00f2ng SA11<\/p>\n<p>D\u00f2ng SA11 <a href=\"https:\/\/k-level.com\/vi\/cua-hang\/\">Ch\u00e2n m\u00e1y c\u00e2n b\u1eb1ng laser mini b\u1eb1ng nh\u00f4m b\u1ea1c<\/a> theo c\u1ea5p \u0111\u1ed9 K l\u00e0 m\u1ed9t kho\u1ea3n ph\u00ed b\u1ea3o hi\u1ec3m<a href=\"https:\/\/k-level.com\/vi\/cua-hang\/\"> ch\u00e2n m\u00e1y c\u00f3 th\u1ec3 \u0111i\u1ec1u ch\u1ec9nh cho m\u00e1y c\u00e2n b\u1eb1ng laser<\/a>, \u0111\u01b0\u1ee3c thi\u1ebft k\u1ebf \u0111\u1ec3 c\u00f3 \u0111\u1ed9 ch\u00ednh x\u00e1c v\u00e0 t\u00ednh di \u0111\u1ed9ng.<br \/>\nL\u00fd t\u01b0\u1edfng cho ng\u01b0\u1eddi kh\u1ea3o s\u00e1t, nh\u00e0 th\u1ea7u v\u00e0 nh\u1eefng ng\u01b0\u1eddi \u0111am m\u00ea DIY, ch\u00e2n m\u00e1y c\u00e2n b\u1eb1ng laser b\u1eb1ng nh\u00f4m di \u0111\u1ed9ng n\u00e0y k\u1ebft h\u1ee3p \u0111\u1ed9 b\u1ec1n, c\u1ea5u tr\u00fac nh\u1eb9 v\u00e0 \u0111\u1ed9 \u1ed5n \u0111\u1ecbnh c\u1ea5p \u0111\u1ed9 chuy\u00ean nghi\u1ec7p \u0111\u1ec3 \u0111o l\u01b0\u1eddng ch\u00ednh x\u00e1c trong nhi\u1ec1u \u1ee9ng d\u1ee5ng kh\u00e1c nhau.<\/p>\n<p>Ch\u00e2n m\u00e1y mini Silver Elevator Tripod cung c\u1ea5p hai m\u1eabu, c\u00f3 th\u1ec3 ph\u00e2n bi\u1ec7t b\u1eb1ng ch\u00e2n m\u00e1y c\u00e2n b\u1eb1ng laser c\u00f3 th\u1ec3 \u0111i\u1ec1u ch\u1ec9nh \u0111\u1ed9 cao.<\/p>\n<p><img fetchpriority=\"high\" decoding=\"async\" class=\"aligncenter wp-image-13968 size-medium\" src=\"https:\/\/k-level.com\/wp-content\/uploads\/2025\/07\/S110507-300x300.jpg\" alt=\"Ch\u00e2n m\u00e1y c\u00e2n b\u1eb1ng laser mini b\u1eb1ng nh\u00f4m b\u1ea1c\" width=\"300\" height=\"300\" srcset=\"https:\/\/k-level.com\/wp-content\/uploads\/2025\/07\/S110507-300x300.jpg 300w, https:\/\/k-level.com\/wp-content\/uploads\/2025\/07\/S110507-150x150.jpg 150w, https:\/\/k-level.com\/wp-content\/uploads\/2025\/07\/S110507-768x768.jpg 768w, https:\/\/k-level.com\/wp-content\/uploads\/2025\/07\/S110507-12x12.jpg 12w, https:\/\/k-level.com\/wp-content\/uploads\/2025\/07\/S110507-370x370.jpg 370w, https:\/\/k-level.com\/wp-content\/uploads\/2025\/07\/S110507-400x400.jpg 400w, https:\/\/k-level.com\/wp-content\/uploads\/2025\/07\/S110507-100x100.jpg 100w, https:\/\/k-level.com\/wp-content\/uploads\/2025\/07\/S110507-50x50.jpg 50w, https:\/\/k-level.com\/wp-content\/uploads\/2025\/07\/S110507.jpg 800w\" sizes=\"(max-width: 300px) 100vw, 300px\" \/><br \/>\nS\u1ed1 hi\u1ec7u m\u1eabu c\u1ee7a d\u00f2ng SA11:<\/p>\n<p>SA11-050F: B\u1ea1c, 0,50m, \u0110\u1ea7u nghi\u00eang c\u1ed1 \u0111\u1ecbnh c\u00f3 ren th\u00e1o r\u1eddi 1\/4\u2033-20<br \/>\nSA11-100F: B\u1ea1c, 1,00m, \u0110\u1ea7u nghi\u00eang c\u1ed1 \u0111\u1ecbnh c\u00f3 ren th\u00e1o r\u1eddi 1\/4\u2033-20<\/p>\n<p><img decoding=\"async\" class=\"aligncenter wp-image-13967 size-medium\" src=\"https:\/\/k-level.com\/wp-content\/uploads\/2025\/07\/S1105051-300x300.jpg\" alt=\"Ch\u00e2n m\u00e1y c\u00e2n b\u1eb1ng laser mini SA11-100F b\u1eb1ng nh\u00f4m b\u1ea1c\" width=\"300\" height=\"300\" srcset=\"https:\/\/k-level.com\/wp-content\/uploads\/2025\/07\/S1105051-300x300.jpg 300w, https:\/\/k-level.com\/wp-content\/uploads\/2025\/07\/S1105051-150x150.jpg 150w, https:\/\/k-level.com\/wp-content\/uploads\/2025\/07\/S1105051-768x768.jpg 768w, https:\/\/k-level.com\/wp-content\/uploads\/2025\/07\/S1105051-12x12.jpg 12w, https:\/\/k-level.com\/wp-content\/uploads\/2025\/07\/S1105051-370x370.jpg 370w, https:\/\/k-level.com\/wp-content\/uploads\/2025\/07\/S1105051-400x400.jpg 400w, https:\/\/k-level.com\/wp-content\/uploads\/2025\/07\/S1105051-100x100.jpg 100w, https:\/\/k-level.com\/wp-content\/uploads\/2025\/07\/S1105051-50x50.jpg 50w, https:\/\/k-level.com\/wp-content\/uploads\/2025\/07\/S1105051.jpg 800w\" sizes=\"(max-width: 300px) 100vw, 300px\" \/><\/p>\n<p>C\u1ea7n gi\u1ea3i ph\u00e1p?<\/p>\n<p><a href=\"https:\/\/k-level.com\/vi\/cua-hang\/\">C\u1ea5p \u0111\u1ed9 K<\/a>\u00a0cung c\u1ea5p D\u1ecbch v\u1ee5 T\u01b0 v\u1ea5n Thi\u1ebft b\u1ecb Kh\u1ea3o s\u00e1t. Li\u00ean h\u1ec7 v\u1edbi ch\u00fang t\u00f4i \u0111\u1ec3 \u0111\u1eb7t h\u00e0ng s\u1ed1 l\u01b0\u1ee3ng l\u1edbn ho\u1eb7c \u0111\u01b0\u1ee3c h\u1ed7 tr\u1ee3 k\u1ef9 thu\u1eadt!<\/p>","protected":false},"excerpt":{"rendered":"<ul>\n<li>Cho d\u00f9 b\u1ea1n c\u1ea7n ch\u00e2n m\u00e1y c\u00f3 th\u1ec3 \u0111i\u1ec1u ch\u1ec9nh cho m\u00e1y c\u00e2n b\u1eb1ng laser \u0111\u1ec3 c\u00e2n b\u1eb1ng trong nh\u00e0 hay kh\u1ea3o s\u00e1t ngo\u00e0i tr\u1eddi<\/li>\n<li>Ch\u00e2n m\u00e1y c\u00e2n b\u1eb1ng laser c\u00f3 \u0111\u1ea7u nghi\u00eang mang l\u1ea1i \u0111\u1ed9 tin c\u1eady v\u00e0 \u0111\u1ed9 ch\u00ednh x\u00e1c trong h\u00ecnh d\u1ea1ng nh\u1ecf g\u1ecdn.<\/li>\n<\/ul>\n<p><img decoding=\"async\" class=\"alignnone size-medium wp-image-13646\" src=\"https:\/\/k-level.com\/wp-content\/uploads\/2025\/05\/logo-300x98.png\" alt=\"\" width=\"300\" height=\"98\" srcset=\"https:\/\/k-level.com\/wp-content\/uploads\/2025\/05\/logo-300x98.png 300w, https:\/\/k-level.com\/wp-content\/uploads\/2025\/05\/logo-18x6.png 18w, https:\/\/k-level.com\/wp-content\/uploads\/2025\/05\/logo.png 307w\" sizes=\"(max-width: 300px) 100vw, 300px\" \/><\/p>","protected":false},"featured_media":13965,"comment_status":"open","ping_status":"closed","template":"","meta":[],"product_brand":[],"product_cat":[263],"product_tag":[238],"class_list":{"0":"post-13964","1":"product","2":"type-product","3":"status-publish","4":"has-post-thumbnail","6":"product_cat-laser-level-tripod","7":"product_tag-carpentry-and-furniture","9":"first","10":"instock","11":"shipping-taxable","12":"product-type-simple"},"_links":{"self":[{"href":"https:\/\/k-level.com\/vi\/wp-json\/wp\/v2\/product\/13964","targetHints":{"allow":["GET"]}}],"collection":[{"href":"https:\/\/k-level.com\/vi\/wp-json\/wp\/v2\/product"}],"about":[{"href":"https:\/\/k-level.com\/vi\/wp-json\/wp\/v2\/types\/product"}],"replies":[{"embeddable":true,"href":"https:\/\/k-level.com\/vi\/wp-json\/wp\/v2\/comments?post=13964"}],"version-history":[{"count":3,"href":"https:\/\/k-level.com\/vi\/wp-json\/wp\/v2\/product\/13964\/revisions"}],"predecessor-version":[{"id":13977,"href":"https:\/\/k-level.com\/vi\/wp-json\/wp\/v2\/product\/13964\/revisions\/13977"}],"wp:featuredmedia":[{"embeddable":true,"href":"https:\/\/k-level.com\/vi\/wp-json\/wp\/v2\/media\/13965"}],"wp:attachment":[{"href":"https:\/\/k-level.com\/vi\/wp-json\/wp\/v2\/media?parent=13964"}],"wp:term":[{"taxonomy":"product_brand","embeddable":true,"href":"https:\/\/k-level.com\/vi\/wp-json\/wp\/v2\/product_brand?post=13964"},{"taxonomy":"product_cat","embeddable":true,"href":"https:\/\/k-level.com\/vi\/wp-json\/wp\/v2\/product_cat?post=13964"},{"taxonomy":"product_tag","embeddable":true,"href":"https:\/\/k-level.com\/vi\/wp-json\/wp\/v2\/product_tag?post=13964"}],"curies":[{"name":"wp","href":"https:\/\/api.w.org\/{rel}","templated":true}]}}