{"id":13891,"date":"2025-07-21T11:23:25","date_gmt":"2025-07-21T03:23:25","guid":{"rendered":"https:\/\/k-level.com\/?post_type=product&#038;p=13891"},"modified":"2025-07-21T11:23:25","modified_gmt":"2025-07-21T03:23:25","slug":"may-laser-lr350-2t-2q","status":"publish","type":"product","link":"https:\/\/k-level.com\/vi\/san-pham\/may-laser-lr350-2t-2q\/","title":{"rendered":"G\u1eady Laser LR350-2T\/2Q"},"content":{"rendered":"<p><strong>G\u1eady Laser LR350-2T\/2Q c\u1ee7a K-level<\/strong><\/p>\n<p>C\u1ea5p \u0111\u1ed9 K gi\u1edbi thi\u1ec7u <a href=\"https:\/\/k-level.com\/vi\/lien-he-voi-chung-toi\/\">G\u1eady Laser LR350-2T\/2Q,<\/a> m\u1ed9t kho\u1ea3n ph\u00ed b\u1ea3o hi\u1ec3m <a href=\"https:\/\/k-level.com\/vi\/lien-he-voi-chung-toi\/\">C\u00e1n c\u00e2n nh\u00f4m d\u1ea1ng \u1ed1ng l\u1ed3ng<\/a> \u0111\u01b0\u1ee3c thi\u1ebft k\u1ebf cho c\u00e1c \u1ee9ng d\u1ee5ng kh\u1ea3o s\u00e1t v\u00e0 x\u00e2y d\u1ef1ng chuy\u00ean nghi\u1ec7p.<\/p>\n<p>C\u00f3 s\u1eb5n trong hai bi\u1ebfn th\u1ec3 kh\u00f3a\u2014LR350-2T (Kh\u00f3a xo\u1eafn) v\u00e0 LR350-2Q (Kh\u00f3a nhanh)\u2014 <a href=\"https:\/\/k-level.com\/vi\/lien-he-voi-chung-toi\/\">Nh\u00e2n vi\u00ean san l\u1ea5p m\u1eb7t b\u1eb1ng kh\u1ea3o s\u00e1t<\/a> Gi\u1ea3i ph\u00e1p cung c\u1ea5p t\u00ednh linh ho\u1ea1t v\u00e0 \u0111\u1ed9 tin c\u1eady cho ph\u00e9p \u0111o \u0111\u1ed9 cao ch\u00ednh x\u00e1c.<\/p>\n<p><img fetchpriority=\"high\" decoding=\"async\" class=\"aligncenter wp-image-13882 size-medium\" src=\"https:\/\/k-level.com\/wp-content\/uploads\/2025\/07\/IMG_8243_\u526f\u672c-300x300.png\" alt=\"C\u00e1n c\u00e2n nh\u00f4m d\u1ea1ng \u1ed1ng l\u1ed3ng\" width=\"300\" height=\"300\" srcset=\"https:\/\/k-level.com\/wp-content\/uploads\/2025\/07\/IMG_8243_\u526f\u672c-300x300.png 300w, https:\/\/k-level.com\/wp-content\/uploads\/2025\/07\/IMG_8243_\u526f\u672c-150x150.png 150w, https:\/\/k-level.com\/wp-content\/uploads\/2025\/07\/IMG_8243_\u526f\u672c-768x768.png 768w, https:\/\/k-level.com\/wp-content\/uploads\/2025\/07\/IMG_8243_\u526f\u672c-12x12.png 12w, https:\/\/k-level.com\/wp-content\/uploads\/2025\/07\/IMG_8243_\u526f\u672c-370x370.png 370w, https:\/\/k-level.com\/wp-content\/uploads\/2025\/07\/IMG_8243_\u526f\u672c-400x400.png 400w, https:\/\/k-level.com\/wp-content\/uploads\/2025\/07\/IMG_8243_\u526f\u672c-100x100.png 100w, https:\/\/k-level.com\/wp-content\/uploads\/2025\/07\/IMG_8243_\u526f\u672c-50x50.png 50w, https:\/\/k-level.com\/wp-content\/uploads\/2025\/07\/IMG_8243_\u526f\u672c.png 800w\" sizes=\"(max-width: 300px) 100vw, 300px\" \/><\/p>\n<p>N\u00e2ng c\u1ea5p b\u1ed9 d\u1ee5ng c\u1ee5 c\u1ee7a b\u1ea1n v\u1edbi g\u1eady c\u00e2n b\u1eb1ng nh\u00f4m d\u1ea1ng \u1ed1ng l\u1ed3ng LR350-2T\/2Q c\u1ee7a K-level, g\u1eady c\u00e2n b\u1eb1ng kh\u1ea3o s\u00e1t t\u1ed1i \u01b0u cho \u0111\u1ed9 ch\u00ednh x\u00e1c v\u00e0 \u0111\u1ed9 b\u1ec1n v\u00f4 song.<\/p>\n<p>C\u1ea7n gi\u1ea3i ph\u00e1p?<\/p>\n<p>K-level cung c\u1ea5p d\u1ecbch v\u1ee5 t\u01b0 v\u1ea5n thi\u1ebft b\u1ecb tr\u1eafc \u0111\u1ecba. Li\u00ean h\u1ec7 v\u1edbi ch\u00fang t\u00f4i \u0111\u1ec3 \u0111\u1eb7t h\u00e0ng s\u1ed1 l\u01b0\u1ee3ng l\u1edbn ho\u1eb7c \u0111\u01b0\u1ee3c h\u1ed7 tr\u1ee3 k\u1ef9 thu\u1eadt!<\/p>","protected":false},"excerpt":{"rendered":"<ul>\n<li style=\"text-align: left;\">C\u00e1n c\u00e2n nh\u00f4m d\u1ea1ng \u1ed1ng l\u1ed3ng c\u00f3 th\u1ec3 k\u00e9o d\u00e0i tr\u01a1n tru \u0111\u1ebfn 3,5m<\/li>\n<li style=\"text-align: left;\">n\u00e2ng cao hi\u1ec7u qu\u1ea3 \u0111o l\u01b0\u1eddng trong c\u00f4ng t\u00e1c kh\u1ea3o s\u00e1t v\u00e0 x\u00e2y d\u1ef1ng.<\/li>\n<\/ul>\n<p><img decoding=\"async\" class=\"alignnone size-medium wp-image-13646\" src=\"https:\/\/k-level.com\/wp-content\/uploads\/2025\/05\/logo-300x98.png\" alt=\"\" width=\"300\" height=\"98\" srcset=\"https:\/\/k-level.com\/wp-content\/uploads\/2025\/05\/logo-300x98.png 300w, https:\/\/k-level.com\/wp-content\/uploads\/2025\/05\/logo-18x6.png 18w, https:\/\/k-level.com\/wp-content\/uploads\/2025\/05\/logo.png 307w\" sizes=\"(max-width: 300px) 100vw, 300px\" \/><\/p>","protected":false},"featured_media":13882,"comment_status":"open","ping_status":"closed","template":"","meta":[],"product_brand":[],"product_cat":[249],"product_tag":[237],"class_list":{"0":"post-13891","1":"product","2":"type-product","3":"status-publish","4":"has-post-thumbnail","6":"product_cat-laser-staff","7":"product_tag-professional-engineering","9":"first","10":"instock","11":"shipping-taxable","12":"product-type-simple"},"_links":{"self":[{"href":"https:\/\/k-level.com\/vi\/wp-json\/wp\/v2\/product\/13891","targetHints":{"allow":["GET"]}}],"collection":[{"href":"https:\/\/k-level.com\/vi\/wp-json\/wp\/v2\/product"}],"about":[{"href":"https:\/\/k-level.com\/vi\/wp-json\/wp\/v2\/types\/product"}],"replies":[{"embeddable":true,"href":"https:\/\/k-level.com\/vi\/wp-json\/wp\/v2\/comments?post=13891"}],"version-history":[{"count":2,"href":"https:\/\/k-level.com\/vi\/wp-json\/wp\/v2\/product\/13891\/revisions"}],"predecessor-version":[{"id":13893,"href":"https:\/\/k-level.com\/vi\/wp-json\/wp\/v2\/product\/13891\/revisions\/13893"}],"wp:featuredmedia":[{"embeddable":true,"href":"https:\/\/k-level.com\/vi\/wp-json\/wp\/v2\/media\/13882"}],"wp:attachment":[{"href":"https:\/\/k-level.com\/vi\/wp-json\/wp\/v2\/media?parent=13891"}],"wp:term":[{"taxonomy":"product_brand","embeddable":true,"href":"https:\/\/k-level.com\/vi\/wp-json\/wp\/v2\/product_brand?post=13891"},{"taxonomy":"product_cat","embeddable":true,"href":"https:\/\/k-level.com\/vi\/wp-json\/wp\/v2\/product_cat?post=13891"},{"taxonomy":"product_tag","embeddable":true,"href":"https:\/\/k-level.com\/vi\/wp-json\/wp\/v2\/product_tag?post=13891"}],"curies":[{"name":"wp","href":"https:\/\/api.w.org\/{rel}","templated":true}]}}