{"id":13883,"date":"2025-07-21T11:04:32","date_gmt":"2025-07-21T03:04:32","guid":{"rendered":"https:\/\/k-level.com\/?post_type=product&#038;p=13883"},"modified":"2025-07-21T11:04:51","modified_gmt":"2025-07-21T03:04:51","slug":"cay-laser-lr240-2t-2q","status":"publish","type":"product","link":"https:\/\/k-level.com\/vi\/san-pham\/cay-laser-lr240-2t-2q\/","title":{"rendered":"G\u1eady Laser LR240-2T\/2Q"},"content":{"rendered":"<p>K-level gi\u1edbi thi\u1ec7u G\u1eady Laser LR240-2T\/2Q, m\u1ed9t s\u1ea3n ph\u1ea9m hi\u1ec7u su\u1ea5t cao <a href=\"https:\/\/k-level.com\/vi\/cua-hang\/\">Nh\u00e2n vi\u00ean \u0111o laser<\/a> \u0111\u01b0\u1ee3c thi\u1ebft k\u1ebf \u0111\u1ec3 c\u00f3 \u0111\u1ed9 ch\u00ednh x\u00e1c v\u00e0 hi\u1ec7u qu\u1ea3 trong c\u00e1c \u1ee9ng d\u1ee5ng x\u00e2y d\u1ef1ng, kh\u1ea3o s\u00e1t v\u00e0 k\u1ef9 thu\u1eadt.<\/p>\n<p>Thanh c\u00e2n b\u1eb1ng laser n\u00e0y c\u00f3 hai m\u1eabu\u2014Thanh c\u00e2n b\u1eb1ng laser LR240-2T (Kh\u00f3a xoay) v\u00e0 Thanh c\u00e2n b\u1eb1ng laser LR240-2Q (Kh\u00f3a nhanh)\u2014mang l\u1ea1i s\u1ef1 linh ho\u1ea1t t\u00f9y theo s\u1edf th\u00edch c\u1ee7a ng\u01b0\u1eddi d\u00f9ng.<\/p>\n<p>Cho d\u00f9 b\u1ea1n c\u1ea7n phi\u00ean b\u1ea3n Twist Lock (LR240-2T) hay Quick Lock (LR240-2Q), K-level <a href=\"https:\/\/k-level.com\/vi\/\">Nh\u00e2n vi\u00ean \u0111o laser<\/a> mang l\u1ea1i \u0111\u1ed9 ch\u00ednh x\u00e1c v\u00e0 s\u1ef1 ti\u1ec7n l\u1ee3i v\u00f4 song cho c\u00e1c chuy\u00ean gia.<br \/>\nN\u00e2ng c\u1ea5p b\u1ed9 d\u1ee5ng c\u1ee5 c\u1ee7a b\u1ea1n v\u1edbi c\u00e2y th\u01b0\u1edbc laser ch\u1ea5t l\u01b0\u1ee3ng cao n\u00e0y ngay h\u00f4m nay!<\/p>\n<p><img fetchpriority=\"high\" decoding=\"async\" class=\"aligncenter wp-image-13886 size-medium\" src=\"https:\/\/k-level.com\/wp-content\/uploads\/2025\/07\/01-4-300x300.jpg\" alt=\"Nh\u00e2n vi\u00ean \u0111o laser\" width=\"300\" height=\"300\" srcset=\"https:\/\/k-level.com\/wp-content\/uploads\/2025\/07\/01-4-300x300.jpg 300w, https:\/\/k-level.com\/wp-content\/uploads\/2025\/07\/01-4-150x150.jpg 150w, https:\/\/k-level.com\/wp-content\/uploads\/2025\/07\/01-4-768x768.jpg 768w, https:\/\/k-level.com\/wp-content\/uploads\/2025\/07\/01-4-12x12.jpg 12w, https:\/\/k-level.com\/wp-content\/uploads\/2025\/07\/01-4-370x370.jpg 370w, https:\/\/k-level.com\/wp-content\/uploads\/2025\/07\/01-4-400x400.jpg 400w, https:\/\/k-level.com\/wp-content\/uploads\/2025\/07\/01-4-100x100.jpg 100w, https:\/\/k-level.com\/wp-content\/uploads\/2025\/07\/01-4-50x50.jpg 50w, https:\/\/k-level.com\/wp-content\/uploads\/2025\/07\/01-4.jpg 800w\" sizes=\"(max-width: 300px) 100vw, 300px\" \/><\/p>\n<p>C\u1ea7n gi\u1ea3i ph\u00e1p?<\/p>\n<p><a href=\"https:\/\/k-level.com\/vi\/cua-hang\/\">C\u1ea5p \u0111\u1ed9 K<\/a>\u00a0cung c\u1ea5p D\u1ecbch v\u1ee5 T\u01b0 v\u1ea5n Thi\u1ebft b\u1ecb Kh\u1ea3o s\u00e1t. Li\u00ean h\u1ec7 v\u1edbi ch\u00fang t\u00f4i \u0111\u1ec3 \u0111\u1eb7t h\u00e0ng s\u1ed1 l\u01b0\u1ee3ng l\u1edbn ho\u1eb7c \u0111\u01b0\u1ee3c h\u1ed7 tr\u1ee3 k\u1ef9 thu\u1eadt!<\/p>","protected":false},"excerpt":{"rendered":"<ul>\n<li>G\u1eady Laser LR240-2T\/2Q Ch\u1ec9 c\u1ea7n tr\u01b0\u1ee3t \u0111\u1ec3 \u0111i\u1ec1u ch\u1ec9nh nhanh h\u01a1n<\/li>\n<li>M\u00e1y c\u00e2n b\u1eb1ng laser LR240-2T\/2Q cho ph\u00e9p \u0111o ch\u00ednh x\u00e1c h\u01a1n.<\/li>\n<\/ul>\n<p><img decoding=\"async\" class=\"alignnone size-medium wp-image-13646\" src=\"https:\/\/k-level.com\/wp-content\/uploads\/2025\/05\/logo-300x98.png\" alt=\"\" width=\"300\" height=\"98\" srcset=\"https:\/\/k-level.com\/wp-content\/uploads\/2025\/05\/logo-300x98.png 300w, https:\/\/k-level.com\/wp-content\/uploads\/2025\/05\/logo-18x6.png 18w, https:\/\/k-level.com\/wp-content\/uploads\/2025\/05\/logo.png 307w\" sizes=\"(max-width: 300px) 100vw, 300px\" \/><\/p>","protected":false},"featured_media":13885,"comment_status":"open","ping_status":"closed","template":"","meta":[],"product_brand":[],"product_cat":[249],"product_tag":[237],"class_list":{"0":"post-13883","1":"product","2":"type-product","3":"status-publish","4":"has-post-thumbnail","6":"product_cat-laser-staff","7":"product_tag-professional-engineering","9":"first","10":"instock","11":"shipping-taxable","12":"product-type-simple"},"_links":{"self":[{"href":"https:\/\/k-level.com\/vi\/wp-json\/wp\/v2\/product\/13883","targetHints":{"allow":["GET"]}}],"collection":[{"href":"https:\/\/k-level.com\/vi\/wp-json\/wp\/v2\/product"}],"about":[{"href":"https:\/\/k-level.com\/vi\/wp-json\/wp\/v2\/types\/product"}],"replies":[{"embeddable":true,"href":"https:\/\/k-level.com\/vi\/wp-json\/wp\/v2\/comments?post=13883"}],"version-history":[{"count":2,"href":"https:\/\/k-level.com\/vi\/wp-json\/wp\/v2\/product\/13883\/revisions"}],"predecessor-version":[{"id":13890,"href":"https:\/\/k-level.com\/vi\/wp-json\/wp\/v2\/product\/13883\/revisions\/13890"}],"wp:featuredmedia":[{"embeddable":true,"href":"https:\/\/k-level.com\/vi\/wp-json\/wp\/v2\/media\/13885"}],"wp:attachment":[{"href":"https:\/\/k-level.com\/vi\/wp-json\/wp\/v2\/media?parent=13883"}],"wp:term":[{"taxonomy":"product_brand","embeddable":true,"href":"https:\/\/k-level.com\/vi\/wp-json\/wp\/v2\/product_brand?post=13883"},{"taxonomy":"product_cat","embeddable":true,"href":"https:\/\/k-level.com\/vi\/wp-json\/wp\/v2\/product_cat?post=13883"},{"taxonomy":"product_tag","embeddable":true,"href":"https:\/\/k-level.com\/vi\/wp-json\/wp\/v2\/product_tag?post=13883"}],"curies":[{"name":"wp","href":"https:\/\/api.w.org\/{rel}","templated":true}]}}