{"id":13870,"date":"2025-07-18T17:25:28","date_gmt":"2025-07-18T09:25:28","guid":{"rendered":"https:\/\/k-level.com\/?post_type=product&#038;p=13870"},"modified":"2025-07-25T09:39:30","modified_gmt":"2025-07-25T01:39:30","slug":"l8s8-35-nhan-vien-san-lap-mat-bang","status":"publish","type":"product","link":"https:\/\/k-level.com\/vi\/san-pham\/l8s8-35-nhan-vien-san-lap-mat-bang\/","title":{"rendered":"L8S8-35 G\u1eady c\u00e2n b\u1eb1ng"},"content":{"rendered":"<p>C\u00e1n c\u00e2n L8S8-35 t\u1eeb K-level, m\u1ed9t l\u1ef1a ch\u1ecdn cao c\u1ea5p cho c\u00e1c chuy\u00ean gia trong ng\u00e0nh kh\u1ea3o s\u00e1t. <a href=\"https:\/\/k-level.com\/vi\/ve-chung-toi\/\">c\u1ed9t c\u00e2n b\u1eb1ng laser<\/a> \u0111\u01b0\u1ee3c thi\u1ebft k\u1ebf \u0111\u1ec3 \u0111\u00e1p \u1ee9ng nhi\u1ec1u nhu c\u1ea7u kh\u1ea3o s\u00e1t kh\u00e1c nhau, k\u1ebft h\u1ee3p \u0111\u1ed9 ch\u00ednh x\u00e1c, \u0111\u1ed9 b\u1ec1n v\u00e0 d\u1ec5 s\u1eed d\u1ee5ng. \u0110\u1ed9i ng\u0169 kh\u1ea3o s\u00e1t c\u1ee7a ch\u00fang t\u00f4i bao g\u1ed3m m\u1eabu m\u00e1y \u0111\u1eb7c bi\u1ec7t n\u00e0y, \u0111\u01b0\u1ee3c ch\u1ebf t\u00e1c t\u1ec9 m\u1ec9 \u0111\u1ec3 n\u00e2ng cao tr\u1ea3i nghi\u1ec7m kh\u1ea3o s\u00e1t c\u1ee7a b\u1ea1n.<\/p>\n<p>C\u00e1n c\u00e2n L8S8-35 c\u00f3 nhi\u1ec1u l\u1ef1a ch\u1ecdn thang \u0111o, cho ph\u00e9p ng\u01b0\u1eddi d\u00f9ng l\u1ef1a ch\u1ecdn gi\u1eefa feet\/ph\u1ea7n m\u01b0\u1eddi ho\u1eb7c feet\/inch. \u0110\u01b0\u1ee3c ch\u1ebf t\u1ea1o t\u1eeb h\u1ee3p kim nh\u00f4m nh\u1eb9 nh\u01b0ng b\u1ec1n, c\u00e1n c\u00e2n h\u00ecnh ch\u1eef nh\u1eadt n\u00e0y \u0111\u01b0\u1ee3c thi\u1ebft k\u1ebf \u0111\u1ec3 ch\u1ecbu \u0111\u01b0\u1ee3c s\u1ef1 kh\u1eafc nghi\u1ec7t c\u1ee7a c\u00f4ng vi\u1ec7c th\u1ef1c \u0111\u1ecba. Thang \u0111o \u1edf m\u1eb7t sau gi\u00fap \u0111o chi\u1ec1u cao t\u1ed5ng th\u1ec3, \u0111\u1ea3m b\u1ea3o ng\u01b0\u1eddi \u0111o \u0111\u1ea1c c\u00f3 th\u1ec3 x\u00e1c \u0111\u1ecbnh s\u1ed1 \u0111o nhanh ch\u00f3ng v\u00e0 ch\u00ednh x\u00e1c.<\/p>\n<p><img fetchpriority=\"high\" decoding=\"async\" class=\"aligncenter wp-image-13871 size-medium\" src=\"https:\/\/k-level.com\/wp-content\/uploads\/2025\/07\/L8S8-351-300x300.jpg\" alt=\"c\u1ed9t c\u00e2n b\u1eb1ng laser\" width=\"300\" height=\"300\" srcset=\"https:\/\/k-level.com\/wp-content\/uploads\/2025\/07\/L8S8-351-300x300.jpg 300w, https:\/\/k-level.com\/wp-content\/uploads\/2025\/07\/L8S8-351-150x150.jpg 150w, https:\/\/k-level.com\/wp-content\/uploads\/2025\/07\/L8S8-351-768x768.jpg 768w, https:\/\/k-level.com\/wp-content\/uploads\/2025\/07\/L8S8-351-12x12.jpg 12w, https:\/\/k-level.com\/wp-content\/uploads\/2025\/07\/L8S8-351-370x370.jpg 370w, https:\/\/k-level.com\/wp-content\/uploads\/2025\/07\/L8S8-351-400x400.jpg 400w, https:\/\/k-level.com\/wp-content\/uploads\/2025\/07\/L8S8-351-100x100.jpg 100w, https:\/\/k-level.com\/wp-content\/uploads\/2025\/07\/L8S8-351-50x50.jpg 50w, https:\/\/k-level.com\/wp-content\/uploads\/2025\/07\/L8S8-351.jpg 800w\" sizes=\"(max-width: 300px) 100vw, 300px\" \/><\/p>\n<p>V\u1edbi b\u1ed1n ph\u1ea7n c\u00f3 th\u1ec3 \u0111i\u1ec1u ch\u1ec9nh v\u00e0 m\u1ed9t n\u00fat kh\u00f3a an to\u00e0n,<a href=\"https:\/\/k-level.com\/vi\/ve-chung-toi\/\"> C\u1ed9t c\u00e2n b\u1eb1ng laser L8S8-35<\/a> mang l\u1ea1i s\u1ef1 linh ho\u1ea1t v\u00e0 \u1ed5n \u0111\u1ecbnh khi s\u1eed d\u1ee5ng. S\u1ea3n ph\u1ea9m c\u0169ng c\u00f3 kh\u1ea3 n\u0103ng ch\u1ed1ng n\u01b0\u1edbc v\u00e0 ch\u1ed1ng \u0103n m\u00f2n, l\u00fd t\u01b0\u1edfng cho nhi\u1ec1u \u0111i\u1ec1u ki\u1ec7n th\u1eddi ti\u1ebft kh\u00e1c nhau. \u0110\u1ec3 t\u0103ng t\u00ednh di \u0111\u1ed9ng, g\u1eady c\u00e2n b\u1eb1ng \u0111\u01b0\u1ee3c trang b\u1ecb t\u00fai \u0111\u1ef1ng ti\u1ec7n l\u1ee3i, cho ph\u00e9p k\u1ef9 thu\u1eadt vi\u00ean d\u1ec5 d\u00e0ng v\u1eadn chuy\u1ec3n t\u1eeb c\u00f4ng tr\u01b0\u1eddng n\u00e0y sang c\u00f4ng tr\u01b0\u1eddng kh\u00e1c.<\/p>\n<p>C\u1ea7n gi\u1ea3i ph\u00e1p?<\/p>\n<p>K-level cung c\u1ea5p d\u1ecbch v\u1ee5 t\u01b0 v\u1ea5n thi\u1ebft b\u1ecb tr\u1eafc \u0111\u1ecba. Li\u00ean h\u1ec7 v\u1edbi ch\u00fang t\u00f4i \u0111\u1ec3 \u0111\u1eb7t h\u00e0ng s\u1ed1 l\u01b0\u1ee3ng l\u1edbn ho\u1eb7c \u0111\u01b0\u1ee3c h\u1ed7 tr\u1ee3 k\u1ef9 thu\u1eadt!<\/p>\n<p>&nbsp;<\/p>","protected":false},"excerpt":{"rendered":"<ul>\n<li>K-level \u0111\u1ea3m b\u1ea3o r\u1eb1ng m\u1ed7i c\u1ed9t c\u00e2n b\u1eb1ng laser \u0111\u01b0\u1ee3c thi\u1ebft k\u1ebf \u0111\u1ec3 c\u00f3 \u0111\u1ed9 ch\u00ednh x\u00e1c v\u00e0 \u0111\u1ed9 tin c\u1eady<\/li>\n<li>khi\u1ebfn n\u00f3 tr\u1edf th\u00e0nh m\u1ed9t s\u1ef1 b\u1ed5 sung c\u00f3 gi\u00e1 tr\u1ecb cho b\u1ea5t k\u1ef3 b\u1ed9 c\u00f4ng c\u1ee5 kh\u1ea3o s\u00e1t n\u00e0o.<\/li>\n<li>\u0110\u1ed9i ng\u0169 kh\u1ea3o s\u00e1t c\u1ee7a ch\u00fang t\u00f4i \u0111ang \u0111\u01b0\u1ee3c b\u00e1n, bao g\u1ed3m L8S8-35, r\u1ea5t ph\u00f9 h\u1ee3p cho c\u1ea3 nh\u1eefng chuy\u00ean gia d\u00e0y d\u1eb7n kinh nghi\u1ec7m v\u00e0 nh\u1eefng ng\u01b0\u1eddi m\u1edbi v\u00e0o ngh\u1ec1.<\/li>\n<\/ul>\n<p><img decoding=\"async\" class=\"alignnone size-medium wp-image-13646\" src=\"https:\/\/k-level.com\/wp-content\/uploads\/2025\/05\/logo-300x98.png\" alt=\"\" width=\"300\" height=\"98\" srcset=\"https:\/\/k-level.com\/wp-content\/uploads\/2025\/05\/logo-300x98.png 300w, https:\/\/k-level.com\/wp-content\/uploads\/2025\/05\/logo-18x6.png 18w, https:\/\/k-level.com\/wp-content\/uploads\/2025\/05\/logo.png 307w\" sizes=\"(max-width: 300px) 100vw, 300px\" \/><\/p>","protected":false},"featured_media":13875,"comment_status":"open","ping_status":"closed","template":"","meta":[],"product_brand":[],"product_cat":[248],"product_tag":[237],"class_list":{"0":"post-13870","1":"product","2":"type-product","3":"status-publish","4":"has-post-thumbnail","6":"product_cat-leveling-staff","7":"product_tag-professional-engineering","9":"first","10":"instock","11":"shipping-taxable","12":"product-type-simple"},"_links":{"self":[{"href":"https:\/\/k-level.com\/vi\/wp-json\/wp\/v2\/product\/13870","targetHints":{"allow":["GET"]}}],"collection":[{"href":"https:\/\/k-level.com\/vi\/wp-json\/wp\/v2\/product"}],"about":[{"href":"https:\/\/k-level.com\/vi\/wp-json\/wp\/v2\/types\/product"}],"replies":[{"embeddable":true,"href":"https:\/\/k-level.com\/vi\/wp-json\/wp\/v2\/comments?post=13870"}],"version-history":[{"count":2,"href":"https:\/\/k-level.com\/vi\/wp-json\/wp\/v2\/product\/13870\/revisions"}],"predecessor-version":[{"id":13877,"href":"https:\/\/k-level.com\/vi\/wp-json\/wp\/v2\/product\/13870\/revisions\/13877"}],"wp:featuredmedia":[{"embeddable":true,"href":"https:\/\/k-level.com\/vi\/wp-json\/wp\/v2\/media\/13875"}],"wp:attachment":[{"href":"https:\/\/k-level.com\/vi\/wp-json\/wp\/v2\/media?parent=13870"}],"wp:term":[{"taxonomy":"product_brand","embeddable":true,"href":"https:\/\/k-level.com\/vi\/wp-json\/wp\/v2\/product_brand?post=13870"},{"taxonomy":"product_cat","embeddable":true,"href":"https:\/\/k-level.com\/vi\/wp-json\/wp\/v2\/product_cat?post=13870"},{"taxonomy":"product_tag","embeddable":true,"href":"https:\/\/k-level.com\/vi\/wp-json\/wp\/v2\/product_tag?post=13870"}],"curies":[{"name":"wp","href":"https:\/\/api.w.org\/{rel}","templated":true}]}}