{"id":13853,"date":"2025-07-17T17:48:15","date_gmt":"2025-07-17T09:48:15","guid":{"rendered":"https:\/\/k-level.com\/?post_type=product&#038;p=13853"},"modified":"2025-07-21T17:48:11","modified_gmt":"2025-07-21T09:48:11","slug":"cot-do-tu-cs100","status":"publish","type":"product","link":"https:\/\/k-level.com\/vi\/san-pham\/cot-do-tu-cs100\/","title":{"rendered":"C\u1ed9t \u0111\u1ee1 t\u1ee7 CS100"},"content":{"rendered":"<p>C\u1ed9t \u0111\u1ee1 t\u1ee7 CS100 \u2013 m\u1ed9t c\u1ed9t \u0111\u1ee1 t\u1ee7 c\u00f3 th\u1ec3 \u0111i\u1ec1u ch\u1ec9nh thi\u1ebft y\u1ebfu, \u0111\u01b0\u1ee3c thi\u1ebft k\u1ebf \u0111\u1ec3 c\u00e1ch m\u1ea1ng h\u00f3a b\u1ed9 d\u1ee5ng c\u1ee5 l\u1eafp \u0111\u1eb7t t\u1ee7 c\u1ee7a b\u1ea1n. \u0110\u01b0\u1ee3c thi\u1ebft k\u1ebf v\u1edbi \u0111\u1ed9 \u1ed5n \u0111\u1ecbnh \u0111\u01b0\u1ee3c gia c\u1ed1 v\u00e0 c\u00e1c t\u00ednh n\u0103ng th\u00f4ng minh, c\u1ed9t \u0111\u1ee1 n\u00e0y mang \u0111\u1ebfn s\u1ef1 h\u1ed7 tr\u1ee3 v\u01b0\u1ee3t tr\u1ed9i trong qu\u00e1 tr\u00ecnh l\u1eafp \u0111\u1eb7t t\u1ee7 b\u1ebfp v\u00e0 ph\u00f2ng t\u1eafm.<\/p>\n<p><a href=\"https:\/\/k-level.com\/vi\/cua-hang\/\">C\u1ed9t h\u1ed7 tr\u1ee3 t\u1ee7 ho\u00e0n ch\u1ec9nh<\/a> Lo\u1ea1t:<br \/>\nC\u1ed9t \u0111\u1ee1 t\u1ee7 CS100: Ph\u1ea1m vi 60-100cm\/23,6-39,4 inch \u2013 ho\u00e0n h\u1ea3o cho t\u1ee7 c\u01a1 s\u1edf ti\u00eau chu\u1ea9n<\/p>\n<p>C\u1ed9t \u0111\u1ee1 t\u1ee7 CS160: Ph\u1ea1m vi 90-160cm\/35,4-63 inch \u2013 l\u00fd t\u01b0\u1edfng cho t\u1ee7 treo t\u01b0\u1eddng<\/p>\n<p>C\u1ed9t \u0111\u1ee1 t\u1ee7 CS290: Ph\u1ea1m vi 145-290cm\/57-114,2 inch \u2013 \u0111\u01b0\u1ee3c thi\u1ebft k\u1ebf cho c\u00e1c gi\u1ea3i ph\u00e1p l\u01b0u tr\u1eef cao<\/p>\n<p>&nbsp;<\/p>\n<p><strong><a href=\"https:\/\/k-level.com\/vi\/cua-hang\/\">D\u1ee5ng c\u1ee5 l\u1eafp t\u1ee7<\/a> V\u1eadn h\u00e0nh d\u1ec5 d\u00e0ng v\u1edbi 4 b\u01b0\u1edbc \u0111\u01a1n gi\u1ea3n:<\/strong><\/p>\n<p>1. Nh\u1ea5n n\u00fat m\u1edf kh\u00f3a b\u00ean ph\u1ea3i<\/p>\n<p>2. \u0110i\u1ec1u ch\u1ec9nh \u0111\u1ebfn \u0111\u1ed9 cao mong mu\u1ed1n trong khi gi\u1eef n\u00fat<\/p>\n<p>3.Kh\u00f3a an to\u00e0n<\/p>\n<p>4. Tinh ch\u1ec9nh v\u1edbi c\u00e1c \u0111\u1ea7u ren \u0111\u1ec3 h\u1ed7 tr\u1ee3 ho\u00e0n h\u1ea3o<\/p>\n<p><img fetchpriority=\"high\" decoding=\"async\" class=\"aligncenter wp-image-13855 size-medium\" src=\"https:\/\/k-level.com\/wp-content\/uploads\/2025\/07\/04-2-300x300.jpg\" alt=\"D\u1ee5ng c\u1ee5 l\u1eafp t\u1ee7\" width=\"300\" height=\"300\" srcset=\"https:\/\/k-level.com\/wp-content\/uploads\/2025\/07\/04-2-300x300.jpg 300w, https:\/\/k-level.com\/wp-content\/uploads\/2025\/07\/04-2-150x150.jpg 150w, https:\/\/k-level.com\/wp-content\/uploads\/2025\/07\/04-2-768x768.jpg 768w, https:\/\/k-level.com\/wp-content\/uploads\/2025\/07\/04-2-12x12.jpg 12w, https:\/\/k-level.com\/wp-content\/uploads\/2025\/07\/04-2-370x370.jpg 370w, https:\/\/k-level.com\/wp-content\/uploads\/2025\/07\/04-2-400x400.jpg 400w, https:\/\/k-level.com\/wp-content\/uploads\/2025\/07\/04-2-100x100.jpg 100w, https:\/\/k-level.com\/wp-content\/uploads\/2025\/07\/04-2-50x50.jpg 50w, https:\/\/k-level.com\/wp-content\/uploads\/2025\/07\/04-2.jpg 800w\" sizes=\"(max-width: 300px) 100vw, 300px\" \/><\/p>\n<p>L\u00e0 c\u1ed9t h\u1ed7 tr\u1ee3 \u0111i\u1ec1u ch\u1ec9nh t\u1ee7 \u0111\u00e1ng tin c\u1eady nh\u1ea5t trong d\u00f2ng s\u1ea3n ph\u1ea9m c\u1ee7a ch\u00fang t\u00f4i, CS100 n\u1ed5i b\u1eadt gi\u1eefa c\u00e1c c\u00f4ng c\u1ee5 t\u1ee7 chuy\u00ean nghi\u1ec7p \u0111\u1ec3 l\u1eafp \u0111\u1eb7t t\u1ee7, mang l\u1ea1i s\u1ef1 an to\u00e0n v\u00e0 \u0111\u1ed9 ch\u00ednh x\u00e1c trong m\u1ecdi d\u1ef1 \u00e1n l\u1eafp \u0111\u1eb7t.<\/p>\n<p><img decoding=\"async\" class=\"aligncenter wp-image-13858 size-medium\" src=\"https:\/\/k-level.com\/wp-content\/uploads\/2025\/07\/07-300x300.jpg\" alt=\"d\u1ee5ng c\u1ee5 t\u1ee7 \u0111\u1ec3 l\u1eafp t\u1ee7\" width=\"300\" height=\"300\" srcset=\"https:\/\/k-level.com\/wp-content\/uploads\/2025\/07\/07-300x300.jpg 300w, https:\/\/k-level.com\/wp-content\/uploads\/2025\/07\/07-150x150.jpg 150w, https:\/\/k-level.com\/wp-content\/uploads\/2025\/07\/07-768x768.jpg 768w, https:\/\/k-level.com\/wp-content\/uploads\/2025\/07\/07-12x12.jpg 12w, https:\/\/k-level.com\/wp-content\/uploads\/2025\/07\/07-370x370.jpg 370w, https:\/\/k-level.com\/wp-content\/uploads\/2025\/07\/07-400x400.jpg 400w, https:\/\/k-level.com\/wp-content\/uploads\/2025\/07\/07-100x100.jpg 100w, https:\/\/k-level.com\/wp-content\/uploads\/2025\/07\/07-50x50.jpg 50w, https:\/\/k-level.com\/wp-content\/uploads\/2025\/07\/07.jpg 800w\" sizes=\"(max-width: 300px) 100vw, 300px\" \/><\/p>\n<p>C\u1ea7n gi\u1ea3i ph\u00e1p?<\/p>\n<p><a href=\"https:\/\/k-level.com\/vi\/\">C\u1ea5p \u0111\u1ed9 K<\/a>\u00a0cung c\u1ea5p D\u1ecbch v\u1ee5 T\u01b0 v\u1ea5n Thi\u1ebft b\u1ecb Kh\u1ea3o s\u00e1t. Li\u00ean h\u1ec7 v\u1edbi ch\u00fang t\u00f4i \u0111\u1ec3 \u0111\u1eb7t h\u00e0ng s\u1ed1 l\u01b0\u1ee3ng l\u1edbn ho\u1eb7c \u0111\u01b0\u1ee3c h\u1ed7 tr\u1ee3 k\u1ef9 thu\u1eadt!<\/p>","protected":false},"excerpt":{"rendered":"<ul>\n<li>\u0110\u01b0\u1ee3c thi\u1ebft k\u1ebf v\u1edbi \u0111\u1ed9 \u1ed5n \u0111\u1ecbnh \u0111\u01b0\u1ee3c t\u0103ng c\u01b0\u1eddng v\u00e0 c\u00e1c t\u00ednh n\u0103ng th\u00f4ng minh<\/li>\n<li>C\u1ed9t \u0111\u1ee1 t\u1ee7 CS100 mang \u0111\u1ebfn s\u1ef1 h\u1ed7 tr\u1ee3 v\u00f4 song trong qu\u00e1 tr\u00ecnh l\u1eafp \u0111\u1eb7t t\u1ee7 b\u1ebfp v\u00e0 t\u1ee7 ph\u00f2ng t\u1eafm.<\/li>\n<\/ul>\n<p><img decoding=\"async\" class=\"alignnone size-medium wp-image-13646\" src=\"https:\/\/k-level.com\/wp-content\/uploads\/2025\/05\/logo-300x98.png\" alt=\"\" width=\"300\" height=\"98\" srcset=\"https:\/\/k-level.com\/wp-content\/uploads\/2025\/05\/logo-300x98.png 300w, https:\/\/k-level.com\/wp-content\/uploads\/2025\/05\/logo-18x6.png 18w, https:\/\/k-level.com\/wp-content\/uploads\/2025\/05\/logo.png 307w\" sizes=\"(max-width: 300px) 100vw, 300px\" \/><\/p>","protected":false},"featured_media":13852,"comment_status":"open","ping_status":"closed","template":"","meta":[],"product_brand":[],"product_cat":[262],"product_tag":[],"class_list":{"0":"post-13853","1":"product","2":"type-product","3":"status-publish","4":"has-post-thumbnail","6":"product_cat-cabinet-support-pole","8":"first","9":"instock","10":"shipping-taxable","11":"product-type-simple"},"_links":{"self":[{"href":"https:\/\/k-level.com\/vi\/wp-json\/wp\/v2\/product\/13853","targetHints":{"allow":["GET"]}}],"collection":[{"href":"https:\/\/k-level.com\/vi\/wp-json\/wp\/v2\/product"}],"about":[{"href":"https:\/\/k-level.com\/vi\/wp-json\/wp\/v2\/types\/product"}],"replies":[{"embeddable":true,"href":"https:\/\/k-level.com\/vi\/wp-json\/wp\/v2\/comments?post=13853"}],"version-history":[{"count":2,"href":"https:\/\/k-level.com\/vi\/wp-json\/wp\/v2\/product\/13853\/revisions"}],"predecessor-version":[{"id":13860,"href":"https:\/\/k-level.com\/vi\/wp-json\/wp\/v2\/product\/13853\/revisions\/13860"}],"wp:featuredmedia":[{"embeddable":true,"href":"https:\/\/k-level.com\/vi\/wp-json\/wp\/v2\/media\/13852"}],"wp:attachment":[{"href":"https:\/\/k-level.com\/vi\/wp-json\/wp\/v2\/media?parent=13853"}],"wp:term":[{"taxonomy":"product_brand","embeddable":true,"href":"https:\/\/k-level.com\/vi\/wp-json\/wp\/v2\/product_brand?post=13853"},{"taxonomy":"product_cat","embeddable":true,"href":"https:\/\/k-level.com\/vi\/wp-json\/wp\/v2\/product_cat?post=13853"},{"taxonomy":"product_tag","embeddable":true,"href":"https:\/\/k-level.com\/vi\/wp-json\/wp\/v2\/product_tag?post=13853"}],"curies":[{"name":"wp","href":"https:\/\/api.w.org\/{rel}","templated":true}]}}