{"id":13846,"date":"2025-07-17T16:51:27","date_gmt":"2025-07-17T08:51:27","guid":{"rendered":"https:\/\/k-level.com\/?post_type=product&#038;p=13846"},"modified":"2025-07-21T17:49:12","modified_gmt":"2025-07-21T09:49:12","slug":"cot-do-sp1-sp2","status":"publish","type":"product","link":"https:\/\/k-level.com\/vi\/san-pham\/cot-do-sp1-sp2\/","title":{"rendered":"C\u1ed9t \u0111\u1ee1 SP1\/ SP2"},"content":{"rendered":"<p>C\u1ed9t h\u1ed7 tr\u1ee3 SP1\/SP2 \u2013 gi\u1ea3i ph\u00e1p t\u1ed1i \u01b0u cho vi\u1ec7c h\u1ed7 tr\u1ee3 m\u00e1y c\u00e2n b\u1eb1ng laser \u1ed5n \u0111\u1ecbnh v\u00e0 c\u00f3 th\u1ec3 \u0111i\u1ec1u ch\u1ec9nh.<\/p>\n<p>Cho d\u00f9 b\u1ea1n c\u1ea7n m\u1ed9t <a href=\"https:\/\/k-level.com\/vi\/ve-chung-toi\/\">C\u1ed9t c\u00e2n b\u1eb1ng laser \u0111a n\u0103ng<\/a> \u0111\u1ec3 \u0111i\u1ec1u ch\u1ec9nh \u0111\u1ed9 cao linh ho\u1ea1t ho\u1eb7c C\u1ed9t c\u00e2n b\u1eb1ng laser chuy\u00ean nghi\u1ec7p c\u00f3 ch\u00e2n m\u00e1y \u0111\u1ec3 t\u0103ng c\u01b0\u1eddng \u0111\u1ed9 \u1ed5n \u0111\u1ecbnh, K-Level cung c\u1ea5p c\u00e1c c\u00f4ng c\u1ee5 hi\u1ec7u su\u1ea5t cao cho c\u00e1c nhi\u1ec7m v\u1ee5 x\u00e2y d\u1ef1ng, kh\u1ea3o s\u00e1t v\u00e0 c\u0103n ch\u1ec9nh.<\/p>\n<p><img fetchpriority=\"high\" decoding=\"async\" class=\"aligncenter wp-image-13848 size-medium\" src=\"https:\/\/k-level.com\/wp-content\/uploads\/2025\/07\/3-300x300.jpg\" alt=\"C\u1ed9t c\u00e2n b\u1eb1ng laser \u0111a n\u0103ng\" width=\"300\" height=\"300\" srcset=\"https:\/\/k-level.com\/wp-content\/uploads\/2025\/07\/3-300x300.jpg 300w, https:\/\/k-level.com\/wp-content\/uploads\/2025\/07\/3-150x150.jpg 150w, https:\/\/k-level.com\/wp-content\/uploads\/2025\/07\/3-768x768.jpg 768w, https:\/\/k-level.com\/wp-content\/uploads\/2025\/07\/3-12x12.jpg 12w, https:\/\/k-level.com\/wp-content\/uploads\/2025\/07\/3-370x370.jpg 370w, https:\/\/k-level.com\/wp-content\/uploads\/2025\/07\/3-400x400.jpg 400w, https:\/\/k-level.com\/wp-content\/uploads\/2025\/07\/3-100x100.jpg 100w, https:\/\/k-level.com\/wp-content\/uploads\/2025\/07\/3-50x50.jpg 50w, https:\/\/k-level.com\/wp-content\/uploads\/2025\/07\/3.jpg 800w\" sizes=\"(max-width: 300px) 100vw, 300px\" \/><\/p>\n<p><strong>C\u1ed9t h\u1ed7 tr\u1ee3 SP1 so v\u1edbi C\u1ed9t h\u1ed7 tr\u1ee3 SP2:<\/strong><\/p>\n<p>C\u1ed9t h\u1ed7 tr\u1ee3 SP1 \u2013 A <a href=\"https:\/\/k-level.com\/vi\/ve-chung-toi\/\">C\u1ed9t c\u00e2n b\u1eb1ng laser \u0111a n\u0103ng<\/a> c\u00f3 th\u1ec3 \u0111i\u1ec1u ch\u1ec9nh chi\u1ec1u cao b\u1eb1ng \u1ed1ng l\u1ed3ng (t\u00f9y ch\u1ecdn 3,0m\u20134,8m).<\/p>\n<p><a href=\"https:\/\/k-level.com\/vi\/ve-chung-toi\/\">C\u1ed9t h\u1ed7 tr\u1ee3 SP2<\/a> \u2013 C\u1ed9t c\u00e2n b\u1eb1ng laser chuy\u00ean nghi\u1ec7p c\u00f3 ch\u00e2n m\u00e1y, cung c\u1ea5p c\u00e1c t\u00ednh n\u0103ng t\u01b0\u01a1ng t\u1ef1 nh\u01b0 SP1 nh\u01b0ng c\u00f3 th\u00eam \u0111\u1ed9 \u1ed5n \u0111\u1ecbnh c\u1ee7a ch\u00e2n m\u00e1y (t\u00f9y ch\u1ecdn 3,0m\u20134,8m).<\/p>\n<p>C\u1ea7n gi\u1ea3i ph\u00e1p?<\/p>\n<p>K-level cung c\u1ea5p d\u1ecbch v\u1ee5 t\u01b0 v\u1ea5n thi\u1ebft b\u1ecb tr\u1eafc \u0111\u1ecba. Li\u00ean h\u1ec7 v\u1edbi ch\u00fang t\u00f4i \u0111\u1ec3 \u0111\u1eb7t h\u00e0ng s\u1ed1 l\u01b0\u1ee3ng l\u1edbn ho\u1eb7c \u0111\u01b0\u1ee3c h\u1ed7 tr\u1ee3 k\u1ef9 thu\u1eadt!<\/p>","protected":false},"excerpt":{"rendered":"<ul>\n<li>C\u00f3 nhi\u1ec1u chi\u1ec1u cao kh\u00e1c nhau (SP1-36, SP2-36, SP1-30\/40\/42\/48, SP2-30\/40\/42\/48).<\/li>\n<li>C\u1ed9t c\u00e2n b\u1eb1ng laser \u0111a n\u0103ng K-Level v\u00e0 C\u1ed9t c\u00e2n b\u1eb1ng laser chuy\u00ean nghi\u1ec7p k\u00e8m ch\u00e2n m\u00e1y<\/li>\n<li>\u0111\u1ea3m b\u1ea3o t\u00ednh ch\u00ednh x\u00e1c v\u00e0 hi\u1ec7u qu\u1ea3 trong m\u1ecdi d\u1ef1 \u00e1n.<\/li>\n<\/ul>\n<p><img decoding=\"async\" class=\"alignnone size-medium wp-image-13646\" src=\"https:\/\/k-level.com\/wp-content\/uploads\/2025\/05\/logo-300x98.png\" alt=\"\" width=\"300\" height=\"98\" srcset=\"https:\/\/k-level.com\/wp-content\/uploads\/2025\/05\/logo-300x98.png 300w, https:\/\/k-level.com\/wp-content\/uploads\/2025\/05\/logo-18x6.png 18w, https:\/\/k-level.com\/wp-content\/uploads\/2025\/05\/logo.png 307w\" sizes=\"(max-width: 300px) 100vw, 300px\" \/><\/p>","protected":false},"featured_media":13845,"comment_status":"open","ping_status":"closed","template":"","meta":[],"product_brand":[],"product_cat":[247],"product_tag":[238],"class_list":{"0":"post-13846","1":"product","2":"type-product","3":"status-publish","4":"has-post-thumbnail","6":"product_cat-laser-level-support-pole","7":"product_tag-carpentry-and-furniture","9":"first","10":"instock","11":"shipping-taxable","12":"product-type-simple"},"_links":{"self":[{"href":"https:\/\/k-level.com\/vi\/wp-json\/wp\/v2\/product\/13846","targetHints":{"allow":["GET"]}}],"collection":[{"href":"https:\/\/k-level.com\/vi\/wp-json\/wp\/v2\/product"}],"about":[{"href":"https:\/\/k-level.com\/vi\/wp-json\/wp\/v2\/types\/product"}],"replies":[{"embeddable":true,"href":"https:\/\/k-level.com\/vi\/wp-json\/wp\/v2\/comments?post=13846"}],"version-history":[{"count":2,"href":"https:\/\/k-level.com\/vi\/wp-json\/wp\/v2\/product\/13846\/revisions"}],"predecessor-version":[{"id":13851,"href":"https:\/\/k-level.com\/vi\/wp-json\/wp\/v2\/product\/13846\/revisions\/13851"}],"wp:featuredmedia":[{"embeddable":true,"href":"https:\/\/k-level.com\/vi\/wp-json\/wp\/v2\/media\/13845"}],"wp:attachment":[{"href":"https:\/\/k-level.com\/vi\/wp-json\/wp\/v2\/media?parent=13846"}],"wp:term":[{"taxonomy":"product_brand","embeddable":true,"href":"https:\/\/k-level.com\/vi\/wp-json\/wp\/v2\/product_brand?post=13846"},{"taxonomy":"product_cat","embeddable":true,"href":"https:\/\/k-level.com\/vi\/wp-json\/wp\/v2\/product_cat?post=13846"},{"taxonomy":"product_tag","embeddable":true,"href":"https:\/\/k-level.com\/vi\/wp-json\/wp\/v2\/product_tag?post=13846"}],"curies":[{"name":"wp","href":"https:\/\/api.w.org\/{rel}","templated":true}]}}