{"id":13841,"date":"2025-07-16T17:43:50","date_gmt":"2025-07-16T09:43:50","guid":{"rendered":"https:\/\/k-level.com\/?post_type=product&#038;p=13841"},"modified":"2025-07-16T17:43:50","modified_gmt":"2025-07-16T09:43:50","slug":"bo-chuyen-doi-xoay-may-can-bang-laser-llra09a-09b","status":"publish","type":"product","link":"https:\/\/k-level.com\/vi\/san-pham\/bo-chuyen-doi-xoay-may-can-bang-laser-llra09a-09b\/","title":{"rendered":"B\u1ed9 chuy\u1ec3n \u0111\u1ed5i xoay m\u00e1y c\u00e2n b\u1eb1ng laser LLRA09A\/ 09B"},"content":{"rendered":"<p>B\u1ed9 chuy\u1ec3n \u0111\u1ed5i xoay c\u00e2n b\u1eb1ng laser LLRA09A\/09B d\u00f9ng \u0111\u1ec3 g\u1eafn c\u00e2n b\u1eb1ng laser v\u00e0o ch\u00e2n m\u00e1y v\u1edbi kh\u1ea3 n\u0103ng \u0111i\u1ec1u khi\u1ec3n xoay \u0111\u01b0\u1ee3c c\u1ea3i ti\u1ebfn. D\u00f2ng b\u1ed9 chuy\u1ec3n \u0111\u1ed5i n\u00e0y l\u00e0 m\u1ed9t s\u1ea3n ph\u1ea9m thi\u1ebft y\u1ebfu <a href=\"https:\/\/k-level.com\/vi\/cua-hang\/\">b\u1ed9 chuy\u1ec3n \u0111\u1ed5i ch\u00e2n m\u00e1y c\u00e2n b\u1eb1ng laser<\/a> d\u00e0nh cho c\u00e1c chuy\u00ean gia c\u1ea7n t\u00ednh linh ho\u1ea1t, \u0111\u1ed9 ch\u00ednh x\u00e1c v\u00e0 \u0111\u1ed9 b\u1ec1n trong th\u1ef1c t\u1ebf.<\/p>\n<p>B\u1ed9 chuy\u1ec3n \u0111\u1ed5i xoay c\u00e2n b\u1eb1ng laser LLRA09A\/09B c\u00f3 hai t\u00f9y ch\u1ecdn ren ph\u00f9 h\u1ee3p v\u1edbi c\u00e1c c\u1ea5u h\u00ecnh laser v\u00e0 ch\u00e2n m\u00e1y kh\u00e1c nhau. B\u1ed9 chuy\u1ec3n \u0111\u1ed5i xoay c\u00e2n b\u1eb1ng laser LLRA09A c\u00f3 ren 1\/4\u2033-20, trong khi B\u1ed9 chuy\u1ec3n \u0111\u1ed5i xoay c\u00e2n b\u1eb1ng laser LLRA09B \u0111\u01b0\u1ee3c trang b\u1ecb ren 5\/8\u2033-11, t\u01b0\u01a1ng th\u00edch v\u1edbi nhi\u1ec1u lo\u1ea1i c\u00e2n b\u1eb1ng laser v\u00e0 ch\u00e2n m\u00e1y th\u01b0\u1eddng \u0111\u01b0\u1ee3c s\u1eed d\u1ee5ng trong x\u00e2y d\u1ef1ng v\u00e0 kh\u1ea3o s\u00e1t. Cho d\u00f9 b\u1ea1n \u0111ang l\u00e0m vi\u1ec7c v\u1edbi laser quay hay laser \u0111\u01b0\u1eddng th\u1eb3ng, b\u1ed9 chuy\u1ec3n \u0111\u1ed5i n\u00e0y \u0111\u1ea3m b\u1ea3o v\u1eeba v\u1eb7n ch\u1eafc ch\u1eafn v\u00e0 c\u0103n ch\u1ec9nh ch\u00ednh x\u00e1c.<\/p>\n<p>L\u00e0 m\u1ed9t ng\u01b0\u1eddi \u0111\u00e1ng tin c\u1eady <a href=\"https:\/\/k-level.com\/vi\/ve-chung-toi\/\">b\u1ed9 chuy\u1ec3n \u0111\u1ed5i ch\u00e2n m\u00e1y c\u00e2n b\u1eb1ng laser<\/a>C\u1ea3 hai model \u0111\u1ec1u \u0111\u01b0\u1ee3c thi\u1ebft k\u1ebf \u0111\u1ec3 xoay 360\u00b0 m\u01b0\u1ee3t m\u00e0, cho ph\u00e9p \u0111i\u1ec1u ch\u1ec9nh h\u01b0\u1edbng ch\u00ednh x\u00e1c m\u00e0 kh\u00f4ng c\u1ea7n di chuy\u1ec3n ch\u00e2n m\u00e1y. \u0110i\u1ec1u n\u00e0y gi\u00fap t\u0103ng c\u01b0\u1eddng \u0111\u00e1ng k\u1ec3 hi\u1ec7u qu\u1ea3 trong qu\u00e1 tr\u00ecnh thi\u1ebft l\u1eadp v\u00e0 b\u1ed1 tr\u00ed. \u0110\u01b0\u1ee3c ch\u1ebf t\u1ea1o b\u1eb1ng v\u1eadt li\u1ec7u ch\u1ea5t l\u01b0\u1ee3ng cao, LLRA09A\/09B mang l\u1ea1i \u0111\u1ed9 b\u1ec1n l\u00e2u d\u00e0i v\u00e0 n\u1ec1n t\u1ea3ng \u1ed5n \u0111\u1ecbnh cho c\u00e1c c\u00f4ng c\u1ee5 laser c\u1ee7a b\u1ea1n trong m\u00f4i tr\u01b0\u1eddng l\u00e0m vi\u1ec7c kh\u1eafc nghi\u1ec7t.<\/p>\n<p><img fetchpriority=\"high\" decoding=\"async\" class=\"aligncenter wp-image-13842 size-medium\" src=\"https:\/\/k-level.com\/wp-content\/uploads\/2025\/07\/LLRA091-300x300.jpg\" alt=\"b\u1ed9 chuy\u1ec3n \u0111\u1ed5i ch\u00e2n m\u00e1y c\u00e2n b\u1eb1ng laser\" width=\"300\" height=\"300\" srcset=\"https:\/\/k-level.com\/wp-content\/uploads\/2025\/07\/LLRA091-300x300.jpg 300w, https:\/\/k-level.com\/wp-content\/uploads\/2025\/07\/LLRA091-150x150.jpg 150w, https:\/\/k-level.com\/wp-content\/uploads\/2025\/07\/LLRA091-768x768.jpg 768w, https:\/\/k-level.com\/wp-content\/uploads\/2025\/07\/LLRA091-12x12.jpg 12w, https:\/\/k-level.com\/wp-content\/uploads\/2025\/07\/LLRA091-370x370.jpg 370w, https:\/\/k-level.com\/wp-content\/uploads\/2025\/07\/LLRA091-400x400.jpg 400w, https:\/\/k-level.com\/wp-content\/uploads\/2025\/07\/LLRA091-100x100.jpg 100w, https:\/\/k-level.com\/wp-content\/uploads\/2025\/07\/LLRA091-50x50.jpg 50w, https:\/\/k-level.com\/wp-content\/uploads\/2025\/07\/LLRA091.jpg 800w\" sizes=\"(max-width: 300px) 100vw, 300px\" \/><\/p>\n<p>C\u1ea7n gi\u1ea3i ph\u00e1p?<\/p>\n<p><a href=\"https:\/\/k-level.com\/vi\/ve-chung-toi\/\">C\u1ea5p \u0111\u1ed9 K<\/a>\u00a0cung c\u1ea5p D\u1ecbch v\u1ee5 T\u01b0 v\u1ea5n Thi\u1ebft b\u1ecb Kh\u1ea3o s\u00e1t. Li\u00ean h\u1ec7 v\u1edbi ch\u00fang t\u00f4i \u0111\u1ec3 \u0111\u1eb7t h\u00e0ng s\u1ed1 l\u01b0\u1ee3ng l\u1edbn ho\u1eb7c \u0111\u01b0\u1ee3c h\u1ed7 tr\u1ee3 k\u1ef9 thu\u1eadt!<\/p>\n<p>&nbsp;<\/p>","protected":false},"excerpt":{"rendered":"<ul>\n<li>K-level ti\u1ebfp t\u1ee5c cung c\u1ea5p c\u00e1c gi\u1ea3i ph\u00e1p chuy\u00ean nghi\u1ec7p, \u0111\u01a1n gi\u1ea3n, th\u00f4ng minh v\u00e0 hi\u1ec7u qu\u1ea3.<\/li>\n<li>B\u1ed9 chuy\u1ec3n \u0111\u1ed5i ch\u00e2n m\u00e1y c\u00e2n b\u1eb1ng laser ho\u00e0n h\u1ea3o gi\u00fap c\u1ea3i thi\u1ec7n quy tr\u00ecnh l\u00e0m vi\u1ec7c v\u00e0 \u0111\u1ed9 ch\u00ednh x\u00e1c c\u1ee7a tia laser.<\/li>\n<\/ul>\n<p><img decoding=\"async\" class=\"alignnone size-medium wp-image-13646\" src=\"https:\/\/k-level.com\/wp-content\/uploads\/2025\/05\/logo-300x98.png\" alt=\"\" width=\"300\" height=\"98\" srcset=\"https:\/\/k-level.com\/wp-content\/uploads\/2025\/05\/logo-300x98.png 300w, https:\/\/k-level.com\/wp-content\/uploads\/2025\/05\/logo-18x6.png 18w, https:\/\/k-level.com\/wp-content\/uploads\/2025\/05\/logo.png 307w\" sizes=\"(max-width: 300px) 100vw, 300px\" \/><\/p>","protected":false},"featured_media":13842,"comment_status":"open","ping_status":"closed","template":"","meta":[],"product_brand":[],"product_cat":[264],"product_tag":[238],"class_list":{"0":"post-13841","1":"product","2":"type-product","3":"status-publish","4":"has-post-thumbnail","6":"product_cat-rotation-adapter","7":"product_tag-carpentry-and-furniture","9":"first","10":"instock","11":"shipping-taxable","12":"product-type-simple"},"_links":{"self":[{"href":"https:\/\/k-level.com\/vi\/wp-json\/wp\/v2\/product\/13841","targetHints":{"allow":["GET"]}}],"collection":[{"href":"https:\/\/k-level.com\/vi\/wp-json\/wp\/v2\/product"}],"about":[{"href":"https:\/\/k-level.com\/vi\/wp-json\/wp\/v2\/types\/product"}],"replies":[{"embeddable":true,"href":"https:\/\/k-level.com\/vi\/wp-json\/wp\/v2\/comments?post=13841"}],"version-history":[{"count":2,"href":"https:\/\/k-level.com\/vi\/wp-json\/wp\/v2\/product\/13841\/revisions"}],"predecessor-version":[{"id":13844,"href":"https:\/\/k-level.com\/vi\/wp-json\/wp\/v2\/product\/13841\/revisions\/13844"}],"wp:featuredmedia":[{"embeddable":true,"href":"https:\/\/k-level.com\/vi\/wp-json\/wp\/v2\/media\/13842"}],"wp:attachment":[{"href":"https:\/\/k-level.com\/vi\/wp-json\/wp\/v2\/media?parent=13841"}],"wp:term":[{"taxonomy":"product_brand","embeddable":true,"href":"https:\/\/k-level.com\/vi\/wp-json\/wp\/v2\/product_brand?post=13841"},{"taxonomy":"product_cat","embeddable":true,"href":"https:\/\/k-level.com\/vi\/wp-json\/wp\/v2\/product_cat?post=13841"},{"taxonomy":"product_tag","embeddable":true,"href":"https:\/\/k-level.com\/vi\/wp-json\/wp\/v2\/product_tag?post=13841"}],"curies":[{"name":"wp","href":"https:\/\/api.w.org\/{rel}","templated":true}]}}