{"id":13837,"date":"2025-07-16T17:30:07","date_gmt":"2025-07-16T09:30:07","guid":{"rendered":"https:\/\/k-level.com\/?post_type=product&#038;p=13837"},"modified":"2025-07-16T17:30:07","modified_gmt":"2025-07-16T09:30:07","slug":"bo-chuyen-doi-xoay-muc-laser-llra05","status":"publish","type":"product","link":"https:\/\/k-level.com\/vi\/san-pham\/bo-chuyen-doi-xoay-muc-laser-llra05\/","title":{"rendered":"B\u1ed9 chuy\u1ec3n \u0111\u1ed5i xoay c\u00e2n b\u1eb1ng laser LLRA05"},"content":{"rendered":"<p>B\u1ed9 chuy\u1ec3n \u0111\u1ed5i xoay c\u00e2n b\u1eb1ng laser LLRA05, m\u1ed9t ph\u1ee5 ki\u1ec7n c\u00f3 \u0111\u1ed9 ch\u00ednh x\u00e1c cao \u0111\u01b0\u1ee3c thi\u1ebft k\u1ebf \u0111\u1ec3 mang l\u1ea1i kh\u1ea3 n\u0103ng xoay 360\u00b0 m\u01b0\u1ee3t m\u00e0, ch\u00ednh x\u00e1c cho vi\u1ec7c c\u0103n ch\u1ec9nh c\u00e2n b\u1eb1ng laser. \u0110\u01b0\u1ee3c thi\u1ebft k\u1ebf \u0111\u1ec3 \u0111\u1ea1t hi\u1ec7u su\u1ea5t v\u00e0 t\u00ednh linh ho\u1ea1t, LLRA05 ho\u1ea1t \u0111\u1ed9ng nh\u01b0 m\u1ed9t m\u00e1y c\u00e2n b\u1eb1ng laser <a href=\"https:\/\/k-level.com\/vi\/ve-chung-toi\/\">B\u1ed9 chuy\u1ec3n \u0111\u1ed5i \u0111\u1ebf xoay 360\u00b0<\/a> v\u00e0 \u0111\u00e1ng tin c\u1eady <a href=\"https:\/\/k-level.com\/vi\/ve-chung-toi\/\">B\u1ed9 chuy\u1ec3n \u0111\u1ed5i m\u00e1y c\u00e2n b\u1eb1ng laser \u0111\u1ebf xoay 360 \u0111\u1ed9<\/a> cho nhu c\u1ea7u x\u00e2y d\u1ef1ng v\u00e0 kh\u1ea3o s\u00e1t chuy\u00ean nghi\u1ec7p.<\/p>\n<p>B\u1ed9 chuy\u1ec3n \u0111\u1ed5i \u0111\u1ebf xoay 360\u00b0 cho m\u00e1y c\u00e2n b\u1eb1ng laser LLRA05 \u0111\u01b0\u1ee3c trang b\u1ecb ren 1\/4\u2033-20, t\u01b0\u01a1ng th\u00edch ph\u1ed5 bi\u1ebfn v\u1edbi h\u1ea7u h\u1ebft c\u00e1c m\u00e1y c\u00e2n b\u1eb1ng laser v\u00e0 ch\u00e2n m\u00e1y. Cho d\u00f9 b\u1ea1n \u0111ang l\u00e0m vi\u1ec7c tr\u00ean c\u00e1c d\u1ef1 \u00e1n c\u00e2n b\u1eb1ng, b\u1ed1 tr\u00ed hay c\u0103n ch\u1ec9nh, b\u1ed9 chuy\u1ec3n \u0111\u1ed5i n\u00e0y cho ph\u00e9p b\u1ea1n xoay m\u00e1y c\u00e2n b\u1eb1ng laser m\u1ed9t c\u00e1ch ch\u00ednh x\u00e1c v\u00e0 d\u1ec5 d\u00e0ng, m\u00e0 kh\u00f4ng l\u00e0m \u1ea3nh h\u01b0\u1edfng \u0111\u1ebfn ch\u00e2n m\u00e1y ho\u1eb7c ch\u00e2n \u0111\u1ebf. C\u01a1 ch\u1ebf xoay si\u00eau m\u01b0\u1ee3t \u0111\u1ea3m b\u1ea3o \u0111i\u1ec1u ch\u1ec9nh ch\u00ednh x\u00e1c trong c\u00e1c nhi\u1ec7m v\u1ee5 quan tr\u1ecdng, gi\u00fap \u0111\u1ea1t \u0111\u01b0\u1ee3c k\u1ebft qu\u1ea3 v\u01b0\u1ee3t tr\u1ed9i t\u1ea1i ch\u1ed7.<\/p>\n<p><img fetchpriority=\"high\" decoding=\"async\" class=\"size-medium wp-image-13838 aligncenter\" src=\"https:\/\/k-level.com\/wp-content\/uploads\/2025\/07\/LLRA051-300x300.jpg\" alt=\"B\u1ed9 chuy\u1ec3n \u0111\u1ed5i xoay c\u00e2n b\u1eb1ng laser LLRA05\" width=\"300\" height=\"300\" srcset=\"https:\/\/k-level.com\/wp-content\/uploads\/2025\/07\/LLRA051-300x300.jpg 300w, https:\/\/k-level.com\/wp-content\/uploads\/2025\/07\/LLRA051-150x150.jpg 150w, https:\/\/k-level.com\/wp-content\/uploads\/2025\/07\/LLRA051-768x768.jpg 768w, https:\/\/k-level.com\/wp-content\/uploads\/2025\/07\/LLRA051-12x12.jpg 12w, https:\/\/k-level.com\/wp-content\/uploads\/2025\/07\/LLRA051-370x370.jpg 370w, https:\/\/k-level.com\/wp-content\/uploads\/2025\/07\/LLRA051-400x400.jpg 400w, https:\/\/k-level.com\/wp-content\/uploads\/2025\/07\/LLRA051-100x100.jpg 100w, https:\/\/k-level.com\/wp-content\/uploads\/2025\/07\/LLRA051-50x50.jpg 50w, https:\/\/k-level.com\/wp-content\/uploads\/2025\/07\/LLRA051.jpg 800w\" sizes=\"(max-width: 300px) 100vw, 300px\" \/><\/p>\n<p>B\u1ed9 chuy\u1ec3n \u0111\u1ed5i xoay c\u00e2n b\u1eb1ng laser LLRA05 \u0111\u1ed9 ch\u00ednh x\u00e1c cao l\u00e0 gi\u1ea3i ph\u00e1p l\u00fd t\u01b0\u1edfng cho b\u1ea5t k\u1ef3 ai \u0111ang t\u00ecm ki\u1ebfm m\u1ed9t b\u1ed9 chuy\u1ec3n \u0111\u1ed5i c\u00e2n b\u1eb1ng laser \u0111\u1ebf xoay 360 \u0111\u1ed9 \u0111\u00e1ng tin c\u1eady. Thi\u1ebft k\u1ebf nh\u1ecf g\u1ecdn v\u00e0 \u1ed5n \u0111\u1ecbnh c\u1ee7a n\u00f3 cung c\u1ea5p h\u1ed7 tr\u1ee3 c\u1ea7n thi\u1ebft \u0111\u1ec3 ki\u1ec3m so\u00e1t g\u00f3c ch\u00ednh x\u00e1c trong c\u1ea3 m\u00f4i tr\u01b0\u1eddng trong nh\u00e0 v\u00e0 ngo\u00e0i tr\u1eddi. B\u1ed9 chuy\u1ec3n \u0111\u1ed5i n\u00e2ng cao ch\u1ee9c n\u0103ng c\u1ee7a thi\u1ebft b\u1ecb laser, cho ph\u00e9p ki\u1ec3m so\u00e1t ho\u00e0n to\u00e0n h\u01b0\u1edbng v\u00e0 g\u00f3c trong qu\u00e1 tr\u00ecnh s\u1eed d\u1ee5ng.<\/p>\n<p>C\u1ea7n gi\u1ea3i ph\u00e1p?<\/p>\n<p><a href=\"https:\/\/k-level.com\/vi\/\">C\u1ea5p \u0111\u1ed9 K<\/a>\u00a0cung c\u1ea5p D\u1ecbch v\u1ee5 T\u01b0 v\u1ea5n Thi\u1ebft b\u1ecb Kh\u1ea3o s\u00e1t. Li\u00ean h\u1ec7 v\u1edbi ch\u00fang t\u00f4i \u0111\u1ec3 \u0111\u1eb7t h\u00e0ng s\u1ed1 l\u01b0\u1ee3ng l\u1edbn ho\u1eb7c \u0111\u01b0\u1ee3c h\u1ed7 tr\u1ee3 k\u1ef9 thu\u1eadt!<\/p>","protected":false},"excerpt":{"rendered":"<ul>\n<li>\u0110\u01b0\u1ee3c c\u00e1c chuy\u00ean gia trong l\u0129nh v\u1ef1c n\u00e0y tin d\u00f9ng, B\u1ed9 chuy\u1ec3n \u0111\u1ed5i \u0111\u1ebf xoay 360\u00b0 c\u1ee7a M\u00e1y c\u00e2n b\u1eb1ng laser LLRA05 l\u00e0 m\u1ed9t c\u00f4ng c\u1ee5 kh\u00f4ng th\u1ec3 thi\u1ebfu \u0111\u1ed1i v\u1edbi nh\u1eefng ng\u01b0\u1eddi<br \/>\ny\u00eau c\u1ea7u \u0111\u1ed9 ch\u00ednh x\u00e1c, \u0111\u1ed9 tin c\u1eady v\u00e0 ho\u1ea1t \u0111\u1ed9ng tr\u01a1n tru t\u1eeb thi\u1ebft b\u1ecb laser c\u1ee7a h\u1ecd.<\/li>\n<\/ul>\n<p><img decoding=\"async\" class=\"alignnone size-medium wp-image-13646\" src=\"https:\/\/k-level.com\/wp-content\/uploads\/2025\/05\/logo-300x98.png\" alt=\"\" width=\"300\" height=\"98\" srcset=\"https:\/\/k-level.com\/wp-content\/uploads\/2025\/05\/logo-300x98.png 300w, https:\/\/k-level.com\/wp-content\/uploads\/2025\/05\/logo-18x6.png 18w, https:\/\/k-level.com\/wp-content\/uploads\/2025\/05\/logo.png 307w\" sizes=\"(max-width: 300px) 100vw, 300px\" \/><\/p>","protected":false},"featured_media":13838,"comment_status":"open","ping_status":"closed","template":"","meta":[],"product_brand":[],"product_cat":[264],"product_tag":[238],"class_list":{"0":"post-13837","1":"product","2":"type-product","3":"status-publish","4":"has-post-thumbnail","6":"product_cat-rotation-adapter","7":"product_tag-carpentry-and-furniture","9":"first","10":"instock","11":"shipping-taxable","12":"product-type-simple"},"_links":{"self":[{"href":"https:\/\/k-level.com\/vi\/wp-json\/wp\/v2\/product\/13837","targetHints":{"allow":["GET"]}}],"collection":[{"href":"https:\/\/k-level.com\/vi\/wp-json\/wp\/v2\/product"}],"about":[{"href":"https:\/\/k-level.com\/vi\/wp-json\/wp\/v2\/types\/product"}],"replies":[{"embeddable":true,"href":"https:\/\/k-level.com\/vi\/wp-json\/wp\/v2\/comments?post=13837"}],"version-history":[{"count":2,"href":"https:\/\/k-level.com\/vi\/wp-json\/wp\/v2\/product\/13837\/revisions"}],"predecessor-version":[{"id":13840,"href":"https:\/\/k-level.com\/vi\/wp-json\/wp\/v2\/product\/13837\/revisions\/13840"}],"wp:featuredmedia":[{"embeddable":true,"href":"https:\/\/k-level.com\/vi\/wp-json\/wp\/v2\/media\/13838"}],"wp:attachment":[{"href":"https:\/\/k-level.com\/vi\/wp-json\/wp\/v2\/media?parent=13837"}],"wp:term":[{"taxonomy":"product_brand","embeddable":true,"href":"https:\/\/k-level.com\/vi\/wp-json\/wp\/v2\/product_brand?post=13837"},{"taxonomy":"product_cat","embeddable":true,"href":"https:\/\/k-level.com\/vi\/wp-json\/wp\/v2\/product_cat?post=13837"},{"taxonomy":"product_tag","embeddable":true,"href":"https:\/\/k-level.com\/vi\/wp-json\/wp\/v2\/product_tag?post=13837"}],"curies":[{"name":"wp","href":"https:\/\/api.w.org\/{rel}","templated":true}]}}