{"id":13825,"date":"2025-07-16T16:54:52","date_gmt":"2025-07-16T08:54:52","guid":{"rendered":"https:\/\/k-level.com\/?post_type=product&#038;p=13825"},"modified":"2025-07-16T17:11:06","modified_gmt":"2025-07-16T09:11:06","slug":"bo-chuyen-doi-xoay-muc-laser-llra02","status":"publish","type":"product","link":"https:\/\/k-level.com\/vi\/san-pham\/bo-chuyen-doi-xoay-muc-laser-llra02\/","title":{"rendered":"B\u1ed9 chuy\u1ec3n \u0111\u1ed5i xoay m\u00e1y c\u00e2n b\u1eb1ng laser LLRA02"},"content":{"rendered":"<p>C\u1ea5p \u0111\u1ed9 K <strong>B\u1ed9 chuy\u1ec3n \u0111\u1ed5i xoay m\u00e1y c\u00e2n b\u1eb1ng laser LLRA02<\/strong> \u2013 Xoay ch\u00ednh x\u00e1c \u0111\u1ec3 c\u00e2n b\u1eb1ng b\u1eb1ng laser<\/p>\n<p>M\u00e1y c\u00e2n b\u1eb1ng laser xoay LLRA02 l\u00e0 ph\u1ee5 ki\u1ec7n hi\u1ec7u su\u1ea5t cao \u0111\u01b0\u1ee3c thi\u1ebft k\u1ebf \u0111\u1ec3 n\u00e2ng cao ch\u1ee9c n\u0103ng c\u1ee7a m\u00e1y c\u00e2n b\u1eb1ng laser trong c\u00e1c \u1ee9ng d\u1ee5ng x\u00e2y d\u1ef1ng v\u00e0 kh\u1ea3o s\u00e1t.<\/p>\n<p><a href=\"https:\/\/k-level.com\/vi\/lien-he-voi-chung-toi\/\">B\u1ed9 chuy\u1ec3n \u0111\u1ed5i xoay m\u00e1y c\u00e2n b\u1eb1ng laser LLRA02<\/a> l\u00e0 ren 1\/4\u2033-20, c\u00e1i n\u00e0y <a href=\"https:\/\/k-level.com\/vi\/lien-he-voi-chung-toi\/\">\u0110\u1ebf xoay \u0111i\u1ec1u ch\u1ec9nh b\u1ed9 chuy\u1ec3n \u0111\u1ed5i c\u00e2n b\u1eb1ng laser<\/a> \u0111\u1ea3m b\u1ea3o kh\u1ea3 n\u0103ng t\u01b0\u01a1ng th\u00edch li\u1ec1n m\u1ea1ch v\u1edbi h\u1ea7u h\u1ebft c\u00e1c ch\u00e2n m\u00e1y v\u00e0 thi\u1ebft b\u1ecb c\u00e2n b\u1eb1ng laser, cung c\u1ea5p kh\u1ea3 n\u0103ng xoay 360\u00b0 m\u01b0\u1ee3t m\u00e0 \u0111\u1ec3 c\u0103n ch\u1ec9nh ch\u00ednh x\u00e1c.<\/p>\n<p><img fetchpriority=\"high\" decoding=\"async\" class=\"aligncenter wp-image-13828 size-medium\" src=\"https:\/\/k-level.com\/wp-content\/uploads\/2025\/07\/LLRA025-300x300.jpg\" alt=\"B\u1ed9 chuy\u1ec3n \u0111\u1ed5i xoay m\u00e1y c\u00e2n b\u1eb1ng laser LLRA02\" width=\"300\" height=\"300\" srcset=\"https:\/\/k-level.com\/wp-content\/uploads\/2025\/07\/LLRA025-300x300.jpg 300w, https:\/\/k-level.com\/wp-content\/uploads\/2025\/07\/LLRA025-150x150.jpg 150w, https:\/\/k-level.com\/wp-content\/uploads\/2025\/07\/LLRA025-768x768.jpg 768w, https:\/\/k-level.com\/wp-content\/uploads\/2025\/07\/LLRA025-12x12.jpg 12w, https:\/\/k-level.com\/wp-content\/uploads\/2025\/07\/LLRA025-370x370.jpg 370w, https:\/\/k-level.com\/wp-content\/uploads\/2025\/07\/LLRA025-400x400.jpg 400w, https:\/\/k-level.com\/wp-content\/uploads\/2025\/07\/LLRA025-100x100.jpg 100w, https:\/\/k-level.com\/wp-content\/uploads\/2025\/07\/LLRA025-50x50.jpg 50w, https:\/\/k-level.com\/wp-content\/uploads\/2025\/07\/LLRA025.jpg 800w\" sizes=\"(max-width: 300px) 100vw, 300px\" \/><\/p>\n<p>C\u1ea7n gi\u1ea3i ph\u00e1p?<\/p>\n<p><a href=\"https:\/\/k-level.com\/vi\/lien-he-voi-chung-toi\/\">C\u1ea5p \u0111\u1ed9 K<\/a>\u00a0cung c\u1ea5p D\u1ecbch v\u1ee5 T\u01b0 v\u1ea5n Thi\u1ebft b\u1ecb Kh\u1ea3o s\u00e1t. Li\u00ean h\u1ec7 v\u1edbi ch\u00fang t\u00f4i \u0111\u1ec3 \u0111\u1eb7t h\u00e0ng s\u1ed1 l\u01b0\u1ee3ng l\u1edbn ho\u1eb7c \u0111\u01b0\u1ee3c h\u1ed7 tr\u1ee3 k\u1ef9 thu\u1eadt!<\/p>\n<p>&nbsp;<\/p>","protected":false},"excerpt":{"rendered":"<ul>\n<li>\u0110\u1ebf xoay \u0111i\u1ec1u ch\u1ec9nh b\u1ed9 chuy\u1ec3n \u0111\u1ed5i c\u00e2n b\u1eb1ng laser v\u00e0 m\u00e1y c\u00e2n b\u1eb1ng laser LLRA02 mang l\u1ea1i \u0111\u1ed9 ch\u00ednh x\u00e1c v\u00e0 \u0111\u1ed9 tin c\u1eady v\u00f4 song.<\/li>\n<li>N\u00e2ng c\u1ea5p thi\u1ebft b\u1ecb c\u00e2n b\u1eb1ng laser c\u1ee7a b\u1ea1n v\u1edbi b\u1ed9 chuy\u1ec3n \u0111\u1ed5i xoay chuy\u00ean nghi\u1ec7p c\u1ee7a K-Level!<\/li>\n<\/ul>\n<p><img decoding=\"async\" class=\"alignnone size-medium wp-image-13646\" src=\"https:\/\/k-level.com\/wp-content\/uploads\/2025\/05\/logo-300x98.png\" alt=\"\" width=\"300\" height=\"98\" srcset=\"https:\/\/k-level.com\/wp-content\/uploads\/2025\/05\/logo-300x98.png 300w, https:\/\/k-level.com\/wp-content\/uploads\/2025\/05\/logo-18x6.png 18w, https:\/\/k-level.com\/wp-content\/uploads\/2025\/05\/logo.png 307w\" sizes=\"(max-width: 300px) 100vw, 300px\" \/><\/p>","protected":false},"featured_media":13827,"comment_status":"open","ping_status":"closed","template":"","meta":[],"product_brand":[],"product_cat":[264],"product_tag":[238],"class_list":{"0":"post-13825","1":"product","2":"type-product","3":"status-publish","4":"has-post-thumbnail","6":"product_cat-rotation-adapter","7":"product_tag-carpentry-and-furniture","9":"first","10":"instock","11":"shipping-taxable","12":"product-type-simple"},"_links":{"self":[{"href":"https:\/\/k-level.com\/vi\/wp-json\/wp\/v2\/product\/13825","targetHints":{"allow":["GET"]}}],"collection":[{"href":"https:\/\/k-level.com\/vi\/wp-json\/wp\/v2\/product"}],"about":[{"href":"https:\/\/k-level.com\/vi\/wp-json\/wp\/v2\/types\/product"}],"replies":[{"embeddable":true,"href":"https:\/\/k-level.com\/vi\/wp-json\/wp\/v2\/comments?post=13825"}],"version-history":[{"count":2,"href":"https:\/\/k-level.com\/vi\/wp-json\/wp\/v2\/product\/13825\/revisions"}],"predecessor-version":[{"id":13830,"href":"https:\/\/k-level.com\/vi\/wp-json\/wp\/v2\/product\/13825\/revisions\/13830"}],"wp:featuredmedia":[{"embeddable":true,"href":"https:\/\/k-level.com\/vi\/wp-json\/wp\/v2\/media\/13827"}],"wp:attachment":[{"href":"https:\/\/k-level.com\/vi\/wp-json\/wp\/v2\/media?parent=13825"}],"wp:term":[{"taxonomy":"product_brand","embeddable":true,"href":"https:\/\/k-level.com\/vi\/wp-json\/wp\/v2\/product_brand?post=13825"},{"taxonomy":"product_cat","embeddable":true,"href":"https:\/\/k-level.com\/vi\/wp-json\/wp\/v2\/product_cat?post=13825"},{"taxonomy":"product_tag","embeddable":true,"href":"https:\/\/k-level.com\/vi\/wp-json\/wp\/v2\/product_tag?post=13825"}],"curies":[{"name":"wp","href":"https:\/\/api.w.org\/{rel}","templated":true}]}}