{"id":13821,"date":"2025-07-16T16:41:09","date_gmt":"2025-07-16T08:41:09","guid":{"rendered":"https:\/\/k-level.com\/?post_type=product&#038;p=13821"},"modified":"2025-07-16T16:41:09","modified_gmt":"2025-07-16T08:41:09","slug":"bo-chuyen-doi-xoay-muc-laser-llra01","status":"publish","type":"product","link":"https:\/\/k-level.com\/vi\/san-pham\/bo-chuyen-doi-xoay-muc-laser-llra01\/","title":{"rendered":"B\u1ed9 chuy\u1ec3n \u0111\u1ed5i xoay c\u00e2n b\u1eb1ng laser LLRA01"},"content":{"rendered":"<p><strong>T\u1ed5ng quan v\u1ec1 B\u1ed9 chuy\u1ec3n \u0111\u1ed5i xoay Laser Level LLRA01<\/strong><\/p>\n<p>L\u00e0 m\u1ed9t ng\u01b0\u1eddi \u0111\u00e1ng tin c\u1eady <a href=\"https:\/\/k-level.com\/vi\/cua-hang\/\">B\u1ed9 chuy\u1ec3n \u0111\u1ed5i kh\u1ea3o s\u00e1t m\u1ee9c<\/a>B\u1ed9 chuy\u1ec3n \u0111\u1ed5i xoay c\u00e2n b\u1eb1ng laser LLRA01 l\u00fd t\u01b0\u1edfng \u0111\u1ec3 c\u0103n ch\u1ec9nh c\u00e1c c\u00f4ng c\u1ee5 laser v\u1edbi \u0111\u1ed9 \u1ed5n \u0111\u1ecbnh v\u00e0 \u0111\u1ed9 ch\u00ednh x\u00e1c cao h\u01a1n t\u1ea1i c\u00f4ng tr\u01b0\u1eddng.<\/p>\n<p>B\u1ed9 chuy\u1ec3n \u0111\u1ed5i xoay c\u00e2n b\u1eb1ng laser LLRA01 \u0111\u01b0\u1ee3c thi\u1ebft k\u1ebf \u0111\u1ec3 mang l\u1ea1i kh\u1ea3 n\u0103ng \u0111i\u1ec1u ch\u1ec9nh xoay m\u01b0\u1ee3t m\u00e0 v\u00e0 ch\u00ednh x\u00e1c, bi\u1ebfn n\u00f3 th\u00e0nh m\u1ed9t gi\u1ea3i ph\u00e1p tuy\u1ec7t v\u1eddi \u0111\u1ec3 tinh ch\u1ec9nh laser c\u1ee7a b\u1ea1n trong c\u00e1c t\u00e1c v\u1ee5 b\u1ed1 tr\u00ed, c\u00e2n b\u1eb1ng v\u00e0 c\u0103n ch\u1ec9nh. Kh\u1ea3 n\u0103ng t\u01b0\u01a1ng th\u00edch v\u1edbi ren k\u00e9p c\u1ee7a n\u00f3\u20141\/4\u2033-20 \u1edf ph\u00eda tr\u00ean v\u00e0 5\/8\u2033-11 \u1edf ph\u00eda d\u01b0\u1edbi\u2014cho ph\u00e9p n\u00f3 k\u1ebft n\u1ed1i v\u1edbi nhi\u1ec1u lo\u1ea1i m\u00e1y c\u00e2n b\u1eb1ng laser, ch\u00e2n m\u00e1y v\u00e0 thi\u1ebft b\u1ecb kh\u1ea3o s\u00e1t. \u0110i\u1ec1u n\u00e0y l\u00e0m cho n\u00f3 c\u00f3 kh\u1ea3 n\u0103ng t\u01b0\u01a1ng th\u00edch cao. <a href=\"https:\/\/k-level.com\/vi\/cua-hang\/\">B\u1ed9 chuy\u1ec3n \u0111\u1ed5i kh\u1ea3o s\u00e1t m\u1ee9c<\/a> cho c\u1ea3 \u1ee9ng d\u1ee5ng chuy\u00ean nghi\u1ec7p v\u00e0 t\u1ef1 l\u00e0m.<\/p>\n<p>V\u1edbi \u0111\u01b0\u1eddng k\u00ednh ngo\u00e0i 65mm, LLRA01 mang \u0111\u1ebfn m\u1ed9t \u0111\u1ebf m\u00e1y nh\u1ecf g\u1ecdn nh\u01b0ng ch\u1eafc ch\u1eafn cho c\u00e1c thao t\u00e1c xoay. Thi\u1ebft k\u1ebf ch\u00ednh x\u00e1c c\u1ee7a b\u1ed9 chuy\u1ec3n \u0111\u1ed5i cho ph\u00e9p xoay 360\u00b0, gi\u00fap ng\u01b0\u1eddi d\u00f9ng ki\u1ec3m so\u00e1t ho\u00e0n to\u00e0n h\u01b0\u1edbng c\u1ee7a ch\u00f9m tia laser m\u00e0 kh\u00f4ng c\u1ea7n ph\u1ea3i \u0111\u1ecbnh v\u1ecb l\u1ea1i to\u00e0n b\u1ed9 thi\u1ebft l\u1eadp. Cho d\u00f9 b\u1ea1n \u0111ang l\u00e0m vi\u1ec7c tr\u00ean b\u1ed1 c\u1ee5c ngang hay c\u0103n ch\u1ec9nh d\u1ecdc, <a href=\"https:\/\/k-level.com\/vi\/lien-he-voi-chung-toi\/\">B\u1ed9 chuy\u1ec3n \u0111\u1ed5i xoay c\u00e2n b\u1eb1ng laser LLRA01<\/a> mang l\u1ea1i s\u1ef1 \u1ed5n \u0111\u1ecbnh v\u00e0 t\u00ednh linh ho\u1ea1t m\u00e0 b\u1ea1n c\u1ea7n.<img fetchpriority=\"high\" decoding=\"async\" class=\"aligncenter wp-image-13822 size-medium\" src=\"https:\/\/k-level.com\/wp-content\/uploads\/2025\/07\/LLRA011-300x300.jpg\" alt=\"B\u1ed9 chuy\u1ec3n \u0111\u1ed5i kh\u1ea3o s\u00e1t m\u1ee9c\" width=\"300\" height=\"300\" srcset=\"https:\/\/k-level.com\/wp-content\/uploads\/2025\/07\/LLRA011-300x300.jpg 300w, https:\/\/k-level.com\/wp-content\/uploads\/2025\/07\/LLRA011-150x150.jpg 150w, https:\/\/k-level.com\/wp-content\/uploads\/2025\/07\/LLRA011-768x768.jpg 768w, https:\/\/k-level.com\/wp-content\/uploads\/2025\/07\/LLRA011-12x12.jpg 12w, https:\/\/k-level.com\/wp-content\/uploads\/2025\/07\/LLRA011-370x370.jpg 370w, https:\/\/k-level.com\/wp-content\/uploads\/2025\/07\/LLRA011-400x400.jpg 400w, https:\/\/k-level.com\/wp-content\/uploads\/2025\/07\/LLRA011-100x100.jpg 100w, https:\/\/k-level.com\/wp-content\/uploads\/2025\/07\/LLRA011-50x50.jpg 50w, https:\/\/k-level.com\/wp-content\/uploads\/2025\/07\/LLRA011.jpg 800w\" sizes=\"(max-width: 300px) 100vw, 300px\" \/><\/p>\n<p>B\u1ed9 chuy\u1ec3n \u0111\u1ed5i kh\u1ea3o s\u00e1t c\u1ea5p \u0111\u1ed9 tin c\u1eady, s\u1ea3n ph\u1ea9m n\u00e0y \u0111\u01b0\u1ee3c ch\u1ebf t\u1ea1o t\u1eeb v\u1eadt li\u1ec7u ch\u1ea5t l\u01b0\u1ee3ng cao \u0111\u1ec3 \u0111\u1ea3m b\u1ea3o \u0111\u1ed9 b\u1ec1n trong c\u1ea3 m\u00f4i tr\u01b0\u1eddng trong nh\u00e0 v\u00e0 ngo\u00e0i tr\u1eddi.<\/p>\n<p>C\u1ea7n gi\u1ea3i ph\u00e1p?<\/p>\n<p>K-level cung c\u1ea5p d\u1ecbch v\u1ee5 t\u01b0 v\u1ea5n thi\u1ebft b\u1ecb tr\u1eafc \u0111\u1ecba. Li\u00ean h\u1ec7 v\u1edbi ch\u00fang t\u00f4i \u0111\u1ec3 \u0111\u1eb7t h\u00e0ng s\u1ed1 l\u01b0\u1ee3ng l\u1edbn ho\u1eb7c \u0111\u01b0\u1ee3c h\u1ed7 tr\u1ee3 k\u1ef9 thu\u1eadt!<\/p>","protected":false},"excerpt":{"rendered":"<ul>\n<li>Cam k\u1ebft c\u1ee7a K-level v\u1ec1 ch\u1ee9c n\u0103ng, \u0111\u1ed9 ch\u00ednh x\u00e1c v\u00e0 hi\u1ec7u su\u1ea5t chuy\u00ean nghi\u1ec7p<\/li>\n<li>Bi\u1ebfn LLRA01 th\u00e0nh c\u00f4ng c\u1ee5 thi\u1ebft y\u1ebfu trong m\u1ecdi thi\u1ebft l\u1eadp kh\u1ea3o s\u00e1t b\u1eb1ng laser.<\/li>\n<\/ul>\n<p><img decoding=\"async\" class=\"alignnone size-medium wp-image-13646\" src=\"https:\/\/k-level.com\/wp-content\/uploads\/2025\/05\/logo-300x98.png\" alt=\"\" width=\"300\" height=\"98\" srcset=\"https:\/\/k-level.com\/wp-content\/uploads\/2025\/05\/logo-300x98.png 300w, https:\/\/k-level.com\/wp-content\/uploads\/2025\/05\/logo-18x6.png 18w, https:\/\/k-level.com\/wp-content\/uploads\/2025\/05\/logo.png 307w\" sizes=\"(max-width: 300px) 100vw, 300px\" \/><\/p>","protected":false},"featured_media":13822,"comment_status":"open","ping_status":"closed","template":"","meta":[],"product_brand":[],"product_cat":[264],"product_tag":[238],"class_list":{"0":"post-13821","1":"product","2":"type-product","3":"status-publish","4":"has-post-thumbnail","6":"product_cat-rotation-adapter","7":"product_tag-carpentry-and-furniture","9":"first","10":"instock","11":"shipping-taxable","12":"product-type-simple"},"_links":{"self":[{"href":"https:\/\/k-level.com\/vi\/wp-json\/wp\/v2\/product\/13821","targetHints":{"allow":["GET"]}}],"collection":[{"href":"https:\/\/k-level.com\/vi\/wp-json\/wp\/v2\/product"}],"about":[{"href":"https:\/\/k-level.com\/vi\/wp-json\/wp\/v2\/types\/product"}],"replies":[{"embeddable":true,"href":"https:\/\/k-level.com\/vi\/wp-json\/wp\/v2\/comments?post=13821"}],"version-history":[{"count":2,"href":"https:\/\/k-level.com\/vi\/wp-json\/wp\/v2\/product\/13821\/revisions"}],"predecessor-version":[{"id":13824,"href":"https:\/\/k-level.com\/vi\/wp-json\/wp\/v2\/product\/13821\/revisions\/13824"}],"wp:featuredmedia":[{"embeddable":true,"href":"https:\/\/k-level.com\/vi\/wp-json\/wp\/v2\/media\/13822"}],"wp:attachment":[{"href":"https:\/\/k-level.com\/vi\/wp-json\/wp\/v2\/media?parent=13821"}],"wp:term":[{"taxonomy":"product_brand","embeddable":true,"href":"https:\/\/k-level.com\/vi\/wp-json\/wp\/v2\/product_brand?post=13821"},{"taxonomy":"product_cat","embeddable":true,"href":"https:\/\/k-level.com\/vi\/wp-json\/wp\/v2\/product_cat?post=13821"},{"taxonomy":"product_tag","embeddable":true,"href":"https:\/\/k-level.com\/vi\/wp-json\/wp\/v2\/product_tag?post=13821"}],"curies":[{"name":"wp","href":"https:\/\/api.w.org\/{rel}","templated":true}]}}