{"id":13812,"date":"2025-07-16T15:39:18","date_gmt":"2025-07-16T07:39:18","guid":{"rendered":"https:\/\/k-level.com\/?post_type=product&#038;p=13812"},"modified":"2025-07-16T15:39:18","modified_gmt":"2025-07-16T07:39:18","slug":"de-nghieng-laser-rltb01","status":"publish","type":"product","link":"https:\/\/k-level.com\/vi\/san-pham\/de-nghieng-laser-rltb01\/","title":{"rendered":"\u0110\u1ebf nghi\u00eang laser RLTB01"},"content":{"rendered":"<p><strong>T\u1ed5ng quan v\u1ec1 \u0111\u1ebf nghi\u00eang laser RLTB01<\/strong><\/p>\n<p>\u0110\u1ebf nghi\u00eang laser RLTB01, m\u1ed9t ph\u1ee5 ki\u1ec7n thi\u1ebft y\u1ebfu \u0111\u1ec3 chuy\u1ec3n \u0111\u1ed5i laser ti\u00eau chu\u1ea9n c\u1ee7a b\u1ea1n th\u00e0nh laser nghi\u00eang m\u1ed9t tr\u1ee5c. \u0110\u01b0\u1ee3c thi\u1ebft k\u1ebf cho c\u00e1c chuy\u00ean gia \u0111\u00f2i h\u1ecfi s\u1ef1 linh ho\u1ea1t v\u00e0 ch\u00ednh x\u00e1c, thi\u1ebft b\u1ecb n\u00e0y k\u1ebft h\u1ee3p c\u00e1c ch\u1ee9c n\u0103ng c\u1ee7a \u0110\u1ebf nghi\u00eang laser v\u00e0 B\u1ed9 chuy\u1ec3n \u0111\u1ed5i \u0111\u1ebf nghi\u00eang, bi\u1ebfn n\u00f3 th\u00e0nh gi\u1ea3i ph\u00e1p l\u00fd t\u01b0\u1edfng cho c\u00e1c c\u00f4ng vi\u1ec7c nghi\u00eang v\u00e0 b\u1ed1 tr\u00ed g\u00f3c.<\/p>\n<p>C\u00e1c <a href=\"https:\/\/k-level.com\/vi\/cua-hang\/\">\u0110\u1ebf nghi\u00eang laser RLTB01<\/a> mang \u0111\u1ebfn kh\u1ea3 n\u0103ng nghi\u00eang m\u01b0\u1ee3t m\u00e0 v\u00e0 \u0111\u01b0\u1ee3c ki\u1ec3m so\u00e1t, cho ph\u00e9p ng\u01b0\u1eddi d\u00f9ng thi\u1ebft l\u1eadp c\u00e1c g\u00f3c c\u1ee5 th\u1ec3 m\u1ed9t c\u00e1ch d\u1ec5 d\u00e0ng v\u00e0 t\u1ef1 tin. B\u1eb1ng c\u00e1ch chuy\u1ec3n \u0111\u1ed5i b\u1ea5t k\u1ef3 laser xoay ho\u1eb7c laser \u0111\u01b0\u1eddng th\u1eb3ng ti\u00eau chu\u1ea9n n\u00e0o th\u00e0nh laser nghi\u00eang m\u1ed9t tr\u1ee5c, thi\u1ebft b\u1ecb n\u00e0y m\u1edf r\u1ed9ng \u0111\u00e1ng k\u1ec3 t\u00ednh linh ho\u1ea1t c\u1ee7a c\u00e1c c\u00f4ng c\u1ee5 c\u1ee7a b\u1ea1n. Cho d\u00f9 b\u1ea1n tham gia x\u00e2y d\u1ef1ng, san l\u1ea5p m\u1eb7t b\u1eb1ng hay b\u1ed1 tr\u00ed n\u1ed9i th\u1ea5t, thi\u1ebft b\u1ecb n\u00e0y <a href=\"https:\/\/k-level.com\/vi\/cua-hang\/\">B\u1ed9 chuy\u1ec3n \u0111\u1ed5i \u0111\u1ebf nghi\u00eang<\/a> \u0111\u1ea3m b\u1ea3o ki\u1ec3m so\u00e1t g\u00f3c ch\u00ednh x\u00e1c v\u00e0 hi\u1ec7u su\u1ea5t \u1ed5n \u0111\u1ecbnh.<\/p>\n<p><img fetchpriority=\"high\" decoding=\"async\" class=\"aligncenter wp-image-13817 size-medium\" src=\"https:\/\/k-level.com\/wp-content\/uploads\/2025\/07\/RLTB018-300x300.jpg\" alt=\"\u0110\u1ebf nghi\u00eang laser RLTB01\" width=\"300\" height=\"300\" srcset=\"https:\/\/k-level.com\/wp-content\/uploads\/2025\/07\/RLTB018-300x300.jpg 300w, https:\/\/k-level.com\/wp-content\/uploads\/2025\/07\/RLTB018-150x150.jpg 150w, https:\/\/k-level.com\/wp-content\/uploads\/2025\/07\/RLTB018-768x768.jpg 768w, https:\/\/k-level.com\/wp-content\/uploads\/2025\/07\/RLTB018-12x12.jpg 12w, https:\/\/k-level.com\/wp-content\/uploads\/2025\/07\/RLTB018-370x370.jpg 370w, https:\/\/k-level.com\/wp-content\/uploads\/2025\/07\/RLTB018-400x400.jpg 400w, https:\/\/k-level.com\/wp-content\/uploads\/2025\/07\/RLTB018-100x100.jpg 100w, https:\/\/k-level.com\/wp-content\/uploads\/2025\/07\/RLTB018-50x50.jpg 50w, https:\/\/k-level.com\/wp-content\/uploads\/2025\/07\/RLTB018.jpg 800w\" sizes=\"(max-width: 300px) 100vw, 300px\" \/><\/p>\n<p>\u0110\u01b0\u1ee3c ch\u1ebf t\u1ea1o t\u1eeb v\u1eadt li\u1ec7u c\u00f3 \u0111\u1ed9 b\u1ec1n cao, <a href=\"https:\/\/k-level.com\/vi\/cua-hang\/\">RLTB01 cung c\u1ea5p<\/a> \u0110\u1ed9 b\u1ec1n v\u00e0 \u0111\u1ed9 ch\u00ednh x\u00e1c, ngay c\u1ea3 trong m\u00f4i tr\u01b0\u1eddng kh\u1eafc nghi\u1ec7t. Thi\u1ebft k\u1ebf l\u1eafp \u0111\u1eb7t \u0111a n\u0103ng ph\u00f9 h\u1ee3p v\u1edbi nhi\u1ec1u m\u1eabu m\u00e1y laser, bi\u1ebfn n\u00f3 th\u00e0nh gi\u00e1 \u0111\u1ee1 g\u00f3c laser \u0111a n\u0103ng cho c\u00e1c chuy\u00ean gia trong nhi\u1ec1u ng\u00e0nh ngh\u1ec1 kh\u00e1c nhau.<\/p>\n<p>C\u1ea7n gi\u1ea3i ph\u00e1p?<\/p>\n<p>K-level cung c\u1ea5p d\u1ecbch v\u1ee5 t\u01b0 v\u1ea5n thi\u1ebft b\u1ecb tr\u1eafc \u0111\u1ecba. Li\u00ean h\u1ec7 v\u1edbi ch\u00fang t\u00f4i \u0111\u1ec3 \u0111\u1eb7t h\u00e0ng s\u1ed1 l\u01b0\u1ee3ng l\u1edbn ho\u1eb7c \u0111\u01b0\u1ee3c h\u1ed7 tr\u1ee3 k\u1ef9 thu\u1eadt!<\/p>","protected":false},"excerpt":{"rendered":"<ul>\n<li>Gi\u00e1 \u0111\u1ee1 g\u00f3c laser n\u00e0y l\u00e0 s\u1ef1 l\u1ef1a ch\u1ecdn ho\u00e0n h\u1ea3o cho c\u1ea3 m\u1ee5c \u0111\u00edch s\u1eed d\u1ee5ng h\u00e0ng ng\u00e0y v\u00e0 c\u00e1c \u1ee9ng d\u1ee5ng k\u1ef9 thu\u1eadt \u0111\u00f2i h\u1ecfi kh\u1eaft khe.<\/li>\n<li>T\u1eadn d\u1ee5ng t\u1ed1i \u0111a c\u00e1c c\u00f4ng c\u1ee5 laser c\u1ee7a b\u1ea1n v\u1edbi \u0110\u1ebf nghi\u00eang laser RLTB01<\/li>\n<li>B\u1ed9 chuy\u1ec3n \u0111\u1ed5i \u0111\u1ebf nghi\u00eang t\u1ed1i \u01b0u \u0111\u1ec3 \u0111o \u0111\u1ed9 d\u1ed1c.<\/li>\n<\/ul>\n<p><img decoding=\"async\" class=\"alignnone size-medium wp-image-13646\" src=\"https:\/\/k-level.com\/wp-content\/uploads\/2025\/05\/logo-300x98.png\" alt=\"\" width=\"300\" height=\"98\" srcset=\"https:\/\/k-level.com\/wp-content\/uploads\/2025\/05\/logo-300x98.png 300w, https:\/\/k-level.com\/wp-content\/uploads\/2025\/05\/logo-18x6.png 18w, https:\/\/k-level.com\/wp-content\/uploads\/2025\/05\/logo.png 307w\" sizes=\"(max-width: 300px) 100vw, 300px\" \/><\/p>","protected":false},"featured_media":13813,"comment_status":"open","ping_status":"closed","template":"","meta":[],"product_brand":[],"product_cat":[261],"product_tag":[238],"class_list":{"0":"post-13812","1":"product","2":"type-product","3":"status-publish","4":"has-post-thumbnail","6":"product_cat-rotary-laser-bracket","7":"product_tag-carpentry-and-furniture","9":"first","10":"instock","11":"shipping-taxable","12":"product-type-simple"},"_links":{"self":[{"href":"https:\/\/k-level.com\/vi\/wp-json\/wp\/v2\/product\/13812","targetHints":{"allow":["GET"]}}],"collection":[{"href":"https:\/\/k-level.com\/vi\/wp-json\/wp\/v2\/product"}],"about":[{"href":"https:\/\/k-level.com\/vi\/wp-json\/wp\/v2\/types\/product"}],"replies":[{"embeddable":true,"href":"https:\/\/k-level.com\/vi\/wp-json\/wp\/v2\/comments?post=13812"}],"version-history":[{"count":2,"href":"https:\/\/k-level.com\/vi\/wp-json\/wp\/v2\/product\/13812\/revisions"}],"predecessor-version":[{"id":13819,"href":"https:\/\/k-level.com\/vi\/wp-json\/wp\/v2\/product\/13812\/revisions\/13819"}],"wp:featuredmedia":[{"embeddable":true,"href":"https:\/\/k-level.com\/vi\/wp-json\/wp\/v2\/media\/13813"}],"wp:attachment":[{"href":"https:\/\/k-level.com\/vi\/wp-json\/wp\/v2\/media?parent=13812"}],"wp:term":[{"taxonomy":"product_brand","embeddable":true,"href":"https:\/\/k-level.com\/vi\/wp-json\/wp\/v2\/product_brand?post=13812"},{"taxonomy":"product_cat","embeddable":true,"href":"https:\/\/k-level.com\/vi\/wp-json\/wp\/v2\/product_cat?post=13812"},{"taxonomy":"product_tag","embeddable":true,"href":"https:\/\/k-level.com\/vi\/wp-json\/wp\/v2\/product_tag?post=13812"}],"curies":[{"name":"wp","href":"https:\/\/api.w.org\/{rel}","templated":true}]}}