{"id":13805,"date":"2025-07-16T15:29:23","date_gmt":"2025-07-16T07:29:23","guid":{"rendered":"https:\/\/k-level.com\/?post_type=product&#038;p=13805"},"modified":"2025-07-16T15:31:45","modified_gmt":"2025-07-16T07:31:45","slug":"gia-do-laser-quay-rlb02a-02b","status":"publish","type":"product","link":"https:\/\/k-level.com\/vi\/san-pham\/gia-do-laser-quay-rlb02a-02b\/","title":{"rendered":"Gi\u00e1 \u0111\u1ee1 laser quay RLB02A\/02B"},"content":{"rendered":"<p><strong>T\u1ed5ng quan v\u1ec1 gi\u00e1 \u0111\u1ee1 laser quay RLB02A\/02B<\/strong><\/p>\n<p><a href=\"https:\/\/k-level.com\/vi\/ve-chung-toi\/\">Gi\u00e1 \u0111\u1ee1 laser quay RLB02A\/02B<\/a> lo\u1ea1t \u2014 m\u1ed9t gi\u1ea3i ph\u00e1p \u0111a n\u0103ng \u0111\u01b0\u1ee3c thi\u1ebft k\u1ebf cho c\u00e1c chuy\u00ean gia \u0111ang t\u00ecm ki\u1ebfm <a href=\"https:\/\/k-level.com\/vi\/ve-chung-toi\/\">Gi\u00e1 \u0111\u1ee1 laser quay t\u1ed1t nh\u1ea5t<\/a> d\u00f9ng cho l\u1eafp \u0111\u1eb7t tr\u00ean tr\u1ea7n nh\u00e0 v\u00e0 khung th\u00e9p h\u00ecnh ch\u1eef L. \u0110\u01b0\u1ee3c thi\u1ebft k\u1ebf v\u1edbi th\u00e2n m\u00e1y ho\u00e0n to\u00e0n b\u1eb1ng kim lo\u1ea1i, Gi\u00e1 \u0111\u1ee1 laser xoay RLB02A\/02B mang l\u1ea1i \u0111\u1ed9 b\u1ec1n, \u0111\u1ed9 \u1ed5n \u0111\u1ecbnh v\u00e0 d\u1ec5 s\u1eed d\u1ee5ng t\u1ea1i c\u00e1c c\u00f4ng tr\u01b0\u1eddng kh\u00f3 kh\u0103n.<\/p>\n<p><img fetchpriority=\"high\" decoding=\"async\" class=\"aligncenter wp-image-13809 size-medium\" src=\"https:\/\/k-level.com\/wp-content\/uploads\/2025\/07\/RLB02B1-1-300x300.jpg\" alt=\"Gi\u00e1 \u0111\u1ee1 laser quay t\u1ed1t nh\u1ea5t\" width=\"300\" height=\"300\" srcset=\"https:\/\/k-level.com\/wp-content\/uploads\/2025\/07\/RLB02B1-1-300x300.jpg 300w, https:\/\/k-level.com\/wp-content\/uploads\/2025\/07\/RLB02B1-1-150x150.jpg 150w, https:\/\/k-level.com\/wp-content\/uploads\/2025\/07\/RLB02B1-1-768x768.jpg 768w, https:\/\/k-level.com\/wp-content\/uploads\/2025\/07\/RLB02B1-1-12x12.jpg 12w, https:\/\/k-level.com\/wp-content\/uploads\/2025\/07\/RLB02B1-1-370x370.jpg 370w, https:\/\/k-level.com\/wp-content\/uploads\/2025\/07\/RLB02B1-1-400x400.jpg 400w, https:\/\/k-level.com\/wp-content\/uploads\/2025\/07\/RLB02B1-1-100x100.jpg 100w, https:\/\/k-level.com\/wp-content\/uploads\/2025\/07\/RLB02B1-1-50x50.jpg 50w, https:\/\/k-level.com\/wp-content\/uploads\/2025\/07\/RLB02B1-1.jpg 800w\" sizes=\"(max-width: 300px) 100vw, 300px\" \/><\/p>\n<p>D\u00f2ng s\u1ea3n ph\u1ea9m Gi\u00e1 \u0111\u1ee1 Laser Xoay RLB02 bao g\u1ed3m hai m\u1eabu: Gi\u00e1 \u0111\u1ee1 Laser Xoay RLB02A v\u00e0 Gi\u00e1 \u0111\u1ee1 Laser Xoay RLB02B, m\u1ed7i m\u1eabu c\u00f3 c\u00e1c ph\u01b0\u01a1ng ph\u00e1p l\u1eafp \u0111\u1eb7t kh\u00e1c nhau \u0111\u1ec3 ph\u00f9 h\u1ee3p v\u1edbi nhi\u1ec1u \u0111i\u1ec1u ki\u1ec7n thi c\u00f4ng kh\u00e1c nhau. Cho d\u00f9 b\u1ea1n \u0111ang l\u00e0m vi\u1ec7c tr\u00ean khung tr\u1ea7n g\u1ed7 hay h\u1ec7 th\u1ed1ng m\u00e1ng th\u00e9p, nh\u1eefng gi\u00e1 \u0111\u1ee1 n\u00e0y \u0111\u01b0\u1ee3c thi\u1ebft k\u1ebf \u0111\u1ec3 gi\u00fap vi\u1ec7c l\u1eafp \u0111\u1eb7t m\u00e1y c\u00e2n b\u1eb1ng laser hi\u1ec7u qu\u1ea3 v\u00e0 an to\u00e0n h\u01a1n.<\/p>\n<p>Gi\u00e1 \u0111\u1ee1 laser quay RLB02A cho th\u00e9p nh\u1eb9.<\/p>\n<p>Gi\u00e1 \u0111\u1ee1 laser quay RLB02B cho g\u1ed7.<\/p>\n<p>\u0110\u01b0\u1ee3c c\u00f4ng nh\u1eadn l\u00e0 m\u1ed9t trong nh\u1eefng <a href=\"https:\/\/k-level.com\/vi\/ve-chung-toi\/\">Gi\u00e1 \u0111\u1ee1 laser quay t\u1ed1t nh\u1ea5t<\/a> So v\u1edbi c\u00e1c l\u1ef1a ch\u1ecdn kh\u00e1c tr\u00ean th\u1ecb tr\u01b0\u1eddng, RLB02A\/02B \u0111\u01b0\u1ee3c s\u1eed d\u1ee5ng r\u1ed9ng r\u00e3i trong ch\u1ebf bi\u1ebfn g\u1ed7, thi c\u00f4ng tr\u1ea7n treo v\u00e0 c\u00e1c d\u1ef1 \u00e1n th\u00e9p h\u00ecnh ch\u1eef L. C\u00e1c gi\u00e1 \u0111\u1ee1 n\u00e0y cho ph\u00e9p l\u1eafp \u0111\u1eb7t v\u00e0 \u0111\u1ecbnh v\u1ecb laser xoay nhanh ch\u00f3ng, mang l\u1ea1i s\u1ef1 linh ho\u1ea1t t\u1ed1i \u0111a m\u00e0 kh\u00f4ng \u1ea3nh h\u01b0\u1edfng \u0111\u1ebfn \u0111\u1ed9 ch\u00ednh x\u00e1c. Nh\u1edd thi\u1ebft k\u1ebf ho\u00e0n to\u00e0n b\u1eb1ng kim lo\u1ea1i ch\u1eafc ch\u1eafn, ch\u00fang c\u00f3 kh\u1ea3 n\u0103ng ch\u1ecbu m\u00e0i m\u00f2n m\u00e0 v\u1eabn duy tr\u00ec hi\u1ec7u su\u1ea5t cao.<\/p>\n<p>C\u1ea7n gi\u1ea3i ph\u00e1p?<\/p>\n<p>K-level cung c\u1ea5p d\u1ecbch v\u1ee5 t\u01b0 v\u1ea5n thi\u1ebft b\u1ecb tr\u1eafc \u0111\u1ecba. Li\u00ean h\u1ec7 v\u1edbi ch\u00fang t\u00f4i \u0111\u1ec3 \u0111\u1eb7t h\u00e0ng s\u1ed1 l\u01b0\u1ee3ng l\u1edbn ho\u1eb7c \u0111\u01b0\u1ee3c h\u1ed7 tr\u1ee3 k\u1ef9 thu\u1eadt!<\/p>","protected":false},"excerpt":{"rendered":"<ul>\n<li>Gi\u00e1 \u0111\u1ee1 laser quay RLB02A l\u00e0 gi\u00e1 \u0111\u1ee1 g\u1eafn t\u01b0\u1eddng \u0111a n\u0103ng cho th\u00e9p nh\u1eb9<\/li>\n<li>Gi\u00e1 \u0111\u1ee1 laser quay RLB02B l\u00e0 gi\u00e1 \u0111\u1ee1 g\u1eafn t\u01b0\u1eddng \u0111a n\u0103ng cho g\u1ed7<\/li>\n<\/ul>\n<p><img decoding=\"async\" class=\"alignnone size-medium wp-image-13646\" src=\"https:\/\/k-level.com\/wp-content\/uploads\/2025\/05\/logo-300x98.png\" alt=\"\" width=\"300\" height=\"98\" srcset=\"https:\/\/k-level.com\/wp-content\/uploads\/2025\/05\/logo-300x98.png 300w, https:\/\/k-level.com\/wp-content\/uploads\/2025\/05\/logo-18x6.png 18w, https:\/\/k-level.com\/wp-content\/uploads\/2025\/05\/logo.png 307w\" sizes=\"(max-width: 300px) 100vw, 300px\" \/><\/p>","protected":false},"featured_media":13806,"comment_status":"open","ping_status":"closed","template":"","meta":[],"product_brand":[],"product_cat":[261],"product_tag":[238],"class_list":{"0":"post-13805","1":"product","2":"type-product","3":"status-publish","4":"has-post-thumbnail","6":"product_cat-rotary-laser-bracket","7":"product_tag-carpentry-and-furniture","9":"first","10":"instock","11":"shipping-taxable","12":"product-type-simple"},"_links":{"self":[{"href":"https:\/\/k-level.com\/vi\/wp-json\/wp\/v2\/product\/13805","targetHints":{"allow":["GET"]}}],"collection":[{"href":"https:\/\/k-level.com\/vi\/wp-json\/wp\/v2\/product"}],"about":[{"href":"https:\/\/k-level.com\/vi\/wp-json\/wp\/v2\/types\/product"}],"replies":[{"embeddable":true,"href":"https:\/\/k-level.com\/vi\/wp-json\/wp\/v2\/comments?post=13805"}],"version-history":[{"count":2,"href":"https:\/\/k-level.com\/vi\/wp-json\/wp\/v2\/product\/13805\/revisions"}],"predecessor-version":[{"id":13811,"href":"https:\/\/k-level.com\/vi\/wp-json\/wp\/v2\/product\/13805\/revisions\/13811"}],"wp:featuredmedia":[{"embeddable":true,"href":"https:\/\/k-level.com\/vi\/wp-json\/wp\/v2\/media\/13806"}],"wp:attachment":[{"href":"https:\/\/k-level.com\/vi\/wp-json\/wp\/v2\/media?parent=13805"}],"wp:term":[{"taxonomy":"product_brand","embeddable":true,"href":"https:\/\/k-level.com\/vi\/wp-json\/wp\/v2\/product_brand?post=13805"},{"taxonomy":"product_cat","embeddable":true,"href":"https:\/\/k-level.com\/vi\/wp-json\/wp\/v2\/product_cat?post=13805"},{"taxonomy":"product_tag","embeddable":true,"href":"https:\/\/k-level.com\/vi\/wp-json\/wp\/v2\/product_tag?post=13805"}],"curies":[{"name":"wp","href":"https:\/\/api.w.org\/{rel}","templated":true}]}}