{"id":13796,"date":"2025-07-16T14:40:47","date_gmt":"2025-07-16T06:40:47","guid":{"rendered":"https:\/\/k-level.com\/?post_type=product&#038;p=13796"},"modified":"2025-07-16T14:43:26","modified_gmt":"2025-07-16T06:43:26","slug":"gia-do-laser-quay-rlb01a","status":"publish","type":"product","link":"https:\/\/k-level.com\/vi\/san-pham\/gia-do-laser-quay-rlb01a\/","title":{"rendered":"Gi\u00e1 \u0111\u1ee1 laser quay RLB01A"},"content":{"rendered":"<p><strong>T\u1ed5ng quan v\u1ec1 gi\u00e1 \u0111\u1ee1 laser quay RLB01A<\/strong><\/p>\n<p>M\u1ed9t trong nh\u1eefng s\u1ea3n ph\u1ea9m n\u1ed5i b\u1eadt c\u1ee7a ch\u00fang t\u00f4i trong d\u00f2ng ph\u1ee5 ki\u1ec7n laser l\u00e0 Gi\u00e1 \u0111\u1ee1 Laser Xoay RLB01A, \u0111\u01b0\u1ee3c thi\u1ebft k\u1ebf d\u00e0nh ri\u00eang cho nh\u1eefng ng\u01b0\u1eddi \u0111\u00f2i h\u1ecfi \u0111\u1ed9 ch\u00ednh x\u00e1c v\u00e0 \u0111\u1ed9 b\u1ec1n trong m\u1ecdi c\u00f4ng vi\u1ec7c. L\u00e0 m\u1ed9t ph\u1ea7n c\u1ee7a d\u00f2ng Gi\u00e1 \u0111\u1ee1 Treo T\u01b0\u1eddng T\u1ed1i \u01b0u, <a href=\"https:\/\/k-level.com\/vi\/ve-chung-toi\/\">Gi\u00e1 \u0111\u1ee1 laser quay RLB01A<\/a> mang \u0111\u1ebfn thi\u1ebft k\u1ebf ch\u1eafc ch\u1eafn, ho\u00e0n to\u00e0n b\u1eb1ng kim lo\u1ea1i, \u0111\u1ea3m b\u1ea3o hi\u1ec7u su\u1ea5t l\u00e2u d\u00e0i trong m\u00f4i tr\u01b0\u1eddng l\u00e0m vi\u1ec7c kh\u1eafc nghi\u1ec7t.<\/p>\n<p>C\u00e1c <a href=\"https:\/\/k-level.com\/vi\/ve-chung-toi\/\">Gi\u00e1 \u0111\u1ee1 laser quay RLB01A<\/a> \u0111\u01b0\u1ee3c thi\u1ebft k\u1ebf \u0111\u1ec3 mang l\u1ea1i \u0111\u1ed9 \u1ed5n \u0111\u1ecbnh v\u01b0\u1ee3t tr\u1ed9i khi g\u1eafn t\u01b0\u1eddng cho m\u00e1y laser xoay trong c\u00e1c \u1ee9ng d\u1ee5ng trong nh\u00e0 v\u00e0 ngo\u00e0i tr\u1eddi. S\u1ea3n ph\u1ea9m c\u00f3 ch\u1ee9c n\u0103ng \u0111i\u1ec1u ch\u1ec9nh vi m\u00f4 ch\u00ednh x\u00e1c, cho ph\u00e9p ng\u01b0\u1eddi d\u00f9ng tinh ch\u1ec9nh h\u01b0\u1edbng c\u1ee7a m\u1eb7t ph\u1eb3ng th\u1eb3ng \u0111\u1ee9ng m\u1ed9t c\u00e1ch d\u1ec5 d\u00e0ng. \u0110i\u1ec1u n\u00e0y \u0111\u1eb7c bi\u1ec7t h\u1eefu \u00edch cho vi\u1ec7c c\u0103n ch\u1ec9nh m\u00e1y c\u00e2n b\u1eb1ng laser trong l\u1eafp \u0111\u1eb7t tr\u1ea7n nh\u00e0, v\u00e1ch ng\u0103n t\u01b0\u1eddng v\u00e0 c\u00e1c c\u00f4ng vi\u1ec7c \u0111\u00f2i h\u1ecfi \u0111\u1ed9 ch\u00ednh x\u00e1c cao kh\u00e1c.<\/p>\n<p><img fetchpriority=\"high\" decoding=\"async\" class=\"size-medium wp-image-13801 aligncenter\" src=\"https:\/\/k-level.com\/wp-content\/uploads\/2025\/07\/RLB01A5-300x300.jpg\" alt=\"Gi\u00e1 \u0111\u1ee1 laser quay RLB01A\" width=\"300\" height=\"300\" srcset=\"https:\/\/k-level.com\/wp-content\/uploads\/2025\/07\/RLB01A5-300x300.jpg 300w, https:\/\/k-level.com\/wp-content\/uploads\/2025\/07\/RLB01A5-150x150.jpg 150w, https:\/\/k-level.com\/wp-content\/uploads\/2025\/07\/RLB01A5-768x768.jpg 768w, https:\/\/k-level.com\/wp-content\/uploads\/2025\/07\/RLB01A5-12x12.jpg 12w, https:\/\/k-level.com\/wp-content\/uploads\/2025\/07\/RLB01A5-370x370.jpg 370w, https:\/\/k-level.com\/wp-content\/uploads\/2025\/07\/RLB01A5-400x400.jpg 400w, https:\/\/k-level.com\/wp-content\/uploads\/2025\/07\/RLB01A5-100x100.jpg 100w, https:\/\/k-level.com\/wp-content\/uploads\/2025\/07\/RLB01A5-50x50.jpg 50w, https:\/\/k-level.com\/wp-content\/uploads\/2025\/07\/RLB01A5.jpg 800w\" sizes=\"(max-width: 300px) 100vw, 300px\" \/><\/p>\n<p>L\u00e0 m\u1ed9t ph\u1ea7n c\u1ee7a d\u00f2ng s\u1ea3n ph\u1ea9m Gi\u00e1 \u0111\u1ee1 treo t\u01b0\u1eddng t\u1ed1i \u01b0u, RLB01A t\u01b0\u01a1ng th\u00edch v\u1edbi h\u1ea7u h\u1ebft c\u00e1c m\u00e1y c\u00e2n b\u1eb1ng laser xoay ti\u00eau chu\u1ea9n. K\u1ebft c\u1ea5u kim lo\u1ea1i b\u1ec1n b\u1ec9 c\u1ee7a gi\u00e1 \u0111\u1ee1 gi\u00fap ch\u1ed1ng m\u00e0i m\u00f2n v\u00e0 h\u01b0 h\u1ecfng, bi\u1ebfn n\u00f3 th\u00e0nh m\u1ed9t kho\u1ea3n \u0111\u1ea7u t\u01b0 d\u00e0i h\u1ea1n cho c\u00e1c chuy\u00ean gia x\u00e2y d\u1ef1ng v\u00e0 nh\u00e0 th\u1ea7u. Thi\u1ebft k\u1ebf tr\u1ef1c quan bao g\u1ed3m c\u01a1 ch\u1ebf l\u1eafp \u0111\u1eb7t v\u00e0 kh\u00f3a \u0111\u01a1n gi\u1ea3n gi\u00fap gi\u1ea3m th\u1eddi gian l\u1eafp \u0111\u1eb7t v\u00e0 t\u0103ng hi\u1ec7u qu\u1ea3 t\u1ea1i c\u00f4ng tr\u01b0\u1eddng.<\/p>\n<p>C\u1ea7n gi\u1ea3i ph\u00e1p?<\/p>\n<p><a href=\"https:\/\/k-level.com\/vi\/\">C\u1ea5p \u0111\u1ed9 K<\/a>\u00a0cung c\u1ea5p D\u1ecbch v\u1ee5 T\u01b0 v\u1ea5n Thi\u1ebft b\u1ecb Kh\u1ea3o s\u00e1t. Li\u00ean h\u1ec7 v\u1edbi ch\u00fang t\u00f4i \u0111\u1ec3 \u0111\u1eb7t h\u00e0ng s\u1ed1 l\u01b0\u1ee3ng l\u1edbn ho\u1eb7c \u0111\u01b0\u1ee3c h\u1ed7 tr\u1ee3 k\u1ef9 thu\u1eadt!<\/p>","protected":false},"excerpt":{"rendered":"<ul>\n<li>Ch\u1ecdn Gi\u00e1 \u0111\u1ee1 Laser Xoay RLB01A v\u00e0 tr\u1ea3i nghi\u1ec7m<\/li>\n<li>H\u1ed7 tr\u1ee3 chuy\u00ean nghi\u1ec7p \u0111\u01b0\u1ee3c c\u00e1c chuy\u00ean gia tr\u00ean to\u00e0n th\u1ebf gi\u1edbi tin c\u1eady.<\/li>\n<\/ul>\n<p><img decoding=\"async\" class=\"alignnone size-medium wp-image-13646\" src=\"https:\/\/k-level.com\/wp-content\/uploads\/2025\/05\/logo-300x98.png\" alt=\"\" width=\"300\" height=\"98\" srcset=\"https:\/\/k-level.com\/wp-content\/uploads\/2025\/05\/logo-300x98.png 300w, https:\/\/k-level.com\/wp-content\/uploads\/2025\/05\/logo-18x6.png 18w, https:\/\/k-level.com\/wp-content\/uploads\/2025\/05\/logo.png 307w\" sizes=\"(max-width: 300px) 100vw, 300px\" \/><\/p>","protected":false},"featured_media":13797,"comment_status":"open","ping_status":"closed","template":"","meta":[],"product_brand":[],"product_cat":[261],"product_tag":[238],"class_list":{"0":"post-13796","1":"product","2":"type-product","3":"status-publish","4":"has-post-thumbnail","6":"product_cat-rotary-laser-bracket","7":"product_tag-carpentry-and-furniture","9":"first","10":"instock","11":"shipping-taxable","12":"product-type-simple"},"_links":{"self":[{"href":"https:\/\/k-level.com\/vi\/wp-json\/wp\/v2\/product\/13796","targetHints":{"allow":["GET"]}}],"collection":[{"href":"https:\/\/k-level.com\/vi\/wp-json\/wp\/v2\/product"}],"about":[{"href":"https:\/\/k-level.com\/vi\/wp-json\/wp\/v2\/types\/product"}],"replies":[{"embeddable":true,"href":"https:\/\/k-level.com\/vi\/wp-json\/wp\/v2\/comments?post=13796"}],"version-history":[{"count":3,"href":"https:\/\/k-level.com\/vi\/wp-json\/wp\/v2\/product\/13796\/revisions"}],"predecessor-version":[{"id":13804,"href":"https:\/\/k-level.com\/vi\/wp-json\/wp\/v2\/product\/13796\/revisions\/13804"}],"wp:featuredmedia":[{"embeddable":true,"href":"https:\/\/k-level.com\/vi\/wp-json\/wp\/v2\/media\/13797"}],"wp:attachment":[{"href":"https:\/\/k-level.com\/vi\/wp-json\/wp\/v2\/media?parent=13796"}],"wp:term":[{"taxonomy":"product_brand","embeddable":true,"href":"https:\/\/k-level.com\/vi\/wp-json\/wp\/v2\/product_brand?post=13796"},{"taxonomy":"product_cat","embeddable":true,"href":"https:\/\/k-level.com\/vi\/wp-json\/wp\/v2\/product_cat?post=13796"},{"taxonomy":"product_tag","embeddable":true,"href":"https:\/\/k-level.com\/vi\/wp-json\/wp\/v2\/product_tag?post=13796"}],"curies":[{"name":"wp","href":"https:\/\/api.w.org\/{rel}","templated":true}]}}