{"id":13597,"date":"2025-07-01T14:55:06","date_gmt":"2025-07-01T06:55:06","guid":{"rendered":"https:\/\/k-level.com\/?post_type=product&#038;p=13597"},"modified":"2025-07-15T17:28:17","modified_gmt":"2025-07-15T09:28:17","slug":"gia-do-laser-dong-llb24a-24ab","status":"publish","type":"product","link":"https:\/\/k-level.com\/vi\/san-pham\/gia-do-laser-dong-llb24a-24ab\/","title":{"rendered":"Gi\u00e1 \u0111\u1ee1 laser d\u00f2ng LLB24A\/24AB"},"content":{"rendered":"<p>Gi\u00e1 \u0111\u1ee1 m\u00e1y c\u00e2n b\u1eb1ng laser LLB24A\/24AB l\u00e0 ph\u1ee5 ki\u1ec7n ho\u00e0n h\u1ea3o \u0111\u01b0\u1ee3c thi\u1ebft k\u1ebf cho m\u1ecdi lo\u1ea1i m\u00e1y c\u00e2n b\u1eb1ng laser. Giao di\u1ec7n ren 1\/4\u2033 c\u1ee7a gi\u00e1 \u0111\u1ee1 t\u01b0\u01a1ng th\u00edch v\u1edbi t\u1ea5t c\u1ea3 c\u00e1c th\u01b0\u01a1ng hi\u1ec7u thi\u1ebft b\u1ecb laser v\u00e0 ph\u00f9 h\u1ee3p v\u1edbi m\u1ecdi c\u00f4ng tr\u01b0\u1eddng, \u0111\u1ea3m b\u1ea3o ph\u00e9p \u0111o \u1ed5n \u0111\u1ecbnh v\u00e0 ch\u00ednh x\u00e1c. D\u00f9 l\u00e0 tr\u00ean c\u00f4ng tr\u01b0\u1eddng x\u00e2y d\u1ef1ng hay c\u1ea3i t\u1ea1o nh\u00e0 c\u1eeda, gi\u00e1 \u0111\u1ee1 n\u00e0y \u0111\u1ec1u c\u00f3 th\u1ec3 h\u1ed7 tr\u1ee3 tuy\u1ec7t v\u1eddi.<\/p>\n<p>Gi\u00e1 \u0111\u1ee1 tia laser LLB24A\/24AB n\u00e0y c\u00f3 nam ch\u00e2m m\u1ea1nh v\u00e0 c\u00f3 th\u1ec3 d\u1ec5 d\u00e0ng g\u1eafn v\u00e0o khung kim lo\u1ea1i.<\/p>\n<p>Gi\u00e1 treo t\u01b0\u1eddng cho m\u00e1y c\u00e2n b\u1eb1ng laser \u0111a h\u01b0\u1edbng l\u00e0 m\u1ed9t t\u00ednh n\u0103ng ch\u00ednh c\u1ee7a<a href=\"https:\/\/k-level.com\/vi\/cua-hang\/\"> Gi\u00e1 \u0111\u1ee1 LLB24A\/24AB<\/a>Thi\u1ebft k\u1ebf \u0111\u1ed9c \u0111\u00e1o cho ph\u00e9p l\u1eafp \u0111\u1eb7t d\u1ec5 d\u00e0ng tr\u00ean nhi\u1ec1u b\u1ec1 m\u1eb7t t\u01b0\u1eddng kh\u00e1c nhau, t\u1ea1o n\u00ean m\u1ed9t b\u1ec7 \u0111\u1ee1 \u1ed5n \u0111\u1ecbnh cho m\u00e1y c\u00e2n b\u1eb1ng laser c\u1ee7a b\u1ea1n. B\u1eb1ng c\u00e1ch l\u1eafp \u0111\u1eb7t laser ch\u1eafc ch\u1eafn, gi\u00e1 \u0111\u1ee1 \u0111\u1ea3m b\u1ea3o c\u00e1c ph\u00e9p \u0111o c\u1ee7a b\u1ea1n ch\u00ednh x\u00e1c v\u00e0 nh\u1ea5t qu\u00e1n, gi\u1ea3m thi\u1ec3u r\u1ee7i ro sai s\u00f3t trong m\u1ecdi d\u1ef1 \u00e1n. Cho d\u00f9 b\u1ea1n \u0111ang l\u00e0m vi\u1ec7c t\u1ea1i c\u00f4ng tr\u01b0\u1eddng x\u00e2y d\u1ef1ng, c\u1ea3i t\u1ea1o nh\u00e0 c\u1eeda hay c\u00e1c c\u00f4ng tr\u00ecnh ngh\u1ec7 thu\u1eadt, gi\u00e1 treo t\u01b0\u1eddng n\u00e0y s\u1ebd gi\u00fap \u0111\u01a1n gi\u1ea3n h\u00f3a quy tr\u00ecnh l\u00e0m vi\u1ec7c c\u1ee7a b\u1ea1n.<\/p>\n<p>M\u1ed9t trong nh\u1eefng \u01b0u \u0111i\u1ec3m n\u1ed5i b\u1eadt c\u1ee7a LLB24A\/24AB l\u00e0 kh\u1ea3 n\u0103ng \u0111a h\u01b0\u1edbng c\u1ee7a n\u00f3. <a href=\"https:\/\/k-level.com\/vi\/cua-hang\/\">Gi\u00e1 treo t\u01b0\u1eddng cho m\u00e1y c\u00e2n b\u1eb1ng laser \u0111a h\u01b0\u1edbng<\/a> cho ph\u00e9p ng\u01b0\u1eddi d\u00f9ng chi\u1ebfu c\u00e1c \u0111\u01b0\u1eddng laser theo nhi\u1ec1u h\u01b0\u1edbng, mang l\u1ea1i t\u00ednh linh ho\u1ea1t \u0111\u00e1ng kinh ng\u1ea1c. T\u00ednh n\u0103ng n\u00e0y l\u00fd t\u01b0\u1edfng cho c\u00e1c c\u00f4ng vi\u1ec7c \u0111\u00f2i h\u1ecfi s\u1ef1 c\u0103n ch\u1ec9nh ch\u00ednh x\u00e1c, ch\u1eb3ng h\u1ea1n nh\u01b0 treo k\u1ec7, c\u0103n ch\u1ec9nh g\u1ea1ch ho\u1eb7c c\u00e2n b\u1eb1ng t\u1ee7.<\/p>\n<p><img fetchpriority=\"high\" decoding=\"async\" class=\"aligncenter wp-image-13600 size-medium\" src=\"https:\/\/k-level.com\/wp-content\/uploads\/2025\/07\/06-300x300.jpg\" alt=\"Gi\u00e1 treo t\u01b0\u1eddng cho m\u00e1y c\u00e2n b\u1eb1ng laser \u0111a h\u01b0\u1edbng\" width=\"300\" height=\"300\" srcset=\"https:\/\/k-level.com\/wp-content\/uploads\/2025\/07\/06-300x300.jpg 300w, https:\/\/k-level.com\/wp-content\/uploads\/2025\/07\/06-150x150.jpg 150w, https:\/\/k-level.com\/wp-content\/uploads\/2025\/07\/06-768x768.jpg 768w, https:\/\/k-level.com\/wp-content\/uploads\/2025\/07\/06-12x12.jpg 12w, https:\/\/k-level.com\/wp-content\/uploads\/2025\/07\/06-370x370.jpg 370w, https:\/\/k-level.com\/wp-content\/uploads\/2025\/07\/06-400x400.jpg 400w, https:\/\/k-level.com\/wp-content\/uploads\/2025\/07\/06-100x100.jpg 100w, https:\/\/k-level.com\/wp-content\/uploads\/2025\/07\/06-50x50.jpg 50w, https:\/\/k-level.com\/wp-content\/uploads\/2025\/07\/06.jpg 800w\" sizes=\"(max-width: 300px) 100vw, 300px\" \/><br \/>\nGi\u00e1 \u0111\u1ee1 Laser Line LLB24A\/24AB c\u0169ng c\u00f3 th\u1ec3 \u0111\u01b0\u1ee3c g\u1eafn v\u00e0o t\u01b0\u1eddng th\u1ea1ch cao th\u00f4ng qua l\u1ed7 tr\u00ean c\u00f9ng ho\u1eb7c s\u1eed d\u1ee5ng v\u1edbi c\u1ed9t thu g\u1ecdn chuy\u00ean d\u1ee5ng. H\u1ec7 th\u1ed1ng \u0111i\u1ec1u ch\u1ec9nh \u0111\u1ed9 cao tinh ch\u1ec9nh cho ph\u00e9p b\u1ea1n c\u0103n ch\u1ec9nh \u0111\u01b0\u1eddng laser nhanh ch\u00f3ng v\u00e0 ch\u00ednh x\u00e1c, \u0111\u1ed3ng th\u1eddi c\u1ea3i thi\u1ec7n hi\u1ec7u qu\u1ea3 c\u00f4ng vi\u1ec7c.<\/p>\n<p>Gi\u00e1 \u0111\u1ee1 laser LLB24 Line c\u00f3 hai m\u1eabu kh\u00e1c nhau, c\u1ee5 th\u1ec3 l\u00e0 gi\u00e1 \u0111\u1ee1 laser LLB24A v\u00e0 gi\u00e1 \u0111\u1ee1 laser LLB24AB. Gi\u00e1 \u0111\u1ee1 laser LLB24AB c\u00f3 gi\u00e1 \u0111\u1ee1 \u1edf m\u1eb7t sau.<\/p>\n<p>C\u1ea7n gi\u1ea3i ph\u00e1p?<br \/>\nK-level cung c\u1ea5p d\u1ecbch v\u1ee5 t\u01b0 v\u1ea5n thi\u1ebft b\u1ecb tr\u1eafc \u0111\u1ecba. Li\u00ean h\u1ec7 v\u1edbi ch\u00fang t\u00f4i \u0111\u1ec3 \u0111\u1eb7t h\u00e0ng s\u1ed1 l\u01b0\u1ee3ng l\u1edbn ho\u1eb7c \u0111\u01b0\u1ee3c h\u1ed7 tr\u1ee3 k\u1ef9 thu\u1eadt!<\/p>","protected":false},"excerpt":{"rendered":"<ul>\n<li>Gi\u00e1 \u0111\u1ee1 laser d\u00f2ng LLB24A\/24AB l\u00e0 s\u1ef1 l\u1ef1a ch\u1ecdn l\u00fd t\u01b0\u1edfng \u0111\u1ec3 \u0111o l\u01b0\u1eddng<\/li>\n<li>x\u00e2y d\u1ef1ng v\u1edbi ch\u1ee9c n\u0103ng m\u1ea1nh m\u1ebd v\u00e0 thi\u1ebft k\u1ebf ti\u1ec7n l\u1ee3i.<\/li>\n<li>Cho d\u00f9 b\u1ea1n \u0111ang t\u00ecm ki\u1ebfm m\u1ed9t c\u00f4ng c\u1ee5 c\u0103n ch\u1ec9nh laser ch\u00ednh x\u00e1c hay c\u1ea7n m\u1ed9t gi\u00e1 \u0111\u1ee1 di \u0111\u1ed9ng.<\/li>\n<\/ul>\n<p><img decoding=\"async\" class=\"alignnone size-medium wp-image-13646\" src=\"https:\/\/k-level.com\/wp-content\/uploads\/2025\/05\/logo-300x98.png\" alt=\"\" width=\"300\" height=\"98\" srcset=\"https:\/\/k-level.com\/wp-content\/uploads\/2025\/05\/logo-300x98.png 300w, https:\/\/k-level.com\/wp-content\/uploads\/2025\/05\/logo-18x6.png 18w, https:\/\/k-level.com\/wp-content\/uploads\/2025\/05\/logo.png 307w\" sizes=\"(max-width: 300px) 100vw, 300px\" \/><\/p>","protected":false},"featured_media":13598,"comment_status":"open","ping_status":"closed","template":"","meta":[],"product_brand":[],"product_cat":[260],"product_tag":[238],"class_list":{"0":"post-13597","1":"product","2":"type-product","3":"status-publish","4":"has-post-thumbnail","6":"product_cat-line-laser-bracket","7":"product_tag-carpentry-and-furniture","9":"first","10":"instock","11":"shipping-taxable","12":"product-type-simple"},"_links":{"self":[{"href":"https:\/\/k-level.com\/vi\/wp-json\/wp\/v2\/product\/13597","targetHints":{"allow":["GET"]}}],"collection":[{"href":"https:\/\/k-level.com\/vi\/wp-json\/wp\/v2\/product"}],"about":[{"href":"https:\/\/k-level.com\/vi\/wp-json\/wp\/v2\/types\/product"}],"replies":[{"embeddable":true,"href":"https:\/\/k-level.com\/vi\/wp-json\/wp\/v2\/comments?post=13597"}],"version-history":[{"count":5,"href":"https:\/\/k-level.com\/vi\/wp-json\/wp\/v2\/product\/13597\/revisions"}],"predecessor-version":[{"id":13792,"href":"https:\/\/k-level.com\/vi\/wp-json\/wp\/v2\/product\/13597\/revisions\/13792"}],"wp:featuredmedia":[{"embeddable":true,"href":"https:\/\/k-level.com\/vi\/wp-json\/wp\/v2\/media\/13598"}],"wp:attachment":[{"href":"https:\/\/k-level.com\/vi\/wp-json\/wp\/v2\/media?parent=13597"}],"wp:term":[{"taxonomy":"product_brand","embeddable":true,"href":"https:\/\/k-level.com\/vi\/wp-json\/wp\/v2\/product_brand?post=13597"},{"taxonomy":"product_cat","embeddable":true,"href":"https:\/\/k-level.com\/vi\/wp-json\/wp\/v2\/product_cat?post=13597"},{"taxonomy":"product_tag","embeddable":true,"href":"https:\/\/k-level.com\/vi\/wp-json\/wp\/v2\/product_tag?post=13597"}],"curies":[{"name":"wp","href":"https:\/\/api.w.org\/{rel}","templated":true}]}}