{"id":13574,"date":"2025-06-30T17:09:18","date_gmt":"2025-06-30T09:09:18","guid":{"rendered":"https:\/\/k-level.com\/?post_type=product&#038;p=13574"},"modified":"2025-07-15T16:27:03","modified_gmt":"2025-07-15T08:27:03","slug":"gia-do-laser-dong-llb18a","status":"publish","type":"product","link":"https:\/\/k-level.com\/vi\/san-pham\/gia-do-laser-dong-llb18a\/","title":{"rendered":"Gi\u00e1 \u0111\u1ee1 laser d\u00f2ng LLB18A"},"content":{"rendered":"<p>Gi\u00e1 \u0111\u1ee1 tia laser LLB18A l\u00e0 m\u1ed9t c\u00f4ng c\u1ee5 \u0111\u00e1ng tin c\u1eady v\u00e0 \u0111a n\u0103ng \u0111\u01b0\u1ee3c thi\u1ebft k\u1ebf cho c\u00e1c \u1ee9ng d\u1ee5ng laser, c\u00f3 \u0111\u1ebf t\u1eeb t\u00ednh v\u00e0 ren 1\/4\u2033-20 \u0111\u1ec3 d\u1ec5 d\u00e0ng g\u1eafn v\u00e0o.<\/p>\n<p>Thi\u1ebft k\u1ebf nh\u1eb9 nh\u01b0ng b\u1ec1n v\u00e0 c\u00f3 th\u1ec3 \u0111i\u1ec1u ch\u1ec9nh gi\u00fap s\u1ea3n ph\u1ea9m ho\u00e0n h\u1ea3o \u0111\u1ec3 \u0111\u1ea1t \u0111\u01b0\u1ee3c c\u00e1c ph\u00e9p \u0111o ch\u00ednh x\u00e1c.<\/p>\n<p>Gi\u00e1 \u0111\u1ee1 tia laser LLB18A, m\u1ed9t c\u00f4ng c\u1ee5 thi\u1ebft y\u1ebfu \u0111\u01b0\u1ee3c thi\u1ebft k\u1ebf cho c\u00e1c chuy\u00ean gia t\u00ecm ki\u1ebfm s\u1ef1 tin c\u1eady v\u00e0 <a href=\"https:\/\/k-level.com\/vi\/ve-chung-toi\/\">Gi\u00e1 \u0111\u1ee1 m\u00e1y c\u00e2n b\u1eb1ng laser th\u1ef1c t\u1ebf<\/a> gi\u1ea3i ph\u00e1p.<\/p>\n<p>Gi\u00e1 \u0111\u1ee1 c\u00e2n b\u1eb1ng laser th\u1ef1c t\u1ebf c\u1ee7a ch\u00fang t\u00f4i n\u1ed5i b\u1eadt v\u1edbi c\u1ea5u tr\u00fac nh\u00f4m ch\u1eafc ch\u1eafn, \u0111\u1ea3m b\u1ea3o hi\u1ec7u su\u1ea5t l\u00e2u d\u00e0i ngay c\u1ea3 trong m\u00f4i tr\u01b0\u1eddng l\u00e0m vi\u1ec7c kh\u1eafc nghi\u1ec7t. LLB18A c\u00f3 c\u01a1 ch\u1ebf th\u00e1o l\u1eafp nhanh v\u00e0 kh\u1ea3 n\u0103ng xoay 360\u00b0, cho ph\u00e9p \u0111i\u1ec1u ch\u1ec9nh d\u1ec5 d\u00e0ng v\u00e0 \u0111\u1ecbnh v\u1ecb t\u1ed1i \u01b0u m\u00e1y c\u00e2n b\u1eb1ng laser c\u1ee7a b\u1ea1n. L\u00e0 m\u1ed9t gi\u00e1 \u0111\u1ee1 c\u00e2n b\u1eb1ng laser th\u1ef1c t\u1ebf, s\u1ea3n ph\u1ea9m t\u01b0\u01a1ng th\u00edch ph\u1ed5 bi\u1ebfn v\u1edbi h\u1ea7u h\u1ebft c\u00e1c th\u01b0\u01a1ng hi\u1ec7u laser ch\u00ednh, lo\u1ea1i b\u1ecf nhu c\u1ea7u l\u1eafp \u0111\u1eb7t nhi\u1ec1u gi\u1ea3i ph\u00e1p.<\/p>\n<p>Thi\u1ebft k\u1ebf th\u00f4ng minh c\u1ee7a LLB18A t\u00edch h\u1ee3p nhi\u1ec1u t\u00f9y ch\u1ecdn l\u1eafp \u0111\u1eb7t, bao g\u1ed3m kh\u1ea3 n\u0103ng t\u01b0\u01a1ng th\u00edch v\u1edbi ch\u00e2n m\u00e1y v\u00e0 t\u00ednh linh ho\u1ea1t khi g\u1eafn t\u01b0\u1eddng, gi\u00fap Gi\u00e1 \u0111\u1ee1 c\u00e2n b\u1eb1ng laser ti\u1ec7n d\u1ee5ng n\u00e0y ph\u00f9 h\u1ee3p v\u1edbi nhi\u1ec1u y\u00eau c\u1ea7u c\u00f4ng vi\u1ec7c kh\u00e1c nhau. Thi\u1ebft k\u1ebf nh\u1ecf g\u1ecdn nh\u01b0ng ch\u1eafc ch\u1eafn \u0111\u1ea3m b\u1ea3o s\u1ef1 \u1ed5n \u0111\u1ecbnh khi v\u1eadn h\u00e0nh, \u0111\u1ed3ng th\u1eddi v\u1eabn nh\u1eb9 \u0111\u1ec3 d\u1ec5 d\u00e0ng v\u1eadn chuy\u1ec3n.<\/p>\n<p>V\u1edbi LLB18A <a href=\"https:\/\/k-level.com\/vi\/ve-chung-toi\/\">Gi\u00e1 \u0111\u1ee1 m\u00e1y c\u00e2n b\u1eb1ng laser th\u1ef1c t\u1ebf<\/a>, c\u00e1c chuy\u00ean gia c\u00f3 \u0111\u01b0\u1ee3c m\u1ed9t c\u00f4ng c\u1ee5 \u0111\u00e1ng tin c\u1eady gi\u00fap t\u0103ng c\u01b0\u1eddng \u0111\u1ed9 ch\u00ednh x\u00e1c c\u1ee7a ph\u00e9p \u0111o \u0111\u1ed3ng th\u1eddi ti\u1ebft ki\u1ec7m th\u1eddi gian qu\u00fd b\u00e1u cho vi\u1ec7c thi\u1ebft l\u1eadp v\u00e0 \u0111i\u1ec1u ch\u1ec9nh.<\/p>\n<p><img fetchpriority=\"high\" decoding=\"async\" class=\"aligncenter wp-image-13576 size-medium\" src=\"https:\/\/k-level.com\/wp-content\/uploads\/2025\/06\/LLB18A2-300x300.jpg\" alt=\"Gi\u00e1 \u0111\u1ee1 m\u00e1y c\u00e2n b\u1eb1ng laser th\u1ef1c t\u1ebf\" width=\"300\" height=\"300\" srcset=\"https:\/\/k-level.com\/wp-content\/uploads\/2025\/06\/LLB18A2-300x300.jpg 300w, https:\/\/k-level.com\/wp-content\/uploads\/2025\/06\/LLB18A2-150x150.jpg 150w, https:\/\/k-level.com\/wp-content\/uploads\/2025\/06\/LLB18A2-768x768.jpg 768w, https:\/\/k-level.com\/wp-content\/uploads\/2025\/06\/LLB18A2-12x12.jpg 12w, https:\/\/k-level.com\/wp-content\/uploads\/2025\/06\/LLB18A2-370x370.jpg 370w, https:\/\/k-level.com\/wp-content\/uploads\/2025\/06\/LLB18A2-400x400.jpg 400w, https:\/\/k-level.com\/wp-content\/uploads\/2025\/06\/LLB18A2-100x100.jpg 100w, https:\/\/k-level.com\/wp-content\/uploads\/2025\/06\/LLB18A2-50x50.jpg 50w, https:\/\/k-level.com\/wp-content\/uploads\/2025\/06\/LLB18A2.jpg 800w\" sizes=\"(max-width: 300px) 100vw, 300px\" \/><br \/>\nGi\u00e1 \u0111\u1ee1 tia laser LLB18A gi\u00fap \u0111\u1ecbnh v\u1ecb ch\u00ednh x\u00e1c, \u0111\u1ea3m b\u1ea3o c\u0103n ch\u1ec9nh ch\u00ednh x\u00e1c trong m\u1ecdi d\u1ef1 \u00e1n laser.<\/p>\n<p>C\u1ea7n gi\u1ea3i ph\u00e1p?<br \/>\nK-level cung c\u1ea5p d\u1ecbch v\u1ee5 t\u01b0 v\u1ea5n thi\u1ebft b\u1ecb tr\u1eafc \u0111\u1ecba. Li\u00ean h\u1ec7 v\u1edbi ch\u00fang t\u00f4i \u0111\u1ec3 \u0111\u1eb7t h\u00e0ng s\u1ed1 l\u01b0\u1ee3ng l\u1edbn ho\u1eb7c \u0111\u01b0\u1ee3c h\u1ed7 tr\u1ee3 k\u1ef9 thu\u1eadt!<\/p>","protected":false},"excerpt":{"rendered":"<ul>\n<li>Gi\u00e1 \u0111\u1ee1 tia laser LLB18A L\u00fd t\u01b0\u1edfng cho c\u00e1c chuy\u00ean gia trong l\u0129nh v\u1ef1c x\u00e2y d\u1ef1ng v\u00e0 kh\u1ea3o s\u00e1t.<\/li>\n<li>l\u00e0m cho Gi\u00e1 \u0111\u1ee1 Laser D\u00f2ng LLB18A ph\u00f9 h\u1ee3p<\/li>\n<li>cho c\u1ea3 \u1ee9ng d\u1ee5ng trong nh\u00e0 v\u00e0 ngo\u00e0i tr\u1eddi.<\/li>\n<\/ul>\n<p><img decoding=\"async\" class=\"alignnone size-medium wp-image-13646\" src=\"https:\/\/k-level.com\/wp-content\/uploads\/2025\/05\/logo-300x98.png\" alt=\"\" width=\"300\" height=\"98\" srcset=\"https:\/\/k-level.com\/wp-content\/uploads\/2025\/05\/logo-300x98.png 300w, https:\/\/k-level.com\/wp-content\/uploads\/2025\/05\/logo-18x6.png 18w, https:\/\/k-level.com\/wp-content\/uploads\/2025\/05\/logo.png 307w\" sizes=\"(max-width: 300px) 100vw, 300px\" \/><\/p>\n<p>&nbsp;<\/p>","protected":false},"featured_media":13575,"comment_status":"open","ping_status":"closed","template":"","meta":[],"product_brand":[],"product_cat":[260],"product_tag":[238],"class_list":{"0":"post-13574","1":"product","2":"type-product","3":"status-publish","4":"has-post-thumbnail","6":"product_cat-line-laser-bracket","7":"product_tag-carpentry-and-furniture","9":"first","10":"instock","11":"shipping-taxable","12":"product-type-simple"},"_links":{"self":[{"href":"https:\/\/k-level.com\/vi\/wp-json\/wp\/v2\/product\/13574","targetHints":{"allow":["GET"]}}],"collection":[{"href":"https:\/\/k-level.com\/vi\/wp-json\/wp\/v2\/product"}],"about":[{"href":"https:\/\/k-level.com\/vi\/wp-json\/wp\/v2\/types\/product"}],"replies":[{"embeddable":true,"href":"https:\/\/k-level.com\/vi\/wp-json\/wp\/v2\/comments?post=13574"}],"version-history":[{"count":4,"href":"https:\/\/k-level.com\/vi\/wp-json\/wp\/v2\/product\/13574\/revisions"}],"predecessor-version":[{"id":13787,"href":"https:\/\/k-level.com\/vi\/wp-json\/wp\/v2\/product\/13574\/revisions\/13787"}],"wp:featuredmedia":[{"embeddable":true,"href":"https:\/\/k-level.com\/vi\/wp-json\/wp\/v2\/media\/13575"}],"wp:attachment":[{"href":"https:\/\/k-level.com\/vi\/wp-json\/wp\/v2\/media?parent=13574"}],"wp:term":[{"taxonomy":"product_brand","embeddable":true,"href":"https:\/\/k-level.com\/vi\/wp-json\/wp\/v2\/product_brand?post=13574"},{"taxonomy":"product_cat","embeddable":true,"href":"https:\/\/k-level.com\/vi\/wp-json\/wp\/v2\/product_cat?post=13574"},{"taxonomy":"product_tag","embeddable":true,"href":"https:\/\/k-level.com\/vi\/wp-json\/wp\/v2\/product_tag?post=13574"}],"curies":[{"name":"wp","href":"https:\/\/api.w.org\/{rel}","templated":true}]}}