{"id":13571,"date":"2025-06-30T16:55:31","date_gmt":"2025-06-30T08:55:31","guid":{"rendered":"https:\/\/k-level.com\/?post_type=product&#038;p=13571"},"modified":"2025-07-15T15:46:26","modified_gmt":"2025-07-15T07:46:26","slug":"gia-do-laser-dong-llb06","status":"publish","type":"product","link":"https:\/\/k-level.com\/vi\/san-pham\/gia-do-laser-dong-llb06\/","title":{"rendered":"Gi\u00e1 \u0111\u1ee1 laser d\u00f2ng LLB06"},"content":{"rendered":"<p>C\u00e1c <a href=\"https:\/\/k-level.com\/vi\/lien-he-voi-chung-toi\/\">Gi\u00e1 \u0111\u1ee1 laser d\u00f2ng LLB06<\/a> l\u00e0 gi\u1ea3i ph\u00e1p l\u1eafp \u0111\u1eb7t chuy\u00ean nghi\u1ec7p \u0111\u01b0\u1ee3c thi\u1ebft k\u1ebf \u0111\u1ec3 \u0111\u1ea3m b\u1ea3o \u0111\u1ed9 ch\u00ednh x\u00e1c v\u00e0 ti\u1ec7n l\u1ee3i. V\u1edbi nam ch\u00e2m m\u1ea1nh, g\u00f3c \u0111i\u1ec1u ch\u1ec9nh 0\u00b0-90\u00b0 v\u00e0 b\u1ed9 chuy\u1ec3n \u0111\u1ed5i k\u00e9p (1\/4\u2033-20 &amp; 5\/8\u2033-11), s\u1ea3n ph\u1ea9m \u0111\u1ea3m b\u1ea3o g\u1eafn k\u1ebft an to\u00e0n v\u00e0 linh ho\u1ea1t cho c\u00e1c tia laser \u0111\u01b0\u1eddng th\u1eb3ng trong x\u00e2y d\u1ef1ng, kh\u1ea3o s\u00e1t v\u00e0 c\u00e1c \u1ee9ng d\u1ee5ng c\u00f4ng nghi\u1ec7p.<\/p>\n<p><img fetchpriority=\"high\" decoding=\"async\" class=\"aligncenter wp-image-13572 size-medium\" src=\"https:\/\/k-level.com\/wp-content\/uploads\/2025\/06\/01-3-300x300.jpg\" alt=\"Gi\u00e1 \u0111\u1ee1 ch\u1eef L cho m\u00e1y c\u00e2n b\u1eb1ng laser t\u1eeb t\u00ednh\" width=\"300\" height=\"300\" srcset=\"https:\/\/k-level.com\/wp-content\/uploads\/2025\/06\/01-3-300x300.jpg 300w, https:\/\/k-level.com\/wp-content\/uploads\/2025\/06\/01-3-150x150.jpg 150w, https:\/\/k-level.com\/wp-content\/uploads\/2025\/06\/01-3-768x768.jpg 768w, https:\/\/k-level.com\/wp-content\/uploads\/2025\/06\/01-3-12x12.jpg 12w, https:\/\/k-level.com\/wp-content\/uploads\/2025\/06\/01-3-370x370.jpg 370w, https:\/\/k-level.com\/wp-content\/uploads\/2025\/06\/01-3-400x400.jpg 400w, https:\/\/k-level.com\/wp-content\/uploads\/2025\/06\/01-3-100x100.jpg 100w, https:\/\/k-level.com\/wp-content\/uploads\/2025\/06\/01-3-50x50.jpg 50w, https:\/\/k-level.com\/wp-content\/uploads\/2025\/06\/01-3.jpg 800w\" sizes=\"(max-width: 300px) 100vw, 300px\" \/><\/p>\n<p>Gi\u00e1 \u0111\u1ee1 tia laser LLB06 c\u00f3 thi\u1ebft k\u1ebf b\u1ec1n b\u1ec9 v\u00e0 d\u1ec5 l\u1eafp \u0111\u1eb7t, tr\u1edf th\u00e0nh c\u00f4ng c\u1ee5 thi\u1ebft y\u1ebfu cho c\u00e1c chuy\u00ean gia t\u00ecm ki\u1ebfm gi\u1ea3i ph\u00e1p \u0111\u1ecbnh v\u1ecb b\u1eb1ng tia laser \u0111\u00e1ng tin c\u1eady v\u00e0 hi\u1ec7u qu\u1ea3.<\/p>\n<p>Gi\u00e1 \u0111\u1ee1 Laser Line LLB06 l\u00e0 minh ch\u1ee9ng cho cam k\u1ebft c\u1ee7a ch\u00fang t\u00f4i v\u1ec1 ch\u1ea5t l\u01b0\u1ee3ng v\u00e0 s\u1ef1 \u0111\u1ed5i m\u1edbi. C\u00f4ng c\u1ee5 \u0111a n\u0103ng n\u00e0y \u0111\u01b0\u1ee3c thi\u1ebft k\u1ebf \u0111\u1ec3 n\u00e2ng cao ch\u1ee9c n\u0103ng c\u1ee7a m\u00e1y c\u00e2n b\u1eb1ng laser, mang l\u1ea1i \u0111\u1ed9 ch\u00ednh x\u00e1c v\u00e0 t\u00ednh linh ho\u1ea1t trong nhi\u1ec1u \u1ee9ng d\u1ee5ng kh\u00e1c nhau.<\/p>\n<p>C\u00e1c <a href=\"https:\/\/k-level.com\/vi\/lien-he-voi-chung-toi\/\">Gi\u00e1 \u0111\u1ee1 ch\u1eef L cho m\u00e1y c\u00e2n b\u1eb1ng laser t\u1eeb t\u00ednh<\/a> l\u00e0 ph\u1ee5 ki\u1ec7n thi\u1ebft y\u1ebfu cho b\u1ea5t k\u1ef3 chuy\u00ean gia ho\u1eb7c ng\u01b0\u1eddi \u0111am m\u00ea DIY n\u00e0o mu\u1ed1n \u0111\u1ea1t \u0111\u01b0\u1ee3c c\u00e1c ph\u00e9p \u0111o ch\u00ednh x\u00e1c. \u0110\u1ebf nam ch\u00e2m ch\u1eafc ch\u1eafn c\u1ee7a n\u00f3 g\u1eafn ch\u1eb7t v\u00e0o b\u1ec1 m\u1eb7t kim lo\u1ea1i, t\u1ea1o n\u00ean m\u1ed9t b\u1ec7 \u0111\u1ee1 \u1ed5n \u0111\u1ecbnh cho m\u00e1y c\u00e2n b\u1eb1ng laser c\u1ee7a b\u1ea1n, d\u00f9 b\u1ea1n \u0111ang l\u00e0m vi\u1ec7c t\u1ea1i c\u00f4ng tr\u01b0\u1eddng x\u00e2y d\u1ef1ng, c\u1ea3i t\u1ea1o nh\u00e0 c\u1eeda hay th\u1eadm ch\u00ed trong c\u00e1c t\u00e1c ph\u1ea9m ngh\u1ec7 thu\u1eadt. Gi\u00e1 \u0111\u1ee1 ch\u1eef L c\u00e2n b\u1eb1ng laser t\u1eeb t\u00ednh \u0111\u1ea3m b\u1ea3o m\u00e1y c\u00e2n b\u1eb1ng laser c\u1ee7a b\u1ea1n lu\u00f4n c\u1ed1 \u0111\u1ecbnh t\u1ea1i ch\u1ed7 trong khi b\u1ea1n t\u1eadp trung v\u00e0o c\u00e1c ph\u00e9p \u0111o, gi\u1ea3m thi\u1ec3u r\u1ee7i ro sai s\u00f3t v\u00e0 c\u1ea3i thi\u1ec7n hi\u1ec7u su\u1ea5t t\u1ed5ng th\u1ec3.<\/p>\n<p>M\u1ed9t trong nh\u1eefng t\u00ednh n\u0103ng n\u1ed5i b\u1eadt c\u1ee7a LLB06 l\u00e0 thi\u1ebft k\u1ebf c\u00f3 th\u1ec3 \u0111i\u1ec1u ch\u1ec9nh. Gi\u00e1 \u0111\u1ee1 ch\u1eef L c\u1ee7a m\u00e1y c\u00e2n b\u1eb1ng laser t\u1eeb t\u00ednh c\u00f3 th\u1ec3 d\u1ec5 d\u00e0ng \u0111\u1eb7t \u1edf nhi\u1ec1u g\u00f3c \u0111\u1ed9 kh\u00e1c nhau, cho ph\u00e9p b\u1ea1n chi\u1ebfu tia laser ch\u00ednh x\u00e1c \u0111\u1ebfn v\u1ecb tr\u00ed c\u1ea7n thi\u1ebft. T\u00ednh linh ho\u1ea1t n\u00e0y \u0111\u1eb7c bi\u1ec7t h\u1eefu \u00edch cho c\u00e1c c\u00f4ng vi\u1ec7c nh\u01b0 c\u0103n ch\u1ec9nh k\u1ec7, l\u1eafp \u0111\u1eb7t t\u1ee7 ho\u1eb7c \u0111\u00e1nh d\u1ea5u t\u01b0\u1eddng \u0111\u1ec3 s\u01a1n. V\u1edbi kh\u1ea3 n\u0103ng t\u00f9y ch\u1ec9nh g\u00f3c \u0111\u1ed9 v\u00e0 chi\u1ec1u cao, gi\u00e1 \u0111\u1ee1 n\u00e0y c\u00f3 th\u1ec3 \u0111i\u1ec1u ch\u1ec9nh theo nhu c\u1ea7u d\u1ef1 \u00e1n c\u1ee5 th\u1ec3 c\u1ee7a b\u1ea1n, bi\u1ebfn n\u00f3 th\u00e0nh m\u1ed9t c\u00f4ng c\u1ee5 kh\u00f4ng th\u1ec3 thi\u1ebfu trong kho v\u0169 kh\u00ed \u0111o l\u01b0\u1eddng c\u1ee7a b\u1ea1n.<\/p>\n<p>\u0110\u1ed9 b\u1ec1n l\u00e0 m\u1ed9t \u0111\u1eb7c \u0111i\u1ec3m n\u1ed5i b\u1eadt kh\u00e1c c\u1ee7a LLB06. \u0110\u01b0\u1ee3c ch\u1ebf t\u1ea1o t\u1eeb v\u1eadt li\u1ec7u ch\u1ea5t l\u01b0\u1ee3ng cao, <a href=\"https:\/\/k-level.com\/vi\/lien-he-voi-chung-toi\/\">Gi\u00e1 \u0111\u1ee1 ch\u1eef L cho m\u00e1y c\u00e2n b\u1eb1ng laser t\u1eeb t\u00ednh<\/a> \u0111\u01b0\u1ee3c ch\u1ebf t\u1ea1o \u0111\u1ec3 ch\u1ecbu \u0111\u01b0\u1ee3c s\u1ef1 kh\u1eafc nghi\u1ec7t c\u1ee7a vi\u1ec7c s\u1eed d\u1ee5ng h\u00e0ng ng\u00e0y.<\/p>\n<p>C\u1ea7n gi\u1ea3i ph\u00e1p?<br \/>\nK-level cung c\u1ea5p d\u1ecbch v\u1ee5 t\u01b0 v\u1ea5n thi\u1ebft b\u1ecb tr\u1eafc \u0111\u1ecba. Li\u00ean h\u1ec7 v\u1edbi ch\u00fang t\u00f4i \u0111\u1ec3 \u0111\u1eb7t h\u00e0ng s\u1ed1 l\u01b0\u1ee3ng l\u1edbn ho\u1eb7c \u0111\u01b0\u1ee3c h\u1ed7 tr\u1ee3 k\u1ef9 thu\u1eadt!<\/p>","protected":false},"excerpt":{"rendered":"<ul>\n<li>Gi\u00e1 \u0111\u1ee1 tia laser LLB06 gi\u00fap c\u0103n ch\u1ec9nh tia laser \u1ed5n \u0111\u1ecbnh trong nhi\u1ec1u m\u00f4i tr\u01b0\u1eddng l\u00e0m vi\u1ec7c kh\u00e1c nhau<\/li>\n<li>l\u00e0m cho Gi\u00e1 \u0111\u1ee1 Laser D\u00f2ng LLB06 tr\u1edf n\u00ean l\u00fd t\u01b0\u1edfng cho c\u00e1c chuy\u00ean gia<br \/>\nc\u1ea7n gi\u1ea3i ph\u00e1p l\u1eafp \u0111\u1eb7t laser hi\u1ec7u qu\u1ea3 v\u00e0 ch\u00ednh x\u00e1c.<\/li>\n<\/ul>\n<p><img decoding=\"async\" class=\"alignnone size-medium wp-image-13646\" src=\"https:\/\/k-level.com\/wp-content\/uploads\/2025\/05\/logo-300x98.png\" alt=\"\" width=\"300\" height=\"98\" srcset=\"https:\/\/k-level.com\/wp-content\/uploads\/2025\/05\/logo-300x98.png 300w, https:\/\/k-level.com\/wp-content\/uploads\/2025\/05\/logo-18x6.png 18w, https:\/\/k-level.com\/wp-content\/uploads\/2025\/05\/logo.png 307w\" sizes=\"(max-width: 300px) 100vw, 300px\" \/><\/p>","protected":false},"featured_media":13572,"comment_status":"open","ping_status":"closed","template":"","meta":[],"product_brand":[],"product_cat":[260],"product_tag":[238],"class_list":{"0":"post-13571","1":"product","2":"type-product","3":"status-publish","4":"has-post-thumbnail","6":"product_cat-line-laser-bracket","7":"product_tag-carpentry-and-furniture","9":"first","10":"instock","11":"shipping-taxable","12":"product-type-simple"},"_links":{"self":[{"href":"https:\/\/k-level.com\/vi\/wp-json\/wp\/v2\/product\/13571","targetHints":{"allow":["GET"]}}],"collection":[{"href":"https:\/\/k-level.com\/vi\/wp-json\/wp\/v2\/product"}],"about":[{"href":"https:\/\/k-level.com\/vi\/wp-json\/wp\/v2\/types\/product"}],"replies":[{"embeddable":true,"href":"https:\/\/k-level.com\/vi\/wp-json\/wp\/v2\/comments?post=13571"}],"version-history":[{"count":4,"href":"https:\/\/k-level.com\/vi\/wp-json\/wp\/v2\/product\/13571\/revisions"}],"predecessor-version":[{"id":13785,"href":"https:\/\/k-level.com\/vi\/wp-json\/wp\/v2\/product\/13571\/revisions\/13785"}],"wp:featuredmedia":[{"embeddable":true,"href":"https:\/\/k-level.com\/vi\/wp-json\/wp\/v2\/media\/13572"}],"wp:attachment":[{"href":"https:\/\/k-level.com\/vi\/wp-json\/wp\/v2\/media?parent=13571"}],"wp:term":[{"taxonomy":"product_brand","embeddable":true,"href":"https:\/\/k-level.com\/vi\/wp-json\/wp\/v2\/product_brand?post=13571"},{"taxonomy":"product_cat","embeddable":true,"href":"https:\/\/k-level.com\/vi\/wp-json\/wp\/v2\/product_cat?post=13571"},{"taxonomy":"product_tag","embeddable":true,"href":"https:\/\/k-level.com\/vi\/wp-json\/wp\/v2\/product_tag?post=13571"}],"curies":[{"name":"wp","href":"https:\/\/api.w.org\/{rel}","templated":true}]}}