{"id":13541,"date":"2025-06-25T17:29:16","date_gmt":"2025-06-25T09:29:16","guid":{"rendered":"https:\/\/k-level.com\/?post_type=product&#038;p=13541"},"modified":"2025-07-15T14:33:56","modified_gmt":"2025-07-15T06:33:56","slug":"tam-muc-tieu-laser-ltp02","status":"publish","type":"product","link":"https:\/\/k-level.com\/vi\/san-pham\/tam-muc-tieu-laser-ltp02\/","title":{"rendered":"T\u1ea5m bia ng\u1eafm laser LTP02"},"content":{"rendered":"<p>T\u1ea5m m\u1ee5c ti\u00eau laser LTP02 c\u1ee7a ch\u00fang t\u00f4i \u0111\u01b0\u1ee3c thi\u1ebft k\u1ebf \u0111\u1ec3 t\u0103ng c\u01b0\u1eddng \u0111\u1ed9 ch\u00ednh x\u00e1c trong c\u00e1c \u1ee9ng d\u1ee5ng c\u0103n ch\u1ec9nh v\u00e0 c\u00e2n b\u1eb1ng b\u1eb1ng laser.<br \/>\nT\u1ea5m m\u1ee5c ti\u00eau laser t\u1eeb ph\u1ea3n x\u1ea1 v\u00e0 t\u1ea5m m\u1ee5c ti\u00eau cho laser \u0111\u1ecf, c\u1ea3 hai \u0111\u1ec1u \u0111\u01b0\u1ee3c thi\u1ebft k\u1ebf \u0111\u1ec3 c\u00f3 hi\u1ec7u su\u1ea5t v\u01b0\u1ee3t tr\u1ed9i trong x\u00e2y d\u1ef1ng, kh\u1ea3o s\u00e1t v\u00e0 c\u00f4ng nghi\u1ec7p.<\/p>\n<p>C\u00e1c <a href=\"https:\/\/k-level.com\/vi\/lien-he-voi-chung-toi\/\">T\u1ea5m bia laser t\u1eeb t\u00ednh ph\u1ea3n x\u1ea1<\/a> \u0111\u01b0\u1ee3c thi\u1ebft k\u1ebf \u0111\u1ec3 c\u00f3 kh\u1ea3 n\u0103ng hi\u1ec3n th\u1ecb v\u00e0 \u0111\u1ed9 b\u1ec1n t\u1ed1i \u0111a, c\u00f3 b\u1ec1 m\u1eb7t ph\u1ea3n chi\u1ebfu cao \u0111\u1ea3m b\u1ea3o ph\u00e1t hi\u1ec7n tia laser r\u00f5 r\u00e0ng ngay c\u1ea3 trong \u0111i\u1ec1u ki\u1ec7n \u00e1nh s\u00e1ng m\u1ea1nh ho\u1eb7c y\u1ebfu.<br \/>\nTrong khi \u0111\u00f3, T\u1ea5m m\u1ee5c ti\u00eau cho tia laser \u0111\u1ecf \u0111\u01b0\u1ee3c t\u1ed1i \u01b0u h\u00f3a \u0111\u1ec3 t\u01b0\u01a1ng th\u00edch v\u1edbi ch\u00f9m tia laser \u0111\u1ecf, mang l\u1ea1i \u0111\u1ed9 t\u01b0\u01a1ng ph\u1ea3n s\u1eafc n\u00e9t v\u00e0 kh\u1ea3 n\u0103ng nh\u1eafm m\u1ee5c ti\u00eau ch\u00ednh x\u00e1c \u0111\u1ec3 c\u1ea3i thi\u1ec7n \u0111\u1ed9 ch\u00ednh x\u00e1c c\u1ee7a ph\u00e9p \u0111o.<\/p>\n<p>D\u00f2ng s\u1ea3n ph\u1ea9m T\u1ea5m bia ng\u1eafm laser LTP02 mang l\u1ea1i \u0111\u1ed9 tin c\u1eady v\u01b0\u1ee3t tr\u1ed9i. \u0110\u01b0\u1ee3c thi\u1ebft k\u1ebf cho c\u00e1c chuy\u00ean gia \u0111\u00f2i h\u1ecfi hi\u1ec7u qu\u1ea3 v\u00e0 \u0111\u1ed9 ch\u00ednh x\u00e1c cao, nh\u1eefng c\u00f4ng c\u1ee5 n\u00e0y gi\u00fap h\u1ee3p l\u00fd h\u00f3a quy tr\u00ecnh l\u00e0m vi\u1ec7c v\u00e0 gi\u1ea3m thi\u1ec3u sai s\u00f3t trong c\u00e1c d\u1ef1 \u00e1n quan tr\u1ecdng. H\u00e3y tin t\u01b0\u1edfng K-level cho c\u00e1c gi\u1ea3i ph\u00e1p bia ng\u1eafm laser b\u1ec1n b\u1ec9, hi\u1ec7u su\u1ea5t cao, \u0111\u00e1p \u1ee9ng c\u00e1c ti\u00eau chu\u1ea9n c\u00f4ng nghi\u1ec7p cao nh\u1ea5t.<\/p>\n<p>&nbsp;<\/p>\n<p><img fetchpriority=\"high\" decoding=\"async\" class=\"aligncenter wp-image-13544 size-medium\" src=\"https:\/\/k-level.com\/wp-content\/uploads\/2025\/06\/LTP024-300x300.jpg\" alt=\"T\u1ea5m bia laser t\u1eeb t\u00ednh ph\u1ea3n x\u1ea1\" width=\"300\" height=\"300\" srcset=\"https:\/\/k-level.com\/wp-content\/uploads\/2025\/06\/LTP024-300x300.jpg 300w, https:\/\/k-level.com\/wp-content\/uploads\/2025\/06\/LTP024-150x150.jpg 150w, https:\/\/k-level.com\/wp-content\/uploads\/2025\/06\/LTP024-768x768.jpg 768w, https:\/\/k-level.com\/wp-content\/uploads\/2025\/06\/LTP024-12x12.jpg 12w, https:\/\/k-level.com\/wp-content\/uploads\/2025\/06\/LTP024-370x370.jpg 370w, https:\/\/k-level.com\/wp-content\/uploads\/2025\/06\/LTP024-400x400.jpg 400w, https:\/\/k-level.com\/wp-content\/uploads\/2025\/06\/LTP024-100x100.jpg 100w, https:\/\/k-level.com\/wp-content\/uploads\/2025\/06\/LTP024-50x50.jpg 50w, https:\/\/k-level.com\/wp-content\/uploads\/2025\/06\/LTP024.jpg 800w\" sizes=\"(max-width: 300px) 100vw, 300px\" \/><\/p>\n<p>T\u1ea5m bia ng\u1eafm laser LTP02R (\u0110\u1ecf) &amp; LTP02G (Xanh l\u00e1) c\u00f3 ch\u00e2n \u0111\u1ebf \u2013 M\u1ee5c ti\u00eau c\u00f3 kh\u1ea3 n\u0103ng hi\u1ec3n th\u1ecb \u0111\u01b0\u1ee3c c\u1ea3i thi\u1ec7n 1,3 l\u1ea7n \u0111\u1ec3 c\u0103n ch\u1ec9nh kho\u1ea3ng c\u00e1ch xa<\/p>\n<p>T\u0103ng c\u01b0\u1eddng kh\u1ea3 n\u0103ng hi\u1ec3n th\u1ecb g\u1ea5p 1,3 l\u1ea7n \u2013 L\u1edbp m\u00e0ng ph\u1ea3n quang \u0111\u1eb7c bi\u1ec7t gi\u00fap t\u0103ng c\u01b0\u1eddng \u0111\u1ed9 r\u00f5 n\u00e9t c\u1ee7a \u0111\u01b0\u1eddng\/\u0111i\u1ec3m laser<\/p>\n<p>Thang \u0111o k\u00e9p \u2013 V\u1ea1ch chia inch v\u00e0 cm ch\u00ednh x\u00e1c v\u1edbi \u0111i\u1ec3m kh\u00f4ng \u1edf gi\u1eefa<\/p>\n<p>L\u1eafp \u0111\u1eb7t \u0111a v\u1ecb tr\u00ed \u2013 M\u1eb7t sau c\u00f3 nam ch\u00e2m, ch\u00e2n \u0111\u1ebf g\u1eadp v\u00e0 l\u1ed7 treo<\/p>\n<p>Kh\u1ea3 n\u0103ng t\u01b0\u01a1ng th\u00edch ph\u1ed5 bi\u1ebfn \u2013 Ho\u1ea1t \u0111\u1ed9ng v\u1edbi t\u1ea5t c\u1ea3 c\u00e1c m\u1ee9c laser tia \u0111\u1ecf\/xanh l\u00e1 c\u00e2y<\/p>\n<p>C\u1ea5p \u0111\u1ed9 chuy\u00ean nghi\u1ec7p \u2013 L\u00fd t\u01b0\u1edfng cho c\u00f4ng vi\u1ec7c t\u1ea7m xa trong \u0111i\u1ec1u ki\u1ec7n \u00e1nh s\u00e1ng m\u1ea1nh<\/p>\n<p>C\u1ea7n gi\u1ea3i ph\u00e1p?<br \/>\n<a href=\"https:\/\/k-level.com\/vi\/lien-he-voi-chung-toi\/\">C\u1ea5p \u0111\u1ed9 K<\/a> cung c\u1ea5p D\u1ecbch v\u1ee5 T\u01b0 v\u1ea5n Thi\u1ebft b\u1ecb Kh\u1ea3o s\u00e1t. Li\u00ean h\u1ec7 v\u1edbi ch\u00fang t\u00f4i \u0111\u1ec3 \u0111\u1eb7t h\u00e0ng s\u1ed1 l\u01b0\u1ee3ng l\u1edbn ho\u1eb7c \u0111\u01b0\u1ee3c h\u1ed7 tr\u1ee3 k\u1ef9 thu\u1eadt!<\/p>","protected":false},"excerpt":{"rendered":"<ul>\n<li>Hi\u1ec7u su\u1ea5t \u0111\u01b0\u1ee3c c\u1ea3i thi\u1ec7n \u2013 Xem \u0111\u01b0\u1eddng laser 30% c\u1ee7a b\u1ea1n r\u00f5 r\u00e0ng h\u01a1n<\/li>\n<li>V\u1ecb tr\u00ed linh ho\u1ea1t \u2013 Nhi\u1ec1u t\u00f9y ch\u1ecdn l\u1eafp \u0111\u1eb7t<\/li>\n<li>\u0110\u00e1nh d\u1ea5u ch\u00ednh x\u00e1c \u2013 \u0110o l\u01b0\u1eddng ch\u00ednh x\u00e1c \u1edf c\u1ea3 hai \u0111\u01a1n v\u1ecb<\/li>\n<li>K\u1ebft c\u1ea5u b\u1ec1n b\u1ec9 \u2013 Ch\u1ecbu \u0111\u01b0\u1ee3c \u0111i\u1ec1u ki\u1ec7n c\u00f4ng tr\u01b0\u1eddng<\/li>\n<\/ul>\n<p><img decoding=\"async\" class=\"alignnone size-medium wp-image-13646\" src=\"https:\/\/k-level.com\/wp-content\/uploads\/2025\/05\/logo-300x98.png\" alt=\"\" width=\"300\" height=\"98\" srcset=\"https:\/\/k-level.com\/wp-content\/uploads\/2025\/05\/logo-300x98.png 300w, https:\/\/k-level.com\/wp-content\/uploads\/2025\/05\/logo-18x6.png 18w, https:\/\/k-level.com\/wp-content\/uploads\/2025\/05\/logo.png 307w\" sizes=\"(max-width: 300px) 100vw, 300px\" \/><\/p>","protected":false},"featured_media":13542,"comment_status":"open","ping_status":"closed","template":"","meta":[],"product_brand":[],"product_cat":[255],"product_tag":[238],"class_list":{"0":"post-13541","1":"product","2":"type-product","3":"status-publish","4":"has-post-thumbnail","6":"product_cat-laser-target-plate","7":"product_tag-carpentry-and-furniture","9":"first","10":"instock","11":"shipping-taxable","12":"product-type-simple"},"_links":{"self":[{"href":"https:\/\/k-level.com\/vi\/wp-json\/wp\/v2\/product\/13541","targetHints":{"allow":["GET"]}}],"collection":[{"href":"https:\/\/k-level.com\/vi\/wp-json\/wp\/v2\/product"}],"about":[{"href":"https:\/\/k-level.com\/vi\/wp-json\/wp\/v2\/types\/product"}],"replies":[{"embeddable":true,"href":"https:\/\/k-level.com\/vi\/wp-json\/wp\/v2\/comments?post=13541"}],"version-history":[{"count":5,"href":"https:\/\/k-level.com\/vi\/wp-json\/wp\/v2\/product\/13541\/revisions"}],"predecessor-version":[{"id":13781,"href":"https:\/\/k-level.com\/vi\/wp-json\/wp\/v2\/product\/13541\/revisions\/13781"}],"wp:featuredmedia":[{"embeddable":true,"href":"https:\/\/k-level.com\/vi\/wp-json\/wp\/v2\/media\/13542"}],"wp:attachment":[{"href":"https:\/\/k-level.com\/vi\/wp-json\/wp\/v2\/media?parent=13541"}],"wp:term":[{"taxonomy":"product_brand","embeddable":true,"href":"https:\/\/k-level.com\/vi\/wp-json\/wp\/v2\/product_brand?post=13541"},{"taxonomy":"product_cat","embeddable":true,"href":"https:\/\/k-level.com\/vi\/wp-json\/wp\/v2\/product_cat?post=13541"},{"taxonomy":"product_tag","embeddable":true,"href":"https:\/\/k-level.com\/vi\/wp-json\/wp\/v2\/product_tag?post=13541"}],"curies":[{"name":"wp","href":"https:\/\/api.w.org\/{rel}","templated":true}]}}