{"id":13532,"date":"2025-06-25T17:20:58","date_gmt":"2025-06-25T09:20:58","guid":{"rendered":"https:\/\/k-level.com\/?post_type=product&#038;p=13532"},"modified":"2025-07-15T14:16:30","modified_gmt":"2025-07-15T06:16:30","slug":"tam-muc-tieu-laser-ltp01","status":"publish","type":"product","link":"https:\/\/k-level.com\/vi\/san-pham\/tam-muc-tieu-laser-ltp01\/","title":{"rendered":"T\u1ea5m bia ng\u1eafm laser LTP01"},"content":{"rendered":"<p><strong>T\u1ea5m bia ng\u1eafm laser LTP01R\/LTP01G<\/strong> \u2013 C\u00f4ng c\u1ee5 \u0111o l\u01b0\u1eddng ch\u00ednh x\u00e1c cho m\u00e1y c\u00e2n b\u1eb1ng laser<\/p>\n<p>C\u00e1c<a href=\"https:\/\/k-level.com\/vi\/\"> T\u1ea5m bia ng\u1eafm laser LTP01<\/a> l\u00e0 m\u1ed9t c\u00f4ng c\u1ee5 ch\u00ednh x\u00e1c thi\u1ebft y\u1ebfu gi\u00fap t\u0103ng c\u01b0\u1eddng \u0111\u00e1ng k\u1ec3 \u0111\u1ed9 ch\u00ednh x\u00e1c \u0111o l\u01b0\u1eddng cho nhi\u1ec1u \u1ee9ng d\u1ee5ng c\u00e2n b\u1eb1ng laser kh\u00e1c nhau.<\/p>\n<p>C\u00f3 s\u1eb5n trong hai m\u1eabu chuy\u00ean d\u1ee5ng \u2013 LTP01R cho tia laser \u0111\u1ecf v\u00e0 LTP01G cho tia laser xanh l\u00e1 c\u00e2y \u2013 c\u00e1c m\u1ee5c ti\u00eau laser t\u1eeb t\u00ednh n\u00e0y cung c\u1ea5p kh\u1ea3 n\u0103ng hi\u1ec3n th\u1ecb ch\u00f9m tia r\u00f5 r\u00e0ng v\u00e0 kh\u1ea3 n\u0103ng \u0111o l\u01b0\u1eddng ch\u00ednh x\u00e1c, ngay c\u1ea3 \u1edf kho\u1ea3ng c\u00e1ch xa so v\u1edbi thi\u1ebft b\u1ecb laser c\u1ee7a b\u1ea1n.<\/p>\n<p>\u1ede c\u1ea5p \u0111\u1ed9 K, ch\u00fang t\u00f4i t\u1ef1 h\u00e0o cung c\u1ea5p c\u00e1c thi\u1ebft b\u1ecb \u0111o l\u01b0\u1eddng c\u00f3 \u0111\u1ed9 ch\u00ednh x\u00e1c cao v\u00e0 <a href=\"https:\/\/k-level.com\/vi\/lien-he-voi-chung-toi\/\">T\u1ea5m bia ng\u1eafm laser LTP01<\/a> l\u00e0 gi\u1ea3i ph\u00e1p v\u01b0\u1ee3t tr\u1ed9i cho c\u00e1c nhi\u1ec7m v\u1ee5 c\u0103n ch\u1ec9nh v\u00e0 c\u00e2n b\u1eb1ng laser ch\u00ednh x\u00e1c. \u0110\u01b0\u1ee3c thi\u1ebft k\u1ebf d\u00e0nh cho c\u00e1c chuy\u00ean gia trong l\u0129nh v\u1ef1c x\u00e2y d\u1ef1ng, kh\u1ea3o s\u00e1t v\u00e0 c\u00f4ng nghi\u1ec7p, danh m\u1ee5c s\u1ea3n ph\u1ea9m n\u00e0y bao g\u1ed3m c\u00e1c bi\u1ebfn th\u1ec3 chuy\u00ean d\u1ee5ng nh\u01b0 T\u1ea5m bia ng\u1eafm t\u1eeb t\u00ednh xanh l\u00e1 c\u00e2y v\u00e0 Th\u1ebb bia ng\u1eafm laser s\u00e0n t\u1eeb t\u00ednh, \u0111\u1ea3m b\u1ea3o t\u00ednh linh ho\u1ea1t v\u00e0 \u0111\u1ed9 tin c\u1eady trong nhi\u1ec1u m\u00f4i tr\u01b0\u1eddng l\u00e0m vi\u1ec7c kh\u00e1c nhau.<\/p>\n<p>C\u00e1c <a href=\"https:\/\/k-level.com\/vi\/lien-he-voi-chung-toi\/\">T\u1ea5m bia m\u1ee5c ti\u00eau t\u1eeb t\u00ednh m\u00e0u xanh l\u00e1 c\u00e2y<\/a> \u0111\u01b0\u1ee3c thi\u1ebft k\u1ebf cho kh\u1ea3 n\u0103ng hi\u1ec3n th\u1ecb v\u01b0\u1ee3t tr\u1ed9i v\u00e0 \u0111\u1ed9 b\u1ec1n cao, v\u1edbi b\u1ec1 m\u1eb7t m\u00e0u xanh l\u00e1 c\u00e2y t\u01b0\u01a1i s\u00e1ng gi\u00fap t\u0103ng c\u01b0\u1eddng kh\u1ea3 n\u0103ng ph\u00e1t hi\u1ec7n tia laser ngay c\u1ea3 trong \u0111i\u1ec1u ki\u1ec7n thi\u1ebfu s\u00e1ng. M\u1eb7t sau t\u1eeb t\u00ednh m\u1ea1nh m\u1ebd cho ph\u00e9p g\u1eafn ch\u1eb7t v\u00e0o b\u1ec1 m\u1eb7t kim lo\u1ea1i, l\u00fd t\u01b0\u1edfng cho vi\u1ec7c c\u0103n ch\u1ec9nh khung th\u00e9p, h\u1ec7 th\u1ed1ng \u1ed1ng gi\u00f3 v\u00e0 m\u00e1y m\u00f3c. Trong khi \u0111\u00f3, Th\u1ebb T\u1ea5m M\u1ee5c Ti\u00eau Laser S\u00e0n T\u1eeb T\u00ednh mang \u0111\u1ebfn thi\u1ebft k\u1ebf nh\u1eb9 nh\u01b0ng ch\u1eafc ch\u1eafn, ho\u00e0n h\u1ea3o cho vi\u1ec7c \u0111o \u0111\u1ea1c tr\u00ean s\u00e0n v\u00e0 \u0111\u00e1nh d\u1ea5u b\u1ed1 tr\u00ed.<\/p>\n<p>C\u1ea3 T\u1ea5m m\u1ee5c ti\u00eau t\u1eeb t\u00ednh m\u00e0u xanh l\u00e1 c\u00e2y v\u00e0 Th\u1ebb m\u1ee5c ti\u00eau laser t\u1eeb t\u00ednh tr\u00ean s\u00e0n \u0111\u1ec1u l\u00e0 nh\u1eefng c\u00f4ng c\u1ee5 thi\u1ebft y\u1ebfu d\u00e0nh cho c\u00e1c chuy\u00ean gia \u0111\u00f2i h\u1ecfi \u0111\u1ed9 ch\u00ednh x\u00e1c v\u00e0 hi\u1ec7u qu\u1ea3.<\/p>\n<p><img fetchpriority=\"high\" decoding=\"async\" class=\"aligncenter wp-image-13534 size-medium\" src=\"https:\/\/k-level.com\/wp-content\/uploads\/2025\/06\/LTP012-300x300.jpg\" alt=\"T\u1ea5m bia m\u1ee5c ti\u00eau t\u1eeb t\u00ednh m\u00e0u xanh l\u00e1 c\u00e2y\" width=\"300\" height=\"300\" srcset=\"https:\/\/k-level.com\/wp-content\/uploads\/2025\/06\/LTP012-300x300.jpg 300w, https:\/\/k-level.com\/wp-content\/uploads\/2025\/06\/LTP012-150x150.jpg 150w, https:\/\/k-level.com\/wp-content\/uploads\/2025\/06\/LTP012-768x768.jpg 768w, https:\/\/k-level.com\/wp-content\/uploads\/2025\/06\/LTP012-12x12.jpg 12w, https:\/\/k-level.com\/wp-content\/uploads\/2025\/06\/LTP012-370x370.jpg 370w, https:\/\/k-level.com\/wp-content\/uploads\/2025\/06\/LTP012-400x400.jpg 400w, https:\/\/k-level.com\/wp-content\/uploads\/2025\/06\/LTP012-100x100.jpg 100w, https:\/\/k-level.com\/wp-content\/uploads\/2025\/06\/LTP012-50x50.jpg 50w, https:\/\/k-level.com\/wp-content\/uploads\/2025\/06\/LTP012.jpg 800w\" sizes=\"(max-width: 300px) 100vw, 300px\" \/><\/p>\n<p><strong>Kh\u1ea3 n\u0103ng t\u01b0\u01a1ng th\u00edch ph\u1ed5 qu\u00e1t<\/strong><\/p>\n<p>Ho\u1ea1t \u0111\u1ed9ng v\u1edbi m\u1ecdi lo\u1ea1i m\u00e1y c\u00e2n b\u1eb1ng laser bao g\u1ed3m:<br \/>\nLaser quay<br \/>\nLaser \u0111\u01b0\u1eddng ch\u00e9o<br \/>\nTia laser \u0111i\u1ec3m<br \/>\nC\u00e1c bi\u1ec7n ph\u00e1p laser<\/p>\n<p>&nbsp;<\/p>\n<p>C\u1ea7n gi\u1ea3i ph\u00e1p?<br \/>\nK-level cung c\u1ea5p d\u1ecbch v\u1ee5 t\u01b0 v\u1ea5n thi\u1ebft b\u1ecb tr\u1eafc \u0111\u1ecba. Li\u00ean h\u1ec7 v\u1edbi ch\u00fang t\u00f4i \u0111\u1ec3 \u0111\u1eb7t h\u00e0ng s\u1ed1 l\u01b0\u1ee3ng l\u1edbn ho\u1eb7c \u0111\u01b0\u1ee3c h\u1ed7 tr\u1ee3 k\u1ef9 thu\u1eadt!<\/p>","protected":false},"excerpt":{"rendered":"<ul>\n<li>\u0110o l\u01b0\u1eddng ch\u00ednh x\u00e1c: Thang \u0111o inch\/CM ch\u00ednh x\u00e1c \u0111\u1ea3m b\u1ea3o ph\u00e9p \u0111o \u0111\u00e1ng tin c\u1eady<\/li>\n<li>Kh\u1ea3 n\u0103ng hi\u1ec3n th\u1ecb \u0111\u01b0\u1ee3c c\u1ea3i thi\u1ec7n: C\u00e1c b\u1ec1 m\u1eb7t chuy\u00ean d\u1ee5ng l\u00e0m cho c\u00e1c ch\u00f9m tia laser n\u1ed5i b\u1eadt r\u00f5 r\u00e0ng<\/li>\n<li>Kh\u1ea3 n\u0103ng t\u01b0\u01a1ng th\u00edch ph\u1ed5 bi\u1ebfn: T\u1ea5m m\u1ee5c ti\u00eau t\u1eeb t\u00ednh m\u00e0u xanh l\u00e1 c\u00e2y t\u01b0\u01a1ng th\u00edch v\u1edbi t\u1ea5t c\u1ea3 c\u00e1c th\u01b0\u01a1ng hi\u1ec7u m\u00e1y c\u00e2n b\u1eb1ng laser l\u1edbn<\/li>\n<\/ul>\n<p><img decoding=\"async\" class=\"alignnone size-medium wp-image-13646\" src=\"https:\/\/k-level.com\/wp-content\/uploads\/2025\/05\/logo-300x98.png\" alt=\"\" width=\"300\" height=\"98\" srcset=\"https:\/\/k-level.com\/wp-content\/uploads\/2025\/05\/logo-300x98.png 300w, https:\/\/k-level.com\/wp-content\/uploads\/2025\/05\/logo-18x6.png 18w, https:\/\/k-level.com\/wp-content\/uploads\/2025\/05\/logo.png 307w\" sizes=\"(max-width: 300px) 100vw, 300px\" \/><\/p>","protected":false},"featured_media":13533,"comment_status":"open","ping_status":"closed","template":"","meta":[],"product_brand":[],"product_cat":[255],"product_tag":[238],"class_list":{"0":"post-13532","1":"product","2":"type-product","3":"status-publish","4":"has-post-thumbnail","6":"product_cat-laser-target-plate","7":"product_tag-carpentry-and-furniture","9":"first","10":"instock","11":"shipping-taxable","12":"product-type-simple"},"_links":{"self":[{"href":"https:\/\/k-level.com\/vi\/wp-json\/wp\/v2\/product\/13532","targetHints":{"allow":["GET"]}}],"collection":[{"href":"https:\/\/k-level.com\/vi\/wp-json\/wp\/v2\/product"}],"about":[{"href":"https:\/\/k-level.com\/vi\/wp-json\/wp\/v2\/types\/product"}],"replies":[{"embeddable":true,"href":"https:\/\/k-level.com\/vi\/wp-json\/wp\/v2\/comments?post=13532"}],"version-history":[{"count":4,"href":"https:\/\/k-level.com\/vi\/wp-json\/wp\/v2\/product\/13532\/revisions"}],"predecessor-version":[{"id":13779,"href":"https:\/\/k-level.com\/vi\/wp-json\/wp\/v2\/product\/13532\/revisions\/13779"}],"wp:featuredmedia":[{"embeddable":true,"href":"https:\/\/k-level.com\/vi\/wp-json\/wp\/v2\/media\/13533"}],"wp:attachment":[{"href":"https:\/\/k-level.com\/vi\/wp-json\/wp\/v2\/media?parent=13532"}],"wp:term":[{"taxonomy":"product_brand","embeddable":true,"href":"https:\/\/k-level.com\/vi\/wp-json\/wp\/v2\/product_brand?post=13532"},{"taxonomy":"product_cat","embeddable":true,"href":"https:\/\/k-level.com\/vi\/wp-json\/wp\/v2\/product_cat?post=13532"},{"taxonomy":"product_tag","embeddable":true,"href":"https:\/\/k-level.com\/vi\/wp-json\/wp\/v2\/product_tag?post=13532"}],"curies":[{"name":"wp","href":"https:\/\/api.w.org\/{rel}","templated":true}]}}