{"id":13519,"date":"2025-06-25T16:27:09","date_gmt":"2025-06-25T08:27:09","guid":{"rendered":"https:\/\/k-level.com\/?post_type=product&#038;p=13519"},"modified":"2026-03-30T10:07:01","modified_gmt":"2026-03-30T02:07:01","slug":"dieu-khien-tu-xa-laser-quay-rc300","status":"publish","type":"product","link":"https:\/\/k-level.com\/vi\/san-pham\/dieu-khien-tu-xa-laser-quay-rc300\/","title":{"rendered":"\u0110i\u1ec1u khi\u1ec3n t\u1eeb xa laser quay RC300"},"content":{"rendered":"<p>\u0110i\u1ec1u khi\u1ec3n t\u1eeb xa laser xoay RC300 \u2013 \u0110i\u1ec1u khi\u1ec3n t\u1eeb xa kh\u00f4ng d\u00e2y LCD chuy\u00ean nghi\u1ec7p c\u00f3 c\u00e0i \u0111\u1eb7t \u0111\u1ed9 d\u1ed1c<\/p>\n<p>C\u00e1c <strong>\u0110i\u1ec1u khi\u1ec3n t\u1eeb xa laser quay RC300<\/strong> mang l\u1ea1i hi\u1ec7u qu\u1ea3 c\u00f4ng vi\u1ec7c v\u01b0\u1ee3t tr\u1ed9i v\u1edbi m\u00e0n h\u00ecnh LCD gi\u00fap thi\u1ebft l\u1eadp \u0111\u1ed9 d\u1ed1c d\u1ec5 d\u00e0ng v\u00e0 kh\u1ea3 n\u0103ng giao ti\u1ebfp hai chi\u1ec1u.<\/p>\n<p>C\u00e1c <a href=\"https:\/\/k-level.com\/vi\/cua-hang\/\">\u0110i\u1ec1u khi\u1ec3n t\u1eeb xa laser quay RC300<\/a> n\u1ed5i b\u1eadt l\u00e0 thi\u1ebft b\u1ecb \u0111i\u1ec1u khi\u1ec3n t\u1eeb xa laser gi\u00e1 r\u1ebb ti\u1ebft ki\u1ec7m chi ph\u00ed nh\u1ea5t trong c\u00f9ng lo\u1ea1i, cung c\u1ea5p c\u00e1c t\u00ednh n\u0103ng cao c\u1ea5p v\u1edbi m\u1ee9c gi\u00e1 ph\u1ea3i ch\u0103ng.<br \/>\nM\u1eb7c d\u00f9 c\u00f3 gi\u00e1 c\u1ea3 ph\u1ea3i ch\u0103ng, nh\u01b0ng \u0111i\u1ec1u khi\u1ec3n t\u1eeb xa laser n\u00e0y v\u1eabn duy tr\u00ec \u0111\u01b0\u1ee3c \u0111\u1ed9 ch\u00ednh x\u00e1c v\u00e0 \u0111\u1ed9 tin c\u1eady nh\u01b0 mong \u0111\u1ee3i \u1edf c\u00e1c s\u1ea3n ph\u1ea9m K-level.<\/p>\n<p>Trong khi \u0111\u01b0\u1ee3c ti\u1ebfp th\u1ecb nh\u01b0 m\u1ed9t <a href=\"https:\/\/k-level.com\/vi\/cua-hang\/\">\u0111i\u1ec1u khi\u1ec3n t\u1eeb xa m\u00e1y c\u00e2n b\u1eb1ng laser gi\u00e1 r\u1ebb<\/a>, RC300 kh\u00f4ng h\u1ec1 c\u1eaft x\u00e9n nh\u1eefng chi ti\u1ebft quan tr\u1ecdng.<\/p>\n<p><img fetchpriority=\"high\" decoding=\"async\" class=\"aligncenter wp-image-13520 size-medium\" src=\"https:\/\/k-level.com\/wp-content\/uploads\/2025\/06\/RC3001-300x300.jpg\" alt=\"\u0111i\u1ec1u khi\u1ec3n t\u1eeb xa m\u00e1y c\u00e2n b\u1eb1ng laser gi\u00e1 r\u1ebb\" width=\"300\" height=\"300\" srcset=\"https:\/\/k-level.com\/wp-content\/uploads\/2025\/06\/RC3001-300x300.jpg 300w, https:\/\/k-level.com\/wp-content\/uploads\/2025\/06\/RC3001-150x150.jpg 150w, https:\/\/k-level.com\/wp-content\/uploads\/2025\/06\/RC3001-768x768.jpg 768w, https:\/\/k-level.com\/wp-content\/uploads\/2025\/06\/RC3001-12x12.jpg 12w, https:\/\/k-level.com\/wp-content\/uploads\/2025\/06\/RC3001-370x370.jpg 370w, https:\/\/k-level.com\/wp-content\/uploads\/2025\/06\/RC3001-400x400.jpg 400w, https:\/\/k-level.com\/wp-content\/uploads\/2025\/06\/RC3001-100x100.jpg 100w, https:\/\/k-level.com\/wp-content\/uploads\/2025\/06\/RC3001-50x50.jpg 50w, https:\/\/k-level.com\/wp-content\/uploads\/2025\/06\/RC3001.jpg 800w\" sizes=\"(max-width: 300px) 100vw, 300px\" \/><\/p>\n<p>B\u1ed9 \u0111i\u1ec1u khi\u1ec3n t\u1eeb xa laser quay ti\u00ean ti\u1ebfn n\u00e0y cung c\u1ea5p kh\u1ea3 n\u0103ng \u0111i\u1ec1u khi\u1ec3n v\u01b0\u1ee3t tr\u1ed9i \u0111\u1ed1i v\u1edbi c\u00e1c m\u1ee9c laser quay t\u1eeb kho\u1ea3ng c\u00e1ch \u2265300m, c\u00f3 t\u00ednh n\u0103ng theo d\u00f5i tr\u1ea1ng th\u00e1i th\u1eddi gian th\u1ef1c v\u00e0 n\u0103m t\u1ed1c \u0111\u1ed9 quay laser c\u00f3 th\u1ec3 \u0111i\u1ec1u ch\u1ec9nh (300\/600\/1000\/1500\/3000 v\u00f2ng\/ph\u00fat) \u0111\u1ec3 c\u00f3 \u0111\u1ed9 ch\u00ednh x\u00e1c t\u1ed1i \u01b0u trong c\u00e1c \u1ee9ng d\u1ee5ng x\u00e2y d\u1ef1ng v\u00e0 kh\u1ea3o s\u00e1t.<\/p>\n<p>&nbsp;<\/p>\n<p><img decoding=\"async\" class=\"wp-image-13523 aligncenter\" src=\"https:\/\/k-level.com\/wp-content\/uploads\/2025\/06\/1750839659214-300x205.png\" alt=\"\" width=\"559\" height=\"382\" \/><\/p>\n<p>&nbsp;<\/p>\n<p>&nbsp;<\/p>\n<p>C\u1ea7n gi\u1ea3i ph\u00e1p?<br \/>\nK-level cung c\u1ea5p d\u1ecbch v\u1ee5 t\u01b0 v\u1ea5n thi\u1ebft b\u1ecb tr\u1eafc \u0111\u1ecba. Li\u00ean h\u1ec7 v\u1edbi ch\u00fang t\u00f4i \u0111\u1ec3 \u0111\u1eb7t h\u00e0ng s\u1ed1 l\u01b0\u1ee3ng l\u1edbn ho\u1eb7c \u0111\u01b0\u1ee3c h\u1ed7 tr\u1ee3 k\u1ef9 thu\u1eadt!<\/p>","protected":false},"excerpt":{"rendered":"<ul>\n<li>N\u0103m t\u00f9y ch\u1ecdn t\u1ed1c \u0111\u1ed9 (300-3000 v\u00f2ng\/ph\u00fat) \u2013 Ki\u1ec3m so\u00e1t t\u1ed1c \u0111\u1ed9 quay laser linh ho\u1ea1t cho m\u1ecdi \u1ee9ng d\u1ee5ng<\/li>\n<li>\u0110\u00e8n b\u00e1o tr\u1ea1ng th\u00e1i th\u1eddi gian th\u1ef1c \u2013 Theo d\u00f5i ngay ho\u1ea1t \u0111\u1ed9ng c\u1ee7a m\u00e1y c\u00e2n b\u1eb1ng laser quay c\u1ee7a b\u1ea1n th\u00f4ng qua \u0111\u00e8n b\u00e1o ch\u1ee9c n\u0103ng r\u00f5 r\u00e0ng<\/li>\n<li>Th\u00e2n m\u00e1y ph\u1ee7 cao su ch\u1eafc ch\u1eafn \u2013 \u0110i\u1ec1u khi\u1ec3n t\u1eeb xa m\u00e1y c\u00e2n b\u1eb1ng laser gi\u00e1 r\u1ebb v\u00e0 b\u1ec1n.<\/li>\n<\/ul>\n<p><img decoding=\"async\" class=\"alignnone size-medium wp-image-13646\" src=\"https:\/\/k-level.com\/wp-content\/uploads\/2025\/05\/logo-300x98.png\" alt=\"\" width=\"300\" height=\"98\" srcset=\"https:\/\/k-level.com\/wp-content\/uploads\/2025\/05\/logo-300x98.png 300w, https:\/\/k-level.com\/wp-content\/uploads\/2025\/05\/logo-18x6.png 18w, https:\/\/k-level.com\/wp-content\/uploads\/2025\/05\/logo.png 307w\" sizes=\"(max-width: 300px) 100vw, 300px\" \/><\/p>","protected":false},"featured_media":14006,"comment_status":"open","ping_status":"closed","template":"","meta":[],"product_brand":[],"product_cat":[251],"product_tag":[237],"class_list":{"0":"post-13519","1":"product","2":"type-product","3":"status-publish","4":"has-post-thumbnail","6":"product_cat-rotary-laser-remote-control","7":"product_tag-professional-engineering","9":"first","10":"instock","11":"shipping-taxable","12":"product-type-simple"},"_links":{"self":[{"href":"https:\/\/k-level.com\/vi\/wp-json\/wp\/v2\/product\/13519","targetHints":{"allow":["GET"]}}],"collection":[{"href":"https:\/\/k-level.com\/vi\/wp-json\/wp\/v2\/product"}],"about":[{"href":"https:\/\/k-level.com\/vi\/wp-json\/wp\/v2\/types\/product"}],"replies":[{"embeddable":true,"href":"https:\/\/k-level.com\/vi\/wp-json\/wp\/v2\/comments?post=13519"}],"version-history":[{"count":4,"href":"https:\/\/k-level.com\/vi\/wp-json\/wp\/v2\/product\/13519\/revisions"}],"predecessor-version":[{"id":13776,"href":"https:\/\/k-level.com\/vi\/wp-json\/wp\/v2\/product\/13519\/revisions\/13776"}],"wp:featuredmedia":[{"embeddable":true,"href":"https:\/\/k-level.com\/vi\/wp-json\/wp\/v2\/media\/14006"}],"wp:attachment":[{"href":"https:\/\/k-level.com\/vi\/wp-json\/wp\/v2\/media?parent=13519"}],"wp:term":[{"taxonomy":"product_brand","embeddable":true,"href":"https:\/\/k-level.com\/vi\/wp-json\/wp\/v2\/product_brand?post=13519"},{"taxonomy":"product_cat","embeddable":true,"href":"https:\/\/k-level.com\/vi\/wp-json\/wp\/v2\/product_cat?post=13519"},{"taxonomy":"product_tag","embeddable":true,"href":"https:\/\/k-level.com\/vi\/wp-json\/wp\/v2\/product_tag?post=13519"}],"curies":[{"name":"wp","href":"https:\/\/api.w.org\/{rel}","templated":true}]}}