{"id":13514,"date":"2025-06-25T16:11:56","date_gmt":"2025-06-25T08:11:56","guid":{"rendered":"https:\/\/k-level.com\/?post_type=product&#038;p=13514"},"modified":"2026-03-30T10:06:15","modified_gmt":"2026-03-30T02:06:15","slug":"dieu-khien-tu-xa-laser-quay-rc200","status":"publish","type":"product","link":"https:\/\/k-level.com\/vi\/san-pham\/dieu-khien-tu-xa-laser-quay-rc200\/","title":{"rendered":"\u0110i\u1ec1u khi\u1ec3n t\u1eeb xa laser quay RC200"},"content":{"rendered":"<p>\u0110i\u1ec1u khi\u1ec3n t\u1eeb xa laser quay RC200 \u2013 \u0110i\u1ec1u khi\u1ec3n t\u1eeb xa kh\u00f4ng d\u00e2y hai chi\u1ec1u v\u1edbi m\u00e0n h\u00ecnh hi\u1ec3n th\u1ecb tr\u1ea1ng th\u00e1i th\u1eddi gian th\u1ef1c<\/p>\n<p>L\u00e0 nh\u00e0 s\u1ea3n xu\u1ea5t h\u00e0ng \u0111\u1ea7u c\u00e1c thi\u1ebft b\u1ecb \u0111o l\u01b0\u1eddng chuy\u00ean nghi\u1ec7p, K-level t\u1ef1 h\u00e0o gi\u1edbi thi\u1ec7u \u0110i\u1ec1u khi\u1ec3n t\u1eeb xa Laser xoay RC200, thi\u1ebft l\u1eadp nh\u1eefng ti\u00eau chu\u1ea9n m\u1edbi cho d\u00f2ng \u0111i\u1ec1u khi\u1ec3n t\u1eeb xa laser xoay t\u1ed1t nh\u1ea5t tr\u00ean th\u1ecb tr\u01b0\u1eddng. \u0110\u01b0\u1ee3c thi\u1ebft k\u1ebf cho c\u00e1c \u1ee9ng d\u1ee5ng x\u00e2y d\u1ef1ng v\u00e0 kh\u1ea3o s\u00e1t kh\u1eaft khe, RC200 c\u1ee7a ch\u00fang t\u00f4i mang \u0111\u1ebfn hi\u1ec7u su\u1ea5t, \u0111\u1ed9 tin c\u1eady v\u00e0 kh\u1ea3 n\u0103ng v\u1eadn h\u00e0nh th\u00e2n thi\u1ec7n v\u1edbi ng\u01b0\u1eddi d\u00f9ng v\u01b0\u1ee3t tr\u1ed9i.<\/p>\n<p>T\u1ea1i sao RC200 n\u1ed5i b\u1eadt l\u00e0 \u0111i\u1ec1u khi\u1ec3n t\u1eeb xa laser quay t\u1ed1t nh\u1ea5t:<\/p>\n<p>RC200 kh\u1eb3ng \u0111\u1ecbnh m\u00ecnh l\u00e0 <a href=\"https:\/\/k-level.com\/vi\/cua-hang\/\">\u0111i\u1ec1u khi\u1ec3n t\u1eeb xa laser quay t\u1ed1t nh\u1ea5t<\/a> v\u1edbi ph\u1ea1m vi ho\u1ea1t \u0111\u1ed9ng \u1ea5n t\u01b0\u1ee3ng l\u00ean \u0111\u1ebfn 400m, cho ph\u00e9p ng\u01b0\u1eddi v\u1eadn h\u00e0nh th\u1ef1c hi\u1ec7n c\u00e1c \u0111i\u1ec1u ch\u1ec9nh ch\u00ednh x\u00e1c t\u1eeb kho\u1ea3ng c\u00e1ch an to\u00e0n. C\u00f4ng ngh\u1ec7 kh\u00f4ng d\u00e2y 2,4 GHz ti\u00ean ti\u1ebfn \u0111\u1ea3m b\u1ea3o k\u1ebft n\u1ed1i \u1ed5n \u0111\u1ecbnh ngay c\u1ea3 trong \u0111i\u1ec1u ki\u1ec7n c\u00f4ng tr\u01b0\u1eddng kh\u00f3 kh\u0103n.<\/p>\n<p><strong>\u1ee8ng d\u1ee5ng \u0111i\u1ec1u khi\u1ec3n t\u1eeb xa laser quay RC200:<\/strong><br \/>\nHo\u00e0n h\u1ea3o cho vi\u1ec7c b\u1ed1 tr\u00ed x\u00e2y d\u1ef1ng, san l\u1ea5p m\u1eb7t b\u1eb1ng, l\u00e0m m\u00f3ng v\u00e0 ho\u00e0n thi\u1ec7n n\u1ed9i th\u1ea5t, RC200 <a href=\"https:\/\/k-level.com\/vi\/\">\u0111i\u1ec1u khi\u1ec3n t\u1eeb xa laser quay t\u1ed1t nh\u1ea5t<\/a> gi\u00fap c\u00e1c chuy\u00ean gia ho\u00e0n th\u00e0nh d\u1ef1 \u00e1n nhanh h\u01a1n v\u00e0 ch\u00ednh x\u00e1c h\u01a1n \u0111\u1ed3ng th\u1eddi gi\u1ea3m b\u1edbt c\u0103ng th\u1eb3ng v\u1ec1 m\u1eb7t th\u1ec3 ch\u1ea5t do ph\u1ea3i \u0111i\u1ec1u ch\u1ec9nh th\u1ee7 c\u00f4ng li\u00ean t\u1ee5c.<\/p>\n<p><img fetchpriority=\"high\" decoding=\"async\" class=\"aligncenter wp-image-13516 size-medium\" src=\"https:\/\/k-level.com\/wp-content\/uploads\/2025\/06\/RC2002-300x300.jpg\" alt=\"\u0110i\u1ec1u khi\u1ec3n t\u1eeb xa Laser quay t\u1ed1t nh\u1ea5t\" width=\"300\" height=\"300\" srcset=\"https:\/\/k-level.com\/wp-content\/uploads\/2025\/06\/RC2002-300x300.jpg 300w, https:\/\/k-level.com\/wp-content\/uploads\/2025\/06\/RC2002-150x150.jpg 150w, https:\/\/k-level.com\/wp-content\/uploads\/2025\/06\/RC2002-768x768.jpg 768w, https:\/\/k-level.com\/wp-content\/uploads\/2025\/06\/RC2002-12x12.jpg 12w, https:\/\/k-level.com\/wp-content\/uploads\/2025\/06\/RC2002-370x370.jpg 370w, https:\/\/k-level.com\/wp-content\/uploads\/2025\/06\/RC2002-400x400.jpg 400w, https:\/\/k-level.com\/wp-content\/uploads\/2025\/06\/RC2002-100x100.jpg 100w, https:\/\/k-level.com\/wp-content\/uploads\/2025\/06\/RC2002-50x50.jpg 50w, https:\/\/k-level.com\/wp-content\/uploads\/2025\/06\/RC2002.jpg 800w\" sizes=\"(max-width: 300px) 100vw, 300px\" \/><\/p>\n<p>\u0110i\u1ec1u khi\u1ec3n t\u1eeb xa laser quay RC200 V\u1edbi t\u00ednh n\u0103ng giao ti\u1ebfp hai chi\u1ec1u, \u0111i\u1ec1u khi\u1ec3n t\u1eeb xa laser quay n\u00e0y cho ph\u00e9p ng\u01b0\u1eddi d\u00f9ng \u0111i\u1ec1u ch\u1ec9nh c\u00e0i \u0111\u1eb7t, theo d\u00f5i tr\u1ea1ng th\u00e1i c\u1ee7a laser v\u00e0 thay \u0111\u1ed5i t\u1ed1c \u0111\u1ed9 quay (300\/600\/1000\/1500 v\u00f2ng\/ph\u00fat) t\u1eeb kho\u1ea3ng c\u00e1ch \u2265300m, n\u00e2ng cao hi\u1ec7u qu\u1ea3 trong c\u00e1c nhi\u1ec7m v\u1ee5 x\u00e2y d\u1ef1ng, san l\u1ea5p v\u00e0 c\u0103n ch\u1ec9nh.<\/p>\n<p>C\u1ea7n gi\u1ea3i ph\u00e1p?<br \/>\nK-level cung c\u1ea5p d\u1ecbch v\u1ee5 t\u01b0 v\u1ea5n thi\u1ebft b\u1ecb tr\u1eafc \u0111\u1ecba. Li\u00ean h\u1ec7 v\u1edbi ch\u00fang t\u00f4i \u0111\u1ec3 \u0111\u1eb7t h\u00e0ng s\u1ed1 l\u01b0\u1ee3ng l\u1edbn ho\u1eb7c \u0111\u01b0\u1ee3c h\u1ed7 tr\u1ee3 k\u1ef9 thu\u1eadt!<\/p>","protected":false},"excerpt":{"rendered":"<ul>\n<li>\u0110\u00e8n b\u00e1o tr\u1ea1ng th\u00e1i th\u1eddi gian th\u1ef1c \u2013 Ki\u1ec3m tra ngay l\u1eadp t\u1ee9c tr\u1ea1ng th\u00e1i ho\u1ea1t \u0111\u1ed9ng c\u1ee7a m\u00e1y c\u00e2n b\u1eb1ng laser quay.<\/li>\n<li>B\u1ed9 pin Lithium t\u00edch h\u1ee3p \u2013 K\u00e9o d\u00e0i th\u1eddi gian l\u00e0m vi\u1ec7c cho n\u0103ng su\u1ea5t c\u1ea3 ng\u00e0y.<\/li>\n<li>Thi\u1ebft k\u1ebf ch\u1ed1ng r\u01a1i, ph\u1ee7 cao su \u2013 \u0110i\u1ec1u khi\u1ec3n t\u1eeb xa laser quay t\u1ed1t nh\u1ea5t.<\/li>\n<\/ul>\n<p><img decoding=\"async\" class=\"alignnone size-medium wp-image-13646\" src=\"https:\/\/k-level.com\/wp-content\/uploads\/2025\/05\/logo-300x98.png\" alt=\"\" width=\"300\" height=\"98\" srcset=\"https:\/\/k-level.com\/wp-content\/uploads\/2025\/05\/logo-300x98.png 300w, https:\/\/k-level.com\/wp-content\/uploads\/2025\/05\/logo-18x6.png 18w, https:\/\/k-level.com\/wp-content\/uploads\/2025\/05\/logo.png 307w\" sizes=\"(max-width: 300px) 100vw, 300px\" \/><\/p>","protected":false},"featured_media":14005,"comment_status":"open","ping_status":"closed","template":"","meta":[],"product_brand":[],"product_cat":[251],"product_tag":[237],"class_list":{"0":"post-13514","1":"product","2":"type-product","3":"status-publish","4":"has-post-thumbnail","6":"product_cat-rotary-laser-remote-control","7":"product_tag-professional-engineering","9":"first","10":"instock","11":"shipping-taxable","12":"product-type-simple"},"_links":{"self":[{"href":"https:\/\/k-level.com\/vi\/wp-json\/wp\/v2\/product\/13514","targetHints":{"allow":["GET"]}}],"collection":[{"href":"https:\/\/k-level.com\/vi\/wp-json\/wp\/v2\/product"}],"about":[{"href":"https:\/\/k-level.com\/vi\/wp-json\/wp\/v2\/types\/product"}],"replies":[{"embeddable":true,"href":"https:\/\/k-level.com\/vi\/wp-json\/wp\/v2\/comments?post=13514"}],"version-history":[{"count":4,"href":"https:\/\/k-level.com\/vi\/wp-json\/wp\/v2\/product\/13514\/revisions"}],"predecessor-version":[{"id":13774,"href":"https:\/\/k-level.com\/vi\/wp-json\/wp\/v2\/product\/13514\/revisions\/13774"}],"wp:featuredmedia":[{"embeddable":true,"href":"https:\/\/k-level.com\/vi\/wp-json\/wp\/v2\/media\/14005"}],"wp:attachment":[{"href":"https:\/\/k-level.com\/vi\/wp-json\/wp\/v2\/media?parent=13514"}],"wp:term":[{"taxonomy":"product_brand","embeddable":true,"href":"https:\/\/k-level.com\/vi\/wp-json\/wp\/v2\/product_brand?post=13514"},{"taxonomy":"product_cat","embeddable":true,"href":"https:\/\/k-level.com\/vi\/wp-json\/wp\/v2\/product_cat?post=13514"},{"taxonomy":"product_tag","embeddable":true,"href":"https:\/\/k-level.com\/vi\/wp-json\/wp\/v2\/product_tag?post=13514"}],"curies":[{"name":"wp","href":"https:\/\/api.w.org\/{rel}","templated":true}]}}