{"id":13509,"date":"2025-06-25T15:49:01","date_gmt":"2025-06-25T07:49:01","guid":{"rendered":"https:\/\/k-level.com\/?post_type=product&#038;p=13509"},"modified":"2026-03-30T10:05:12","modified_gmt":"2026-03-30T02:05:12","slug":"dieu-khien-tu-xa-laser-quay-rc100","status":"publish","type":"product","link":"https:\/\/k-level.com\/vi\/san-pham\/dieu-khien-tu-xa-laser-quay-rc100\/","title":{"rendered":"\u0110i\u1ec1u khi\u1ec3n t\u1eeb xa laser quay RC100"},"content":{"rendered":"<p>\u0110i\u1ec1u khi\u1ec3n t\u1eeb xa laser xoay RC100 \u0111\u01b0\u1ee3c thi\u1ebft k\u1ebf \u0111\u1ec3 mang l\u1ea1i hi\u1ec7u su\u1ea5t v\u01b0\u1ee3t tr\u1ed9i cho c\u00e1c \u1ee9ng d\u1ee5ng x\u00e2y d\u1ef1ng v\u00e0 kh\u1ea3o s\u00e1t. \u0110\u01b0\u1ee3c thi\u1ebft k\u1ebf \u0111\u1ec3 t\u00edch h\u1ee3p li\u1ec1n m\u1ea1ch v\u1edbi c\u00e1c h\u1ec7 th\u1ed1ng c\u00e2n b\u1eb1ng laser 360 \u0111\u1ed9, \u0111i\u1ec1u khi\u1ec3n t\u1eeb xa c\u00e2n b\u1eb1ng laser 360 \u0111\u1ed9 n\u00e0y \u0111\u1ea3m b\u1ea3o v\u1eadn h\u00e0nh ch\u00ednh x\u00e1c, r\u1ea3nh tay, n\u00e2ng cao hi\u1ec7u qu\u1ea3 t\u1ea1i m\u1ecdi c\u00f4ng tr\u01b0\u1eddng.<\/p>\n<p>RC100 <a href=\"https:\/\/k-level.com\/vi\/lien-he-voi-chung-toi\/\">\u0110i\u1ec1u khi\u1ec3n t\u1eeb xa m\u1ee9c laser 360<\/a> Cung c\u1ea5p kh\u1ea3 n\u0103ng \u0111i\u1ec1u khi\u1ec3n to\u00e0n di\u1ec7n 360 \u0111\u1ed9 cho c\u00e1c thi\u1ebft b\u1ecb c\u00e2n b\u1eb1ng laser, cho ph\u00e9p ng\u01b0\u1eddi d\u00f9ng \u0111i\u1ec1u ch\u1ec9nh \u0111\u1ed9 d\u1ed1c, \u0111\u1ed9 nghi\u00eang v\u00e0 c\u0103n ch\u1ec9nh t\u1eeb xa. Kh\u1ea3 n\u0103ng k\u1ebft n\u1ed1i t\u1ea7m xa (l\u00ean \u0111\u1ebfn 300m) l\u00fd t\u01b0\u1edfng cho c\u00e1c d\u1ef1 \u00e1n x\u00e2y d\u1ef1ng quy m\u00f4 l\u1edbn.<\/p>\n<p>So v\u1edbi c\u00e1c \u0111\u1ed1i th\u1ee7 c\u1ea1nh tranh, gi\u00e1 c\u1ee7a \u0111i\u1ec1u khi\u1ec3n t\u1eeb xa laser Rotary RC100 mang l\u1ea1i gi\u00e1 tr\u1ecb v\u01b0\u1ee3t tr\u1ed9i m\u00e0 kh\u00f4ng \u1ea3nh h\u01b0\u1edfng \u0111\u1ebfn \u0111\u1ed9 b\u1ec1n hay ch\u1ee9c n\u0103ng. S\u1ea3n ph\u1ea9m \u0111\u01b0\u1ee3c thi\u1ebft k\u1ebf \u0111\u1ec3 ch\u1ecbu \u0111\u01b0\u1ee3c m\u00f4i tr\u01b0\u1eddng kh\u1eafc nghi\u1ec7t v\u1edbi kh\u1ea3 n\u0103ng ch\u1ed1ng s\u1ed1c \u0111\u1ea1t chu\u1ea9n IP54.<\/p>\n<p><img fetchpriority=\"high\" decoding=\"async\" class=\"aligncenter wp-image-13512 size-medium\" src=\"https:\/\/k-level.com\/wp-content\/uploads\/2025\/06\/RC1003-300x300.jpg\" alt=\"\u0110i\u1ec1u khi\u1ec3n t\u1eeb xa m\u1ee9c laser RC100 360\" width=\"300\" height=\"300\" srcset=\"https:\/\/k-level.com\/wp-content\/uploads\/2025\/06\/RC1003-300x300.jpg 300w, https:\/\/k-level.com\/wp-content\/uploads\/2025\/06\/RC1003-150x150.jpg 150w, https:\/\/k-level.com\/wp-content\/uploads\/2025\/06\/RC1003-768x768.jpg 768w, https:\/\/k-level.com\/wp-content\/uploads\/2025\/06\/RC1003-12x12.jpg 12w, https:\/\/k-level.com\/wp-content\/uploads\/2025\/06\/RC1003-370x370.jpg 370w, https:\/\/k-level.com\/wp-content\/uploads\/2025\/06\/RC1003-400x400.jpg 400w, https:\/\/k-level.com\/wp-content\/uploads\/2025\/06\/RC1003-100x100.jpg 100w, https:\/\/k-level.com\/wp-content\/uploads\/2025\/06\/RC1003-50x50.jpg 50w, https:\/\/k-level.com\/wp-content\/uploads\/2025\/06\/RC1003.jpg 800w\" sizes=\"(max-width: 300px) 100vw, 300px\" \/><\/p>\n<p>V\u1edbi thi\u1ebft k\u1ebf th\u00e2n thi\u1ec7n v\u1edbi ng\u01b0\u1eddi d\u00f9ng v\u00e0 ph\u1ea1m vi ho\u1ea1t \u0111\u1ed9ng r\u1ed9ng h\u01a1n, b\u1ed9 \u0111i\u1ec1u khi\u1ec3n t\u1eeb xa n\u00e0y gi\u00fap \u0111\u01a1n gi\u1ea3n h\u00f3a qu\u00e1 tr\u00ecnh c\u00e2n b\u1eb1ng, tr\u1edf th\u00e0nh m\u1ed9t b\u1ed5 sung v\u00f4 gi\u00e1 cho b\u1ea5t k\u1ef3 b\u1ed9 d\u1ee5ng c\u1ee5 n\u00e0o.<\/p>\n<p>C\u1ea7n gi\u1ea3i ph\u00e1p?<br \/>\n<a href=\"https:\/\/k-level.com\/vi\/lien-he-voi-chung-toi\/\">C\u1ea5p \u0111\u1ed9 K<\/a> cung c\u1ea5p D\u1ecbch v\u1ee5 T\u01b0 v\u1ea5n Thi\u1ebft b\u1ecb Kh\u1ea3o s\u00e1t. Li\u00ean h\u1ec7 v\u1edbi ch\u00fang t\u00f4i \u0111\u1ec3 \u0111\u1eb7t h\u00e0ng s\u1ed1 l\u01b0\u1ee3ng l\u1edbn ho\u1eb7c \u0111\u01b0\u1ee3c h\u1ed7 tr\u1ee3 k\u1ef9 thu\u1eadt!<\/p>","protected":false},"excerpt":{"rendered":"<ul>\n<li>D\u1ec5 s\u1eed d\u1ee5ng: \u0110i\u1ec1u khi\u1ec3n t\u1eeb xa laser xoay RC100 cung c\u1ea5p kh\u1ea3 n\u0103ng \u0111i\u1ec1u khi\u1ec3n tr\u1ef1c quan.<\/li>\n<li>Kh\u1ea3 n\u0103ng t\u01b0\u01a1ng th\u00edch: \u0110i\u1ec1u khi\u1ec3n t\u1eeb xa m\u00e1y c\u00e2n b\u1eb1ng laser 360 \u0110\u01b0\u1ee3c thi\u1ebft k\u1ebf \u0111\u1ec3 ho\u1ea1t \u0111\u1ed9ng li\u1ec1n m\u1ea1ch v\u1edbi nhi\u1ec1u m\u1eabu m\u00e1y c\u00e2n b\u1eb1ng laser quay kh\u00e1c nhau, n\u00e2ng cao ch\u1ee9c n\u0103ng c\u1ee7a ch\u00fang.<\/li>\n<li>\u0110\u1ed9 b\u1ec1n: \u0110\u01b0\u1ee3c ch\u1ebf t\u1ea1o \u0111\u1ec3 ch\u1ecbu \u0111\u01b0\u1ee3c \u0111i\u1ec1u ki\u1ec7n l\u00e0m vi\u1ec7c kh\u1eafc nghi\u1ec7t, \u0111\u1ea3m b\u1ea3o hi\u1ec7u su\u1ea5t \u0111\u00e1ng tin c\u1eady theo th\u1eddi gian.<\/li>\n<\/ul>\n<p><img decoding=\"async\" class=\"alignnone size-medium wp-image-13646\" src=\"https:\/\/k-level.com\/wp-content\/uploads\/2025\/05\/logo-300x98.png\" alt=\"\" width=\"300\" height=\"98\" srcset=\"https:\/\/k-level.com\/wp-content\/uploads\/2025\/05\/logo-300x98.png 300w, https:\/\/k-level.com\/wp-content\/uploads\/2025\/05\/logo-18x6.png 18w, https:\/\/k-level.com\/wp-content\/uploads\/2025\/05\/logo.png 307w\" sizes=\"(max-width: 300px) 100vw, 300px\" \/><\/p>","protected":false},"featured_media":14004,"comment_status":"open","ping_status":"closed","template":"","meta":[],"product_brand":[],"product_cat":[251],"product_tag":[237],"class_list":{"0":"post-13509","1":"product","2":"type-product","3":"status-publish","4":"has-post-thumbnail","6":"product_cat-rotary-laser-remote-control","7":"product_tag-professional-engineering","9":"first","10":"instock","11":"shipping-taxable","12":"product-type-simple"},"_links":{"self":[{"href":"https:\/\/k-level.com\/vi\/wp-json\/wp\/v2\/product\/13509","targetHints":{"allow":["GET"]}}],"collection":[{"href":"https:\/\/k-level.com\/vi\/wp-json\/wp\/v2\/product"}],"about":[{"href":"https:\/\/k-level.com\/vi\/wp-json\/wp\/v2\/types\/product"}],"replies":[{"embeddable":true,"href":"https:\/\/k-level.com\/vi\/wp-json\/wp\/v2\/comments?post=13509"}],"version-history":[{"count":4,"href":"https:\/\/k-level.com\/vi\/wp-json\/wp\/v2\/product\/13509\/revisions"}],"predecessor-version":[{"id":13771,"href":"https:\/\/k-level.com\/vi\/wp-json\/wp\/v2\/product\/13509\/revisions\/13771"}],"wp:featuredmedia":[{"embeddable":true,"href":"https:\/\/k-level.com\/vi\/wp-json\/wp\/v2\/media\/14004"}],"wp:attachment":[{"href":"https:\/\/k-level.com\/vi\/wp-json\/wp\/v2\/media?parent=13509"}],"wp:term":[{"taxonomy":"product_brand","embeddable":true,"href":"https:\/\/k-level.com\/vi\/wp-json\/wp\/v2\/product_brand?post=13509"},{"taxonomy":"product_cat","embeddable":true,"href":"https:\/\/k-level.com\/vi\/wp-json\/wp\/v2\/product_cat?post=13509"},{"taxonomy":"product_tag","embeddable":true,"href":"https:\/\/k-level.com\/vi\/wp-json\/wp\/v2\/product_tag?post=13509"}],"curies":[{"name":"wp","href":"https:\/\/api.w.org\/{rel}","templated":true}]}}