{"id":13128,"date":"2025-06-12T16:01:59","date_gmt":"2025-06-12T08:01:59","guid":{"rendered":"https:\/\/k-level.com\/?post_type=product&#038;p=13128"},"modified":"2026-03-30T10:03:39","modified_gmt":"2026-03-30T02:03:39","slug":"may-thu-lp500","status":"publish","type":"product","link":"https:\/\/k-level.com\/vi\/san-pham\/may-thu-lp500\/","title":{"rendered":"B\u1ed9 thu LP500"},"content":{"rendered":"<p><strong>Gi\u1edbi thi\u1ec7u v\u1ec1 m\u00e1y thu LP500<\/strong><\/p>\n<p>L\u00e0 m\u1ed9t th\u00e0nh ph\u1ea7n thi\u1ebft y\u1ebfu c\u1ee7a thi\u1ebft b\u1ecb kh\u1ea3o s\u00e1t v\u00e0 x\u00e2y d\u1ef1ng chuy\u00ean nghi\u1ec7p, B\u1ed9 thu LP500 \u0111\u1ea3m b\u1ea3o ph\u00e1t hi\u1ec7n ch\u00f9m tia laser ch\u00ednh x\u00e1c cho c\u00e1c nhi\u1ec7m v\u1ee5 c\u00e2n b\u1eb1ng v\u00e0 c\u0103n ch\u1ec9nh, ngay c\u1ea3 trong \u0111i\u1ec1u ki\u1ec7n ngo\u00e0i tr\u1eddi s\u00e1ng.<\/p>\n<p>C\u00e1c<strong> B\u1ed9 thu LP500<\/strong> \u0111\u01b0\u1ee3c thi\u1ebft k\u1ebf \u0111\u1ec3 t\u00edch h\u1ee3p li\u1ec1n m\u1ea1ch v\u1edbi b\u1ea5t k\u1ef3 <a href=\"https:\/\/k-level.com\/vi\/ve-chung-toi\/\">b\u1ed9 c\u00e2n b\u1eb1ng laser quay<\/a>.<\/p>\n<p>L\u00fd t\u01b0\u1edfng cho:<br \/>\n\u2713 San l\u1ea5p m\u1eb7t b\u1eb1ng v\u00e0 san l\u1ea5p m\u1eb7t b\u1eb1ng c\u00f4ng tr\u00ecnh x\u00e2y d\u1ef1ng<br \/>\n\u2713 Kh\u1ea3o s\u00e1t \u0111\u1ea5t \u0111ai v\u00e0 d\u1ef1 \u00e1n khai qu\u1eadt<br \/>\n\u2713 \u0110\u1ed5 b\u00ea t\u00f4ng v\u00e0 thi c\u00f4ng m\u00f3ng<br \/>\n\u2713 C\u0103n ch\u1ec9nh \u0111\u1ed9 d\u1ed1c v\u00e0 tho\u00e1t n\u01b0\u1edbc<\/p>\n<p>L\u00e0 m\u1ed9t b\u1ed9 thu laser quan tr\u1ecdng trong b\u1ea5t k\u1ef3 b\u1ed9 m\u00e1y c\u00e2n b\u1eb1ng laser quay n\u00e0o, LP500 mang l\u1ea1i hi\u1ec7u su\u1ea5t \u0111\u00e1ng tin c\u1eady v\u00e0 \u0111\u1ed9 ch\u00ednh x\u00e1c cao\u2014\u0111\u1ea3m b\u1ea3o c\u00e1c chuy\u00ean gia \u0111\u1ea1t \u0111\u01b0\u1ee3c k\u1ebft qu\u1ea3 ho\u00e0n h\u1ea3o trong c\u00e1c t\u00e1c v\u1ee5 \u0111o l\u01b0\u1eddng c\u1ee7a h\u1ecd. H\u00e3y tin t\u01b0\u1edfng K-level cung c\u1ea5p c\u00e1c c\u00f4ng c\u1ee5 n\u00e2ng cao quy tr\u00ecnh l\u00e0m vi\u1ec7c c\u1ee7a b\u1ea1n.<\/p>\n<p><img fetchpriority=\"high\" decoding=\"async\" class=\"aligncenter wp-image-13131 size-medium\" src=\"https:\/\/k-level.com\/wp-content\/uploads\/2025\/06\/03-300x300.jpg\" alt=\"b\u1ed9 c\u00e2n b\u1eb1ng laser quay\" width=\"300\" height=\"300\" srcset=\"https:\/\/k-level.com\/wp-content\/uploads\/2025\/06\/03-300x300.jpg 300w, https:\/\/k-level.com\/wp-content\/uploads\/2025\/06\/03-150x150.jpg 150w, https:\/\/k-level.com\/wp-content\/uploads\/2025\/06\/03-768x768.jpg 768w, https:\/\/k-level.com\/wp-content\/uploads\/2025\/06\/03-12x12.jpg 12w, https:\/\/k-level.com\/wp-content\/uploads\/2025\/06\/03-370x370.jpg 370w, https:\/\/k-level.com\/wp-content\/uploads\/2025\/06\/03-400x400.jpg 400w, https:\/\/k-level.com\/wp-content\/uploads\/2025\/06\/03-100x100.jpg 100w, https:\/\/k-level.com\/wp-content\/uploads\/2025\/06\/03-50x50.jpg 50w, https:\/\/k-level.com\/wp-content\/uploads\/2025\/06\/03.jpg 800w\" sizes=\"(max-width: 300px) 100vw, 300px\" \/><\/p>\n<p>C\u1ea7n gi\u1ea3i ph\u00e1p?<br \/>\n<a href=\"https:\/\/k-level.com\/vi\/ve-chung-toi\/\">C\u1ea5p \u0111\u1ed9 K<\/a> cung c\u1ea5p D\u1ecbch v\u1ee5 T\u01b0 v\u1ea5n Thi\u1ebft b\u1ecb Kh\u1ea3o s\u00e1t. Li\u00ean h\u1ec7 v\u1edbi ch\u00fang t\u00f4i \u0111\u1ec3 \u0111\u1eb7t h\u00e0ng s\u1ed1 l\u01b0\u1ee3ng l\u1edbn ho\u1eb7c \u0111\u01b0\u1ee3c h\u1ed7 tr\u1ee3 k\u1ef9 thu\u1eadt!<\/p>\n<p>&nbsp;<\/p>","protected":false},"excerpt":{"rendered":"<ul>\n<li>M\u00e1y thu LP500 l\u00e0 m\u00e1y d\u00f2 laser quay kh\u00f4ng th\u1ec3 thi\u1ebfu.<\/li>\n<li>N\u00e2ng cao kh\u1ea3 n\u0103ng c\u1ee7a b\u1ea5t k\u1ef3 m\u00e1y c\u00e2n b\u1eb1ng laser n\u00e0o.<\/li>\n<li>B\u1ed9 m\u00e1y c\u00e2n b\u1eb1ng laser quay N\u00e2ng cao tr\u1ea3i nghi\u1ec7m c\u00e2n b\u1eb1ng c\u1ee7a b\u1ea1n.<\/li>\n<\/ul>\n<p><img decoding=\"async\" class=\"alignnone size-medium wp-image-13646\" src=\"https:\/\/k-level.com\/wp-content\/uploads\/2025\/05\/logo-300x98.png\" alt=\"\" width=\"300\" height=\"98\" srcset=\"https:\/\/k-level.com\/wp-content\/uploads\/2025\/05\/logo-300x98.png 300w, https:\/\/k-level.com\/wp-content\/uploads\/2025\/05\/logo-18x6.png 18w, https:\/\/k-level.com\/wp-content\/uploads\/2025\/05\/logo.png 307w\" sizes=\"(max-width: 300px) 100vw, 300px\" \/><\/p>","protected":false},"featured_media":14002,"comment_status":"open","ping_status":"closed","template":"","meta":[],"product_brand":[],"product_cat":[223],"product_tag":[237],"class_list":{"0":"post-13128","1":"product","2":"type-product","3":"status-publish","4":"has-post-thumbnail","6":"product_cat-rotary-laser-detector","7":"product_tag-professional-engineering","9":"first","10":"instock","11":"shipping-taxable","12":"product-type-simple"},"_links":{"self":[{"href":"https:\/\/k-level.com\/vi\/wp-json\/wp\/v2\/product\/13128","targetHints":{"allow":["GET"]}}],"collection":[{"href":"https:\/\/k-level.com\/vi\/wp-json\/wp\/v2\/product"}],"about":[{"href":"https:\/\/k-level.com\/vi\/wp-json\/wp\/v2\/types\/product"}],"replies":[{"embeddable":true,"href":"https:\/\/k-level.com\/vi\/wp-json\/wp\/v2\/comments?post=13128"}],"version-history":[{"count":5,"href":"https:\/\/k-level.com\/vi\/wp-json\/wp\/v2\/product\/13128\/revisions"}],"predecessor-version":[{"id":13329,"href":"https:\/\/k-level.com\/vi\/wp-json\/wp\/v2\/product\/13128\/revisions\/13329"}],"wp:featuredmedia":[{"embeddable":true,"href":"https:\/\/k-level.com\/vi\/wp-json\/wp\/v2\/media\/14002"}],"wp:attachment":[{"href":"https:\/\/k-level.com\/vi\/wp-json\/wp\/v2\/media?parent=13128"}],"wp:term":[{"taxonomy":"product_brand","embeddable":true,"href":"https:\/\/k-level.com\/vi\/wp-json\/wp\/v2\/product_brand?post=13128"},{"taxonomy":"product_cat","embeddable":true,"href":"https:\/\/k-level.com\/vi\/wp-json\/wp\/v2\/product_cat?post=13128"},{"taxonomy":"product_tag","embeddable":true,"href":"https:\/\/k-level.com\/vi\/wp-json\/wp\/v2\/product_tag?post=13128"}],"curies":[{"name":"wp","href":"https:\/\/api.w.org\/{rel}","templated":true}]}}