{"id":13070,"date":"2025-06-11T14:39:02","date_gmt":"2025-06-11T06:39:02","guid":{"rendered":"https:\/\/k-level.com\/?post_type=product&#038;p=13070"},"modified":"2026-03-30T09:44:18","modified_gmt":"2026-03-30T01:44:18","slug":"may-can-bang-laser-quay-krl-420-dung-de-phan-loai","status":"publish","type":"product","link":"https:\/\/k-level.com\/vi\/san-pham\/may-can-bang-laser-quay-krl-420-dung-de-phan-loai\/","title":{"rendered":"Laser quay KRL-420"},"content":{"rendered":"<p><strong>Gi\u1edbi thi\u1ec7u m\u00e1y c\u00e2n b\u1eb1ng laser quay KRL-420<\/strong><\/p>\n<p>M\u00e1y c\u00e2n b\u1eb1ng laser xoay KRL-420 l\u00e0 m\u00e1y c\u00e2n b\u1eb1ng laser xoay chuy\u00ean nghi\u1ec7p, \u0111\u01b0\u1ee3c thi\u1ebft k\u1ebf cho c\u00e1c \u1ee9ng d\u1ee5ng san l\u1ea5p m\u1eb7t b\u1eb1ng, x\u00e2y d\u1ef1ng v\u00e0 kh\u1ea3o s\u00e1t ch\u00ednh x\u00e1c. M\u00e1y c\u00e2n b\u1eb1ng laser xoay ngang v\u00e0 d\u1ecdc ti\u00ean ti\u1ebfn n\u00e0y mang l\u1ea1i \u0111\u1ed9 ch\u00ednh x\u00e1c v\u01b0\u1ee3t tr\u1ed9i v\u1edbi ph\u1ea1m vi t\u1ef1 c\u00e2n b\u1eb1ng \u00b15\u00b0, l\u00fd t\u01b0\u1edfng cho c\u00f4ng vi\u1ec7c nghi\u00eang, c\u0103n ch\u1ec9nh m\u00f3ng v\u00e0 chu\u1ea9n b\u1ecb m\u1eb7t b\u1eb1ng. Ch\u00f9m tia xoay 360\u00b0 m\u1ea1nh m\u1ebd \u0111\u1ea3m b\u1ea3o ph\u1ea1m vi ph\u1ee7 s\u00f3ng to\u00e0n di\u1ec7n t\u1ea1i c\u00e1c c\u00f4ng tr\u01b0\u1eddng, trong khi ph\u1ea1m vi ho\u1ea1t \u0111\u1ed9ng l\u00ean \u0111\u1ebfn 1.200m (c\u00f3 \u0111\u1ea7u d\u00f2) \u0111\u1ea3m b\u1ea3o hi\u1ec7u su\u1ea5t \u0111\u00e1ng tin c\u1eady trong c\u00e1c d\u1ef1 \u00e1n ngo\u00e0i tr\u1eddi quy m\u00f4 l\u1edbn.<\/p>\n<p>L\u00e0 m\u1ed9t ng\u01b0\u1eddi \u0111a n\u0103ng <strong>m\u00e1y c\u00e2n b\u1eb1ng laser quay \u0111\u1ec3 ph\u00e2n lo\u1ea1i<\/strong>M\u00e1y c\u00e2n b\u1eb1ng laser KRL-420 c\u00f3 ch\u1ee9c n\u0103ng hai ch\u1ebf \u0111\u1ed9, cho ph\u00e9p chuy\u1ec3n \u0111\u1ed5i li\u1ec1n m\u1ea1ch gi\u1eefa c\u00e2n b\u1eb1ng ngang v\u00e0 d\u1ecdc. Kh\u1ea3 n\u0103ng c\u00e2n b\u1eb1ng laser xoay ngang v\u00e0 d\u1ecdc gi\u00fap m\u00e1y l\u00fd t\u01b0\u1edfng cho c\u00e1c \u1ee9ng d\u1ee5ng nh\u01b0 l\u1eafp \u0111\u1eb7t \u0111\u01b0\u1eddng \u1ed1ng, v\u00e1n khu\u00f4n b\u00ea t\u00f4ng v\u00e0 ho\u00e0n thi\u1ec7n n\u1ed9i th\u1ea5t. \u0110\u01b0\u1ee3c thi\u1ebft k\u1ebf v\u1edbi v\u1ecf ngo\u00e0i \u0111\u1ea1t chu\u1ea9n IP66, m\u00e1y c\u00f3 th\u1ec3 ch\u1ecbu \u0111\u01b0\u1ee3c c\u00e1c \u0111i\u1ec1u ki\u1ec7n kh\u1eafc nghi\u1ec7t t\u1ea1i c\u00f4ng tr\u01b0\u1eddng, bao g\u1ed3m b\u1ee5i, \u1ea9m v\u00e0 rung \u0111\u1ed9ng.<\/p>\n<p>C\u00e1c <a href=\"https:\/\/k-level.com\/vi\/cua-hang\/\">m\u00e1y c\u00e2n b\u1eb1ng laser xoay<\/a> \u0110i k\u00e8m b\u1ed9 s\u1ea3n ph\u1ea9m ho\u00e0n ch\u1ec9nh, bao g\u1ed3m ch\u00e2n m\u00e1y ch\u1ecbu l\u1ef1c cao, m\u00e1y d\u00f2 laser, \u0111i\u1ec1u khi\u1ec3n t\u1eeb xa v\u00e0 h\u1ed9p \u0111\u1ef1ng ch\u1eafc ch\u1eafn gi\u00fap d\u1ec5 d\u00e0ng v\u1eadn chuy\u1ec3n. V\u1edbi \u0111\u1ed9 ch\u00ednh x\u00e1c \u00b11mm \u1edf kho\u1ea3ng c\u00e1ch 30m v\u00e0 ch\u1ee9c n\u0103ng c\u1ea3nh b\u00e1o l\u1ec7ch t\u00e2m t\u1ef1 \u0111\u1ed9ng, KRL-420 \u0111\u1ea3m b\u1ea3o hi\u1ec7u qu\u1ea3 v\u00e0 \u0111\u1ed9 ch\u00ednh x\u00e1c trong m\u1ecdi c\u00f4ng vi\u1ec7c. D\u00f9 b\u1ea1n l\u00e0 nh\u00e0 th\u1ea7u, k\u1ef9 s\u01b0 tr\u1eafc \u0111\u1ecba hay k\u1ef9 s\u01b0, m\u00e1y c\u00e2n b\u1eb1ng laser xoay n\u00e0y \u0111\u01b0\u1ee3c thi\u1ebft k\u1ebf \u0111\u1ec3 n\u00e2ng cao n\u0103ng su\u1ea5t v\u00e0 mang l\u1ea1i k\u1ebft qu\u1ea3 chuy\u00ean nghi\u1ec7p.<\/p>\n<p>&nbsp;<\/p>\n<p><img fetchpriority=\"high\" decoding=\"async\" class=\"aligncenter wp-image-13071 size-medium\" src=\"https:\/\/k-level.com\/wp-content\/uploads\/2025\/06\/KRL-4203-300x300.jpg\" alt=\"M\u00e1y c\u00e2n b\u1eb1ng laser quay KRL-420 \u0111\u1ec3 ph\u00e2n lo\u1ea1i\" width=\"300\" height=\"300\" srcset=\"https:\/\/k-level.com\/wp-content\/uploads\/2025\/06\/KRL-4203-300x300.jpg 300w, https:\/\/k-level.com\/wp-content\/uploads\/2025\/06\/KRL-4203-370x370.jpg 370w, https:\/\/k-level.com\/wp-content\/uploads\/2025\/06\/KRL-4203-100x100.jpg 100w, https:\/\/k-level.com\/wp-content\/uploads\/2025\/06\/KRL-4203-400x400.jpg 400w, https:\/\/k-level.com\/wp-content\/uploads\/2025\/06\/KRL-4203-150x150.jpg 150w, https:\/\/k-level.com\/wp-content\/uploads\/2025\/06\/KRL-4203-768x768.jpg 768w, https:\/\/k-level.com\/wp-content\/uploads\/2025\/06\/KRL-4203-12x12.jpg 12w, https:\/\/k-level.com\/wp-content\/uploads\/2025\/06\/KRL-4203-50x50.jpg 50w, https:\/\/k-level.com\/wp-content\/uploads\/2025\/06\/KRL-4203.jpg 800w\" sizes=\"(max-width: 300px) 100vw, 300px\" \/><\/p>\n<p><strong>So s\u00e1nh tham s\u1ed1 m\u00f4 h\u00ecnh c\u1ee7a c\u00e1c <a href=\"https:\/\/k-level.com\/vi\/\">d\u1ee5ng c\u1ee5 laser quay<\/a><\/strong><\/p>\n<table width=\"1112\">\n<tbody>\n<tr>\n<td width=\"101\">S\u1ed1 m\u1eb7t h\u00e0ng<\/td>\n<td width=\"101\">Ch\u00f9m tia<\/td>\n<td width=\"101\">Ngang<\/td>\n<td width=\"101\">Th\u1eb3ng \u0111\u1ee9ng<\/td>\n<td width=\"101\">\u0110i\u1ec3m cao nh\u1ea5t<\/td>\n<td width=\"101\">\u0110i\u1ec3m d\u01b0\u1edbi c\u00f9ng<\/td>\n<td width=\"168\">X\u1eed l\u00fd<\/td>\n<td width=\"333\">Bong b\u00f3ng<\/td>\n<\/tr>\n<tr>\n<td>KRL-405R<\/td>\n<td>Tia \u0111\u1ecf<\/td>\n<td>\u2714<\/td>\n<td><\/td>\n<td><\/td>\n<td><\/td>\n<td>Tay c\u1ea7m \u0111\u01a1n<\/td>\n<td>1 bong b\u00f3ng \u0111\u1ed9c l\u1eadp + 1 bong b\u00f3ng tr\u00f2n<\/td>\n<\/tr>\n<tr>\n<td>KRL-405G<\/td>\n<td>Tia xanh<\/td>\n<td>\u2714<\/td>\n<td><\/td>\n<td><\/td>\n<td><\/td>\n<td>Tay c\u1ea7m \u0111\u01a1n<\/td>\n<td>1 bong b\u00f3ng \u0111\u1ed9c l\u1eadp + 1 bong b\u00f3ng tr\u00f2n<\/td>\n<\/tr>\n<tr>\n<td>KRL-410R<\/td>\n<td>Tia \u0111\u1ecf<\/td>\n<td>\u2714<\/td>\n<td>\u2714<\/td>\n<td>\u2714<\/td>\n<td><\/td>\n<td>Tay c\u1ea7m \u0111\u01a1n<\/td>\n<td>1 bong b\u00f3ng \u0111\u1ed9c l\u1eadp + 1 bong b\u00f3ng tr\u00f2n<\/td>\n<\/tr>\n<tr>\n<td>KRL-410G<\/td>\n<td>Tia xanh<\/td>\n<td>\u2714<\/td>\n<td>\u2714<\/td>\n<td>\u2714<\/td>\n<td><\/td>\n<td>Tay c\u1ea7m \u0111\u01a1n<\/td>\n<td>1 bong b\u00f3ng \u0111\u1ed9c l\u1eadp + 1 bong b\u00f3ng tr\u00f2n<\/td>\n<\/tr>\n<tr>\n<td>KRL-420G<\/td>\n<td>Tia xanh<\/td>\n<td>\u2714<\/td>\n<td>\u2714<\/td>\n<td>\u2714<\/td>\n<td>\u2714<\/td>\n<td>Tay c\u1ea7m \u0111\u00f4i<\/td>\n<td>1 bong b\u00f3ng \u0111\u1ed9c l\u1eadp + 1 bong b\u00f3ng tr\u00f2n<\/td>\n<\/tr>\n<tr>\n<td>KRL-420R<\/td>\n<td>Tia \u0111\u1ecf<\/td>\n<td>\u2714<\/td>\n<td>\u2714<\/td>\n<td>\u2714<\/td>\n<td>\u2714<\/td>\n<td>Tay c\u1ea7m \u0111\u00f4i<\/td>\n<td>1 bong b\u00f3ng \u0111\u1ed9c l\u1eadp + 1 bong b\u00f3ng tr\u00f2n<\/td>\n<\/tr>\n<tr>\n<td>KRL-440R<\/td>\n<td>Tia \u0111\u1ecf<\/td>\n<td>\u2714<\/td>\n<td>\u2714<\/td>\n<td>\u2714<\/td>\n<td>\u2714<\/td>\n<td>B\u1ed1n tay c\u1ea7m<\/td>\n<td>1 bong b\u00f3ng \u0111\u1ed9c l\u1eadp + 1 bong b\u00f3ng tr\u00f2n<\/td>\n<\/tr>\n<tr>\n<td>KRL-440G<\/td>\n<td>Tia xanh<\/td>\n<td>\u2714<\/td>\n<td>\u2714<\/td>\n<td>\u2714<\/td>\n<td>\u2714<\/td>\n<td>B\u1ed1n tay c\u1ea7m<\/td>\n<td>1 bong b\u00f3ng \u0111\u1ed9c l\u1eadp + 1 bong b\u00f3ng tr\u00f2n<\/td>\n<\/tr>\n<tr>\n<td>KRL-540G<\/td>\n<td>Tia xanh<\/td>\n<td>\u2714<\/td>\n<td>\u2714<\/td>\n<td colspan=\"2\" width=\"203\">3 c\u1ea3m bi\u1ebfn d\u00e0i \u0111\u1ed9c l\u1eadp<\/td>\n<td>B\u1ed1n tay c\u1ea7m<\/td>\n<td>3 v\u1ec9 d\u00e0i \u0111\u1ed9c l\u1eadp<\/td>\n<\/tr>\n<tr>\n<td>KRL-540R<\/td>\n<td>Tia \u0111\u1ecf<\/td>\n<td>\u2714<\/td>\n<td>\u2714<\/td>\n<td colspan=\"2\" width=\"203\">3 c\u1ea3m bi\u1ebfn d\u00e0i \u0111\u1ed9c l\u1eadp<\/td>\n<td>B\u1ed1n tay c\u1ea7m<\/td>\n<td>3 v\u1ec9 d\u00e0i \u0111\u1ed9c l\u1eadp<\/td>\n<\/tr>\n<tr>\n<td>KRL-640R<\/td>\n<td>Tia \u0111\u1ecf<\/td>\n<td>\u2714<\/td>\n<td>\u2714<\/td>\n<td colspan=\"2\" width=\"203\">3 c\u1ea3m bi\u1ebfn d\u00e0i \u0111\u1ed9c l\u1eadp<\/td>\n<td>B\u1ed1n tay c\u1ea7m<\/td>\n<td>3 v\u1ec9 d\u00e0i \u0111\u1ed9c l\u1eadp<\/td>\n<\/tr>\n<tr>\n<td>KRL-640G<\/td>\n<td>Tia xanh<\/td>\n<td>\u2714<\/td>\n<td>\u2714<\/td>\n<td colspan=\"2\" width=\"203\">3 c\u1ea3m bi\u1ebfn d\u00e0i \u0111\u1ed9c l\u1eadp<\/td>\n<td>B\u1ed1n tay c\u1ea7m<\/td>\n<td>3 v\u1ec9 d\u00e0i \u0111\u1ed9c l\u1eadp<\/td>\n<\/tr>\n<\/tbody>\n<\/table>\n<p>C\u1ea7n gi\u1ea3i ph\u00e1p?<\/p>\n<p><a href=\"https:\/\/k-level.com\/vi\/\">C\u1ea5p \u0111\u1ed9 K<\/a> cung c\u1ea5p D\u1ecbch v\u1ee5 T\u01b0 v\u1ea5n Thi\u1ebft b\u1ecb Kh\u1ea3o s\u00e1t. Li\u00ean h\u1ec7 v\u1edbi ch\u00fang t\u00f4i \u0111\u1ec3 \u0111\u1eb7t h\u00e0ng s\u1ed1 l\u01b0\u1ee3ng l\u1edbn ho\u1eb7c \u0111\u01b0\u1ee3c h\u1ed7 tr\u1ee3 k\u1ef9 thu\u1eadt!<\/p>","protected":false},"excerpt":{"rendered":"<ul>\n<li>K\u1ebft h\u1ee3p c\u00f4ng ngh\u1ec7 quay t\u1ef1 \u0111\u1ed9ng c\u0103n ch\u1ec9nh ti\u00ean ti\u1ebfn<\/li>\n<li>c\u00f4ng ngh\u1ec7 laser v\u1edbi hi\u1ec7u su\u1ea5t m\u1ea1nh m\u1ebd<\/li>\n<li>M\u00e1y c\u00e2n b\u1eb1ng laser quay KRL-420 l\u00e0 m\u00e1y c\u00e2n b\u1eb1ng laser quay \u0111a ch\u1ee9c n\u0103ng t\u1ed1i \u01b0u d\u00e0nh cho c\u00e1c chuy\u00ean gia.<\/li>\n<\/ul>\n<p><img decoding=\"async\" class=\"alignnone size-medium wp-image-13646\" src=\"https:\/\/k-level.com\/wp-content\/uploads\/2025\/05\/logo-300x98.png\" alt=\"\" width=\"300\" height=\"98\" srcset=\"https:\/\/k-level.com\/wp-content\/uploads\/2025\/05\/logo-300x98.png 300w, https:\/\/k-level.com\/wp-content\/uploads\/2025\/05\/logo-18x6.png 18w, https:\/\/k-level.com\/wp-content\/uploads\/2025\/05\/logo.png 307w\" sizes=\"(max-width: 300px) 100vw, 300px\" \/><\/p>","protected":false},"featured_media":13999,"comment_status":"open","ping_status":"closed","template":"","meta":[],"product_brand":[],"product_cat":[241],"product_tag":[236],"class_list":{"0":"post-13070","1":"product","2":"type-product","3":"status-publish","4":"has-post-thumbnail","6":"product_cat-krl-420","7":"product_tag-construction","9":"first","10":"instock","11":"shipping-taxable","12":"product-type-simple"},"_links":{"self":[{"href":"https:\/\/k-level.com\/vi\/wp-json\/wp\/v2\/product\/13070","targetHints":{"allow":["GET"]}}],"collection":[{"href":"https:\/\/k-level.com\/vi\/wp-json\/wp\/v2\/product"}],"about":[{"href":"https:\/\/k-level.com\/vi\/wp-json\/wp\/v2\/types\/product"}],"replies":[{"embeddable":true,"href":"https:\/\/k-level.com\/vi\/wp-json\/wp\/v2\/comments?post=13070"}],"version-history":[{"count":5,"href":"https:\/\/k-level.com\/vi\/wp-json\/wp\/v2\/product\/13070\/revisions"}],"predecessor-version":[{"id":14082,"href":"https:\/\/k-level.com\/vi\/wp-json\/wp\/v2\/product\/13070\/revisions\/14082"}],"wp:featuredmedia":[{"embeddable":true,"href":"https:\/\/k-level.com\/vi\/wp-json\/wp\/v2\/media\/13999"}],"wp:attachment":[{"href":"https:\/\/k-level.com\/vi\/wp-json\/wp\/v2\/media?parent=13070"}],"wp:term":[{"taxonomy":"product_brand","embeddable":true,"href":"https:\/\/k-level.com\/vi\/wp-json\/wp\/v2\/product_brand?post=13070"},{"taxonomy":"product_cat","embeddable":true,"href":"https:\/\/k-level.com\/vi\/wp-json\/wp\/v2\/product_cat?post=13070"},{"taxonomy":"product_tag","embeddable":true,"href":"https:\/\/k-level.com\/vi\/wp-json\/wp\/v2\/product_tag?post=13070"}],"curies":[{"name":"wp","href":"https:\/\/api.w.org\/{rel}","templated":true}]}}