{"id":13045,"date":"2025-06-11T13:08:46","date_gmt":"2025-06-11T05:08:46","guid":{"rendered":"https:\/\/k-level.com\/?post_type=product&#038;p=13045"},"modified":"2025-07-24T14:24:44","modified_gmt":"2025-07-24T06:24:44","slug":"may-can-bang-laser-kll-015-dong-360-tu-can-bang","status":"publish","type":"product","link":"https:\/\/k-level.com\/vi\/san-pham\/may-can-bang-laser-kll-015-dong-360-tu-can-bang\/","title":{"rendered":"Laser d\u00f2ng KLL-015"},"content":{"rendered":"<p>Gi\u1edbi thi\u1ec7u <strong>Laser d\u00f2ng KLL-015<\/strong> \u2013 T\u1ea7m nh\u00ecn v\u01b0\u1ee3t tr\u1ed9i v\u1edbi c\u00f4ng ngh\u1ec7 c\u00e2n b\u1eb1ng con l\u1eafc<\/p>\n<p><a href=\"https:\/\/k-level.com\/vi\/cua-hang\/\">Laser d\u00f2ng KLL-015<\/a>Gi\u1ea3i ph\u00e1p c\u00e2n b\u1eb1ng laser 360 \u0111\u1ed9 cao c\u1ea5p c\u1ee7a ch\u00fang t\u00f4i \u0111\u01b0\u1ee3c thi\u1ebft k\u1ebf d\u00e0nh cho c\u00e1c nh\u00e0 th\u1ea7u chuy\u00ean nghi\u1ec7p v\u00e0 ng\u01b0\u1eddi d\u00f9ng y\u00eau c\u1ea7u \u0111\u1ed9 ch\u00ednh x\u00e1c cao. C\u00f4ng c\u1ee5 laser ti\u00ean ti\u1ebfn n\u00e0y k\u1ebft h\u1ee3p kh\u1ea3 n\u0103ng bao ph\u1ee7 to\u00e0n di\u1ec7n 360 \u0111\u1ed9 v\u1edbi c\u00f4ng ngh\u1ec7 t\u1ef1 \u0111\u1ed9ng c\u00e2n b\u1eb1ng, l\u00fd t\u01b0\u1edfng cho c\u00e1c d\u1ef1 \u00e1n x\u00e2y d\u1ef1ng ph\u1ee9c t\u1ea1p, thi\u1ebft k\u1ebf n\u1ed9i th\u1ea5t v\u00e0 c\u1ea3i t\u1ea1o.<\/p>\n<p>C\u00e1c <a href=\"https:\/\/k-level.com\/vi\/\">m\u00e1y c\u00e2n b\u1eb1ng laser 360 \u0111\u1ed9 t\u1ef1 c\u00e2n b\u1eb1ng<\/a> h\u1ec7 th\u1ed1ng \u0111\u1eb7c bi\u1ec7t c\u00f3 gi\u00e1 tr\u1ecb \u0111\u1ed1i v\u1edbi:<\/p>\n<p>\u2713 Ho\u00e0n thi\u1ec7n d\u1ef1 \u00e1n c\u1ea3i t\u1ea1o ph\u00f2ng<br \/>\n\u2713 L\u1eafp \u0111\u1eb7t g\u1ea1ch v\u00e0 s\u00e0n chuy\u00ean nghi\u1ec7p<br \/>\n\u2713 L\u01b0\u1edbi tr\u1ea7n v\u00e0 c\u0103n ch\u1ec9nh tr\u1ea7n th\u1ea3<br \/>\n\u2713 Khung t\u01b0\u1eddng v\u00e0 v\u00e1ch ng\u0103n<br \/>\n\u2713 Thi c\u00f4ng th\u00f4 h\u1ec7 th\u1ed1ng \u0111i\u1ec7n v\u00e0 h\u1ec7 th\u1ed1ng \u1ed1ng n\u01b0\u1edbc<\/p>\n<p>&nbsp;<\/p>\n<p><img fetchpriority=\"high\" decoding=\"async\" class=\"aligncenter wp-image-13047 size-medium\" src=\"https:\/\/k-level.com\/wp-content\/uploads\/2025\/06\/KLL-0152-300x300.jpg\" alt=\"m\u00e1y c\u00e2n b\u1eb1ng laser 360 \u0111\u1ed9 t\u1ef1 c\u00e2n b\u1eb1ng\" width=\"300\" height=\"300\" srcset=\"https:\/\/k-level.com\/wp-content\/uploads\/2025\/06\/KLL-0152-300x300.jpg 300w, https:\/\/k-level.com\/wp-content\/uploads\/2025\/06\/KLL-0152-370x370.jpg 370w, https:\/\/k-level.com\/wp-content\/uploads\/2025\/06\/KLL-0152-100x100.jpg 100w, https:\/\/k-level.com\/wp-content\/uploads\/2025\/06\/KLL-0152-400x400.jpg 400w, https:\/\/k-level.com\/wp-content\/uploads\/2025\/06\/KLL-0152-150x150.jpg 150w, https:\/\/k-level.com\/wp-content\/uploads\/2025\/06\/KLL-0152-768x768.jpg 768w, https:\/\/k-level.com\/wp-content\/uploads\/2025\/06\/KLL-0152-12x12.jpg 12w, https:\/\/k-level.com\/wp-content\/uploads\/2025\/06\/KLL-0152-50x50.jpg 50w, https:\/\/k-level.com\/wp-content\/uploads\/2025\/06\/KLL-0152.jpg 800w\" sizes=\"(max-width: 300px) 100vw, 300px\" \/><\/p>\n<p>C\u1ea7n gi\u1ea3i ph\u00e1p?<br \/>\nK-level cung c\u1ea5p d\u1ecbch v\u1ee5 t\u01b0 v\u1ea5n thi\u1ebft b\u1ecb tr\u1eafc \u0111\u1ecba. Li\u00ean h\u1ec7 v\u1edbi ch\u00fang t\u00f4i \u0111\u1ec3 \u0111\u1eb7t h\u00e0ng s\u1ed1 l\u01b0\u1ee3ng l\u1edbn ho\u1eb7c \u0111\u01b0\u1ee3c h\u1ed7 tr\u1ee3 k\u1ef9 thu\u1eadt!<\/p>","protected":false},"excerpt":{"rendered":"<ul>\n<li>L\u00e0m vi\u1ec7c trong nh\u00e0 d\u01b0\u1edbi \u00e1nh \u0111\u00e8n s\u00e1ng ho\u1eb7c ngo\u00e0i tr\u1eddi \u1edf kho\u1ea3ng c\u00e1ch xa.<\/li>\n<li>M\u00e1y c\u00e2n b\u1eb1ng laser 360 \u0111\u1ed9 KLL-015 n\u1ed5i b\u1eadt l\u00e0 s\u1ea3n ph\u1ea9m h\u00e0ng \u0111\u1ea7u<\/li>\n<li>M\u00e1y c\u00e2n b\u1eb1ng laser con l\u1eafc d\u00e0nh cho chuy\u00ean gia.<\/li>\n<\/ul>\n<p><img decoding=\"async\" class=\"alignnone size-medium wp-image-13646\" src=\"https:\/\/k-level.com\/wp-content\/uploads\/2025\/05\/logo-300x98.png\" alt=\"\" width=\"300\" height=\"98\" srcset=\"https:\/\/k-level.com\/wp-content\/uploads\/2025\/05\/logo-300x98.png 300w, https:\/\/k-level.com\/wp-content\/uploads\/2025\/05\/logo-18x6.png 18w, https:\/\/k-level.com\/wp-content\/uploads\/2025\/05\/logo.png 307w\" sizes=\"(max-width: 300px) 100vw, 300px\" \/><\/p>","protected":false},"featured_media":14019,"comment_status":"open","ping_status":"closed","template":"","meta":[],"product_brand":[111],"product_cat":[140],"product_tag":[235],"class_list":{"0":"post-13045","1":"product","2":"type-product","3":"status-publish","4":"has-post-thumbnail","6":"product_brand-kll-015","7":"product_cat-pendulum-leveling-laser-level-for-sale-in-china-factory","8":"product_tag-interior-decoration","10":"first","11":"instock","12":"shipping-taxable","13":"product-type-simple"},"_links":{"self":[{"href":"https:\/\/k-level.com\/vi\/wp-json\/wp\/v2\/product\/13045","targetHints":{"allow":["GET"]}}],"collection":[{"href":"https:\/\/k-level.com\/vi\/wp-json\/wp\/v2\/product"}],"about":[{"href":"https:\/\/k-level.com\/vi\/wp-json\/wp\/v2\/types\/product"}],"replies":[{"embeddable":true,"href":"https:\/\/k-level.com\/vi\/wp-json\/wp\/v2\/comments?post=13045"}],"version-history":[{"count":5,"href":"https:\/\/k-level.com\/vi\/wp-json\/wp\/v2\/product\/13045\/revisions"}],"predecessor-version":[{"id":13761,"href":"https:\/\/k-level.com\/vi\/wp-json\/wp\/v2\/product\/13045\/revisions\/13761"}],"wp:featuredmedia":[{"embeddable":true,"href":"https:\/\/k-level.com\/vi\/wp-json\/wp\/v2\/media\/14019"}],"wp:attachment":[{"href":"https:\/\/k-level.com\/vi\/wp-json\/wp\/v2\/media?parent=13045"}],"wp:term":[{"taxonomy":"product_brand","embeddable":true,"href":"https:\/\/k-level.com\/vi\/wp-json\/wp\/v2\/product_brand?post=13045"},{"taxonomy":"product_cat","embeddable":true,"href":"https:\/\/k-level.com\/vi\/wp-json\/wp\/v2\/product_cat?post=13045"},{"taxonomy":"product_tag","embeddable":true,"href":"https:\/\/k-level.com\/vi\/wp-json\/wp\/v2\/product_tag?post=13045"}],"curies":[{"name":"wp","href":"https:\/\/api.w.org\/{rel}","templated":true}]}}