{"id":13007,"date":"2025-06-10T17:34:48","date_gmt":"2025-06-10T09:34:48","guid":{"rendered":"https:\/\/k-level.com\/?post_type=product&#038;p=13007"},"modified":"2025-07-10T13:19:42","modified_gmt":"2025-07-10T05:19:42","slug":"laser-dong-kll-012","status":"publish","type":"product","link":"https:\/\/k-level.com\/vi\/san-pham\/laser-dong-kll-012\/","title":{"rendered":"Laser d\u00f2ng KLL-012"},"content":{"rendered":"<p>K-level t\u1ef1 h\u00e0o gi\u1edbi thi\u1ec7u <a href=\"https:\/\/k-level.com\/vi\/cua-hang\/\">Laser d\u00f2ng KLL-012<\/a>, m\u00e1y c\u00e2n b\u1eb1ng laser d\u00f2ng ti\u00ean ti\u1ebfn \u0111\u01b0\u1ee3c thi\u1ebft k\u1ebf d\u00e0nh cho c\u00e1c chuy\u00ean gia \u0111\u00f2i h\u1ecfi \u0111\u1ed9 ch\u00ednh x\u00e1c v\u00e0 t\u00ednh linh ho\u1ea1t t\u1ed1i \u01b0u trong c\u00e1c d\u1ef1 \u00e1n x\u00e2y d\u1ef1ng, c\u1ea3i t\u1ea1o v\u00e0 thi\u1ebft k\u1ebf n\u1ed9i th\u1ea5t. L\u00e0 m\u1ed9t ph\u1ea7n c\u1ee7a d\u00f2ng m\u00e1y c\u00e2n b\u1eb1ng laser ti\u00ean ti\u1ebfn, KLL-012 n\u1ed5i b\u1eadt v\u1edbi kh\u1ea3 n\u0103ng chi\u1ebfu 4 d\u00f2ng, cung c\u1ea5p ph\u1ea1m vi ph\u1ee7 s\u00f3ng 360\u00b0 cho c\u00e1c b\u1ed1 c\u1ee5c ph\u1ee9c t\u1ea1p v\u1edbi \u0111\u1ed9 ch\u00ednh x\u00e1c v\u01b0\u1ee3t tr\u1ed9i.<\/p>\n<p>KLL-012 <a href=\"https:\/\/k-level.com\/vi\/cua-hang\/\">\u00a0m\u00e1y c\u00e2n b\u1eb1ng laser<\/a> M\u00e1y c\u00e2n b\u1eb1ng laser 4 v\u1ea1ch n\u00e0y \u0111\u01b0\u1ee3c trang b\u1ecb ch\u00f9m tia laser xanh l\u00e1 c\u00e2y c\u00f3 \u0111\u1ed9 hi\u1ec3n th\u1ecb cao, mang l\u1ea1i kh\u1ea3 n\u0103ng hi\u1ec3n th\u1ecb s\u00e1ng h\u01a1n g\u1ea5p 4 l\u1ea7n so v\u1edbi laser \u0111\u1ecf truy\u1ec1n th\u1ed1ng \u2014 ho\u00e0n h\u1ea3o cho c\u00e1c c\u00f4ng tr\u01b0\u1eddng c\u00f3 \u00e1nh s\u00e1ng m\u1ea1nh v\u00e0 c\u00e1c d\u1ef1 \u00e1n quy m\u00f4 l\u1edbn. V\u1edbi c\u00f4ng ngh\u1ec7 t\u1ef1 c\u00e2n b\u1eb1ng v\u00e0 \u0111\u1ed9 ch\u00ednh x\u00e1c \u00b10,1mm\/m, m\u00e1y c\u00e2n b\u1eb1ng laser 4 v\u1ea1ch n\u00e0y \u0111\u1ea3m b\u1ea3o c\u0103n ch\u1ec9nh ho\u00e0n h\u1ea3o cho c\u00e1c c\u00f4ng vi\u1ec7c nh\u01b0 l\u00e1t g\u1ea1ch s\u00e0n, l\u1eafp \u0111\u1eb7t tr\u1ea7n nh\u00e0 v\u00e0 \u0111\u00f3ng khung t\u01b0\u1eddng.<\/p>\n<p><img fetchpriority=\"high\" decoding=\"async\" class=\"aligncenter wp-image-13008 size-medium\" src=\"https:\/\/k-level.com\/wp-content\/uploads\/2025\/06\/KLL-0122-300x300.jpg\" alt=\"M\u00e1y c\u00e2n b\u1eb1ng laser 16 d\u00f2ng\" width=\"300\" height=\"300\" srcset=\"https:\/\/k-level.com\/wp-content\/uploads\/2025\/06\/KLL-0122-300x300.jpg 300w, https:\/\/k-level.com\/wp-content\/uploads\/2025\/06\/KLL-0122-370x370.jpg 370w, https:\/\/k-level.com\/wp-content\/uploads\/2025\/06\/KLL-0122-100x100.jpg 100w, https:\/\/k-level.com\/wp-content\/uploads\/2025\/06\/KLL-0122-400x400.jpg 400w, https:\/\/k-level.com\/wp-content\/uploads\/2025\/06\/KLL-0122-150x150.jpg 150w, https:\/\/k-level.com\/wp-content\/uploads\/2025\/06\/KLL-0122-768x768.jpg 768w, https:\/\/k-level.com\/wp-content\/uploads\/2025\/06\/KLL-0122-12x12.jpg 12w, https:\/\/k-level.com\/wp-content\/uploads\/2025\/06\/KLL-0122-50x50.jpg 50w, https:\/\/k-level.com\/wp-content\/uploads\/2025\/06\/KLL-0122.jpg 800w\" sizes=\"(max-width: 300px) 100vw, 300px\" \/><\/p>\n<p><a href=\"https:\/\/k-level.com\/vi\/\">Laser d\u00f2ng KLL-012<\/a> \u1ee8ng d\u1ee5ng r\u1ed9ng r\u00e3i<br \/>\nCho d\u00f9 b\u1ea1n l\u00e0 nh\u00e0 th\u1ea7u, th\u1ee3 \u0111i\u1ec7n hay ng\u01b0\u1eddi \u0111am m\u00ea DIY, KLL-012 \u0111\u1ec1u c\u00f3 th\u1ec3 \u0111\u00e1p \u1ee9ng c\u00e1c nhi\u1ec7m v\u1ee5 nh\u01b0:<\/p>\n<p>C\u0103n ch\u1ec9nh t\u01b0\u1eddng v\u00e0 s\u00e0n<\/p>\n<p>L\u1eafp \u0111\u1eb7t tr\u1ea7n th\u1ea3<\/p>\n<p>\u0110\u00f3ng khung v\u00e0 ph\u00e2n lo\u1ea1i<\/p>\n<p>C\u00f4ng vi\u1ec7c HVAC v\u00e0 \u0111i\u1ec7n<\/p>\n<p>C\u1ea7n gi\u1ea3i ph\u00e1p?<br \/>\nK-level cung c\u1ea5p d\u1ecbch v\u1ee5 t\u01b0 v\u1ea5n thi\u1ebft b\u1ecb tr\u1eafc \u0111\u1ecba. Li\u00ean h\u1ec7 v\u1edbi ch\u00fang t\u00f4i \u0111\u1ec3 \u0111\u1eb7t h\u00e0ng s\u1ed1 l\u01b0\u1ee3ng l\u1edbn ho\u1eb7c \u0111\u01b0\u1ee3c h\u1ed7 tr\u1ee3 k\u1ef9 thu\u1eadt!<\/p>","protected":false},"excerpt":{"rendered":"<ul>\n<li>\u0110\u1eb7t tia laser tr\u00ean b\u1ec1 m\u1eb7t \u1ed5n \u0111\u1ecbnh.<\/li>\n<li>b\u1eadt thi\u1ebft b\u1ecb<\/li>\n<li>\u0111i\u1ec1u ch\u1ec9nh tia laser theo chi\u1ec1u cao mong mu\u1ed1n.<\/li>\n<li>M\u00e1y c\u00e2n b\u1eb1ng laser 4 v\u1ea1ch s\u1ebd chi\u1ebfu ra m\u1ed9t \u0111\u01b0\u1eddng ngang ho\u1eb7c d\u1ecdc r\u00f5 r\u00e0ng.<\/li>\n<\/ul>\n<p><img decoding=\"async\" class=\"alignnone size-medium wp-image-13646\" src=\"https:\/\/k-level.com\/wp-content\/uploads\/2025\/05\/logo-300x98.png\" alt=\"\" width=\"300\" height=\"98\" srcset=\"https:\/\/k-level.com\/wp-content\/uploads\/2025\/05\/logo-300x98.png 300w, https:\/\/k-level.com\/wp-content\/uploads\/2025\/05\/logo-18x6.png 18w, https:\/\/k-level.com\/wp-content\/uploads\/2025\/05\/logo.png 307w\" sizes=\"(max-width: 300px) 100vw, 300px\" \/><\/p>","protected":false},"featured_media":13008,"comment_status":"open","ping_status":"closed","template":"","meta":[],"product_brand":[],"product_cat":[133],"product_tag":[235],"class_list":{"0":"post-13007","1":"product","2":"type-product","3":"status-publish","4":"has-post-thumbnail","6":"product_cat-electronic-line-laser-for-sale","7":"product_tag-interior-decoration","9":"first","10":"instock","11":"shipping-taxable","12":"product-type-simple"},"_links":{"self":[{"href":"https:\/\/k-level.com\/vi\/wp-json\/wp\/v2\/product\/13007","targetHints":{"allow":["GET"]}}],"collection":[{"href":"https:\/\/k-level.com\/vi\/wp-json\/wp\/v2\/product"}],"about":[{"href":"https:\/\/k-level.com\/vi\/wp-json\/wp\/v2\/types\/product"}],"replies":[{"embeddable":true,"href":"https:\/\/k-level.com\/vi\/wp-json\/wp\/v2\/comments?post=13007"}],"version-history":[{"count":5,"href":"https:\/\/k-level.com\/vi\/wp-json\/wp\/v2\/product\/13007\/revisions"}],"predecessor-version":[{"id":13760,"href":"https:\/\/k-level.com\/vi\/wp-json\/wp\/v2\/product\/13007\/revisions\/13760"}],"wp:featuredmedia":[{"embeddable":true,"href":"https:\/\/k-level.com\/vi\/wp-json\/wp\/v2\/media\/13008"}],"wp:attachment":[{"href":"https:\/\/k-level.com\/vi\/wp-json\/wp\/v2\/media?parent=13007"}],"wp:term":[{"taxonomy":"product_brand","embeddable":true,"href":"https:\/\/k-level.com\/vi\/wp-json\/wp\/v2\/product_brand?post=13007"},{"taxonomy":"product_cat","embeddable":true,"href":"https:\/\/k-level.com\/vi\/wp-json\/wp\/v2\/product_cat?post=13007"},{"taxonomy":"product_tag","embeddable":true,"href":"https:\/\/k-level.com\/vi\/wp-json\/wp\/v2\/product_tag?post=13007"}],"curies":[{"name":"wp","href":"https:\/\/api.w.org\/{rel}","templated":true}]}}