{"id":13964,"date":"2025-07-23T14:39:04","date_gmt":"2025-07-23T06:39:04","guid":{"rendered":"https:\/\/k-level.com\/?post_type=product&#038;p=13964"},"modified":"2025-07-23T14:59:49","modified_gmt":"2025-07-23T06:59:49","slug":"trekembesh-mini-nivelues-lazeri-prej-alumini-argjendi","status":"publish","type":"product","link":"https:\/\/k-level.com\/sq\/produkt\/trekembesh-mini-nivelues-lazeri-prej-alumini-argjendi\/","title":{"rendered":"Tripod nivelues lazeri prej alumini mini argjendi i seris\u00eb SA11, seri SA11"},"content":{"rendered":"<p>Prezantimi i Tripodit Mini t\u00eb Nivelit me Lazer prej Alumini t\u00eb Argjendt\u00eb t\u00eb Seris\u00eb SA11<\/p>\n<p>Seria SA11 <a href=\"https:\/\/k-level.com\/sq\/dyqan\/\">Tripod Mini i Argjendt\u00eb me Lazer Alumini p\u00ebr Nivelim<\/a> nga niveli K \u00ebsht\u00eb nj\u00eb premium<a href=\"https:\/\/k-level.com\/sq\/dyqan\/\"> trek\u00ebmb\u00ebsh i rregulluesh\u00ebm p\u00ebr nivelin e lazerit<\/a>, i projektuar p\u00ebr precizion dhe transportueshm\u00ebri.<br \/>\nIdeal p\u00ebr topograf\u00ebt, kontraktor\u00ebt dhe entuziast\u00ebt e punimeve &quot;b\u00ebje vet\u00eb&quot;, ky trek\u00ebmb\u00ebsh portativ prej alumini me nivel lazer kombinon q\u00ebndrueshm\u00ebri, nd\u00ebrtim t\u00eb leht\u00eb dhe stabilitet t\u00eb nivelit profesional p\u00ebr matje t\u00eb sakta n\u00eb aplikime t\u00eb ndryshme.<\/p>\n<p>Tripodi Silver Mini Elevator ofron dy modele, t\u00eb cilat dallohen nga tripodi me nivel lazeri me lart\u00ebsi t\u00eb rregullueshme.<\/p>\n<p><img fetchpriority=\"high\" decoding=\"async\" class=\"aligncenter wp-image-13968 size-medium\" src=\"https:\/\/k-level.com\/wp-content\/uploads\/2025\/07\/S110507-300x300.jpg\" alt=\"Tripod Mini i Argjendt\u00eb me Lazer Alumini p\u00ebr Nivelim\" width=\"300\" height=\"300\" srcset=\"https:\/\/k-level.com\/wp-content\/uploads\/2025\/07\/S110507-300x300.jpg 300w, https:\/\/k-level.com\/wp-content\/uploads\/2025\/07\/S110507-150x150.jpg 150w, https:\/\/k-level.com\/wp-content\/uploads\/2025\/07\/S110507-768x768.jpg 768w, https:\/\/k-level.com\/wp-content\/uploads\/2025\/07\/S110507-12x12.jpg 12w, https:\/\/k-level.com\/wp-content\/uploads\/2025\/07\/S110507-370x370.jpg 370w, https:\/\/k-level.com\/wp-content\/uploads\/2025\/07\/S110507-400x400.jpg 400w, https:\/\/k-level.com\/wp-content\/uploads\/2025\/07\/S110507-100x100.jpg 100w, https:\/\/k-level.com\/wp-content\/uploads\/2025\/07\/S110507-50x50.jpg 50w, https:\/\/k-level.com\/wp-content\/uploads\/2025\/07\/S110507.jpg 800w\" sizes=\"(max-width: 300px) 100vw, 300px\" \/><br \/>\nNr. i modelit t\u00eb seris\u00eb SA11:<\/p>\n<p>SA11-050F: Argjend, 0.50m, Kok\u00eb e fiksuar me pjerr\u00ebsi me fileto t\u00eb l\u00ebvizshme 1\/4\u2033-20<br \/>\nSA11-100F: Argjend, 1.00m, Kok\u00eb e fiksuar me pjerr\u00ebsi me fileto t\u00eb l\u00ebvizshme 1\/4\u2033-20<\/p>\n<p><img decoding=\"async\" class=\"aligncenter wp-image-13967 size-medium\" src=\"https:\/\/k-level.com\/wp-content\/uploads\/2025\/07\/S1105051-300x300.jpg\" alt=\"Tripod nivelues lazeri prej alumini SA11-100F Mini argjendi prej alumini\" width=\"300\" height=\"300\" srcset=\"https:\/\/k-level.com\/wp-content\/uploads\/2025\/07\/S1105051-300x300.jpg 300w, https:\/\/k-level.com\/wp-content\/uploads\/2025\/07\/S1105051-150x150.jpg 150w, https:\/\/k-level.com\/wp-content\/uploads\/2025\/07\/S1105051-768x768.jpg 768w, https:\/\/k-level.com\/wp-content\/uploads\/2025\/07\/S1105051-12x12.jpg 12w, https:\/\/k-level.com\/wp-content\/uploads\/2025\/07\/S1105051-370x370.jpg 370w, https:\/\/k-level.com\/wp-content\/uploads\/2025\/07\/S1105051-400x400.jpg 400w, https:\/\/k-level.com\/wp-content\/uploads\/2025\/07\/S1105051-100x100.jpg 100w, https:\/\/k-level.com\/wp-content\/uploads\/2025\/07\/S1105051-50x50.jpg 50w, https:\/\/k-level.com\/wp-content\/uploads\/2025\/07\/S1105051.jpg 800w\" sizes=\"(max-width: 300px) 100vw, 300px\" \/><\/p>\n<p>Keni nevoj\u00eb p\u00ebr nj\u00eb zgjidhje?<\/p>\n<p><a href=\"https:\/\/k-level.com\/sq\/dyqan\/\">Niveli K<\/a>\u00a0ofron Sh\u00ebrbime Konsulence p\u00ebr pajisje matjeje. Na kontaktoni p\u00ebr porosi me shumic\u00eb ose mb\u00ebshtetje teknike!<\/p>","protected":false},"excerpt":{"rendered":"<ul>\n<li>N\u00ebse ju nevojitet nj\u00eb trek\u00ebmb\u00ebsh i rregulluesh\u00ebm p\u00ebr nivelim lazeri p\u00ebr nivelim t\u00eb brendsh\u00ebm apo t\u00eb jasht\u00ebm<\/li>\n<li>Tripodi me nivel lazeri me kok\u00eb t\u00eb pjerr\u00ebt ofron besueshm\u00ebri dhe precizion n\u00eb nj\u00eb form\u00eb kompakte.<\/li>\n<\/ul>\n<p><img decoding=\"async\" class=\"alignnone size-medium wp-image-13646\" src=\"https:\/\/k-level.com\/wp-content\/uploads\/2025\/05\/logo-300x98.png\" alt=\"\" width=\"300\" height=\"98\" srcset=\"https:\/\/k-level.com\/wp-content\/uploads\/2025\/05\/logo-300x98.png 300w, https:\/\/k-level.com\/wp-content\/uploads\/2025\/05\/logo-18x6.png 18w, https:\/\/k-level.com\/wp-content\/uploads\/2025\/05\/logo.png 307w\" sizes=\"(max-width: 300px) 100vw, 300px\" \/><\/p>","protected":false},"featured_media":13965,"comment_status":"open","ping_status":"closed","template":"","meta":[],"product_brand":[],"product_cat":[263],"product_tag":[238],"class_list":{"0":"post-13964","1":"product","2":"type-product","3":"status-publish","4":"has-post-thumbnail","6":"product_cat-laser-level-tripod","7":"product_tag-carpentry-and-furniture","9":"first","10":"instock","11":"shipping-taxable","12":"product-type-simple"},"_links":{"self":[{"href":"https:\/\/k-level.com\/sq\/wp-json\/wp\/v2\/product\/13964","targetHints":{"allow":["GET"]}}],"collection":[{"href":"https:\/\/k-level.com\/sq\/wp-json\/wp\/v2\/product"}],"about":[{"href":"https:\/\/k-level.com\/sq\/wp-json\/wp\/v2\/types\/product"}],"replies":[{"embeddable":true,"href":"https:\/\/k-level.com\/sq\/wp-json\/wp\/v2\/comments?post=13964"}],"version-history":[{"count":3,"href":"https:\/\/k-level.com\/sq\/wp-json\/wp\/v2\/product\/13964\/revisions"}],"predecessor-version":[{"id":13977,"href":"https:\/\/k-level.com\/sq\/wp-json\/wp\/v2\/product\/13964\/revisions\/13977"}],"wp:featuredmedia":[{"embeddable":true,"href":"https:\/\/k-level.com\/sq\/wp-json\/wp\/v2\/media\/13965"}],"wp:attachment":[{"href":"https:\/\/k-level.com\/sq\/wp-json\/wp\/v2\/media?parent=13964"}],"wp:term":[{"taxonomy":"product_brand","embeddable":true,"href":"https:\/\/k-level.com\/sq\/wp-json\/wp\/v2\/product_brand?post=13964"},{"taxonomy":"product_cat","embeddable":true,"href":"https:\/\/k-level.com\/sq\/wp-json\/wp\/v2\/product_cat?post=13964"},{"taxonomy":"product_tag","embeddable":true,"href":"https:\/\/k-level.com\/sq\/wp-json\/wp\/v2\/product_tag?post=13964"}],"curies":[{"name":"wp","href":"https:\/\/api.w.org\/{rel}","templated":true}]}}