{"id":13891,"date":"2025-07-21T11:23:25","date_gmt":"2025-07-21T03:23:25","guid":{"rendered":"https:\/\/k-level.com\/?post_type=product&#038;p=13891"},"modified":"2025-07-21T11:23:25","modified_gmt":"2025-07-21T03:23:25","slug":"staf-lazeri-lr350-2t-2q","status":"publish","type":"product","link":"https:\/\/k-level.com\/sq\/produkt\/staf-lazeri-lr350-2t-2q\/","title":{"rendered":"Stafi i Lazerit LR350-2T\/2Q"},"content":{"rendered":"<p><strong>Stafi Lazer LR350-2T\/2Q nga K-level<\/strong><\/p>\n<p>Niveli K prezanton <a href=\"https:\/\/k-level.com\/sq\/na-kontaktoni\/\">Stafi Lazer LR350-2T\/2Q,<\/a> nj\u00eb premium <a href=\"https:\/\/k-level.com\/sq\/na-kontaktoni\/\">Stafi teleskopik i nivelimit t\u00eb aluminit<\/a> i projektuar p\u00ebr aplikime profesionale t\u00eb matjeve dhe nd\u00ebrtimit.<\/p>\n<p>I disponuesh\u00ebm n\u00eb dy variante ky\u00e7jeje\u2014LR350-2T (Ky\u00e7je me Twist) dhe LR350-2Q (Ky\u00e7je e Shpejt\u00eb)\u2014kjo <a href=\"https:\/\/k-level.com\/sq\/na-kontaktoni\/\">Stafi i Nivelimit t\u00eb Sondazhit<\/a> Zgjidhja ofron shkatht\u00ebsi dhe besueshm\u00ebri p\u00ebr matje t\u00eb sakta t\u00eb lart\u00ebsis\u00eb.<\/p>\n<p><img fetchpriority=\"high\" decoding=\"async\" class=\"aligncenter wp-image-13882 size-medium\" src=\"https:\/\/k-level.com\/wp-content\/uploads\/2025\/07\/IMG_8243_\u526f\u672c-300x300.png\" alt=\"Stafi teleskopik i nivelimit t\u00eb aluminit\" width=\"300\" height=\"300\" srcset=\"https:\/\/k-level.com\/wp-content\/uploads\/2025\/07\/IMG_8243_\u526f\u672c-300x300.png 300w, https:\/\/k-level.com\/wp-content\/uploads\/2025\/07\/IMG_8243_\u526f\u672c-150x150.png 150w, https:\/\/k-level.com\/wp-content\/uploads\/2025\/07\/IMG_8243_\u526f\u672c-768x768.png 768w, https:\/\/k-level.com\/wp-content\/uploads\/2025\/07\/IMG_8243_\u526f\u672c-12x12.png 12w, https:\/\/k-level.com\/wp-content\/uploads\/2025\/07\/IMG_8243_\u526f\u672c-370x370.png 370w, https:\/\/k-level.com\/wp-content\/uploads\/2025\/07\/IMG_8243_\u526f\u672c-400x400.png 400w, https:\/\/k-level.com\/wp-content\/uploads\/2025\/07\/IMG_8243_\u526f\u672c-100x100.png 100w, https:\/\/k-level.com\/wp-content\/uploads\/2025\/07\/IMG_8243_\u526f\u672c-50x50.png 50w, https:\/\/k-level.com\/wp-content\/uploads\/2025\/07\/IMG_8243_\u526f\u672c.png 800w\" sizes=\"(max-width: 300px) 100vw, 300px\" \/><\/p>\n<p>P\u00ebrmir\u00ebsoni setin tuaj t\u00eb mjeteve me shkopin teleskopik t\u00eb nivelimit t\u00eb aluminit LR350-2T\/2Q t\u00eb K-level, shkopinjt\u00eb m\u00eb t\u00eb mir\u00eb t\u00eb nivelimit t\u00eb matjeve p\u00ebr sakt\u00ebsi dhe q\u00ebndrueshm\u00ebri t\u00eb pakrahasueshme.<\/p>\n<p>Keni nevoj\u00eb p\u00ebr nj\u00eb zgjidhje?<\/p>\n<p>K-level ofron Sh\u00ebrbime Konsulence p\u00ebr pajisje matjeje. Na kontaktoni p\u00ebr porosi me shumic\u00eb ose mb\u00ebshtetje teknike!<\/p>","protected":false},"excerpt":{"rendered":"<ul>\n<li style=\"text-align: left;\">Shkopi teleskopik i nivelimit t\u00eb aluminit shtrihet pa probleme deri n\u00eb 3.5 m<\/li>\n<li style=\"text-align: left;\">duke rritur efikasitetin e matjes n\u00eb detyrat e matjes dhe nd\u00ebrtimit.<\/li>\n<\/ul>\n<p><img decoding=\"async\" class=\"alignnone size-medium wp-image-13646\" src=\"https:\/\/k-level.com\/wp-content\/uploads\/2025\/05\/logo-300x98.png\" alt=\"\" width=\"300\" height=\"98\" srcset=\"https:\/\/k-level.com\/wp-content\/uploads\/2025\/05\/logo-300x98.png 300w, https:\/\/k-level.com\/wp-content\/uploads\/2025\/05\/logo-18x6.png 18w, https:\/\/k-level.com\/wp-content\/uploads\/2025\/05\/logo.png 307w\" sizes=\"(max-width: 300px) 100vw, 300px\" \/><\/p>","protected":false},"featured_media":13882,"comment_status":"open","ping_status":"closed","template":"","meta":[],"product_brand":[],"product_cat":[249],"product_tag":[237],"class_list":{"0":"post-13891","1":"product","2":"type-product","3":"status-publish","4":"has-post-thumbnail","6":"product_cat-laser-staff","7":"product_tag-professional-engineering","9":"first","10":"instock","11":"shipping-taxable","12":"product-type-simple"},"_links":{"self":[{"href":"https:\/\/k-level.com\/sq\/wp-json\/wp\/v2\/product\/13891","targetHints":{"allow":["GET"]}}],"collection":[{"href":"https:\/\/k-level.com\/sq\/wp-json\/wp\/v2\/product"}],"about":[{"href":"https:\/\/k-level.com\/sq\/wp-json\/wp\/v2\/types\/product"}],"replies":[{"embeddable":true,"href":"https:\/\/k-level.com\/sq\/wp-json\/wp\/v2\/comments?post=13891"}],"version-history":[{"count":2,"href":"https:\/\/k-level.com\/sq\/wp-json\/wp\/v2\/product\/13891\/revisions"}],"predecessor-version":[{"id":13893,"href":"https:\/\/k-level.com\/sq\/wp-json\/wp\/v2\/product\/13891\/revisions\/13893"}],"wp:featuredmedia":[{"embeddable":true,"href":"https:\/\/k-level.com\/sq\/wp-json\/wp\/v2\/media\/13882"}],"wp:attachment":[{"href":"https:\/\/k-level.com\/sq\/wp-json\/wp\/v2\/media?parent=13891"}],"wp:term":[{"taxonomy":"product_brand","embeddable":true,"href":"https:\/\/k-level.com\/sq\/wp-json\/wp\/v2\/product_brand?post=13891"},{"taxonomy":"product_cat","embeddable":true,"href":"https:\/\/k-level.com\/sq\/wp-json\/wp\/v2\/product_cat?post=13891"},{"taxonomy":"product_tag","embeddable":true,"href":"https:\/\/k-level.com\/sq\/wp-json\/wp\/v2\/product_tag?post=13891"}],"curies":[{"name":"wp","href":"https:\/\/api.w.org\/{rel}","templated":true}]}}