{"id":13883,"date":"2025-07-21T11:04:32","date_gmt":"2025-07-21T03:04:32","guid":{"rendered":"https:\/\/k-level.com\/?post_type=product&#038;p=13883"},"modified":"2025-07-21T11:04:51","modified_gmt":"2025-07-21T03:04:51","slug":"staf-lazeri-lr240-2t-2q","status":"publish","type":"product","link":"https:\/\/k-level.com\/sq\/produkt\/staf-lazeri-lr240-2t-2q\/","title":{"rendered":"Stafi i Lazerit LR240-2T\/2Q"},"content":{"rendered":"<p>K-level prezanton Laser Staff LR240-2T\/2Q, nj\u00eb pajisje me performanc\u00eb t\u00eb lart\u00eb <a href=\"https:\/\/k-level.com\/sq\/dyqan\/\">Stafi i Matjes me Lazer<\/a> i projektuar p\u00ebr precizion dhe efikasitet n\u00eb nd\u00ebrtim, matje dhe aplikime inxhinierike.<\/p>\n<p>Ky shkop nivelimi p\u00ebr nivelues lazeri \u00ebsht\u00eb i disponuesh\u00ebm n\u00eb dy modele\u2014Shkop Lazeri LR240-2T (Ky\u00e7je me Twist) dhe Shkop Lazeri LR240-2Q (Ky\u00e7je e Shpejt\u00eb)\u2014duke ofruar fleksibilitet bazuar n\u00eb preferenc\u00ebn e p\u00ebrdoruesit.<\/p>\n<p>N\u00ebse ju nevojitet versioni Twist Lock (LR240-2T) ose Quick Lock (LR240-2Q), K-level <a href=\"https:\/\/k-level.com\/sq\/\">Stafi i Matjes me Lazer<\/a> ofron sakt\u00ebsi dhe komoditet t\u00eb pakrahasuesh\u00ebm p\u00ebr profesionist\u00ebt.<br \/>\nP\u00ebrmir\u00ebsoni setin tuaj t\u00eb veglave me k\u00ebt\u00eb shkop niveli lazeri me cil\u00ebsi t\u00eb lart\u00eb sot!<\/p>\n<p><img fetchpriority=\"high\" decoding=\"async\" class=\"aligncenter wp-image-13886 size-medium\" src=\"https:\/\/k-level.com\/wp-content\/uploads\/2025\/07\/01-4-300x300.jpg\" alt=\"Stafi i Matjes me Lazer\" width=\"300\" height=\"300\" srcset=\"https:\/\/k-level.com\/wp-content\/uploads\/2025\/07\/01-4-300x300.jpg 300w, https:\/\/k-level.com\/wp-content\/uploads\/2025\/07\/01-4-150x150.jpg 150w, https:\/\/k-level.com\/wp-content\/uploads\/2025\/07\/01-4-768x768.jpg 768w, https:\/\/k-level.com\/wp-content\/uploads\/2025\/07\/01-4-12x12.jpg 12w, https:\/\/k-level.com\/wp-content\/uploads\/2025\/07\/01-4-370x370.jpg 370w, https:\/\/k-level.com\/wp-content\/uploads\/2025\/07\/01-4-400x400.jpg 400w, https:\/\/k-level.com\/wp-content\/uploads\/2025\/07\/01-4-100x100.jpg 100w, https:\/\/k-level.com\/wp-content\/uploads\/2025\/07\/01-4-50x50.jpg 50w, https:\/\/k-level.com\/wp-content\/uploads\/2025\/07\/01-4.jpg 800w\" sizes=\"(max-width: 300px) 100vw, 300px\" \/><\/p>\n<p>Keni nevoj\u00eb p\u00ebr nj\u00eb zgjidhje?<\/p>\n<p><a href=\"https:\/\/k-level.com\/sq\/dyqan\/\">Niveli K<\/a>\u00a0ofron Sh\u00ebrbime Konsulence p\u00ebr pajisje matjeje. Na kontaktoni p\u00ebr porosi me shumic\u00eb ose mb\u00ebshtetje teknike!<\/p>","protected":false},"excerpt":{"rendered":"<ul>\n<li>LR240-2T\/2Q Laser Staff Thjesht rr\u00ebshqitni p\u00ebr ta rregulluar p\u00ebr m\u00eb shpejt<\/li>\n<li>Matje m\u00eb t\u00eb sakta t\u00eb stafit t\u00eb lazerit LR240-2T\/2Q.<\/li>\n<\/ul>\n<p><img decoding=\"async\" class=\"alignnone size-medium wp-image-13646\" src=\"https:\/\/k-level.com\/wp-content\/uploads\/2025\/05\/logo-300x98.png\" alt=\"\" width=\"300\" height=\"98\" srcset=\"https:\/\/k-level.com\/wp-content\/uploads\/2025\/05\/logo-300x98.png 300w, https:\/\/k-level.com\/wp-content\/uploads\/2025\/05\/logo-18x6.png 18w, https:\/\/k-level.com\/wp-content\/uploads\/2025\/05\/logo.png 307w\" sizes=\"(max-width: 300px) 100vw, 300px\" \/><\/p>","protected":false},"featured_media":13885,"comment_status":"open","ping_status":"closed","template":"","meta":[],"product_brand":[],"product_cat":[249],"product_tag":[237],"class_list":{"0":"post-13883","1":"product","2":"type-product","3":"status-publish","4":"has-post-thumbnail","6":"product_cat-laser-staff","7":"product_tag-professional-engineering","9":"first","10":"instock","11":"shipping-taxable","12":"product-type-simple"},"_links":{"self":[{"href":"https:\/\/k-level.com\/sq\/wp-json\/wp\/v2\/product\/13883","targetHints":{"allow":["GET"]}}],"collection":[{"href":"https:\/\/k-level.com\/sq\/wp-json\/wp\/v2\/product"}],"about":[{"href":"https:\/\/k-level.com\/sq\/wp-json\/wp\/v2\/types\/product"}],"replies":[{"embeddable":true,"href":"https:\/\/k-level.com\/sq\/wp-json\/wp\/v2\/comments?post=13883"}],"version-history":[{"count":2,"href":"https:\/\/k-level.com\/sq\/wp-json\/wp\/v2\/product\/13883\/revisions"}],"predecessor-version":[{"id":13890,"href":"https:\/\/k-level.com\/sq\/wp-json\/wp\/v2\/product\/13883\/revisions\/13890"}],"wp:featuredmedia":[{"embeddable":true,"href":"https:\/\/k-level.com\/sq\/wp-json\/wp\/v2\/media\/13885"}],"wp:attachment":[{"href":"https:\/\/k-level.com\/sq\/wp-json\/wp\/v2\/media?parent=13883"}],"wp:term":[{"taxonomy":"product_brand","embeddable":true,"href":"https:\/\/k-level.com\/sq\/wp-json\/wp\/v2\/product_brand?post=13883"},{"taxonomy":"product_cat","embeddable":true,"href":"https:\/\/k-level.com\/sq\/wp-json\/wp\/v2\/product_cat?post=13883"},{"taxonomy":"product_tag","embeddable":true,"href":"https:\/\/k-level.com\/sq\/wp-json\/wp\/v2\/product_tag?post=13883"}],"curies":[{"name":"wp","href":"https:\/\/api.w.org\/{rel}","templated":true}]}}