{"id":13870,"date":"2025-07-18T17:25:28","date_gmt":"2025-07-18T09:25:28","guid":{"rendered":"https:\/\/k-level.com\/?post_type=product&#038;p=13870"},"modified":"2025-07-25T09:39:30","modified_gmt":"2025-07-25T01:39:30","slug":"stafi-i-nivelimit-l8s8-35","status":"publish","type":"product","link":"https:\/\/k-level.com\/sq\/produkt\/stafi-i-nivelimit-l8s8-35\/","title":{"rendered":"Stafi i Nivelimit L8S8-35"},"content":{"rendered":"<p>Stafi i Nivelimit L8S8-35 nga K-level, nj\u00eb zgjedhje premium p\u00ebr profesionist\u00ebt n\u00eb industrin\u00eb e matjeve. Ky aparat shum\u00ebfunksional <a href=\"https:\/\/k-level.com\/sq\/rreth-nesh\/\">shuf\u00ebr niveli lazeri<\/a> \u00ebsht\u00eb projektuar p\u00ebr t\u00eb p\u00ebrmbushur nj\u00eb s\u00ebr\u00eb nevojash matjeje, duke kombinuar sakt\u00ebsin\u00eb, q\u00ebndrueshm\u00ebrin\u00eb dhe leht\u00ebsin\u00eb e p\u00ebrdorimit. Stafi yn\u00eb i matjeve p\u00ebr shitje p\u00ebrfshin k\u00ebt\u00eb model t\u00eb jasht\u00ebzakonsh\u00ebm, i cili \u00ebsht\u00eb krijuar me kujdes p\u00ebr t\u00eb p\u00ebrmir\u00ebsuar p\u00ebrvoj\u00ebn tuaj t\u00eb matjes.<\/p>\n<p>Stafi i nivelimit L8S8-35 ofron nj\u00eb zgjedhje shkall\u00ebsh mat\u00ebse, duke u lejuar p\u00ebrdoruesve t\u00eb zgjedhin midis k\u00ebmb\u00ebve\/t\u00eb dhjetave ose k\u00ebmb\u00ebve\/in\u00e7\u00ebve. I nd\u00ebrtuar nga nj\u00eb aliazh alumini i leht\u00eb por i q\u00ebndruesh\u00ebm, ky staf nivelimi n\u00eb form\u00eb drejtk\u00ebnd\u00ebshe \u00ebsht\u00eb nd\u00ebrtuar p\u00ebr t&#039;i b\u00ebr\u00eb ball\u00eb v\u00ebshtir\u00ebsive t\u00eb pun\u00ebs n\u00eb terren. Shkalla n\u00eb pjes\u00ebn e pasme leht\u00ebson leximin e lart\u00ebsis\u00eb s\u00eb p\u00ebrgjithshme, duke siguruar q\u00eb mat\u00ebsit t\u00eb mund t\u00eb p\u00ebrcaktojn\u00eb shpejt dhe me sakt\u00ebsi matjet.<\/p>\n<p><img fetchpriority=\"high\" decoding=\"async\" class=\"aligncenter wp-image-13871 size-medium\" src=\"https:\/\/k-level.com\/wp-content\/uploads\/2025\/07\/L8S8-351-300x300.jpg\" alt=\"shuf\u00ebr niveli lazeri\" width=\"300\" height=\"300\" srcset=\"https:\/\/k-level.com\/wp-content\/uploads\/2025\/07\/L8S8-351-300x300.jpg 300w, https:\/\/k-level.com\/wp-content\/uploads\/2025\/07\/L8S8-351-150x150.jpg 150w, https:\/\/k-level.com\/wp-content\/uploads\/2025\/07\/L8S8-351-768x768.jpg 768w, https:\/\/k-level.com\/wp-content\/uploads\/2025\/07\/L8S8-351-12x12.jpg 12w, https:\/\/k-level.com\/wp-content\/uploads\/2025\/07\/L8S8-351-370x370.jpg 370w, https:\/\/k-level.com\/wp-content\/uploads\/2025\/07\/L8S8-351-400x400.jpg 400w, https:\/\/k-level.com\/wp-content\/uploads\/2025\/07\/L8S8-351-100x100.jpg 100w, https:\/\/k-level.com\/wp-content\/uploads\/2025\/07\/L8S8-351-50x50.jpg 50w, https:\/\/k-level.com\/wp-content\/uploads\/2025\/07\/L8S8-351.jpg 800w\" sizes=\"(max-width: 300px) 100vw, 300px\" \/><\/p>\n<p>Me kat\u00ebr seksione t\u00eb rregullueshme dhe nj\u00eb buton mbylljeje t\u00eb sigurt,<a href=\"https:\/\/k-level.com\/sq\/rreth-nesh\/\"> Shtyll\u00eb niveli lazeri L8S8-35<\/a> Ofron fleksibilitet dhe stabilitet gjat\u00eb p\u00ebrdorimit. \u00cbsht\u00eb gjithashtu rezistent ndaj ujit dhe korrozionit, duke e b\u00ebr\u00eb ideal p\u00ebr kushte t\u00eb ndryshme moti. P\u00ebr t\u00eb rritur transportueshm\u00ebrin\u00eb, stafi i nivelimit vjen me nj\u00eb \u00e7ant\u00eb t\u00eb p\u00ebrshtatshme mbajt\u00ebse, duke u lejuar topograf\u00ebve ta transportojn\u00eb at\u00eb leht\u00ebsisht nga nj\u00eb vend pune n\u00eb tjetrin.<\/p>\n<p>Keni nevoj\u00eb p\u00ebr nj\u00eb zgjidhje?<\/p>\n<p>K-level ofron Sh\u00ebrbime Konsulence p\u00ebr pajisje matjeje. Na kontaktoni p\u00ebr porosi me shumic\u00eb ose mb\u00ebshtetje teknike!<\/p>\n<p>&nbsp;<\/p>","protected":false},"excerpt":{"rendered":"<ul>\n<li>Niveli K siguron q\u00eb \u00e7do shuf\u00ebr niveli lazeri t\u00eb jet\u00eb projektuar p\u00ebr precizion dhe besueshm\u00ebri.<\/li>\n<li>duke e b\u00ebr\u00eb at\u00eb nj\u00eb shtes\u00eb t\u00eb vlefshme p\u00ebr \u00e7do mjet matjeje.<\/li>\n<li>Stafi yn\u00eb i gjeodet\u00ebve p\u00ebr shitje, p\u00ebrfshir\u00eb L8S8-35, \u00ebsht\u00eb perfekt si p\u00ebr profesionist\u00ebt me p\u00ebrvoj\u00eb ashtu edhe p\u00ebr t\u00eb sapoardhurit n\u00eb k\u00ebt\u00eb fush\u00eb.<\/li>\n<\/ul>\n<p><img decoding=\"async\" class=\"alignnone size-medium wp-image-13646\" src=\"https:\/\/k-level.com\/wp-content\/uploads\/2025\/05\/logo-300x98.png\" alt=\"\" width=\"300\" height=\"98\" srcset=\"https:\/\/k-level.com\/wp-content\/uploads\/2025\/05\/logo-300x98.png 300w, https:\/\/k-level.com\/wp-content\/uploads\/2025\/05\/logo-18x6.png 18w, https:\/\/k-level.com\/wp-content\/uploads\/2025\/05\/logo.png 307w\" sizes=\"(max-width: 300px) 100vw, 300px\" \/><\/p>","protected":false},"featured_media":13875,"comment_status":"open","ping_status":"closed","template":"","meta":[],"product_brand":[],"product_cat":[248],"product_tag":[237],"class_list":{"0":"post-13870","1":"product","2":"type-product","3":"status-publish","4":"has-post-thumbnail","6":"product_cat-leveling-staff","7":"product_tag-professional-engineering","9":"first","10":"instock","11":"shipping-taxable","12":"product-type-simple"},"_links":{"self":[{"href":"https:\/\/k-level.com\/sq\/wp-json\/wp\/v2\/product\/13870","targetHints":{"allow":["GET"]}}],"collection":[{"href":"https:\/\/k-level.com\/sq\/wp-json\/wp\/v2\/product"}],"about":[{"href":"https:\/\/k-level.com\/sq\/wp-json\/wp\/v2\/types\/product"}],"replies":[{"embeddable":true,"href":"https:\/\/k-level.com\/sq\/wp-json\/wp\/v2\/comments?post=13870"}],"version-history":[{"count":2,"href":"https:\/\/k-level.com\/sq\/wp-json\/wp\/v2\/product\/13870\/revisions"}],"predecessor-version":[{"id":13877,"href":"https:\/\/k-level.com\/sq\/wp-json\/wp\/v2\/product\/13870\/revisions\/13877"}],"wp:featuredmedia":[{"embeddable":true,"href":"https:\/\/k-level.com\/sq\/wp-json\/wp\/v2\/media\/13875"}],"wp:attachment":[{"href":"https:\/\/k-level.com\/sq\/wp-json\/wp\/v2\/media?parent=13870"}],"wp:term":[{"taxonomy":"product_brand","embeddable":true,"href":"https:\/\/k-level.com\/sq\/wp-json\/wp\/v2\/product_brand?post=13870"},{"taxonomy":"product_cat","embeddable":true,"href":"https:\/\/k-level.com\/sq\/wp-json\/wp\/v2\/product_cat?post=13870"},{"taxonomy":"product_tag","embeddable":true,"href":"https:\/\/k-level.com\/sq\/wp-json\/wp\/v2\/product_tag?post=13870"}],"curies":[{"name":"wp","href":"https:\/\/api.w.org\/{rel}","templated":true}]}}