{"id":13846,"date":"2025-07-17T16:51:27","date_gmt":"2025-07-17T08:51:27","guid":{"rendered":"https:\/\/k-level.com\/?post_type=product&#038;p=13846"},"modified":"2025-07-21T17:49:12","modified_gmt":"2025-07-21T09:49:12","slug":"shtylle-mbeshtetese-sp1-sp2","status":"publish","type":"product","link":"https:\/\/k-level.com\/sq\/produkt\/shtylle-mbeshtetese-sp1-sp2\/","title":{"rendered":"Shtyll\u00eb Mb\u00ebshtet\u00ebse SP1\/ SP2"},"content":{"rendered":"<p>Shtylla Mb\u00ebshtet\u00ebse SP1\/SP2 \u2013 zgjidhja p\u00ebrfundimtare p\u00ebr mb\u00ebshtetje t\u00eb q\u00ebndrueshme dhe t\u00eb rregullueshme t\u00eb nivelit t\u00eb lazerit.<\/p>\n<p>N\u00ebse keni nevoj\u00eb p\u00ebr nj\u00eb <a href=\"https:\/\/k-level.com\/sq\/rreth-nesh\/\">Shtyll\u00eb niveli lazeri shum\u00ebfunksionale<\/a> P\u00ebr rregullime t\u00eb gjithanshme t\u00eb lart\u00ebsis\u00eb ose nj\u00eb Shtyll\u00eb Niveli Lazeri Profesional me Tripod p\u00ebr stabilitet t\u00eb p\u00ebrmir\u00ebsuar, K-Level ofron mjete me performanc\u00eb t\u00eb lart\u00eb p\u00ebr detyra nd\u00ebrtimi, matjeje dhe shtrirjeje.<\/p>\n<p><img fetchpriority=\"high\" decoding=\"async\" class=\"aligncenter wp-image-13848 size-medium\" src=\"https:\/\/k-level.com\/wp-content\/uploads\/2025\/07\/3-300x300.jpg\" alt=\"Shtyll\u00eb niveli lazeri shum\u00ebfunksionale\" width=\"300\" height=\"300\" srcset=\"https:\/\/k-level.com\/wp-content\/uploads\/2025\/07\/3-300x300.jpg 300w, https:\/\/k-level.com\/wp-content\/uploads\/2025\/07\/3-150x150.jpg 150w, https:\/\/k-level.com\/wp-content\/uploads\/2025\/07\/3-768x768.jpg 768w, https:\/\/k-level.com\/wp-content\/uploads\/2025\/07\/3-12x12.jpg 12w, https:\/\/k-level.com\/wp-content\/uploads\/2025\/07\/3-370x370.jpg 370w, https:\/\/k-level.com\/wp-content\/uploads\/2025\/07\/3-400x400.jpg 400w, https:\/\/k-level.com\/wp-content\/uploads\/2025\/07\/3-100x100.jpg 100w, https:\/\/k-level.com\/wp-content\/uploads\/2025\/07\/3-50x50.jpg 50w, https:\/\/k-level.com\/wp-content\/uploads\/2025\/07\/3.jpg 800w\" sizes=\"(max-width: 300px) 100vw, 300px\" \/><\/p>\n<p><strong>Shtylla Mb\u00ebshtet\u00ebse SP1 kundrejt Shtyll\u00ebs Mb\u00ebshtet\u00ebse SP2:<\/strong><\/p>\n<p>Shtyll\u00eb Mb\u00ebshtet\u00ebse SP1 \u2013 A <a href=\"https:\/\/k-level.com\/sq\/rreth-nesh\/\">Shtyll\u00eb niveli lazeri shum\u00ebfunksionale<\/a> me rregullim teleskopik t\u00eb lart\u00ebsis\u00eb (opsione 3.0m\u20134.8m).<\/p>\n<p><a href=\"https:\/\/k-level.com\/sq\/rreth-nesh\/\">Shtyll\u00eb Mb\u00ebshtet\u00ebse SP2<\/a> \u2013 Nj\u00eb Shtyll\u00eb Niveli Lazeri Profesional me Tripod, q\u00eb ofron t\u00eb nj\u00ebjtat karakteristika si SP1, por me stabilitet t\u00eb shtuar t\u00eb tripodit (opsione 3.0m\u20134.8m).<\/p>\n<p>Keni nevoj\u00eb p\u00ebr nj\u00eb zgjidhje?<\/p>\n<p>K-level ofron Sh\u00ebrbime Konsulence p\u00ebr pajisje matjeje. Na kontaktoni p\u00ebr porosi me shumic\u00eb ose mb\u00ebshtetje teknike!<\/p>","protected":false},"excerpt":{"rendered":"<ul>\n<li>I disponuesh\u00ebm n\u00eb lart\u00ebsi t\u00eb shum\u00ebfishta (SP1-36, SP2-36, SP1-30\/40\/42\/48, SP2-30\/40\/42\/48).<\/li>\n<li>Shtyll\u00eb nivelimi lazeri shum\u00ebfunksionale K-Level dhe shtyll\u00eb nivelimi lazeri profesional me trek\u00ebmb\u00ebsh<\/li>\n<li>sigurojn\u00eb sakt\u00ebsi dhe efikasitet n\u00eb \u00e7do projekt.<\/li>\n<\/ul>\n<p><img decoding=\"async\" class=\"alignnone size-medium wp-image-13646\" src=\"https:\/\/k-level.com\/wp-content\/uploads\/2025\/05\/logo-300x98.png\" alt=\"\" width=\"300\" height=\"98\" srcset=\"https:\/\/k-level.com\/wp-content\/uploads\/2025\/05\/logo-300x98.png 300w, https:\/\/k-level.com\/wp-content\/uploads\/2025\/05\/logo-18x6.png 18w, https:\/\/k-level.com\/wp-content\/uploads\/2025\/05\/logo.png 307w\" sizes=\"(max-width: 300px) 100vw, 300px\" \/><\/p>","protected":false},"featured_media":13845,"comment_status":"open","ping_status":"closed","template":"","meta":[],"product_brand":[],"product_cat":[247],"product_tag":[238],"class_list":{"0":"post-13846","1":"product","2":"type-product","3":"status-publish","4":"has-post-thumbnail","6":"product_cat-laser-level-support-pole","7":"product_tag-carpentry-and-furniture","9":"first","10":"instock","11":"shipping-taxable","12":"product-type-simple"},"_links":{"self":[{"href":"https:\/\/k-level.com\/sq\/wp-json\/wp\/v2\/product\/13846","targetHints":{"allow":["GET"]}}],"collection":[{"href":"https:\/\/k-level.com\/sq\/wp-json\/wp\/v2\/product"}],"about":[{"href":"https:\/\/k-level.com\/sq\/wp-json\/wp\/v2\/types\/product"}],"replies":[{"embeddable":true,"href":"https:\/\/k-level.com\/sq\/wp-json\/wp\/v2\/comments?post=13846"}],"version-history":[{"count":2,"href":"https:\/\/k-level.com\/sq\/wp-json\/wp\/v2\/product\/13846\/revisions"}],"predecessor-version":[{"id":13851,"href":"https:\/\/k-level.com\/sq\/wp-json\/wp\/v2\/product\/13846\/revisions\/13851"}],"wp:featuredmedia":[{"embeddable":true,"href":"https:\/\/k-level.com\/sq\/wp-json\/wp\/v2\/media\/13845"}],"wp:attachment":[{"href":"https:\/\/k-level.com\/sq\/wp-json\/wp\/v2\/media?parent=13846"}],"wp:term":[{"taxonomy":"product_brand","embeddable":true,"href":"https:\/\/k-level.com\/sq\/wp-json\/wp\/v2\/product_brand?post=13846"},{"taxonomy":"product_cat","embeddable":true,"href":"https:\/\/k-level.com\/sq\/wp-json\/wp\/v2\/product_cat?post=13846"},{"taxonomy":"product_tag","embeddable":true,"href":"https:\/\/k-level.com\/sq\/wp-json\/wp\/v2\/product_tag?post=13846"}],"curies":[{"name":"wp","href":"https:\/\/api.w.org\/{rel}","templated":true}]}}