{"id":13841,"date":"2025-07-16T17:43:50","date_gmt":"2025-07-16T09:43:50","guid":{"rendered":"https:\/\/k-level.com\/?post_type=product&#038;p=13841"},"modified":"2025-07-16T17:43:50","modified_gmt":"2025-07-16T09:43:50","slug":"adaptor-rrotullues-i-nivelit-te-lazerit-llra09a-09b","status":"publish","type":"product","link":"https:\/\/k-level.com\/sq\/produkt\/adaptor-rrotullues-i-nivelit-te-lazerit-llra09a-09b\/","title":{"rendered":"Adaptues rrotullues i nivelit t\u00eb lazerit LLRA09A\/09B"},"content":{"rendered":"<p>Adaptues rrotullues i nivelit lazer LLRA09A\/09B p\u00ebr montimin e niveleve lazer n\u00eb trek\u00ebmb\u00ebsha me kontroll t\u00eb p\u00ebrmir\u00ebsuar rrotullues. Kjo seri adaptor\u00ebsh \u00ebsht\u00eb thelb\u00ebsore. <a href=\"https:\/\/k-level.com\/sq\/dyqan\/\">p\u00ebrshtat\u00ebs i trek\u00ebmb\u00ebshit t\u00eb nivelit me lazer<\/a> p\u00ebr profesionist\u00ebt q\u00eb k\u00ebrkojn\u00eb shkatht\u00ebsi, precizion dhe q\u00ebndrueshm\u00ebri n\u00eb terren.<\/p>\n<p>Adaptuesi rrotullues i nivelit me lazer LLRA09A\/09B p\u00ebrfshin dy opsione filetosh p\u00ebr t&#039;iu p\u00ebrshtatur konfigurimeve t\u00eb ndryshme t\u00eb lazer\u00ebve dhe trek\u00ebmb\u00ebshve. Adaptuesi rrotullues i nivelit me lazer LLRA09A ka nj\u00eb fileto 1\/4\u2033-20, nd\u00ebrsa Adaptuesi rrotullues i nivelit me lazer LLRA09B \u00ebsht\u00eb i pajisur me nj\u00eb fileto 5\/8\u2033-11, duke ofruar p\u00ebrputhshm\u00ebri me nj\u00eb gam\u00eb t\u00eb gjer\u00eb nivelash lazer\u00ebsh dhe trek\u00ebmb\u00ebsh q\u00eb p\u00ebrdoren zakonisht n\u00eb nd\u00ebrtim dhe matje. Pavar\u00ebsisht n\u00ebse punoni me lazer\u00eb rrotullues ose linear\u00eb, ky adaptues siguron nj\u00eb p\u00ebrshtatje t\u00eb sigurt dhe nj\u00eb shtrirje t\u00eb sakt\u00eb.<\/p>\n<p>Si nj\u00eb i besuesh\u00ebm <a href=\"https:\/\/k-level.com\/sq\/rreth-nesh\/\">p\u00ebrshtat\u00ebs i trek\u00ebmb\u00ebshit t\u00eb nivelit me lazer<\/a>, t\u00eb dy modelet jan\u00eb projektuar p\u00ebr rrotullim t\u00eb qet\u00eb 360\u00b0, duke mund\u00ebsuar rregullime t\u00eb sakta drejtimi pa pasur nevoj\u00eb t\u00eb l\u00ebvizni trek\u00ebmb\u00ebshin. Kjo rrit shum\u00eb efikasitetin gjat\u00eb pun\u00ebs s\u00eb konfigurimit dhe paraqitjes. I prodhuar me materiale me cil\u00ebsi t\u00eb lart\u00eb, LLRA09A\/09B ofron q\u00ebndrueshm\u00ebri afatgjat\u00eb dhe nj\u00eb platform\u00eb t\u00eb q\u00ebndrueshme p\u00ebr mjetet tuaja lazer n\u00eb mjedise t\u00eb v\u00ebshtira pune.<\/p>\n<p><img fetchpriority=\"high\" decoding=\"async\" class=\"aligncenter wp-image-13842 size-medium\" src=\"https:\/\/k-level.com\/wp-content\/uploads\/2025\/07\/LLRA091-300x300.jpg\" alt=\"p\u00ebrshtat\u00ebs i trek\u00ebmb\u00ebshit t\u00eb nivelit me lazer\" width=\"300\" height=\"300\" srcset=\"https:\/\/k-level.com\/wp-content\/uploads\/2025\/07\/LLRA091-300x300.jpg 300w, https:\/\/k-level.com\/wp-content\/uploads\/2025\/07\/LLRA091-150x150.jpg 150w, https:\/\/k-level.com\/wp-content\/uploads\/2025\/07\/LLRA091-768x768.jpg 768w, https:\/\/k-level.com\/wp-content\/uploads\/2025\/07\/LLRA091-12x12.jpg 12w, https:\/\/k-level.com\/wp-content\/uploads\/2025\/07\/LLRA091-370x370.jpg 370w, https:\/\/k-level.com\/wp-content\/uploads\/2025\/07\/LLRA091-400x400.jpg 400w, https:\/\/k-level.com\/wp-content\/uploads\/2025\/07\/LLRA091-100x100.jpg 100w, https:\/\/k-level.com\/wp-content\/uploads\/2025\/07\/LLRA091-50x50.jpg 50w, https:\/\/k-level.com\/wp-content\/uploads\/2025\/07\/LLRA091.jpg 800w\" sizes=\"(max-width: 300px) 100vw, 300px\" \/><\/p>\n<p>Keni nevoj\u00eb p\u00ebr nj\u00eb zgjidhje?<\/p>\n<p><a href=\"https:\/\/k-level.com\/sq\/rreth-nesh\/\">Niveli K<\/a>\u00a0ofron Sh\u00ebrbime Konsulence p\u00ebr pajisje matjeje. Na kontaktoni p\u00ebr porosi me shumic\u00eb ose mb\u00ebshtetje teknike!<\/p>\n<p>&nbsp;<\/p>","protected":false},"excerpt":{"rendered":"<ul>\n<li>K-level vazhdon t\u00eb ofroj\u00eb zgjidhje t\u00eb nivelit profesional q\u00eb jan\u00eb t\u00eb thjeshta, inteligjente dhe efektive.<\/li>\n<li>P\u00ebrshtat\u00ebsi perfekt i trek\u00ebmb\u00ebshit t\u00eb nivelit me lazer p\u00ebr t\u00eb p\u00ebrmir\u00ebsuar rrjedh\u00ebn e pun\u00ebs dhe sakt\u00ebsin\u00eb e lazerit.<\/li>\n<\/ul>\n<p><img decoding=\"async\" class=\"alignnone size-medium wp-image-13646\" src=\"https:\/\/k-level.com\/wp-content\/uploads\/2025\/05\/logo-300x98.png\" alt=\"\" width=\"300\" height=\"98\" srcset=\"https:\/\/k-level.com\/wp-content\/uploads\/2025\/05\/logo-300x98.png 300w, https:\/\/k-level.com\/wp-content\/uploads\/2025\/05\/logo-18x6.png 18w, https:\/\/k-level.com\/wp-content\/uploads\/2025\/05\/logo.png 307w\" sizes=\"(max-width: 300px) 100vw, 300px\" \/><\/p>","protected":false},"featured_media":13842,"comment_status":"open","ping_status":"closed","template":"","meta":[],"product_brand":[],"product_cat":[264],"product_tag":[238],"class_list":{"0":"post-13841","1":"product","2":"type-product","3":"status-publish","4":"has-post-thumbnail","6":"product_cat-rotation-adapter","7":"product_tag-carpentry-and-furniture","9":"first","10":"instock","11":"shipping-taxable","12":"product-type-simple"},"_links":{"self":[{"href":"https:\/\/k-level.com\/sq\/wp-json\/wp\/v2\/product\/13841","targetHints":{"allow":["GET"]}}],"collection":[{"href":"https:\/\/k-level.com\/sq\/wp-json\/wp\/v2\/product"}],"about":[{"href":"https:\/\/k-level.com\/sq\/wp-json\/wp\/v2\/types\/product"}],"replies":[{"embeddable":true,"href":"https:\/\/k-level.com\/sq\/wp-json\/wp\/v2\/comments?post=13841"}],"version-history":[{"count":2,"href":"https:\/\/k-level.com\/sq\/wp-json\/wp\/v2\/product\/13841\/revisions"}],"predecessor-version":[{"id":13844,"href":"https:\/\/k-level.com\/sq\/wp-json\/wp\/v2\/product\/13841\/revisions\/13844"}],"wp:featuredmedia":[{"embeddable":true,"href":"https:\/\/k-level.com\/sq\/wp-json\/wp\/v2\/media\/13842"}],"wp:attachment":[{"href":"https:\/\/k-level.com\/sq\/wp-json\/wp\/v2\/media?parent=13841"}],"wp:term":[{"taxonomy":"product_brand","embeddable":true,"href":"https:\/\/k-level.com\/sq\/wp-json\/wp\/v2\/product_brand?post=13841"},{"taxonomy":"product_cat","embeddable":true,"href":"https:\/\/k-level.com\/sq\/wp-json\/wp\/v2\/product_cat?post=13841"},{"taxonomy":"product_tag","embeddable":true,"href":"https:\/\/k-level.com\/sq\/wp-json\/wp\/v2\/product_tag?post=13841"}],"curies":[{"name":"wp","href":"https:\/\/api.w.org\/{rel}","templated":true}]}}