{"id":13825,"date":"2025-07-16T16:54:52","date_gmt":"2025-07-16T08:54:52","guid":{"rendered":"https:\/\/k-level.com\/?post_type=product&#038;p=13825"},"modified":"2025-07-16T17:11:06","modified_gmt":"2025-07-16T09:11:06","slug":"adaptor-rrotullues-i-nivelit-te-lazerit-llra02","status":"publish","type":"product","link":"https:\/\/k-level.com\/sq\/produkt\/adaptor-rrotullues-i-nivelit-te-lazerit-llra02\/","title":{"rendered":"Adaptues rrotullues i nivelit me lazer LLRA02"},"content":{"rendered":"<p>Niveli K <strong>Adaptues rrotullues i nivelit me lazer LLRA02<\/strong> \u2013 Rrotullim preciz p\u00ebr nivelim me lazer<\/p>\n<p>Nivelatori rrotullues me lazer LLRA02 \u00ebsht\u00eb nj\u00eb aksesor me performanc\u00eb t\u00eb lart\u00eb i projektuar p\u00ebr t\u00eb p\u00ebrmir\u00ebsuar funksionalitetin e niveleve me lazer n\u00eb aplikimet e nd\u00ebrtimit dhe matjeve.<\/p>\n<p><a href=\"https:\/\/k-level.com\/sq\/na-kontaktoni\/\">Adaptues rrotullues i nivelit me lazer LLRA02<\/a> \u00ebsht\u00eb fije 1\/4\u2033-20, kjo <a href=\"https:\/\/k-level.com\/sq\/na-kontaktoni\/\">Baz\u00eb rrotulluese p\u00ebr rregullimin e adaptorit t\u00eb nivelimit me lazer<\/a> Siguron p\u00ebrputhshm\u00ebri t\u00eb p\u00ebrsosur me shumic\u00ebn e trek\u00ebmb\u00ebshave dhe nj\u00ebsive t\u00eb nivelimit me lazer, duke ofruar rrotullim t\u00eb qet\u00eb 360\u00b0 p\u00ebr nj\u00eb shtrirje t\u00eb sakt\u00eb.<\/p>\n<p><img fetchpriority=\"high\" decoding=\"async\" class=\"aligncenter wp-image-13828 size-medium\" src=\"https:\/\/k-level.com\/wp-content\/uploads\/2025\/07\/LLRA025-300x300.jpg\" alt=\"Adaptues rrotullues i nivelit me lazer LLRA02\" width=\"300\" height=\"300\" srcset=\"https:\/\/k-level.com\/wp-content\/uploads\/2025\/07\/LLRA025-300x300.jpg 300w, https:\/\/k-level.com\/wp-content\/uploads\/2025\/07\/LLRA025-150x150.jpg 150w, https:\/\/k-level.com\/wp-content\/uploads\/2025\/07\/LLRA025-768x768.jpg 768w, https:\/\/k-level.com\/wp-content\/uploads\/2025\/07\/LLRA025-12x12.jpg 12w, https:\/\/k-level.com\/wp-content\/uploads\/2025\/07\/LLRA025-370x370.jpg 370w, https:\/\/k-level.com\/wp-content\/uploads\/2025\/07\/LLRA025-400x400.jpg 400w, https:\/\/k-level.com\/wp-content\/uploads\/2025\/07\/LLRA025-100x100.jpg 100w, https:\/\/k-level.com\/wp-content\/uploads\/2025\/07\/LLRA025-50x50.jpg 50w, https:\/\/k-level.com\/wp-content\/uploads\/2025\/07\/LLRA025.jpg 800w\" sizes=\"(max-width: 300px) 100vw, 300px\" \/><\/p>\n<p>Keni nevoj\u00eb p\u00ebr nj\u00eb zgjidhje?<\/p>\n<p><a href=\"https:\/\/k-level.com\/sq\/na-kontaktoni\/\">Niveli K<\/a>\u00a0ofron Sh\u00ebrbime Konsulence p\u00ebr pajisje matjeje. Na kontaktoni p\u00ebr porosi me shumic\u00eb ose mb\u00ebshtetje teknike!<\/p>\n<p>&nbsp;<\/p>","protected":false},"excerpt":{"rendered":"<ul>\n<li>Baza rrotulluese e adaptorit t\u00eb nivelimit me lazer LLRA02 dhe rregullimit t\u00eb nivelimit me lazer ofron sakt\u00ebsi dhe besueshm\u00ebri t\u00eb pakrahasueshme.<\/li>\n<li>P\u00ebrmir\u00ebsoni konfigurimin tuaj t\u00eb nivelit t\u00eb lazerit me adaptorin rrotullues t\u00eb nivelit profesional t\u00eb K-Level!<\/li>\n<\/ul>\n<p><img decoding=\"async\" class=\"alignnone size-medium wp-image-13646\" src=\"https:\/\/k-level.com\/wp-content\/uploads\/2025\/05\/logo-300x98.png\" alt=\"\" width=\"300\" height=\"98\" srcset=\"https:\/\/k-level.com\/wp-content\/uploads\/2025\/05\/logo-300x98.png 300w, https:\/\/k-level.com\/wp-content\/uploads\/2025\/05\/logo-18x6.png 18w, https:\/\/k-level.com\/wp-content\/uploads\/2025\/05\/logo.png 307w\" sizes=\"(max-width: 300px) 100vw, 300px\" \/><\/p>","protected":false},"featured_media":13827,"comment_status":"open","ping_status":"closed","template":"","meta":[],"product_brand":[],"product_cat":[264],"product_tag":[238],"class_list":{"0":"post-13825","1":"product","2":"type-product","3":"status-publish","4":"has-post-thumbnail","6":"product_cat-rotation-adapter","7":"product_tag-carpentry-and-furniture","9":"first","10":"instock","11":"shipping-taxable","12":"product-type-simple"},"_links":{"self":[{"href":"https:\/\/k-level.com\/sq\/wp-json\/wp\/v2\/product\/13825","targetHints":{"allow":["GET"]}}],"collection":[{"href":"https:\/\/k-level.com\/sq\/wp-json\/wp\/v2\/product"}],"about":[{"href":"https:\/\/k-level.com\/sq\/wp-json\/wp\/v2\/types\/product"}],"replies":[{"embeddable":true,"href":"https:\/\/k-level.com\/sq\/wp-json\/wp\/v2\/comments?post=13825"}],"version-history":[{"count":2,"href":"https:\/\/k-level.com\/sq\/wp-json\/wp\/v2\/product\/13825\/revisions"}],"predecessor-version":[{"id":13830,"href":"https:\/\/k-level.com\/sq\/wp-json\/wp\/v2\/product\/13825\/revisions\/13830"}],"wp:featuredmedia":[{"embeddable":true,"href":"https:\/\/k-level.com\/sq\/wp-json\/wp\/v2\/media\/13827"}],"wp:attachment":[{"href":"https:\/\/k-level.com\/sq\/wp-json\/wp\/v2\/media?parent=13825"}],"wp:term":[{"taxonomy":"product_brand","embeddable":true,"href":"https:\/\/k-level.com\/sq\/wp-json\/wp\/v2\/product_brand?post=13825"},{"taxonomy":"product_cat","embeddable":true,"href":"https:\/\/k-level.com\/sq\/wp-json\/wp\/v2\/product_cat?post=13825"},{"taxonomy":"product_tag","embeddable":true,"href":"https:\/\/k-level.com\/sq\/wp-json\/wp\/v2\/product_tag?post=13825"}],"curies":[{"name":"wp","href":"https:\/\/api.w.org\/{rel}","templated":true}]}}