{"id":13821,"date":"2025-07-16T16:41:09","date_gmt":"2025-07-16T08:41:09","guid":{"rendered":"https:\/\/k-level.com\/?post_type=product&#038;p=13821"},"modified":"2025-07-16T16:41:09","modified_gmt":"2025-07-16T08:41:09","slug":"adaptori-rrotullues-i-nivelit-te-lazerit-llra01","status":"publish","type":"product","link":"https:\/\/k-level.com\/sq\/produkt\/adaptori-rrotullues-i-nivelit-te-lazerit-llra01\/","title":{"rendered":"Adaptues rrotullues i nivelit t\u00eb lazerit LLRA01"},"content":{"rendered":"<p><strong>P\u00ebrmbledhje e P\u00ebrshtat\u00ebsit Rrotullues t\u00eb Nivelit t\u00eb Lazerit LLRA01<\/strong><\/p>\n<p>Si nj\u00eb i besuesh\u00ebm <a href=\"https:\/\/k-level.com\/sq\/dyqan\/\">P\u00ebrshtat\u00ebs p\u00ebr matjen e nivelit<\/a>, P\u00ebrshtat\u00ebsi rrotullues i niveluesit t\u00eb lazerit LLRA01 \u00ebsht\u00eb ideal p\u00ebr drejtimin e mjeteve lazer me stabilitet dhe sakt\u00ebsi m\u00eb t\u00eb madhe n\u00eb vendet e pun\u00ebs.<\/p>\n<p>Adaptuesi rrotullues i nivelit t\u00eb lazerit LLRA01 \u00ebsht\u00eb projektuar p\u00ebr t\u00eb ofruar rregullime rrotulluese t\u00eb l\u00ebmuara dhe t\u00eb sakta, duke e b\u00ebr\u00eb at\u00eb nj\u00eb zgjidhje t\u00eb shk\u00eblqyer p\u00ebr rregullimin e im\u00ebt t\u00eb lazerit tuaj gjat\u00eb detyrave t\u00eb paraqitjes, nivelimit dhe rreshtimit. Pajtueshm\u00ebria e tij me dy fileta - 1\/4\u2033-20 n\u00eb pjes\u00ebn e sip\u00ebrme dhe 5\/8\u2033-11 n\u00eb pjes\u00ebn e poshtme - i lejon atij t\u00eb lidh\u00eb nj\u00eb gam\u00eb t\u00eb gjer\u00eb nivelash lazeri, trek\u00ebmb\u00ebshash dhe instrumentesh matjeje. Kjo e b\u00ebn at\u00eb shum\u00eb t\u00eb pajtuesh\u00ebm. <a href=\"https:\/\/k-level.com\/sq\/dyqan\/\">P\u00ebrshtat\u00ebs p\u00ebr matjen e nivelit<\/a> p\u00ebr aplikime profesionale dhe DIY.<\/p>\n<p>Me nj\u00eb diamet\u00ebr t\u00eb jasht\u00ebm prej 65 mm, LLRA01 ofron nj\u00eb baz\u00eb kompakte, por t\u00eb q\u00ebndrueshme p\u00ebr operacione rrotulluese. Dizajni preciz i adaptorit lejon rrotullim 360\u00b0, duke u dh\u00ebn\u00eb p\u00ebrdoruesve kontroll t\u00eb plot\u00eb mbi drejtimin e rrezes s\u00eb lazerit pa pasur nevoj\u00eb t\u00eb ripozicionojn\u00eb t\u00eb gjith\u00eb konfigurimin. Pavar\u00ebsisht n\u00ebse po punoni me paraqitje horizontale apo vertikale, <a href=\"https:\/\/k-level.com\/sq\/na-kontaktoni\/\">Adaptues rrotullues i nivelit t\u00eb lazerit LLRA01<\/a> ofron stabilitetin dhe fleksibilitetin q\u00eb ju nevojitet.<img fetchpriority=\"high\" decoding=\"async\" class=\"aligncenter wp-image-13822 size-medium\" src=\"https:\/\/k-level.com\/wp-content\/uploads\/2025\/07\/LLRA011-300x300.jpg\" alt=\"P\u00ebrshtat\u00ebs p\u00ebr matjen e nivelit\" width=\"300\" height=\"300\" srcset=\"https:\/\/k-level.com\/wp-content\/uploads\/2025\/07\/LLRA011-300x300.jpg 300w, https:\/\/k-level.com\/wp-content\/uploads\/2025\/07\/LLRA011-150x150.jpg 150w, https:\/\/k-level.com\/wp-content\/uploads\/2025\/07\/LLRA011-768x768.jpg 768w, https:\/\/k-level.com\/wp-content\/uploads\/2025\/07\/LLRA011-12x12.jpg 12w, https:\/\/k-level.com\/wp-content\/uploads\/2025\/07\/LLRA011-370x370.jpg 370w, https:\/\/k-level.com\/wp-content\/uploads\/2025\/07\/LLRA011-400x400.jpg 400w, https:\/\/k-level.com\/wp-content\/uploads\/2025\/07\/LLRA011-100x100.jpg 100w, https:\/\/k-level.com\/wp-content\/uploads\/2025\/07\/LLRA011-50x50.jpg 50w, https:\/\/k-level.com\/wp-content\/uploads\/2025\/07\/LLRA011.jpg 800w\" sizes=\"(max-width: 300px) 100vw, 300px\" \/><\/p>\n<p>Adaptues i besuesh\u00ebm p\u00ebr matjen e nivelit, ky produkt \u00ebsht\u00eb nd\u00ebrtuar nga materiale me cil\u00ebsi t\u00eb lart\u00eb p\u00ebr t\u00eb siguruar q\u00ebndrueshm\u00ebri si n\u00eb mjedise t\u00eb brendshme ashtu edhe n\u00eb t\u00eb jashtme.<\/p>\n<p>Keni nevoj\u00eb p\u00ebr nj\u00eb zgjidhje?<\/p>\n<p>K-level ofron Sh\u00ebrbime Konsulence p\u00ebr pajisje matjeje. Na kontaktoni p\u00ebr porosi me shumic\u00eb ose mb\u00ebshtetje teknike!<\/p>","protected":false},"excerpt":{"rendered":"<ul>\n<li>Angazhimi i K-level ndaj funksionalitetit, precizitetit dhe performanc\u00ebs s\u00eb nivelit profesional<\/li>\n<li>E b\u00ebn LLRA01 nj\u00eb mjet thelb\u00ebsor n\u00eb \u00e7do konfigurim t\u00eb matjeve me lazer.<\/li>\n<\/ul>\n<p><img decoding=\"async\" class=\"alignnone size-medium wp-image-13646\" src=\"https:\/\/k-level.com\/wp-content\/uploads\/2025\/05\/logo-300x98.png\" alt=\"\" width=\"300\" height=\"98\" srcset=\"https:\/\/k-level.com\/wp-content\/uploads\/2025\/05\/logo-300x98.png 300w, https:\/\/k-level.com\/wp-content\/uploads\/2025\/05\/logo-18x6.png 18w, https:\/\/k-level.com\/wp-content\/uploads\/2025\/05\/logo.png 307w\" sizes=\"(max-width: 300px) 100vw, 300px\" \/><\/p>","protected":false},"featured_media":13822,"comment_status":"open","ping_status":"closed","template":"","meta":[],"product_brand":[],"product_cat":[264],"product_tag":[238],"class_list":{"0":"post-13821","1":"product","2":"type-product","3":"status-publish","4":"has-post-thumbnail","6":"product_cat-rotation-adapter","7":"product_tag-carpentry-and-furniture","9":"first","10":"instock","11":"shipping-taxable","12":"product-type-simple"},"_links":{"self":[{"href":"https:\/\/k-level.com\/sq\/wp-json\/wp\/v2\/product\/13821","targetHints":{"allow":["GET"]}}],"collection":[{"href":"https:\/\/k-level.com\/sq\/wp-json\/wp\/v2\/product"}],"about":[{"href":"https:\/\/k-level.com\/sq\/wp-json\/wp\/v2\/types\/product"}],"replies":[{"embeddable":true,"href":"https:\/\/k-level.com\/sq\/wp-json\/wp\/v2\/comments?post=13821"}],"version-history":[{"count":2,"href":"https:\/\/k-level.com\/sq\/wp-json\/wp\/v2\/product\/13821\/revisions"}],"predecessor-version":[{"id":13824,"href":"https:\/\/k-level.com\/sq\/wp-json\/wp\/v2\/product\/13821\/revisions\/13824"}],"wp:featuredmedia":[{"embeddable":true,"href":"https:\/\/k-level.com\/sq\/wp-json\/wp\/v2\/media\/13822"}],"wp:attachment":[{"href":"https:\/\/k-level.com\/sq\/wp-json\/wp\/v2\/media?parent=13821"}],"wp:term":[{"taxonomy":"product_brand","embeddable":true,"href":"https:\/\/k-level.com\/sq\/wp-json\/wp\/v2\/product_brand?post=13821"},{"taxonomy":"product_cat","embeddable":true,"href":"https:\/\/k-level.com\/sq\/wp-json\/wp\/v2\/product_cat?post=13821"},{"taxonomy":"product_tag","embeddable":true,"href":"https:\/\/k-level.com\/sq\/wp-json\/wp\/v2\/product_tag?post=13821"}],"curies":[{"name":"wp","href":"https:\/\/api.w.org\/{rel}","templated":true}]}}