{"id":13805,"date":"2025-07-16T15:29:23","date_gmt":"2025-07-16T07:29:23","guid":{"rendered":"https:\/\/k-level.com\/?post_type=product&#038;p=13805"},"modified":"2025-07-16T15:31:45","modified_gmt":"2025-07-16T07:31:45","slug":"kllape-lazeri-rrotulluese-rlb02a-02b","status":"publish","type":"product","link":"https:\/\/k-level.com\/sq\/produkt\/kllape-lazeri-rrotulluese-rlb02a-02b\/","title":{"rendered":"Mb\u00ebshtet\u00ebse lazeri rrotulluese RLB02A\/02B"},"content":{"rendered":"<p><strong>P\u00ebrmbledhje e kllap\u00ebs s\u00eb lazerit rrotullues RLB02A\/02B<\/strong><\/p>\n<p><a href=\"https:\/\/k-level.com\/sq\/rreth-nesh\/\">Mb\u00ebshtet\u00ebse lazeri rrotulluese RLB02A\/02B<\/a> seri \u2014 nj\u00eb zgjidhje e gjithanshme e projektuar p\u00ebr profesionist\u00ebt q\u00eb k\u00ebrkojn\u00eb <a href=\"https:\/\/k-level.com\/sq\/rreth-nesh\/\">Kllapa m\u00eb e mir\u00eb rrotulluese e lazerit<\/a> p\u00ebr instalime n\u00eb tavan dhe korniza \u00e7eliku n\u00eb form\u00eb L. I projektuar me nj\u00eb trup t\u00ebr\u00ebsisht metalik, mb\u00ebshtet\u00ebsja rrotulluese e lazerit RLB02A\/02B ofron q\u00ebndrueshm\u00ebri, stabilitet dhe leht\u00ebsi p\u00ebrdorimi n\u00eb vendet e pun\u00ebs me k\u00ebrkesa t\u00eb larta.<\/p>\n<p><img fetchpriority=\"high\" decoding=\"async\" class=\"aligncenter wp-image-13809 size-medium\" src=\"https:\/\/k-level.com\/wp-content\/uploads\/2025\/07\/RLB02B1-1-300x300.jpg\" alt=\"Kllapa m\u00eb e mir\u00eb rrotulluese e lazerit\" width=\"300\" height=\"300\" srcset=\"https:\/\/k-level.com\/wp-content\/uploads\/2025\/07\/RLB02B1-1-300x300.jpg 300w, https:\/\/k-level.com\/wp-content\/uploads\/2025\/07\/RLB02B1-1-150x150.jpg 150w, https:\/\/k-level.com\/wp-content\/uploads\/2025\/07\/RLB02B1-1-768x768.jpg 768w, https:\/\/k-level.com\/wp-content\/uploads\/2025\/07\/RLB02B1-1-12x12.jpg 12w, https:\/\/k-level.com\/wp-content\/uploads\/2025\/07\/RLB02B1-1-370x370.jpg 370w, https:\/\/k-level.com\/wp-content\/uploads\/2025\/07\/RLB02B1-1-400x400.jpg 400w, https:\/\/k-level.com\/wp-content\/uploads\/2025\/07\/RLB02B1-1-100x100.jpg 100w, https:\/\/k-level.com\/wp-content\/uploads\/2025\/07\/RLB02B1-1-50x50.jpg 50w, https:\/\/k-level.com\/wp-content\/uploads\/2025\/07\/RLB02B1-1.jpg 800w\" sizes=\"(max-width: 300px) 100vw, 300px\" \/><\/p>\n<p>Seria e Mb\u00ebshtet\u00ebses s\u00eb Lazerit Rrotullues RLB02 p\u00ebrfshin dy modele: Mb\u00ebshtet\u00ebsen e Lazerit Rrotullues RLB02A dhe Mb\u00ebshtet\u00ebsen e Lazerit Rrotullues RLB02B, secila prej t\u00eb cilave ofron metoda t\u00eb ndryshme montimi p\u00ebr t&#039;iu p\u00ebrshtatur skenar\u00ebve t\u00eb ndrysh\u00ebm t\u00eb nd\u00ebrtimit. Pavar\u00ebsisht n\u00ebse po punoni n\u00eb nj\u00eb korniz\u00eb tavani prej druri apo n\u00eb nj\u00eb sistem kanalesh \u00e7eliku, k\u00ebto mb\u00ebshtet\u00ebse jan\u00eb t\u00eb dizajnuara p\u00ebr ta b\u00ebr\u00eb instalimin e nivelit t\u00eb lazerit m\u00eb efikas dhe t\u00eb sigurt.<\/p>\n<p>Mb\u00ebshtet\u00ebse lazeri rrotulluese RLB02A p\u00ebr \u00e7elik t\u00eb leht\u00eb.<\/p>\n<p>Mb\u00ebshtet\u00ebse lazeri rrotulluese RLB02B p\u00ebr dru.<\/p>\n<p>I njohur si nj\u00eb nga <a href=\"https:\/\/k-level.com\/sq\/rreth-nesh\/\">Kllapa m\u00eb e mir\u00eb rrotulluese e lazerit<\/a> Me opsionet n\u00eb treg, RLB02A\/02B p\u00ebrdoret gjer\u00ebsisht n\u00eb p\u00ebrpunimin e drurit, nd\u00ebrtimin e tavaneve t\u00eb varura dhe projektet e \u00e7elikut me kanal L. Kllapat lejojn\u00eb montimin dhe pozicionimin e shpejt\u00eb t\u00eb lazer\u00ebve rrotullues, duke ofruar fleksibilitet maksimal pa sakrifikuar sakt\u00ebsin\u00eb. Fal\u00eb dizajnit t\u00eb fort\u00eb t\u00ebr\u00ebsisht metalik, ato i rezistojn\u00eb konsumimit duke ruajtur performanc\u00eb t\u00eb lart\u00eb.<\/p>\n<p>Keni nevoj\u00eb p\u00ebr nj\u00eb zgjidhje?<\/p>\n<p>K-level ofron Sh\u00ebrbime Konsulence p\u00ebr pajisje matjeje. Na kontaktoni p\u00ebr porosi me shumic\u00eb ose mb\u00ebshtetje teknike!<\/p>","protected":false},"excerpt":{"rendered":"<ul>\n<li>Mb\u00ebshtet\u00ebsja rrotulluese e lazerit RLB02A \u00ebsht\u00eb mb\u00ebshtet\u00ebse muri shum\u00ebfunksionale p\u00ebr \u00e7elik t\u00eb leht\u00eb<\/li>\n<li>Mb\u00ebshtet\u00ebsja rrotulluese e lazerit RLB02B \u00ebsht\u00eb mb\u00ebshtet\u00ebse muri shum\u00ebfunksionale p\u00ebr dru<\/li>\n<\/ul>\n<p><img decoding=\"async\" class=\"alignnone size-medium wp-image-13646\" src=\"https:\/\/k-level.com\/wp-content\/uploads\/2025\/05\/logo-300x98.png\" alt=\"\" width=\"300\" height=\"98\" srcset=\"https:\/\/k-level.com\/wp-content\/uploads\/2025\/05\/logo-300x98.png 300w, https:\/\/k-level.com\/wp-content\/uploads\/2025\/05\/logo-18x6.png 18w, https:\/\/k-level.com\/wp-content\/uploads\/2025\/05\/logo.png 307w\" sizes=\"(max-width: 300px) 100vw, 300px\" \/><\/p>","protected":false},"featured_media":13806,"comment_status":"open","ping_status":"closed","template":"","meta":[],"product_brand":[],"product_cat":[261],"product_tag":[238],"class_list":{"0":"post-13805","1":"product","2":"type-product","3":"status-publish","4":"has-post-thumbnail","6":"product_cat-rotary-laser-bracket","7":"product_tag-carpentry-and-furniture","9":"first","10":"instock","11":"shipping-taxable","12":"product-type-simple"},"_links":{"self":[{"href":"https:\/\/k-level.com\/sq\/wp-json\/wp\/v2\/product\/13805","targetHints":{"allow":["GET"]}}],"collection":[{"href":"https:\/\/k-level.com\/sq\/wp-json\/wp\/v2\/product"}],"about":[{"href":"https:\/\/k-level.com\/sq\/wp-json\/wp\/v2\/types\/product"}],"replies":[{"embeddable":true,"href":"https:\/\/k-level.com\/sq\/wp-json\/wp\/v2\/comments?post=13805"}],"version-history":[{"count":2,"href":"https:\/\/k-level.com\/sq\/wp-json\/wp\/v2\/product\/13805\/revisions"}],"predecessor-version":[{"id":13811,"href":"https:\/\/k-level.com\/sq\/wp-json\/wp\/v2\/product\/13805\/revisions\/13811"}],"wp:featuredmedia":[{"embeddable":true,"href":"https:\/\/k-level.com\/sq\/wp-json\/wp\/v2\/media\/13806"}],"wp:attachment":[{"href":"https:\/\/k-level.com\/sq\/wp-json\/wp\/v2\/media?parent=13805"}],"wp:term":[{"taxonomy":"product_brand","embeddable":true,"href":"https:\/\/k-level.com\/sq\/wp-json\/wp\/v2\/product_brand?post=13805"},{"taxonomy":"product_cat","embeddable":true,"href":"https:\/\/k-level.com\/sq\/wp-json\/wp\/v2\/product_cat?post=13805"},{"taxonomy":"product_tag","embeddable":true,"href":"https:\/\/k-level.com\/sq\/wp-json\/wp\/v2\/product_tag?post=13805"}],"curies":[{"name":"wp","href":"https:\/\/api.w.org\/{rel}","templated":true}]}}