{"id":13604,"date":"2025-07-01T15:49:48","date_gmt":"2025-07-01T07:49:48","guid":{"rendered":"https:\/\/k-level.com\/?post_type=product&#038;p=13604"},"modified":"2025-07-15T17:34:36","modified_gmt":"2025-07-15T09:34:36","slug":"kllape-lazeri-linear-llb25a-25ab","status":"publish","type":"product","link":"https:\/\/k-level.com\/sq\/produkt\/kllape-lazeri-linear-llb25a-25ab\/","title":{"rendered":"Mb\u00ebshtet\u00ebse lazeri linje LLB25A\/25AB"},"content":{"rendered":"<p>Mb\u00ebshtet\u00ebsja e lazerit linor LLB25A\/25AB \u00ebsht\u00eb nj\u00eb mb\u00ebshtet\u00ebse magnetike inovative n\u00eb form\u00eb L q\u00eb mund t\u00eb rrotullohet 360\u00b0, duke ofruar mund\u00ebsi fleksibile instalimi, qoft\u00eb n\u00eb mur apo n\u00eb tavan, ajo mund t\u00eb p\u00ebrballoj\u00eb leht\u00ebsisht k\u00ebt\u00eb, duke ju sjell\u00eb komoditet t\u00eb madh.<\/p>\n<p>I\/E\/T\u00eb\/T\u00eb <a href=\"https:\/\/k-level.com\/sq\/dyqan\/\">Mb\u00ebshtet\u00ebse magnetike shum\u00ebfunksionale e LLB25A\/25AB<\/a> kombinon forc\u00ebn magnetike t\u00eb jasht\u00ebzakonshme me p\u00ebrshtatshm\u00ebri t\u00eb pakrahasueshme. Me nj\u00eb forc\u00eb t\u00eb fuqishme mbajt\u00ebse prej 25 kg\/cm\u00b2, kjo Mb\u00ebshtet\u00ebse Magnetike Shum\u00ebfunksionale fiksohet n\u00eb m\u00ebnyr\u00eb t\u00eb sigurt n\u00eb \u00e7do sip\u00ebrfaqe hekuri, duke ofruar nj\u00ebkoh\u00ebsisht mund\u00ebsi t\u00eb shumta konfigurimi.<\/p>\n<p>LLB25A\/25AB <a href=\"https:\/\/k-level.com\/sq\/dyqan\/\">Mb\u00ebshtet\u00ebse magnetike shum\u00ebfunksionale<\/a> \u00cbsht\u00eb nd\u00ebrtuar nga nj\u00eb aliazh alumini i grad\u00ebs ushtarake me shtres\u00eb t\u00eb p\u00ebrparuar anti-korrozioni, duke siguruar q\u00ebndrueshm\u00ebri n\u00eb kushte t\u00eb v\u00ebshtira pune. Pajtueshm\u00ebria e tij universale me t\u00eb gjitha markat kryesore t\u00eb nivelit t\u00eb lazerit e b\u00ebn at\u00eb zgjedhjen perfekte p\u00ebr kontraktor\u00ebt, gjeodet\u00ebt dhe teknik\u00ebt industrial\u00eb q\u00eb k\u00ebrkojn\u00eb performanc\u00eb t\u00eb grad\u00ebs profesionale.<\/p>\n<p><img fetchpriority=\"high\" decoding=\"async\" class=\"aligncenter wp-image-13608 size-medium\" src=\"https:\/\/k-level.com\/wp-content\/uploads\/2025\/07\/04-1-300x300.jpg\" alt=\"Mb\u00ebshtet\u00ebse magnetike shum\u00ebfunksionale\" width=\"300\" height=\"300\" srcset=\"https:\/\/k-level.com\/wp-content\/uploads\/2025\/07\/04-1-300x300.jpg 300w, https:\/\/k-level.com\/wp-content\/uploads\/2025\/07\/04-1-150x150.jpg 150w, https:\/\/k-level.com\/wp-content\/uploads\/2025\/07\/04-1-768x768.jpg 768w, https:\/\/k-level.com\/wp-content\/uploads\/2025\/07\/04-1-12x12.jpg 12w, https:\/\/k-level.com\/wp-content\/uploads\/2025\/07\/04-1-370x370.jpg 370w, https:\/\/k-level.com\/wp-content\/uploads\/2025\/07\/04-1-400x400.jpg 400w, https:\/\/k-level.com\/wp-content\/uploads\/2025\/07\/04-1-100x100.jpg 100w, https:\/\/k-level.com\/wp-content\/uploads\/2025\/07\/04-1-50x50.jpg 50w, https:\/\/k-level.com\/wp-content\/uploads\/2025\/07\/04-1.jpg 800w\" sizes=\"(max-width: 300px) 100vw, 300px\" \/><\/p>\n<p>Kjo Mb\u00ebshtet\u00ebse Lazeri Linj\u00ebsor LLB25 ka kat\u00ebr \u00e7el\u00ebsa rregullimi t\u00eb im\u00ebt p\u00ebr t\u00eb ndihmuar p\u00ebrdoruesit t\u00eb rregullojn\u00eb me sakt\u00ebsi pozicionin e lazerit n\u00eb t\u00eb gjitha drejtimet. Diapazoni i rregullimit t\u00eb lart\u00ebsis\u00eb \u00ebsht\u00eb deri n\u00eb 9.5 cm, Mb\u00ebshtet\u00ebsja Magnetike e Nivelit t\u00eb Lazerit siguron q\u00eb ju t\u00eb mund ta fiksoni shpejt lart\u00ebsin\u00eb e pun\u00ebs sipas nevojave aktuale, duke p\u00ebrmir\u00ebsuar shum\u00eb efikasitetin e pun\u00ebs.<\/p>\n<p>Kllapa e lazerit LLB25 Line ka dy modele t\u00eb ndryshme, p\u00ebrkat\u00ebsisht <a href=\"https:\/\/k-level.com\/sq\/dyqan\/\">Mb\u00ebshtet\u00ebse lazeri linear LLB25A<\/a> dhe mbajt\u00ebse lazeri lindor LLB25AB. Mbajt\u00ebsja e lazerit lindor LLB25AB ka nj\u00eb mbajt\u00ebse n\u00eb pjes\u00ebn e pasme.<\/p>\n<p>Keni nevoj\u00eb p\u00ebr nj\u00eb zgjidhje?<br \/>\nK-level ofron Sh\u00ebrbime Konsulence p\u00ebr pajisje matjeje. Na kontaktoni p\u00ebr porosi me shumic\u00eb ose mb\u00ebshtetje teknike!<\/p>","protected":false},"excerpt":{"rendered":"<ul>\n<li>Mb\u00ebshtet\u00ebsja e lazerit linor LLB25A\/25AB p\u00ebr pun\u00eb mat\u00ebse me dizajnin dhe shkatht\u00ebsin\u00eb e saj profesionale.<\/li>\n<li>Kjo mbajt\u00ebse magnetike e nivelit t\u00eb lazerit mund t\u00eb ofroj\u00eb mb\u00ebshtetje t\u00eb q\u00ebndrueshme<\/li>\n<li>rregullim i sakt\u00eb p\u00ebr t&#039;ju ndihmuar t\u00eb kryeni detyra t\u00eb ndryshme pa probleme.<\/li>\n<\/ul>\n<p><img decoding=\"async\" class=\"alignnone size-medium wp-image-13646\" src=\"https:\/\/k-level.com\/wp-content\/uploads\/2025\/05\/logo-300x98.png\" alt=\"\" width=\"300\" height=\"98\" srcset=\"https:\/\/k-level.com\/wp-content\/uploads\/2025\/05\/logo-300x98.png 300w, https:\/\/k-level.com\/wp-content\/uploads\/2025\/05\/logo-18x6.png 18w, https:\/\/k-level.com\/wp-content\/uploads\/2025\/05\/logo.png 307w\" sizes=\"(max-width: 300px) 100vw, 300px\" \/><\/p>\n<p>&nbsp;<\/p>\n<p>&nbsp;<\/p>","protected":false},"featured_media":13606,"comment_status":"open","ping_status":"closed","template":"","meta":[],"product_brand":[],"product_cat":[260],"product_tag":[238],"class_list":{"0":"post-13604","1":"product","2":"type-product","3":"status-publish","4":"has-post-thumbnail","6":"product_cat-line-laser-bracket","7":"product_tag-carpentry-and-furniture","9":"first","10":"instock","11":"shipping-taxable","12":"product-type-simple"},"_links":{"self":[{"href":"https:\/\/k-level.com\/sq\/wp-json\/wp\/v2\/product\/13604","targetHints":{"allow":["GET"]}}],"collection":[{"href":"https:\/\/k-level.com\/sq\/wp-json\/wp\/v2\/product"}],"about":[{"href":"https:\/\/k-level.com\/sq\/wp-json\/wp\/v2\/types\/product"}],"replies":[{"embeddable":true,"href":"https:\/\/k-level.com\/sq\/wp-json\/wp\/v2\/comments?post=13604"}],"version-history":[{"count":3,"href":"https:\/\/k-level.com\/sq\/wp-json\/wp\/v2\/product\/13604\/revisions"}],"predecessor-version":[{"id":13793,"href":"https:\/\/k-level.com\/sq\/wp-json\/wp\/v2\/product\/13604\/revisions\/13793"}],"wp:featuredmedia":[{"embeddable":true,"href":"https:\/\/k-level.com\/sq\/wp-json\/wp\/v2\/media\/13606"}],"wp:attachment":[{"href":"https:\/\/k-level.com\/sq\/wp-json\/wp\/v2\/media?parent=13604"}],"wp:term":[{"taxonomy":"product_brand","embeddable":true,"href":"https:\/\/k-level.com\/sq\/wp-json\/wp\/v2\/product_brand?post=13604"},{"taxonomy":"product_cat","embeddable":true,"href":"https:\/\/k-level.com\/sq\/wp-json\/wp\/v2\/product_cat?post=13604"},{"taxonomy":"product_tag","embeddable":true,"href":"https:\/\/k-level.com\/sq\/wp-json\/wp\/v2\/product_tag?post=13604"}],"curies":[{"name":"wp","href":"https:\/\/api.w.org\/{rel}","templated":true}]}}