{"id":13591,"date":"2025-07-01T14:00:59","date_gmt":"2025-07-01T06:00:59","guid":{"rendered":"https:\/\/k-level.com\/?post_type=product&#038;p=13591"},"modified":"2025-07-15T17:12:27","modified_gmt":"2025-07-15T09:12:27","slug":"kit-aksesoresh-per-nivelin-e-lazerit-me-mbeshtetese-lazeri-llb23a","status":"publish","type":"product","link":"https:\/\/k-level.com\/sq\/produkt\/kit-aksesoresh-per-nivelin-e-lazerit-me-mbeshtetese-lazeri-llb23a\/","title":{"rendered":"Mb\u00ebshtet\u00ebse lazeri linje LLB23A"},"content":{"rendered":"<p>Mb\u00ebshtet\u00ebse lazeri linje LLB23A shum\u00ebfunksionale \u2013 Dizajn magnetik dhe kap\u00ebse e rregullueshme<\/p>\n<p>Mb\u00ebshtet\u00ebsja e lazerit linor LLB23A \u00ebsht\u00eb shoq\u00ebruesi perfekt p\u00ebr mjetet tuaja mat\u00ebse, duke kombinuar dizajnin inovativ me funksionalitetin praktik.<br \/>\nMb\u00ebshtet\u00ebsja e lazerit linor LLB23A \u00ebsht\u00eb e pajisur me nj\u00eb kap\u00ebse t\u00eb rregullueshme me vid\u00eb q\u00eb mund t\u00eb montohet n\u00eb m\u00ebnyr\u00eb t\u00eb sigurt n\u00eb panele deri n\u00eb 8.7 cm t\u00eb larta, duke ofruar nj\u00eb gam\u00eb m\u00eb t\u00eb gjer\u00eb kapjeje sesa modelet tradicionale t\u00eb sust\u00ebs, duke u p\u00ebrshtatur me nj\u00eb s\u00ebr\u00eb skenar\u00ebsh p\u00ebrdorimi.<\/p>\n<p><a href=\"https:\/\/k-level.com\/sq\/dyqan\/\">Mb\u00ebshtet\u00ebse lazeri linje LLB23A<\/a>, pjesa qendrore e gjith\u00ebp\u00ebrmbajt\u00ebses son\u00eb <a href=\"https:\/\/k-level.com\/sq\/dyqan\/\">Kit Aksesori p\u00ebr Nivelin e Lazerit<\/a>E projektuar p\u00ebr profesionist\u00eb q\u00eb k\u00ebrkojn\u00eb shkatht\u00ebsi dhe precizion, kjo zgjidhje e plot\u00eb montimi transformon m\u00ebnyr\u00ebn se si punoni me lazer\u00ebt linear\u00eb n\u00eb nd\u00ebrtim, matje dhe aplikime industriale.<\/p>\n<p>Seti i Aksesor\u00ebve t\u00eb Nivelit Lazer dallohet me sistemin e tij inovativ t\u00eb nd\u00ebrrimit t\u00eb shpejt\u00eb q\u00eb lejon nd\u00ebrrimin pa mundim midis konfigurimeve t\u00eb ndryshme t\u00eb montimit brenda sekondave. N\u00ebse keni nevoj\u00eb p\u00ebr montim n\u00eb tavan, montim n\u00eb mur ose instalim n\u00eb trek\u00ebmb\u00ebsh, ky <a href=\"https:\/\/k-level.com\/sq\/dyqan\/\">Kit Aksesori p\u00ebr Nivelin e Lazerit<\/a> ofron zgjidhjen perfekte. Nd\u00ebrtimi i aluminit t\u00eb grad\u00ebs s\u00eb avionit i LLB23A siguron q\u00ebndrueshm\u00ebri duke ruajtur pesh\u00ebn e leht\u00eb dhe transportueshm\u00ebrin\u00eb.<\/p>\n<p><img fetchpriority=\"high\" decoding=\"async\" class=\"aligncenter wp-image-13592 size-medium\" src=\"https:\/\/k-level.com\/wp-content\/uploads\/2025\/07\/01-300x300.jpg\" alt=\"Kit Aksesori p\u00ebr Nivelin e Lazerit\" width=\"300\" height=\"300\" srcset=\"https:\/\/k-level.com\/wp-content\/uploads\/2025\/07\/01-300x300.jpg 300w, https:\/\/k-level.com\/wp-content\/uploads\/2025\/07\/01-150x150.jpg 150w, https:\/\/k-level.com\/wp-content\/uploads\/2025\/07\/01-768x768.jpg 768w, https:\/\/k-level.com\/wp-content\/uploads\/2025\/07\/01-12x12.jpg 12w, https:\/\/k-level.com\/wp-content\/uploads\/2025\/07\/01-370x370.jpg 370w, https:\/\/k-level.com\/wp-content\/uploads\/2025\/07\/01-400x400.jpg 400w, https:\/\/k-level.com\/wp-content\/uploads\/2025\/07\/01-100x100.jpg 100w, https:\/\/k-level.com\/wp-content\/uploads\/2025\/07\/01-50x50.jpg 50w, https:\/\/k-level.com\/wp-content\/uploads\/2025\/07\/01.jpg 800w\" sizes=\"(max-width: 300px) 100vw, 300px\" \/><\/p>\n<p>Qoft\u00eb brenda apo jasht\u00eb, kjo mbajt\u00ebse ju ofron kat\u00ebr mund\u00ebsi montimi: fiksim magnetik, pllak\u00eb fiksuese, varje n\u00eb gozhda ose montim n\u00eb nj\u00eb trek\u00ebmb\u00ebsh me nj\u00eb port\u00eb t\u00eb filetuar 1\/4\u2033-20. Funksioni i tij i rregullimit shum\u00ebdrejtim\u00ebsh ju lejon t\u00eb rregulloni leht\u00ebsisht k\u00ebndin e lazerit p\u00ebr t\u00eb siguruar sakt\u00ebsin\u00eb e \u00e7do matjeje.<\/p>\n<p>Keni nevoj\u00eb p\u00ebr nj\u00eb zgjidhje?<br \/>\nK-level ofron Sh\u00ebrbime Konsulence p\u00ebr pajisje matjeje. Na kontaktoni p\u00ebr porosi me shumic\u00eb ose mb\u00ebshtetje teknike!<\/p>","protected":false},"excerpt":{"rendered":"<ul>\n<li>Mb\u00ebshtet\u00ebsja e lazerit linor LLB23A \u00ebsht\u00eb nj\u00eb zgjedhje ideale p\u00ebr<\/li>\n<li>Pun\u00eb mat\u00ebse me nd\u00ebrtimin e saj t\u00eb fort\u00eb dhe shkatht\u00ebsin\u00eb.<\/li>\n<li>Kllapa mund t\u00eb ofroj\u00eb mb\u00ebshtetje dhe stabilitet t\u00eb shk\u00eblqyer p\u00ebr t&#039;ju ndihmuar t\u00eb p\u00ebrfundoni leht\u00ebsisht \u00e7do detyr\u00eb matjeje.<\/li>\n<\/ul>\n<p><img decoding=\"async\" class=\"alignnone size-medium wp-image-13646\" src=\"https:\/\/k-level.com\/wp-content\/uploads\/2025\/05\/logo-300x98.png\" alt=\"\" width=\"300\" height=\"98\" srcset=\"https:\/\/k-level.com\/wp-content\/uploads\/2025\/05\/logo-300x98.png 300w, https:\/\/k-level.com\/wp-content\/uploads\/2025\/05\/logo-18x6.png 18w, https:\/\/k-level.com\/wp-content\/uploads\/2025\/05\/logo.png 307w\" sizes=\"(max-width: 300px) 100vw, 300px\" \/><\/p>","protected":false},"featured_media":13593,"comment_status":"open","ping_status":"closed","template":"","meta":[],"product_brand":[],"product_cat":[260],"product_tag":[238],"class_list":{"0":"post-13591","1":"product","2":"type-product","3":"status-publish","4":"has-post-thumbnail","6":"product_cat-line-laser-bracket","7":"product_tag-carpentry-and-furniture","9":"first","10":"instock","11":"shipping-taxable","12":"product-type-simple"},"_links":{"self":[{"href":"https:\/\/k-level.com\/sq\/wp-json\/wp\/v2\/product\/13591","targetHints":{"allow":["GET"]}}],"collection":[{"href":"https:\/\/k-level.com\/sq\/wp-json\/wp\/v2\/product"}],"about":[{"href":"https:\/\/k-level.com\/sq\/wp-json\/wp\/v2\/types\/product"}],"replies":[{"embeddable":true,"href":"https:\/\/k-level.com\/sq\/wp-json\/wp\/v2\/comments?post=13591"}],"version-history":[{"count":3,"href":"https:\/\/k-level.com\/sq\/wp-json\/wp\/v2\/product\/13591\/revisions"}],"predecessor-version":[{"id":13791,"href":"https:\/\/k-level.com\/sq\/wp-json\/wp\/v2\/product\/13591\/revisions\/13791"}],"wp:featuredmedia":[{"embeddable":true,"href":"https:\/\/k-level.com\/sq\/wp-json\/wp\/v2\/media\/13593"}],"wp:attachment":[{"href":"https:\/\/k-level.com\/sq\/wp-json\/wp\/v2\/media?parent=13591"}],"wp:term":[{"taxonomy":"product_brand","embeddable":true,"href":"https:\/\/k-level.com\/sq\/wp-json\/wp\/v2\/product_brand?post=13591"},{"taxonomy":"product_cat","embeddable":true,"href":"https:\/\/k-level.com\/sq\/wp-json\/wp\/v2\/product_cat?post=13591"},{"taxonomy":"product_tag","embeddable":true,"href":"https:\/\/k-level.com\/sq\/wp-json\/wp\/v2\/product_tag?post=13591"}],"curies":[{"name":"wp","href":"https:\/\/api.w.org\/{rel}","templated":true}]}}