{"id":13585,"date":"2025-06-30T17:26:10","date_gmt":"2025-06-30T09:26:10","guid":{"rendered":"https:\/\/k-level.com\/?post_type=product&#038;p=13585"},"modified":"2025-07-15T17:07:28","modified_gmt":"2025-07-15T09:07:28","slug":"kllapa-e-lazerit-te-linjes-llb22a","status":"publish","type":"product","link":"https:\/\/k-level.com\/sq\/produkt\/kllapa-e-lazerit-te-linjes-llb22a\/","title":{"rendered":"Mb\u00ebshtet\u00ebse lazeri linje LLB22A"},"content":{"rendered":"<p>I\/E\/T\u00eb\/T\u00eb <a href=\"https:\/\/k-level.com\/sq\/rreth-nesh\/\">Mb\u00ebshtet\u00ebse lazeri linje LLB22A<\/a> \u00ebsht\u00eb nj\u00eb mjet i gjithansh\u00ebm dhe i q\u00ebndruesh\u00ebm i projektuar p\u00ebr fiksim t\u00eb sigurt n\u00eb skenar\u00eb t\u00eb ndrysh\u00ebm.<\/p>\n<p>Me metoda t\u00eb shum\u00ebfishta fiksimi, p\u00ebrputhshm\u00ebri me fileto fem\u00ebr 1\/4\u2033-20 dhe nj\u00eb dizajn t\u00eb leht\u00eb.<\/p>\n<p>Sistemi i Mb\u00ebshtet\u00ebses Magnetike t\u00eb Nivelit me Lazer t\u00eb LLB22A p\u00ebrfshin nj\u00eb magnet neodimi me rezistenc\u00eb t\u00eb lart\u00eb q\u00eb ofron fuqi t\u00eb jasht\u00ebzakonshme mbajt\u00ebse duke ruajtur nj\u00ebkoh\u00ebsisht shtrirjen perfekte. Ndryshe nga mb\u00ebshtet\u00ebset standarde,<a href=\"https:\/\/k-level.com\/sq\/rreth-nesh\/\"> Mbajt\u00ebse magnetike e nivelit t\u00eb lazerit<\/a> Ofron stabilitet superior (me forc\u00eb magnetike deri n\u00eb 22 kg\/cm\u00b2) q\u00eb i reziston dridhjeve dhe goditjeve aksidentale.<br \/>\nDizajni inovativ p\u00ebrmban nj\u00eb baz\u00eb rrotulluese 360\u00b0 me aft\u00ebsi rregullimi t\u00eb im\u00ebt, duke lejuar nj\u00eb shtrirje t\u00eb lazerit perfekte n\u00eb \u00e7do milimet\u00ebr n\u00eb \u00e7do drejtim.<\/p>\n<p>Mbajt\u00ebsja magnetike e nivelit t\u00eb lazerit n\u00eb modelin ton\u00eb LLB22A p\u00ebrfaq\u00ebson p\u00ebrkushtimin e K-level p\u00ebr t\u00eb krijuar mjete t\u00eb nivelit profesional q\u00eb rrisin efikasitetin e pun\u00ebs.<\/p>\n<p><img fetchpriority=\"high\" decoding=\"async\" class=\"aligncenter wp-image-13587 size-medium\" src=\"https:\/\/k-level.com\/wp-content\/uploads\/2025\/06\/02-4-300x300.jpg\" alt=\"Mbajt\u00ebse magnetike e nivelit t\u00eb lazerit\" width=\"300\" height=\"300\" srcset=\"https:\/\/k-level.com\/wp-content\/uploads\/2025\/06\/02-4-300x300.jpg 300w, https:\/\/k-level.com\/wp-content\/uploads\/2025\/06\/02-4-150x150.jpg 150w, https:\/\/k-level.com\/wp-content\/uploads\/2025\/06\/02-4-768x768.jpg 768w, https:\/\/k-level.com\/wp-content\/uploads\/2025\/06\/02-4-12x12.jpg 12w, https:\/\/k-level.com\/wp-content\/uploads\/2025\/06\/02-4-370x370.jpg 370w, https:\/\/k-level.com\/wp-content\/uploads\/2025\/06\/02-4-400x400.jpg 400w, https:\/\/k-level.com\/wp-content\/uploads\/2025\/06\/02-4-100x100.jpg 100w, https:\/\/k-level.com\/wp-content\/uploads\/2025\/06\/02-4-50x50.jpg 50w, https:\/\/k-level.com\/wp-content\/uploads\/2025\/06\/02-4.jpg 800w\" sizes=\"(max-width: 300px) 100vw, 300px\" \/><\/p>\n<p>Kjo mbajt\u00ebse lazeri linor LLB22A rrit komoditetin dhe efikasitetin p\u00ebr profesionist\u00ebt n\u00eb nd\u00ebrtim dhe matje.<\/p>\n<p>Keni nevoj\u00eb p\u00ebr nj\u00eb zgjidhje?<br \/>\nK-level ofron Sh\u00ebrbime Konsulence p\u00ebr pajisje matjeje. Na kontaktoni p\u00ebr porosi me shumic\u00eb ose mb\u00ebshtetje teknike!<\/p>","protected":false},"excerpt":{"rendered":"<ul>\n<li>Mb\u00ebshtet\u00ebse lazeri LLB22A q\u00eb ju lejon ta fiksoni at\u00eb n\u00eb objekte hekuri<\/li>\n<li>trek\u00ebmb\u00ebsha (me vrima me fileto 1\/4\u2033 dhe 5\/8\u2033), litar\u00eb ose gozhda p\u00ebr aplikime t\u00eb gjithanshme.<\/li>\n<li>I projektuar p\u00ebr pajtueshm\u00ebri, ky mbajt\u00ebse \u00ebsht\u00eb i p\u00ebrshtatsh\u00ebm p\u00ebr t\u00eb gjitha nivelet<\/li>\n<\/ul>\n<p><img decoding=\"async\" class=\"alignnone size-medium wp-image-13646\" src=\"https:\/\/k-level.com\/wp-content\/uploads\/2025\/05\/logo-300x98.png\" alt=\"\" width=\"300\" height=\"98\" srcset=\"https:\/\/k-level.com\/wp-content\/uploads\/2025\/05\/logo-300x98.png 300w, https:\/\/k-level.com\/wp-content\/uploads\/2025\/05\/logo-18x6.png 18w, https:\/\/k-level.com\/wp-content\/uploads\/2025\/05\/logo.png 307w\" sizes=\"(max-width: 300px) 100vw, 300px\" \/><\/p>\n<p>&nbsp;<\/p>","protected":false},"featured_media":13586,"comment_status":"open","ping_status":"closed","template":"","meta":[],"product_brand":[],"product_cat":[261],"product_tag":[238],"class_list":{"0":"post-13585","1":"product","2":"type-product","3":"status-publish","4":"has-post-thumbnail","6":"product_cat-rotary-laser-bracket","7":"product_tag-carpentry-and-furniture","9":"first","10":"instock","11":"shipping-taxable","12":"product-type-simple"},"_links":{"self":[{"href":"https:\/\/k-level.com\/sq\/wp-json\/wp\/v2\/product\/13585","targetHints":{"allow":["GET"]}}],"collection":[{"href":"https:\/\/k-level.com\/sq\/wp-json\/wp\/v2\/product"}],"about":[{"href":"https:\/\/k-level.com\/sq\/wp-json\/wp\/v2\/types\/product"}],"replies":[{"embeddable":true,"href":"https:\/\/k-level.com\/sq\/wp-json\/wp\/v2\/comments?post=13585"}],"version-history":[{"count":3,"href":"https:\/\/k-level.com\/sq\/wp-json\/wp\/v2\/product\/13585\/revisions"}],"predecessor-version":[{"id":13790,"href":"https:\/\/k-level.com\/sq\/wp-json\/wp\/v2\/product\/13585\/revisions\/13790"}],"wp:featuredmedia":[{"embeddable":true,"href":"https:\/\/k-level.com\/sq\/wp-json\/wp\/v2\/media\/13586"}],"wp:attachment":[{"href":"https:\/\/k-level.com\/sq\/wp-json\/wp\/v2\/media?parent=13585"}],"wp:term":[{"taxonomy":"product_brand","embeddable":true,"href":"https:\/\/k-level.com\/sq\/wp-json\/wp\/v2\/product_brand?post=13585"},{"taxonomy":"product_cat","embeddable":true,"href":"https:\/\/k-level.com\/sq\/wp-json\/wp\/v2\/product_cat?post=13585"},{"taxonomy":"product_tag","embeddable":true,"href":"https:\/\/k-level.com\/sq\/wp-json\/wp\/v2\/product_tag?post=13585"}],"curies":[{"name":"wp","href":"https:\/\/api.w.org\/{rel}","templated":true}]}}