{"id":13574,"date":"2025-06-30T17:09:18","date_gmt":"2025-06-30T09:09:18","guid":{"rendered":"https:\/\/k-level.com\/?post_type=product&#038;p=13574"},"modified":"2025-07-15T16:27:03","modified_gmt":"2025-07-15T08:27:03","slug":"kllapa-e-lazerit-te-linjes-llb18a","status":"publish","type":"product","link":"https:\/\/k-level.com\/sq\/produkt\/kllapa-e-lazerit-te-linjes-llb18a\/","title":{"rendered":"Mb\u00ebshtet\u00ebse lazeri linje LLB18A"},"content":{"rendered":"<p>Mb\u00ebshtet\u00ebsja e lazerit me linj\u00eb LLB18A \u00ebsht\u00eb nj\u00eb mjet i besuesh\u00ebm dhe i gjithansh\u00ebm i projektuar p\u00ebr aplikime me lazer, i cili p\u00ebrmban nj\u00eb baz\u00eb magnetike dhe nj\u00eb fileto 1\/4\u2033-20 p\u00ebr fiksim t\u00eb leht\u00eb.<\/p>\n<p>Nd\u00ebrtimi i tij i leht\u00eb por i q\u00ebndruesh\u00ebm dhe dizajni i rregulluesh\u00ebm e b\u00ebjn\u00eb at\u00eb perfekt p\u00ebr arritjen e matjeve t\u00eb sakta.<\/p>\n<p>Mb\u00ebshtet\u00ebse lazeri LLB18A Line, nj\u00eb mjet thelb\u00ebsor i projektuar p\u00ebr profesionist\u00ebt q\u00eb k\u00ebrkojn\u00eb besueshm\u00ebri dhe <a href=\"https:\/\/k-level.com\/sq\/rreth-nesh\/\">Mb\u00ebshtet\u00ebse praktike e nivelit t\u00eb lazerit<\/a> zgjidhje.<\/p>\n<p>Mbajt\u00ebsja jon\u00eb praktike e nivelit t\u00eb lazerit dallohet me nd\u00ebrtimin e saj t\u00eb fort\u00eb prej alumini q\u00eb siguron performanc\u00eb afatgjat\u00eb edhe n\u00eb mjedise pune t\u00eb k\u00ebrkuara. LLB18A p\u00ebrmban nj\u00eb mekaniz\u00ebm t\u00eb \u00e7lirimit t\u00eb shpejt\u00eb dhe aft\u00ebsi rrotullimi 360\u00b0, duke lejuar rregullime pa mundim dhe pozicionim optimal t\u00eb lazerit tuaj t\u00eb linj\u00ebs. Si nj\u00eb Mbajt\u00ebse Niveli Lazeri v\u00ebrtet praktike, ajo ofron p\u00ebrputhshm\u00ebri universale me shumic\u00ebn e markave kryesore t\u00eb lazer\u00ebve t\u00eb linj\u00ebs, duke eliminuar nevoj\u00ebn p\u00ebr zgjidhje t\u00eb shum\u00ebfishta montimi.<\/p>\n<p>Dizajni inteligjent i LLB18A p\u00ebrfshin mund\u00ebsi t\u00eb shumta montimi, duke p\u00ebrfshir\u00eb pajtueshm\u00ebrin\u00eb me trek\u00ebmb\u00ebshin dhe shkatht\u00ebsin\u00eb e montimit n\u00eb mur, duke e b\u00ebr\u00eb k\u00ebt\u00eb Mb\u00ebshtet\u00ebse Praktike t\u00eb Nivelit t\u00eb Lazerit t\u00eb p\u00ebrshtatshme p\u00ebr k\u00ebrkesa t\u00eb ndryshme n\u00eb vendin e pun\u00ebs. Nd\u00ebrtimi i saj kompakt, por i fort\u00eb siguron stabilitet gjat\u00eb funksionimit, nd\u00ebrsa mbetet i leht\u00eb p\u00ebr transport t\u00eb leht\u00eb.<\/p>\n<p>Me LLB18A <a href=\"https:\/\/k-level.com\/sq\/rreth-nesh\/\">Mb\u00ebshtet\u00ebse praktike e nivelit t\u00eb lazerit<\/a>, profesionist\u00ebt fitojn\u00eb nj\u00eb mjet t\u00eb besuesh\u00ebm q\u00eb rrit sakt\u00ebsin\u00eb e matjes, duke kursyer koh\u00eb t\u00eb \u00e7muar n\u00eb konfigurim dhe rregullime.<\/p>\n<p><img fetchpriority=\"high\" decoding=\"async\" class=\"aligncenter wp-image-13576 size-medium\" src=\"https:\/\/k-level.com\/wp-content\/uploads\/2025\/06\/LLB18A2-300x300.jpg\" alt=\"Mb\u00ebshtet\u00ebse praktike e nivelit t\u00eb lazerit\" width=\"300\" height=\"300\" srcset=\"https:\/\/k-level.com\/wp-content\/uploads\/2025\/06\/LLB18A2-300x300.jpg 300w, https:\/\/k-level.com\/wp-content\/uploads\/2025\/06\/LLB18A2-150x150.jpg 150w, https:\/\/k-level.com\/wp-content\/uploads\/2025\/06\/LLB18A2-768x768.jpg 768w, https:\/\/k-level.com\/wp-content\/uploads\/2025\/06\/LLB18A2-12x12.jpg 12w, https:\/\/k-level.com\/wp-content\/uploads\/2025\/06\/LLB18A2-370x370.jpg 370w, https:\/\/k-level.com\/wp-content\/uploads\/2025\/06\/LLB18A2-400x400.jpg 400w, https:\/\/k-level.com\/wp-content\/uploads\/2025\/06\/LLB18A2-100x100.jpg 100w, https:\/\/k-level.com\/wp-content\/uploads\/2025\/06\/LLB18A2-50x50.jpg 50w, https:\/\/k-level.com\/wp-content\/uploads\/2025\/06\/LLB18A2.jpg 800w\" sizes=\"(max-width: 300px) 100vw, 300px\" \/><br \/>\nMb\u00ebshtet\u00ebse lazeri linje LLB18A p\u00ebr pozicionim t\u00eb sakt\u00eb, duke siguruar shtrirje t\u00eb sakt\u00eb n\u00eb t\u00eb gjitha projektet me lazer.<\/p>\n<p>Keni nevoj\u00eb p\u00ebr nj\u00eb zgjidhje?<br \/>\nK-level ofron Sh\u00ebrbime Konsulence p\u00ebr pajisje matjeje. Na kontaktoni p\u00ebr porosi me shumic\u00eb ose mb\u00ebshtetje teknike!<\/p>","protected":false},"excerpt":{"rendered":"<ul>\n<li>Mb\u00ebshtet\u00ebse lazeri linor LLB18A Ideale p\u00ebr profesionist\u00ebt n\u00eb nd\u00ebrtim dhe matje.<\/li>\n<li>duke e b\u00ebr\u00eb t\u00eb p\u00ebrshtatshme mbajt\u00ebsen e lazerit linor LLB18A<\/li>\n<li>p\u00ebr aplikime si n\u00eb ambiente t\u00eb brendshme ashtu edhe n\u00eb ato t\u00eb jashtme.<\/li>\n<\/ul>\n<p><img decoding=\"async\" class=\"alignnone size-medium wp-image-13646\" src=\"https:\/\/k-level.com\/wp-content\/uploads\/2025\/05\/logo-300x98.png\" alt=\"\" width=\"300\" height=\"98\" srcset=\"https:\/\/k-level.com\/wp-content\/uploads\/2025\/05\/logo-300x98.png 300w, https:\/\/k-level.com\/wp-content\/uploads\/2025\/05\/logo-18x6.png 18w, https:\/\/k-level.com\/wp-content\/uploads\/2025\/05\/logo.png 307w\" sizes=\"(max-width: 300px) 100vw, 300px\" \/><\/p>\n<p>&nbsp;<\/p>","protected":false},"featured_media":13575,"comment_status":"open","ping_status":"closed","template":"","meta":[],"product_brand":[],"product_cat":[260],"product_tag":[238],"class_list":{"0":"post-13574","1":"product","2":"type-product","3":"status-publish","4":"has-post-thumbnail","6":"product_cat-line-laser-bracket","7":"product_tag-carpentry-and-furniture","9":"first","10":"instock","11":"shipping-taxable","12":"product-type-simple"},"_links":{"self":[{"href":"https:\/\/k-level.com\/sq\/wp-json\/wp\/v2\/product\/13574","targetHints":{"allow":["GET"]}}],"collection":[{"href":"https:\/\/k-level.com\/sq\/wp-json\/wp\/v2\/product"}],"about":[{"href":"https:\/\/k-level.com\/sq\/wp-json\/wp\/v2\/types\/product"}],"replies":[{"embeddable":true,"href":"https:\/\/k-level.com\/sq\/wp-json\/wp\/v2\/comments?post=13574"}],"version-history":[{"count":4,"href":"https:\/\/k-level.com\/sq\/wp-json\/wp\/v2\/product\/13574\/revisions"}],"predecessor-version":[{"id":13787,"href":"https:\/\/k-level.com\/sq\/wp-json\/wp\/v2\/product\/13574\/revisions\/13787"}],"wp:featuredmedia":[{"embeddable":true,"href":"https:\/\/k-level.com\/sq\/wp-json\/wp\/v2\/media\/13575"}],"wp:attachment":[{"href":"https:\/\/k-level.com\/sq\/wp-json\/wp\/v2\/media?parent=13574"}],"wp:term":[{"taxonomy":"product_brand","embeddable":true,"href":"https:\/\/k-level.com\/sq\/wp-json\/wp\/v2\/product_brand?post=13574"},{"taxonomy":"product_cat","embeddable":true,"href":"https:\/\/k-level.com\/sq\/wp-json\/wp\/v2\/product_cat?post=13574"},{"taxonomy":"product_tag","embeddable":true,"href":"https:\/\/k-level.com\/sq\/wp-json\/wp\/v2\/product_tag?post=13574"}],"curies":[{"name":"wp","href":"https:\/\/api.w.org\/{rel}","templated":true}]}}