{"id":13571,"date":"2025-06-30T16:55:31","date_gmt":"2025-06-30T08:55:31","guid":{"rendered":"https:\/\/k-level.com\/?post_type=product&#038;p=13571"},"modified":"2025-07-15T15:46:26","modified_gmt":"2025-07-15T07:46:26","slug":"kllapa-lazeri-lineare-llb06","status":"publish","type":"product","link":"https:\/\/k-level.com\/sq\/produkt\/kllapa-lazeri-lineare-llb06\/","title":{"rendered":"Mb\u00ebshtet\u00ebse lazeri linje LLB06"},"content":{"rendered":"<p>I\/E\/T\u00eb\/T\u00eb <a href=\"https:\/\/k-level.com\/sq\/na-kontaktoni\/\">Mb\u00ebshtet\u00ebse lazeri linje LLB06<\/a> \u00ebsht\u00eb nj\u00eb zgjidhje montimi e nivelit profesional, e projektuar p\u00ebr precizion dhe komoditet. I pajisur me nj\u00eb magnet t\u00eb fort\u00eb, k\u00ebnd t\u00eb rregulluesh\u00ebm 0\u00b0-90\u00b0 dhe adaptor\u00eb t\u00eb dyfisht\u00eb (1\/4\u2033-20 &amp; 5\/8\u2033-11), siguron fiksim t\u00eb sigurt dhe t\u00eb gjithansh\u00ebm p\u00ebr lazer\u00ebt e linj\u00ebs n\u00eb nd\u00ebrtim, matje dhe aplikime industriale.<\/p>\n<p><img fetchpriority=\"high\" decoding=\"async\" class=\"aligncenter wp-image-13572 size-medium\" src=\"https:\/\/k-level.com\/wp-content\/uploads\/2025\/06\/01-3-300x300.jpg\" alt=\"Niveli i lazerit magnetik n\u00eb form\u00eb L-i\" width=\"300\" height=\"300\" srcset=\"https:\/\/k-level.com\/wp-content\/uploads\/2025\/06\/01-3-300x300.jpg 300w, https:\/\/k-level.com\/wp-content\/uploads\/2025\/06\/01-3-150x150.jpg 150w, https:\/\/k-level.com\/wp-content\/uploads\/2025\/06\/01-3-768x768.jpg 768w, https:\/\/k-level.com\/wp-content\/uploads\/2025\/06\/01-3-12x12.jpg 12w, https:\/\/k-level.com\/wp-content\/uploads\/2025\/06\/01-3-370x370.jpg 370w, https:\/\/k-level.com\/wp-content\/uploads\/2025\/06\/01-3-400x400.jpg 400w, https:\/\/k-level.com\/wp-content\/uploads\/2025\/06\/01-3-100x100.jpg 100w, https:\/\/k-level.com\/wp-content\/uploads\/2025\/06\/01-3-50x50.jpg 50w, https:\/\/k-level.com\/wp-content\/uploads\/2025\/06\/01-3.jpg 800w\" sizes=\"(max-width: 300px) 100vw, 300px\" \/><\/p>\n<p>Mb\u00ebshtet\u00ebsja e lazerit linor LLB06 ka nj\u00eb dizajn t\u00eb q\u00ebndruesh\u00ebm dhe instalim t\u00eb leht\u00eb q\u00eb e b\u00ebn at\u00eb nj\u00eb mjet thelb\u00ebsor p\u00ebr profesionist\u00ebt q\u00eb k\u00ebrkojn\u00eb pozicionim t\u00eb besuesh\u00ebm dhe efikas me lazer.<\/p>\n<p>Mb\u00ebshtet\u00ebsja e lazerit me linj\u00eb LLB06 \u00ebsht\u00eb nj\u00eb d\u00ebshmi e p\u00ebrkushtimit ton\u00eb ndaj cil\u00ebsis\u00eb dhe inovacionit. Ky mjet i gjithansh\u00ebm \u00ebsht\u00eb projektuar p\u00ebr t\u00eb p\u00ebrmir\u00ebsuar funksionalitetin e niveleve tuaja t\u00eb lazerit me linj\u00eb, duke lejuar precizion dhe fleksibilitet n\u00eb nj\u00eb s\u00ebr\u00eb aplikimesh.<\/p>\n<p>I\/E\/T\u00eb\/T\u00eb <a href=\"https:\/\/k-level.com\/sq\/na-kontaktoni\/\">Niveli i lazerit magnetik n\u00eb form\u00eb L-i<\/a> \u00ebsht\u00eb nj\u00eb aksesor thelb\u00ebsor p\u00ebr \u00e7do profesionist ose entuziast t\u00eb punimeve &quot;b\u00ebje vet\u00eb&quot; q\u00eb k\u00ebrkon t\u00eb arrij\u00eb matje t\u00eb sakta. Baza e tij magnetike e fort\u00eb fiksohet n\u00eb m\u00ebnyr\u00eb t\u00eb sigurt n\u00eb sip\u00ebrfaqet metalike, duke siguruar nj\u00eb platform\u00eb t\u00eb q\u00ebndrueshme p\u00ebr lazerin tuaj t\u00eb linj\u00ebs, pavar\u00ebsisht n\u00ebse punoni n\u00eb kantiere nd\u00ebrtimi, n\u00eb rinovime sht\u00ebpish apo edhe n\u00eb instalime artistike. Mb\u00ebshtet\u00ebsja L e Nivelit Magnetik t\u00eb Lazerit siguron q\u00eb lazeri juaj t\u00eb q\u00ebndroj\u00eb n\u00eb vend nd\u00ebrsa ju p\u00ebrqendroheni n\u00eb matjet tuaja, duke zvog\u00ebluar rrezikun e gabimeve dhe duke p\u00ebrmir\u00ebsuar efikasitetin e p\u00ebrgjithsh\u00ebm.<\/p>\n<p>Nj\u00eb nga karakteristikat dalluese t\u00eb LLB06 \u00ebsht\u00eb dizajni i tij i rregulluesh\u00ebm. Mb\u00ebshtet\u00ebsja L e Nivelit Magnetik me Lazer mund t\u00eb pozicionohet leht\u00ebsisht n\u00eb k\u00ebnde t\u00eb ndryshme, duke ju lejuar t\u00eb projektoni linjat e lazerit sakt\u00ebsisht aty ku keni nevoj\u00eb. Ky fleksibilitet \u00ebsht\u00eb ve\u00e7an\u00ebrisht i dobish\u00ebm p\u00ebr detyra t\u00eb tilla si rreshtimi i rafteve, instalimi i dollap\u00ebve ose sh\u00ebnimi i mureve p\u00ebr lyerje. Me aft\u00ebsin\u00eb p\u00ebr t\u00eb personalizuar k\u00ebndin dhe lart\u00ebsin\u00eb, kjo mb\u00ebshtet\u00ebse p\u00ebrshtatet me nevojat tuaja specifike t\u00eb projektit, duke e b\u00ebr\u00eb at\u00eb nj\u00eb mjet t\u00eb domosdosh\u00ebm n\u00eb arsenalin tuaj t\u00eb matjes.<\/p>\n<p>Q\u00ebndrueshm\u00ebria \u00ebsht\u00eb nj\u00eb tjet\u00ebr shenj\u00eb dalluese e LLB06. I nd\u00ebrtuar nga materiale me cil\u00ebsi t\u00eb lart\u00eb, <a href=\"https:\/\/k-level.com\/sq\/na-kontaktoni\/\">Niveli i lazerit magnetik n\u00eb form\u00eb L-i<\/a> \u00ebsht\u00eb nd\u00ebrtuar p\u00ebr t&#039;i b\u00ebr\u00eb ball\u00eb v\u00ebshtir\u00ebsive t\u00eb p\u00ebrdorimit t\u00eb p\u00ebrditsh\u00ebm.<\/p>\n<p>Keni nevoj\u00eb p\u00ebr nj\u00eb zgjidhje?<br \/>\nK-level ofron Sh\u00ebrbime Konsulence p\u00ebr pajisje matjeje. Na kontaktoni p\u00ebr porosi me shumic\u00eb ose mb\u00ebshtetje teknike!<\/p>","protected":false},"excerpt":{"rendered":"<ul>\n<li>Mb\u00ebshtet\u00ebse lazeri linje LLB06 p\u00ebr shtrirje t\u00eb q\u00ebndrueshme t\u00eb lazerit n\u00eb mjedise t\u00eb ndryshme pune<\/li>\n<li>duke e b\u00ebr\u00eb kllap\u00ebn e lazerit LLB06 ideale p\u00ebr profesionist\u00ebt q\u00eb<br \/>\nkan\u00eb nevoj\u00eb p\u00ebr zgjidhje efikase dhe t\u00eb sakta t\u00eb montimit me lazer.<\/li>\n<\/ul>\n<p><img decoding=\"async\" class=\"alignnone size-medium wp-image-13646\" src=\"https:\/\/k-level.com\/wp-content\/uploads\/2025\/05\/logo-300x98.png\" alt=\"\" width=\"300\" height=\"98\" srcset=\"https:\/\/k-level.com\/wp-content\/uploads\/2025\/05\/logo-300x98.png 300w, https:\/\/k-level.com\/wp-content\/uploads\/2025\/05\/logo-18x6.png 18w, https:\/\/k-level.com\/wp-content\/uploads\/2025\/05\/logo.png 307w\" sizes=\"(max-width: 300px) 100vw, 300px\" \/><\/p>","protected":false},"featured_media":13572,"comment_status":"open","ping_status":"closed","template":"","meta":[],"product_brand":[],"product_cat":[260],"product_tag":[238],"class_list":{"0":"post-13571","1":"product","2":"type-product","3":"status-publish","4":"has-post-thumbnail","6":"product_cat-line-laser-bracket","7":"product_tag-carpentry-and-furniture","9":"first","10":"instock","11":"shipping-taxable","12":"product-type-simple"},"_links":{"self":[{"href":"https:\/\/k-level.com\/sq\/wp-json\/wp\/v2\/product\/13571","targetHints":{"allow":["GET"]}}],"collection":[{"href":"https:\/\/k-level.com\/sq\/wp-json\/wp\/v2\/product"}],"about":[{"href":"https:\/\/k-level.com\/sq\/wp-json\/wp\/v2\/types\/product"}],"replies":[{"embeddable":true,"href":"https:\/\/k-level.com\/sq\/wp-json\/wp\/v2\/comments?post=13571"}],"version-history":[{"count":4,"href":"https:\/\/k-level.com\/sq\/wp-json\/wp\/v2\/product\/13571\/revisions"}],"predecessor-version":[{"id":13785,"href":"https:\/\/k-level.com\/sq\/wp-json\/wp\/v2\/product\/13571\/revisions\/13785"}],"wp:featuredmedia":[{"embeddable":true,"href":"https:\/\/k-level.com\/sq\/wp-json\/wp\/v2\/media\/13572"}],"wp:attachment":[{"href":"https:\/\/k-level.com\/sq\/wp-json\/wp\/v2\/media?parent=13571"}],"wp:term":[{"taxonomy":"product_brand","embeddable":true,"href":"https:\/\/k-level.com\/sq\/wp-json\/wp\/v2\/product_brand?post=13571"},{"taxonomy":"product_cat","embeddable":true,"href":"https:\/\/k-level.com\/sq\/wp-json\/wp\/v2\/product_cat?post=13571"},{"taxonomy":"product_tag","embeddable":true,"href":"https:\/\/k-level.com\/sq\/wp-json\/wp\/v2\/product_tag?post=13571"}],"curies":[{"name":"wp","href":"https:\/\/api.w.org\/{rel}","templated":true}]}}