{"id":13525,"date":"2025-06-25T17:08:07","date_gmt":"2025-06-25T09:08:07","guid":{"rendered":"https:\/\/k-level.com\/?post_type=product&#038;p=13525"},"modified":"2025-07-14T17:36:57","modified_gmt":"2025-07-14T09:36:57","slug":"syze-lazeri-lg01","status":"publish","type":"product","link":"https:\/\/k-level.com\/sq\/produkt\/syze-lazeri-lg01\/","title":{"rendered":"Syze Lazer LG01"},"content":{"rendered":"<p>Syze Lazeri LG01R\/LG01G \u2013 Mbrojtje Profesionale e Syve p\u00ebr Nivelat e Lazerit Linor<\/p>\n<p>I\/E\/T\u00eb\/T\u00eb <a href=\"https:\/\/k-level.com\/sq\/rreth-nesh\/\">Syze Lazer LG01<\/a> Seria ofron mbrojtje t\u00eb specializuar t\u00eb syve me dy modele specifike p\u00ebr gjat\u00ebsin\u00eb e val\u00ebs: LG01R p\u00ebr lazer\u00ebt e kuq (635-650nm) dhe LG01G p\u00ebr lazer\u00ebt e gjelb\u00ebr (520-532nm).<\/p>\n<p>Syzet mbrojt\u00ebse p\u00ebr lazer LG01 T\u00eb projektuara posa\u00e7\u00ebrisht p\u00ebr p\u00ebrdorim me nivelues lazeri n\u00eb linj\u00eb, k\u00ebto syze mbrojt\u00ebse rrisin ndjesh\u00ebm dukshm\u00ebrin\u00eb e lazerit nd\u00ebrsa ofrojn\u00eb mbrojtje thelb\u00ebsore t\u00eb syve kund\u00ebr rrezatimit t\u00eb d\u00ebmsh\u00ebm.<\/p>\n<p>N\u00eb nivelin K, ne specializohemi n\u00eb instrumente mat\u00ebse me performanc\u00eb t\u00eb lart\u00eb dhe pajisje sigurie, duke p\u00ebrfshir\u00eb syzet tona m\u00eb t\u00eb vler\u00ebsuara lazer LG01. T\u00eb dizajnuara p\u00ebr profesionist\u00ebt q\u00eb punojn\u00eb me pajisje lazer, k\u00ebto syze sigurie lazer ofrojn\u00eb mbrojtje t\u00eb pakrahasueshme duke siguruar shikueshm\u00ebri optimale.<\/p>\n<p>Syzet lazer LG01 jan\u00eb projektuar p\u00ebr t\u00eb bllokuar rrezatimin e d\u00ebmsh\u00ebm lazer, duke i b\u00ebr\u00eb ato ideale p\u00ebr topograf\u00ebt, inxhinier\u00ebt dhe teknik\u00ebt e laboratorit. Si nj\u00eb kategori e specializuar e syzeve t\u00eb siguris\u00eb me lazer jeshil, ato ofrojn\u00eb filtrim t\u00eb p\u00ebrmir\u00ebsuar p\u00ebr gjat\u00ebsi vale 532nm, t\u00eb p\u00ebrdorura zakonisht n\u00eb shtrirjen e nd\u00ebrtimit, nivelimin dhe aplikimet shkencore. Ndryshe nga syzet gjenerike, syzet tona t\u00eb siguris\u00eb me lazer i n\u00ebnshtrohen testimeve rigoroze p\u00ebr t\u00eb p\u00ebrmbushur standardet nd\u00ebrkomb\u00ebtare t\u00eb siguris\u00eb (EN 207 &amp; ANSI Z136.1), duke siguruar mbrojtje t\u00eb besueshme kund\u00ebr ekspozimit aksidental.<\/p>\n<p>N\u00ebse keni nevoj\u00eb p\u00ebr syze sigurie me lazer jeshil p\u00ebr matje apo <a href=\"https:\/\/k-level.com\/sq\/rreth-nesh\/\">syze sigurie me lazer<\/a> P\u00ebr p\u00ebrdorim industrial, LG01 ofron mbrojtje t\u00eb nivelit profesional pa kompromentuar rehatin\u00eb. Besojini nivelit K p\u00ebr pajisje sigurie precize q\u00eb ju mbajn\u00eb t\u00eb p\u00ebrqendruar dhe t\u00eb sigurt.<\/p>\n<p><img fetchpriority=\"high\" decoding=\"async\" class=\"aligncenter wp-image-13527 size-medium\" src=\"https:\/\/k-level.com\/wp-content\/uploads\/2025\/06\/LG012-300x300.jpg\" alt=\"syze sigurie me lazer\" width=\"300\" height=\"300\" srcset=\"https:\/\/k-level.com\/wp-content\/uploads\/2025\/06\/LG012-300x300.jpg 300w, https:\/\/k-level.com\/wp-content\/uploads\/2025\/06\/LG012-150x150.jpg 150w, https:\/\/k-level.com\/wp-content\/uploads\/2025\/06\/LG012-768x768.jpg 768w, https:\/\/k-level.com\/wp-content\/uploads\/2025\/06\/LG012-12x12.jpg 12w, https:\/\/k-level.com\/wp-content\/uploads\/2025\/06\/LG012-370x370.jpg 370w, https:\/\/k-level.com\/wp-content\/uploads\/2025\/06\/LG012-400x400.jpg 400w, https:\/\/k-level.com\/wp-content\/uploads\/2025\/06\/LG012-100x100.jpg 100w, https:\/\/k-level.com\/wp-content\/uploads\/2025\/06\/LG012-50x50.jpg 50w, https:\/\/k-level.com\/wp-content\/uploads\/2025\/06\/LG012.jpg 800w\" sizes=\"(max-width: 300px) 100vw, 300px\" \/><\/p>\n<p>Filtrat e tyre optik\u00eb t\u00eb optimizuar i b\u00ebjn\u00eb linjat e lazerit t\u00eb duken m\u00eb t\u00eb ndritshme dhe m\u00eb t\u00eb mprehta, duke p\u00ebrmir\u00ebsuar sakt\u00ebsin\u00eb n\u00eb aplikimet e nd\u00ebrtimit, shtrirjes dhe nivelimit.<\/p>\n<p>Keni nevoj\u00eb p\u00ebr nj\u00eb zgjidhje?<br \/>\nK-level ofron Sh\u00ebrbime Konsulence p\u00ebr pajisje matjeje. Na kontaktoni p\u00ebr porosi me shumic\u00eb ose mb\u00ebshtetje teknike!<\/p>","protected":false},"excerpt":{"rendered":"<ul>\n<li>Syzet lazer LG01R dhe LG01G u ofrojn\u00eb profesionist\u00ebve mbrojtje t\u00eb synuar t\u00eb syve dhe shikueshm\u00ebri t\u00eb p\u00ebrmir\u00ebsuar.<\/li>\n<li>Syzet e tyre t\u00eb siguris\u00eb me lazer kombinojn\u00eb siguri, rehati dhe qart\u00ebsi optike.<\/li>\n<li>Aksesor thelb\u00ebsor p\u00ebr kontraktor\u00ebt, topograf\u00ebt dhe entuziast\u00ebt e punimeve &quot;b\u00ebje vet\u00eb&quot; q\u00eb punojn\u00eb me nivela lazeri linje.<\/li>\n<\/ul>\n<p><img decoding=\"async\" class=\"alignnone size-medium wp-image-13646\" src=\"https:\/\/k-level.com\/wp-content\/uploads\/2025\/05\/logo-300x98.png\" alt=\"\" width=\"300\" height=\"98\" srcset=\"https:\/\/k-level.com\/wp-content\/uploads\/2025\/05\/logo-300x98.png 300w, https:\/\/k-level.com\/wp-content\/uploads\/2025\/05\/logo-18x6.png 18w, https:\/\/k-level.com\/wp-content\/uploads\/2025\/05\/logo.png 307w\" sizes=\"(max-width: 300px) 100vw, 300px\" \/><\/p>","protected":false},"featured_media":13526,"comment_status":"open","ping_status":"closed","template":"","meta":[],"product_brand":[],"product_cat":[254],"product_tag":[238],"class_list":{"0":"post-13525","1":"product","2":"type-product","3":"status-publish","4":"has-post-thumbnail","6":"product_cat-laser-safety-glasses","7":"product_tag-carpentry-and-furniture","9":"first","10":"instock","11":"shipping-taxable","12":"product-type-simple"},"_links":{"self":[{"href":"https:\/\/k-level.com\/sq\/wp-json\/wp\/v2\/product\/13525","targetHints":{"allow":["GET"]}}],"collection":[{"href":"https:\/\/k-level.com\/sq\/wp-json\/wp\/v2\/product"}],"about":[{"href":"https:\/\/k-level.com\/sq\/wp-json\/wp\/v2\/types\/product"}],"replies":[{"embeddable":true,"href":"https:\/\/k-level.com\/sq\/wp-json\/wp\/v2\/comments?post=13525"}],"version-history":[{"count":3,"href":"https:\/\/k-level.com\/sq\/wp-json\/wp\/v2\/product\/13525\/revisions"}],"predecessor-version":[{"id":13777,"href":"https:\/\/k-level.com\/sq\/wp-json\/wp\/v2\/product\/13525\/revisions\/13777"}],"wp:featuredmedia":[{"embeddable":true,"href":"https:\/\/k-level.com\/sq\/wp-json\/wp\/v2\/media\/13526"}],"wp:attachment":[{"href":"https:\/\/k-level.com\/sq\/wp-json\/wp\/v2\/media?parent=13525"}],"wp:term":[{"taxonomy":"product_brand","embeddable":true,"href":"https:\/\/k-level.com\/sq\/wp-json\/wp\/v2\/product_brand?post=13525"},{"taxonomy":"product_cat","embeddable":true,"href":"https:\/\/k-level.com\/sq\/wp-json\/wp\/v2\/product_cat?post=13525"},{"taxonomy":"product_tag","embeddable":true,"href":"https:\/\/k-level.com\/sq\/wp-json\/wp\/v2\/product_tag?post=13525"}],"curies":[{"name":"wp","href":"https:\/\/api.w.org\/{rel}","templated":true}]}}