{"id":13519,"date":"2025-06-25T16:27:09","date_gmt":"2025-06-25T08:27:09","guid":{"rendered":"https:\/\/k-level.com\/?post_type=product&#038;p=13519"},"modified":"2026-03-30T10:07:01","modified_gmt":"2026-03-30T02:07:01","slug":"telekomande-lazeri-rrotullues-rc300","status":"publish","type":"product","link":"https:\/\/k-level.com\/sq\/produkt\/telekomande-lazeri-rrotullues-rc300\/","title":{"rendered":"Telekomand\u00eb me lazer rrotullues RC300"},"content":{"rendered":"<p>Telekomand\u00eb me lazer rrotullues RC300 \u2013 Telekomand\u00eb profesionale pa tel me LCD me vendosje pjerr\u00ebsie<\/p>\n<p>I\/E\/T\u00eb\/T\u00eb <strong>Telekomand\u00eb me lazer rrotullues RC300<\/strong> revolucionarizon efikasitetin e vendit t\u00eb pun\u00ebs me ekranin e tij LCD p\u00ebr konfigurim t\u00eb p\u00ebrshtatsh\u00ebm t\u00eb pjerr\u00ebsis\u00eb dhe aft\u00ebsi komunikimi dypal\u00ebsh.<\/p>\n<p>I\/E\/T\u00eb\/T\u00eb <a href=\"https:\/\/k-level.com\/sq\/dyqan\/\">Telekomand\u00eb me lazer rrotullues RC300<\/a> Shquhet si telekomanda e nivelit me lazer m\u00eb efektive nga ana ekonomike n\u00eb klas\u00ebn e saj, duke ofruar karakteristika premium me nj\u00eb \u00e7mim t\u00eb p\u00ebrballuesh\u00ebm.<br \/>\nPavar\u00ebsisht \u00e7mimit t\u00eb p\u00ebrballuesh\u00ebm, kjo telekomand\u00eb lazeri p\u00ebr nivelim ruan sakt\u00ebsin\u00eb dhe besueshm\u00ebrin\u00eb e pritur nga produktet e nivelit K.<\/p>\n<p>Nd\u00ebrsa tregtohet si nj\u00eb <a href=\"https:\/\/k-level.com\/sq\/dyqan\/\">telekomand\u00eb me nivel lazeri me \u00e7mim t\u00eb lir\u00eb<\/a>, RC300 nuk shkurton gj\u00ebrat aty ku ka r\u00ebnd\u00ebsi.<\/p>\n<p><img fetchpriority=\"high\" decoding=\"async\" class=\"aligncenter wp-image-13520 size-medium\" src=\"https:\/\/k-level.com\/wp-content\/uploads\/2025\/06\/RC3001-300x300.jpg\" alt=\"telekomand\u00eb me nivel lazeri me \u00e7mim t\u00eb lir\u00eb\" width=\"300\" height=\"300\" srcset=\"https:\/\/k-level.com\/wp-content\/uploads\/2025\/06\/RC3001-300x300.jpg 300w, https:\/\/k-level.com\/wp-content\/uploads\/2025\/06\/RC3001-150x150.jpg 150w, https:\/\/k-level.com\/wp-content\/uploads\/2025\/06\/RC3001-768x768.jpg 768w, https:\/\/k-level.com\/wp-content\/uploads\/2025\/06\/RC3001-12x12.jpg 12w, https:\/\/k-level.com\/wp-content\/uploads\/2025\/06\/RC3001-370x370.jpg 370w, https:\/\/k-level.com\/wp-content\/uploads\/2025\/06\/RC3001-400x400.jpg 400w, https:\/\/k-level.com\/wp-content\/uploads\/2025\/06\/RC3001-100x100.jpg 100w, https:\/\/k-level.com\/wp-content\/uploads\/2025\/06\/RC3001-50x50.jpg 50w, https:\/\/k-level.com\/wp-content\/uploads\/2025\/06\/RC3001.jpg 800w\" sizes=\"(max-width: 300px) 100vw, 300px\" \/><\/p>\n<p>Kjo telekomand\u00eb e p\u00ebrparuar me lazer rrotullues ofron kontroll t\u00eb pakrahasuesh\u00ebm mbi nivelet e lazerit rrotullues nga distanca \u2265300 m, duke paraqitur monitorim t\u00eb statusit n\u00eb koh\u00eb reale dhe pes\u00eb shpejt\u00ebsi t\u00eb rregullueshme t\u00eb rrotullimit t\u00eb lazerit (300\/600\/1000\/1500\/3000 rpm) p\u00ebr sakt\u00ebsi maksimale n\u00eb aplikimet e nd\u00ebrtimit dhe matjeve.<\/p>\n<p>&nbsp;<\/p>\n<p><img decoding=\"async\" class=\"wp-image-13523 aligncenter\" src=\"https:\/\/k-level.com\/wp-content\/uploads\/2025\/06\/1750839659214-300x205.png\" alt=\"\" width=\"559\" height=\"382\" \/><\/p>\n<p>&nbsp;<\/p>\n<p>&nbsp;<\/p>\n<p>Keni nevoj\u00eb p\u00ebr nj\u00eb zgjidhje?<br \/>\nK-level ofron Sh\u00ebrbime Konsulence p\u00ebr pajisje matjeje. Na kontaktoni p\u00ebr porosi me shumic\u00eb ose mb\u00ebshtetje teknike!<\/p>","protected":false},"excerpt":{"rendered":"<ul>\n<li>Pes\u00eb Opsione Shpejt\u00ebsie (300-3000 rpm) \u2013 Kontroll i gjithansh\u00ebm i shpejt\u00ebsis\u00eb s\u00eb rrotullimit t\u00eb lazerit p\u00ebr t\u00eb gjitha aplikimet<\/li>\n<li>Tregues t\u00eb Statusit n\u00eb Koh\u00eb Reale \u2013 Monitoroni menj\u00ebher\u00eb funksionimin e nivelit t\u00eb lazerit rrotullues p\u00ebrmes dritave t\u00eb qarta t\u00eb funksionit<\/li>\n<li>Trup i fort\u00eb i veshur me gome \u2013 Telekomand\u00eb niveli me lazer, e lir\u00eb dhe e q\u00ebndrueshme.<\/li>\n<\/ul>\n<p><img decoding=\"async\" class=\"alignnone size-medium wp-image-13646\" src=\"https:\/\/k-level.com\/wp-content\/uploads\/2025\/05\/logo-300x98.png\" alt=\"\" width=\"300\" height=\"98\" srcset=\"https:\/\/k-level.com\/wp-content\/uploads\/2025\/05\/logo-300x98.png 300w, https:\/\/k-level.com\/wp-content\/uploads\/2025\/05\/logo-18x6.png 18w, https:\/\/k-level.com\/wp-content\/uploads\/2025\/05\/logo.png 307w\" sizes=\"(max-width: 300px) 100vw, 300px\" \/><\/p>","protected":false},"featured_media":14006,"comment_status":"open","ping_status":"closed","template":"","meta":[],"product_brand":[],"product_cat":[251],"product_tag":[237],"class_list":{"0":"post-13519","1":"product","2":"type-product","3":"status-publish","4":"has-post-thumbnail","6":"product_cat-rotary-laser-remote-control","7":"product_tag-professional-engineering","9":"first","10":"instock","11":"shipping-taxable","12":"product-type-simple"},"_links":{"self":[{"href":"https:\/\/k-level.com\/sq\/wp-json\/wp\/v2\/product\/13519","targetHints":{"allow":["GET"]}}],"collection":[{"href":"https:\/\/k-level.com\/sq\/wp-json\/wp\/v2\/product"}],"about":[{"href":"https:\/\/k-level.com\/sq\/wp-json\/wp\/v2\/types\/product"}],"replies":[{"embeddable":true,"href":"https:\/\/k-level.com\/sq\/wp-json\/wp\/v2\/comments?post=13519"}],"version-history":[{"count":4,"href":"https:\/\/k-level.com\/sq\/wp-json\/wp\/v2\/product\/13519\/revisions"}],"predecessor-version":[{"id":13776,"href":"https:\/\/k-level.com\/sq\/wp-json\/wp\/v2\/product\/13519\/revisions\/13776"}],"wp:featuredmedia":[{"embeddable":true,"href":"https:\/\/k-level.com\/sq\/wp-json\/wp\/v2\/media\/14006"}],"wp:attachment":[{"href":"https:\/\/k-level.com\/sq\/wp-json\/wp\/v2\/media?parent=13519"}],"wp:term":[{"taxonomy":"product_brand","embeddable":true,"href":"https:\/\/k-level.com\/sq\/wp-json\/wp\/v2\/product_brand?post=13519"},{"taxonomy":"product_cat","embeddable":true,"href":"https:\/\/k-level.com\/sq\/wp-json\/wp\/v2\/product_cat?post=13519"},{"taxonomy":"product_tag","embeddable":true,"href":"https:\/\/k-level.com\/sq\/wp-json\/wp\/v2\/product_tag?post=13519"}],"curies":[{"name":"wp","href":"https:\/\/api.w.org\/{rel}","templated":true}]}}