{"id":13509,"date":"2025-06-25T15:49:01","date_gmt":"2025-06-25T07:49:01","guid":{"rendered":"https:\/\/k-level.com\/?post_type=product&#038;p=13509"},"modified":"2026-03-30T10:05:12","modified_gmt":"2026-03-30T02:05:12","slug":"telekomande-lazeri-rrotullues-rc100","status":"publish","type":"product","link":"https:\/\/k-level.com\/sq\/produkt\/telekomande-lazeri-rrotullues-rc100\/","title":{"rendered":"Telekomand\u00eb me lazer rrotullues RC100"},"content":{"rendered":"<p>Telekomanda me lazer rrotullues RC100 \u00ebsht\u00eb projektuar p\u00ebr t\u00eb ofruar performanc\u00eb t\u00eb pakrahasueshme p\u00ebr aplikimet e nd\u00ebrtimit dhe matjeve. E projektuar p\u00ebr integrim t\u00eb p\u00ebrsosur me sistemet e nivelimit me lazer 360, kjo telekomand\u00eb me lazer 360 siguron funksionim t\u00eb sakt\u00eb dhe pa duar, duke rritur efikasitetin n\u00eb \u00e7do vend pune.<\/p>\n<p>RC100 <a href=\"https:\/\/k-level.com\/sq\/na-kontaktoni\/\">Telekomand\u00eb me nivel lazeri 360 grad\u00eb<\/a> Ofron kontroll t\u00eb plot\u00eb mbi 360 pajisje nivelimi me lazer, duke u lejuar p\u00ebrdoruesve t\u00eb rregullojn\u00eb pjerr\u00ebsin\u00eb, pjerr\u00ebsin\u00eb dhe shtrirjen nga distanca. Lidhshm\u00ebria e tij me rreze t\u00eb gjat\u00eb (deri n\u00eb 300 m) e b\u00ebn ideal p\u00ebr projekte nd\u00ebrtimi n\u00eb shkall\u00eb t\u00eb gjer\u00eb.<\/p>\n<p>Krahasuar me konkurrent\u00ebt, \u00e7mimi i telekomand\u00ebs me lazer rrotullues t\u00eb RC100 ofron vler\u00eb t\u00eb jasht\u00ebzakonshme pa kompromentuar q\u00ebndrueshm\u00ebrin\u00eb ose funksionalitetin. \u00cbsht\u00eb nd\u00ebrtuar p\u00ebr t&#039;i b\u00ebr\u00eb ball\u00eb mjediseve t\u00eb ashpra me nj\u00eb dizajn rezistent ndaj goditjeve me vler\u00ebsim IP54.<\/p>\n<p><img fetchpriority=\"high\" decoding=\"async\" class=\"aligncenter wp-image-13512 size-medium\" src=\"https:\/\/k-level.com\/wp-content\/uploads\/2025\/06\/RC1003-300x300.jpg\" alt=\"Telekomand\u00eb niveli me lazer RC100 360\" width=\"300\" height=\"300\" srcset=\"https:\/\/k-level.com\/wp-content\/uploads\/2025\/06\/RC1003-300x300.jpg 300w, https:\/\/k-level.com\/wp-content\/uploads\/2025\/06\/RC1003-150x150.jpg 150w, https:\/\/k-level.com\/wp-content\/uploads\/2025\/06\/RC1003-768x768.jpg 768w, https:\/\/k-level.com\/wp-content\/uploads\/2025\/06\/RC1003-12x12.jpg 12w, https:\/\/k-level.com\/wp-content\/uploads\/2025\/06\/RC1003-370x370.jpg 370w, https:\/\/k-level.com\/wp-content\/uploads\/2025\/06\/RC1003-400x400.jpg 400w, https:\/\/k-level.com\/wp-content\/uploads\/2025\/06\/RC1003-100x100.jpg 100w, https:\/\/k-level.com\/wp-content\/uploads\/2025\/06\/RC1003-50x50.jpg 50w, https:\/\/k-level.com\/wp-content\/uploads\/2025\/06\/RC1003.jpg 800w\" sizes=\"(max-width: 300px) 100vw, 300px\" \/><\/p>\n<p>Me dizajnin e saj miq\u00ebsor ndaj p\u00ebrdoruesit dhe gam\u00ebn e rritur t\u00eb funksionimit, kjo telekomand\u00eb thjeshton procesin e nivelimit, duke e b\u00ebr\u00eb at\u00eb nj\u00eb shtes\u00eb t\u00eb pa\u00e7muar p\u00ebr \u00e7do komplet mjetesh.<\/p>\n<p>Keni nevoj\u00eb p\u00ebr nj\u00eb zgjidhje?<br \/>\n<a href=\"https:\/\/k-level.com\/sq\/na-kontaktoni\/\">Niveli K<\/a> ofron Sh\u00ebrbime Konsulence p\u00ebr pajisje matjeje. Na kontaktoni p\u00ebr porosi me shumic\u00eb ose mb\u00ebshtetje teknike!<\/p>","protected":false},"excerpt":{"rendered":"<ul>\n<li>Leht\u00ebsia e p\u00ebrdorimit: Telekomanda me lazer rrotullues RC100 ofron kontrolle intuitive.<\/li>\n<li>Pajtueshm\u00ebria: Telekomand\u00eb niveli me lazer 360 grad\u00eb. Projektuar p\u00ebr t\u00eb punuar pa probleme me modele t\u00eb ndryshme lazeri rrotullues, duke p\u00ebrmir\u00ebsuar funksionalitetin e tyre.<\/li>\n<li>Q\u00ebndrueshm\u00ebria: Nd\u00ebrtuar p\u00ebr t&#039;i b\u00ebr\u00eb ball\u00eb kushteve t\u00eb v\u00ebshtira t\u00eb vendit t\u00eb pun\u00ebs, duke siguruar performanc\u00eb t\u00eb besueshme me kalimin e koh\u00ebs.<\/li>\n<\/ul>\n<p><img decoding=\"async\" class=\"alignnone size-medium wp-image-13646\" src=\"https:\/\/k-level.com\/wp-content\/uploads\/2025\/05\/logo-300x98.png\" alt=\"\" width=\"300\" height=\"98\" srcset=\"https:\/\/k-level.com\/wp-content\/uploads\/2025\/05\/logo-300x98.png 300w, https:\/\/k-level.com\/wp-content\/uploads\/2025\/05\/logo-18x6.png 18w, https:\/\/k-level.com\/wp-content\/uploads\/2025\/05\/logo.png 307w\" sizes=\"(max-width: 300px) 100vw, 300px\" \/><\/p>","protected":false},"featured_media":14004,"comment_status":"open","ping_status":"closed","template":"","meta":[],"product_brand":[],"product_cat":[251],"product_tag":[237],"class_list":{"0":"post-13509","1":"product","2":"type-product","3":"status-publish","4":"has-post-thumbnail","6":"product_cat-rotary-laser-remote-control","7":"product_tag-professional-engineering","9":"first","10":"instock","11":"shipping-taxable","12":"product-type-simple"},"_links":{"self":[{"href":"https:\/\/k-level.com\/sq\/wp-json\/wp\/v2\/product\/13509","targetHints":{"allow":["GET"]}}],"collection":[{"href":"https:\/\/k-level.com\/sq\/wp-json\/wp\/v2\/product"}],"about":[{"href":"https:\/\/k-level.com\/sq\/wp-json\/wp\/v2\/types\/product"}],"replies":[{"embeddable":true,"href":"https:\/\/k-level.com\/sq\/wp-json\/wp\/v2\/comments?post=13509"}],"version-history":[{"count":4,"href":"https:\/\/k-level.com\/sq\/wp-json\/wp\/v2\/product\/13509\/revisions"}],"predecessor-version":[{"id":13771,"href":"https:\/\/k-level.com\/sq\/wp-json\/wp\/v2\/product\/13509\/revisions\/13771"}],"wp:featuredmedia":[{"embeddable":true,"href":"https:\/\/k-level.com\/sq\/wp-json\/wp\/v2\/media\/14004"}],"wp:attachment":[{"href":"https:\/\/k-level.com\/sq\/wp-json\/wp\/v2\/media?parent=13509"}],"wp:term":[{"taxonomy":"product_brand","embeddable":true,"href":"https:\/\/k-level.com\/sq\/wp-json\/wp\/v2\/product_brand?post=13509"},{"taxonomy":"product_cat","embeddable":true,"href":"https:\/\/k-level.com\/sq\/wp-json\/wp\/v2\/product_cat?post=13509"},{"taxonomy":"product_tag","embeddable":true,"href":"https:\/\/k-level.com\/sq\/wp-json\/wp\/v2\/product_tag?post=13509"}],"curies":[{"name":"wp","href":"https:\/\/api.w.org\/{rel}","templated":true}]}}