{"id":13086,"date":"2025-06-11T16:45:29","date_gmt":"2025-06-11T08:45:29","guid":{"rendered":"https:\/\/k-level.com\/?post_type=product&#038;p=13086"},"modified":"2026-03-30T10:02:53","modified_gmt":"2026-03-30T02:02:53","slug":"lazer-rrotullues-krl-640","status":"publish","type":"product","link":"https:\/\/k-level.com\/sq\/produkt\/lazer-rrotullues-krl-640\/","title":{"rendered":"Lazer rrotullues KRL-640"},"content":{"rendered":"<p>Lazer rrotullues me rreze jeshile KRL-640 vet\u00ebnivelues \u2013 P\u00ebrfundimtari <a href=\"https:\/\/k-level.com\/sq\/\">Mjet Mat\u00ebs me Lazer Rotativ<\/a><\/p>\n<p>Lazeri rrotullues KRL-640 rip\u00ebrcakton sakt\u00ebsin\u00eb n\u00eb nd\u00ebrtim dhe matje me teknologjin\u00eb e tij t\u00eb p\u00ebrparuar t\u00eb lazerit dhe shikueshm\u00ebrin\u00eb superiore. Si nj\u00eb mjet mat\u00ebs me lazer rrotullues me performanc\u00eb t\u00eb lart\u00eb, ai paraqet nj\u00eb rreze t\u00eb gjelb\u00ebr t\u00eb ndritshme q\u00eb \u00ebsht\u00eb 6 her\u00eb m\u00eb e dukshme se lazer\u00ebt standard\u00eb t\u00eb kuq, duke siguruar lexime t\u00eb qarta edhe n\u00eb kushte sfiduese t\u00eb drit\u00ebs s\u00eb dit\u00ebs. Ky komplet lazeri rrotullues vet\u00eb-nivelues vjen i plot\u00eb me gjith\u00e7ka q\u00eb profesionist\u00ebt kan\u00eb nevoj\u00eb p\u00ebr nivelim, gradim dhe shtrirje t\u00eb sakt\u00eb, duke p\u00ebrfshir\u00eb nj\u00eb marr\u00ebs premium, nj\u00eb trek\u00ebmb\u00ebsh t\u00eb fort\u00eb dhe nj\u00eb \u00e7ant\u00eb mbrojt\u00ebse mbajt\u00ebse.<\/p>\n<p>I projektuar p\u00ebr efikasitet, lazeri rrotullues me rreze jeshile KRL-640 me vet\u00ebnivelim krenohet me nj\u00eb sakt\u00ebsi mbres\u00ebl\u00ebn\u00ebse \u00b11.5 mm n\u00eb 30 m, me vet\u00ebnivelim automatik q\u00eb korrigjon keqpozicionimet brenda sekondave. Strehimi i tij i fort\u00eb me vler\u00ebsim IP66 i reziston pluhurit, ujit dhe goditjeve n\u00eb vendin e pun\u00ebs, duke e b\u00ebr\u00eb at\u00eb m\u00eb t\u00eb q\u00ebndruesh\u00ebmin. <a href=\"https:\/\/k-level.com\/sq\/na-kontaktoni\/\">mjet mat\u00ebs me lazer rrotullues<\/a> p\u00ebr mjedise k\u00ebrkuese. Seti i lazerit rrotullues vet\u00ebnivelues p\u00ebrfshin gjithashtu marr\u00ebsin ton\u00eb t\u00eb p\u00ebrparuar LP5000, i cili zgjeron gam\u00ebn e pun\u00ebs n\u00eb 1,000 m dhe p\u00ebrmban sinjale vizuale dhe audio p\u00ebr zbulim t\u00eb sakt\u00eb.<\/p>\n<p>Pavar\u00ebsisht n\u00ebse po punoni n\u00eb projekte nd\u00ebrtimi n\u00eb shkall\u00eb t\u00eb gjer\u00eb apo n\u00eb planimetri t\u00eb detajuara t\u00eb brendshme, <a href=\"https:\/\/k-level.com\/sq\/\">Lazer rrotullues me rreze jeshile KRL-640 vet\u00ebnivelues<\/a> Ofron shkatht\u00ebsi t\u00eb pakrahasueshme. Mjeti mat\u00ebs me lazer rrotullues ofron funksionalitet me dy pjerr\u00ebsi (\u00b110%) p\u00ebr aplikime t\u00eb sakta t\u00eb gradimit, nd\u00ebrsa jet\u00ebgjat\u00ebsia e tij e gjat\u00eb e bateris\u00eb prej 50 or\u00ebsh siguron funksionim t\u00eb pand\u00ebrprer\u00eb. Si pjes\u00eb e kompletit t\u00eb plot\u00eb t\u00eb lazerit rrotullues me vet\u00ebnivel, profesionist\u00ebt fitojn\u00eb akses n\u00eb kontrolle intuitive, lidhje Bluetooth dhe opsione t\u00eb shumta montimi - t\u00eb gjitha t\u00eb dizajnuara p\u00ebr t\u00eb rritur produktivitetin dhe sakt\u00ebsin\u00eb n\u00eb \u00e7do vend pune.<\/p>\n<p><img fetchpriority=\"high\" decoding=\"async\" class=\"aligncenter wp-image-13087 size-medium\" src=\"https:\/\/k-level.com\/wp-content\/uploads\/2025\/06\/KRL-6401-300x300.jpg\" alt=\"Mjet Mat\u00ebs me Lazer Rotativ KRL-640\" width=\"300\" height=\"300\" srcset=\"https:\/\/k-level.com\/wp-content\/uploads\/2025\/06\/KRL-6401-300x300.jpg 300w, https:\/\/k-level.com\/wp-content\/uploads\/2025\/06\/KRL-6401-370x370.jpg 370w, https:\/\/k-level.com\/wp-content\/uploads\/2025\/06\/KRL-6401-100x100.jpg 100w, https:\/\/k-level.com\/wp-content\/uploads\/2025\/06\/KRL-6401-400x400.jpg 400w, https:\/\/k-level.com\/wp-content\/uploads\/2025\/06\/KRL-6401-150x150.jpg 150w, https:\/\/k-level.com\/wp-content\/uploads\/2025\/06\/KRL-6401-768x768.jpg 768w, https:\/\/k-level.com\/wp-content\/uploads\/2025\/06\/KRL-6401-12x12.jpg 12w, https:\/\/k-level.com\/wp-content\/uploads\/2025\/06\/KRL-6401-50x50.jpg 50w, https:\/\/k-level.com\/wp-content\/uploads\/2025\/06\/KRL-6401.jpg 800w\" sizes=\"(max-width: 300px) 100vw, 300px\" \/><\/p>\n<p>&nbsp;<\/p>\n<p><strong>Aplikimet e mjetit t\u00eb matjes me lazer rrotullues KRL-640<\/strong><br \/>\nLazeri rrotullues KRL-640 \u00ebsht\u00eb ideal p\u00ebr nj\u00eb s\u00ebr\u00eb aplikimesh, duke p\u00ebrfshir\u00eb nivelimin, g\u00ebrmimin dhe vendosjen e themeleve. Sakt\u00ebsia e tij e lart\u00eb dhe diapazoni i gjer\u00eb i pun\u00ebs e b\u00ebjn\u00eb at\u00eb t\u00eb p\u00ebrshtatsh\u00ebm p\u00ebr p\u00ebrdorim si t\u00eb brendsh\u00ebm ashtu edhe t\u00eb jasht\u00ebm, duke e b\u00ebr\u00eb at\u00eb nj\u00eb mjet t\u00eb vlefsh\u00ebm p\u00ebr kontraktor\u00ebt, gjeodet\u00ebt dhe nd\u00ebrtuesit nj\u00ebsoj.<\/p>\n<p><strong>Krahasimi i parametrave t\u00eb modelit t\u00eb instrumenteve t\u00eb ndryshme lazer rrotullues<\/strong><\/p>\n<table width=\"1112\">\n<tbody>\n<tr>\n<td width=\"101\">Numri i artikullit<\/td>\n<td width=\"101\">Tra<\/td>\n<td width=\"101\">Horizontal<\/td>\n<td width=\"101\">Vertikale<\/td>\n<td width=\"101\">Pika kryesore<\/td>\n<td width=\"101\">Pika e poshtme<\/td>\n<td width=\"168\">Dorez\u00eb<\/td>\n<td width=\"333\">Fllusk\u00eb<\/td>\n<\/tr>\n<tr>\n<td>KRL-405R<\/td>\n<td>Rreze e Kuqe<\/td>\n<td>\u2714<\/td>\n<td><\/td>\n<td><\/td>\n<td><\/td>\n<td>Dorez\u00eb e vetme<\/td>\n<td>1 fllusk\u00eb e pavarur + 1 fllusk\u00eb e rrumbullak\u00ebt<\/td>\n<\/tr>\n<tr>\n<td>KRL-405G<\/td>\n<td>Rreze e Gjelb\u00ebr<\/td>\n<td>\u2714<\/td>\n<td><\/td>\n<td><\/td>\n<td><\/td>\n<td>Dorez\u00eb e vetme<\/td>\n<td>1 fllusk\u00eb e pavarur + 1 fllusk\u00eb e rrumbullak\u00ebt<\/td>\n<\/tr>\n<tr>\n<td>KRL-410R<\/td>\n<td>Rreze e Kuqe<\/td>\n<td>\u2714<\/td>\n<td>\u2714<\/td>\n<td>\u2714<\/td>\n<td><\/td>\n<td>Dorez\u00eb e vetme<\/td>\n<td>1 fllusk\u00eb e pavarur + 1 fllusk\u00eb e rrumbullak\u00ebt<\/td>\n<\/tr>\n<tr>\n<td>KRL-410G<\/td>\n<td>Rreze e Gjelb\u00ebr<\/td>\n<td>\u2714<\/td>\n<td>\u2714<\/td>\n<td>\u2714<\/td>\n<td><\/td>\n<td>Dorez\u00eb e vetme<\/td>\n<td>1 fllusk\u00eb e pavarur + 1 fllusk\u00eb e rrumbullak\u00ebt<\/td>\n<\/tr>\n<tr>\n<td>KRL-420G<\/td>\n<td>Rreze e Gjelb\u00ebr<\/td>\n<td>\u2714<\/td>\n<td>\u2714<\/td>\n<td>\u2714<\/td>\n<td>\u2714<\/td>\n<td>Dorez\u00eb e dyfisht\u00eb<\/td>\n<td>1 fllusk\u00eb e pavarur + 1 fllusk\u00eb e rrumbullak\u00ebt<\/td>\n<\/tr>\n<tr>\n<td>KRL-420R<\/td>\n<td>Rreze e Kuqe<\/td>\n<td>\u2714<\/td>\n<td>\u2714<\/td>\n<td>\u2714<\/td>\n<td>\u2714<\/td>\n<td>Dorez\u00eb e dyfisht\u00eb<\/td>\n<td>1 fllusk\u00eb e pavarur + 1 fllusk\u00eb e rrumbullak\u00ebt<\/td>\n<\/tr>\n<tr>\n<td>KRL-440R<\/td>\n<td>Rreze e Kuqe<\/td>\n<td>\u2714<\/td>\n<td>\u2714<\/td>\n<td>\u2714<\/td>\n<td>\u2714<\/td>\n<td>Kat\u00ebr doreza<\/td>\n<td>1 fllusk\u00eb e pavarur + 1 fllusk\u00eb e rrumbullak\u00ebt<\/td>\n<\/tr>\n<tr>\n<td>KRL-440G<\/td>\n<td>Rreze e Gjelb\u00ebr<\/td>\n<td>\u2714<\/td>\n<td>\u2714<\/td>\n<td>\u2714<\/td>\n<td>\u2714<\/td>\n<td>Kat\u00ebr doreza<\/td>\n<td>1 fllusk\u00eb e pavarur + 1 fllusk\u00eb e rrumbullak\u00ebt<\/td>\n<\/tr>\n<tr>\n<td>KRL-540G<\/td>\n<td>Rreze e Gjelb\u00ebr<\/td>\n<td>\u2714<\/td>\n<td>\u2714<\/td>\n<td colspan=\"2\" width=\"203\">3 sensor\u00eb t\u00eb gjat\u00eb t\u00eb pavarur<\/td>\n<td>Kat\u00ebr doreza<\/td>\n<td>3 flluska t\u00eb gjata t\u00eb pavarura<\/td>\n<\/tr>\n<tr>\n<td>KRL-540R<\/td>\n<td>Rreze e Kuqe<\/td>\n<td>\u2714<\/td>\n<td>\u2714<\/td>\n<td colspan=\"2\" width=\"203\">3 sensor\u00eb t\u00eb gjat\u00eb t\u00eb pavarur<\/td>\n<td>Kat\u00ebr doreza<\/td>\n<td>3 flluska t\u00eb gjata t\u00eb pavarura<\/td>\n<\/tr>\n<tr>\n<td>KRL-640R<\/td>\n<td>Rreze e Kuqe<\/td>\n<td>\u2714<\/td>\n<td>\u2714<\/td>\n<td colspan=\"2\" width=\"203\">3 sensor\u00eb t\u00eb gjat\u00eb t\u00eb pavarur<\/td>\n<td>Kat\u00ebr doreza<\/td>\n<td>3 flluska t\u00eb gjata t\u00eb pavarura<\/td>\n<\/tr>\n<tr>\n<td>KRL-640G<\/td>\n<td>Rreze e Gjelb\u00ebr<\/td>\n<td>\u2714<\/td>\n<td>\u2714<\/td>\n<td colspan=\"2\" width=\"203\">3 sensor\u00eb t\u00eb gjat\u00eb t\u00eb pavarur<\/td>\n<td>Kat\u00ebr doreza<\/td>\n<td>3 flluska t\u00eb gjata t\u00eb pavarura<\/td>\n<\/tr>\n<\/tbody>\n<\/table>\n<p>Keni nevoj\u00eb p\u00ebr nj\u00eb zgjidhje?<\/p>\n<p>K-level ofron Sh\u00ebrbime Konsulence p\u00ebr pajisje matjeje. Na kontaktoni p\u00ebr porosi me shumic\u00eb ose mb\u00ebshtetje teknike!<\/p>","protected":false},"excerpt":{"rendered":"<ul>\n<li>Lazeri rrotullues KRL-640 dallohet si nj\u00eb komplet lazeri rrotullues vet\u00ebnivelues.<\/li>\n<li><strong>Mjet Mat\u00ebs me Lazer Rotativ KRL-640<\/strong> \u00ebsht\u00eb projektuar p\u00ebr t\u00eb p\u00ebrmbushur k\u00ebrkesat e profesionist\u00ebve t\u00eb sot\u00ebm.<\/li>\n<\/ul>\n<p><img decoding=\"async\" class=\"alignnone size-medium wp-image-13646\" src=\"https:\/\/k-level.com\/wp-content\/uploads\/2025\/05\/logo-300x98.png\" alt=\"\" width=\"300\" height=\"98\" srcset=\"https:\/\/k-level.com\/wp-content\/uploads\/2025\/05\/logo-300x98.png 300w, https:\/\/k-level.com\/wp-content\/uploads\/2025\/05\/logo-18x6.png 18w, https:\/\/k-level.com\/wp-content\/uploads\/2025\/05\/logo.png 307w\" sizes=\"(max-width: 300px) 100vw, 300px\" \/><\/p>","protected":false},"featured_media":13957,"comment_status":"open","ping_status":"closed","template":"","meta":[],"product_brand":[],"product_cat":[244],"product_tag":[236],"class_list":{"0":"post-13086","1":"product","2":"type-product","3":"status-publish","4":"has-post-thumbnail","6":"product_cat-krl-640","7":"product_tag-construction","9":"first","10":"instock","11":"shipping-taxable","12":"product-type-simple"},"_links":{"self":[{"href":"https:\/\/k-level.com\/sq\/wp-json\/wp\/v2\/product\/13086","targetHints":{"allow":["GET"]}}],"collection":[{"href":"https:\/\/k-level.com\/sq\/wp-json\/wp\/v2\/product"}],"about":[{"href":"https:\/\/k-level.com\/sq\/wp-json\/wp\/v2\/types\/product"}],"replies":[{"embeddable":true,"href":"https:\/\/k-level.com\/sq\/wp-json\/wp\/v2\/comments?post=13086"}],"version-history":[{"count":5,"href":"https:\/\/k-level.com\/sq\/wp-json\/wp\/v2\/product\/13086\/revisions"}],"predecessor-version":[{"id":13438,"href":"https:\/\/k-level.com\/sq\/wp-json\/wp\/v2\/product\/13086\/revisions\/13438"}],"wp:featuredmedia":[{"embeddable":true,"href":"https:\/\/k-level.com\/sq\/wp-json\/wp\/v2\/media\/13957"}],"wp:attachment":[{"href":"https:\/\/k-level.com\/sq\/wp-json\/wp\/v2\/media?parent=13086"}],"wp:term":[{"taxonomy":"product_brand","embeddable":true,"href":"https:\/\/k-level.com\/sq\/wp-json\/wp\/v2\/product_brand?post=13086"},{"taxonomy":"product_cat","embeddable":true,"href":"https:\/\/k-level.com\/sq\/wp-json\/wp\/v2\/product_cat?post=13086"},{"taxonomy":"product_tag","embeddable":true,"href":"https:\/\/k-level.com\/sq\/wp-json\/wp\/v2\/product_tag?post=13086"}],"curies":[{"name":"wp","href":"https:\/\/api.w.org\/{rel}","templated":true}]}}