{"id":13070,"date":"2025-06-11T14:39:02","date_gmt":"2025-06-11T06:39:02","guid":{"rendered":"https:\/\/k-level.com\/?post_type=product&#038;p=13070"},"modified":"2026-03-30T09:44:18","modified_gmt":"2026-03-30T01:44:18","slug":"nivelues-lazeri-rrotullues-krl-420-per-gradim","status":"publish","type":"product","link":"https:\/\/k-level.com\/sq\/produkt\/nivelues-lazeri-rrotullues-krl-420-per-gradim\/","title":{"rendered":"Lazer rrotullues KRL-420"},"content":{"rendered":"<p><strong>Prezantimi i lazerit rrotullues KRL-420 p\u00ebr nivelim<\/strong><\/p>\n<p>Niveluesi Lazer Rotativ KRL-420 \u00ebsht\u00eb nj\u00eb nivelues lazer rrotullues i klasit profesional i projektuar p\u00ebr aplikime precize t\u00eb nivelimit, nd\u00ebrtimit dhe matjeve. Ky nivelues lazer rrotullues horizontal dhe vertikal i p\u00ebrparuar ofron sakt\u00ebsi t\u00eb jasht\u00ebzakonshme me nj\u00eb gam\u00eb vet\u00ebnivelimi prej \u00b15\u00b0, duke e b\u00ebr\u00eb at\u00eb t\u00eb p\u00ebrsosur p\u00ebr punime pjerr\u00ebsie, rreshtim themelesh dhe p\u00ebrgatitje t\u00eb vendit. Rrezja e tij e fuqishme rrotulluese 360\u00b0 siguron mbulim t\u00eb plot\u00eb n\u00eb vendet e pun\u00ebs, nd\u00ebrsa nj\u00eb gam\u00eb pune deri n\u00eb 1,200 m (me detektor) garanton performanc\u00eb t\u00eb besueshme n\u00eb projekte t\u00eb jashtme n\u00eb shkall\u00eb t\u00eb gjer\u00eb.<\/p>\n<p>Si nj\u00eb i gjithansh\u00ebm <strong>nivel lazeri rrotullues p\u00ebr gradimin<\/strong>, KRL-420 ofron funksionalitet me dy modalitete, duke lejuar nd\u00ebrrimin pa probleme midis nivelimit horizontal dhe vertikal. Aft\u00ebsia e nivelimit rrotullues me lazer horizontal dhe vertikal e b\u00ebn at\u00eb ideal p\u00ebr aplikime t\u00eb tilla si instalimi i tubave, kall\u00ebpet e betonit dhe p\u00ebrfundimi i brendsh\u00ebm. I nd\u00ebrtuar me nj\u00eb strehim t\u00eb vler\u00ebsuar IP66, ai i reziston kushteve t\u00eb v\u00ebshtira t\u00eb vendit t\u00eb pun\u00ebs, duke p\u00ebrfshir\u00eb pluhurin, lag\u00ebshtin\u00eb dhe dridhjet.<\/p>\n<p>I\/E\/T\u00eb\/T\u00eb <a href=\"https:\/\/k-level.com\/sq\/dyqan\/\">nivel lazeri rrotullues<\/a> Vjen n\u00eb nj\u00eb komplet t\u00eb plot\u00eb, duke p\u00ebrfshir\u00eb nj\u00eb trek\u00ebmb\u00ebsh t\u00eb fort\u00eb, detektor lazeri, telekomand\u00eb dhe nj\u00eb \u00e7ant\u00eb t\u00eb fort\u00eb p\u00ebr transport t\u00eb leht\u00eb. Me sakt\u00ebsi \u00b11 mm n\u00eb 30 m dhe nj\u00eb alarm automatik jasht\u00eb nivelit, KRL-420 siguron efikasitet dhe precizion n\u00eb \u00e7do detyr\u00eb. Pavar\u00ebsisht n\u00ebse jeni kontraktor, gjeodet apo inxhinier, ky nivel lazer rrotullues p\u00ebr nivelim \u00ebsht\u00eb projektuar p\u00ebr t\u00eb rritur produktivitetin dhe p\u00ebr t\u00eb ofruar rezultate profesionale.<\/p>\n<p>&nbsp;<\/p>\n<p><img fetchpriority=\"high\" decoding=\"async\" class=\"aligncenter wp-image-13071 size-medium\" src=\"https:\/\/k-level.com\/wp-content\/uploads\/2025\/06\/KRL-4203-300x300.jpg\" alt=\"Niveli lazer rrotullues KRL-420 p\u00ebr gradim\" width=\"300\" height=\"300\" srcset=\"https:\/\/k-level.com\/wp-content\/uploads\/2025\/06\/KRL-4203-300x300.jpg 300w, https:\/\/k-level.com\/wp-content\/uploads\/2025\/06\/KRL-4203-370x370.jpg 370w, https:\/\/k-level.com\/wp-content\/uploads\/2025\/06\/KRL-4203-100x100.jpg 100w, https:\/\/k-level.com\/wp-content\/uploads\/2025\/06\/KRL-4203-400x400.jpg 400w, https:\/\/k-level.com\/wp-content\/uploads\/2025\/06\/KRL-4203-150x150.jpg 150w, https:\/\/k-level.com\/wp-content\/uploads\/2025\/06\/KRL-4203-768x768.jpg 768w, https:\/\/k-level.com\/wp-content\/uploads\/2025\/06\/KRL-4203-12x12.jpg 12w, https:\/\/k-level.com\/wp-content\/uploads\/2025\/06\/KRL-4203-50x50.jpg 50w, https:\/\/k-level.com\/wp-content\/uploads\/2025\/06\/KRL-4203.jpg 800w\" sizes=\"(max-width: 300px) 100vw, 300px\" \/><\/p>\n<p><strong>Krahasimi i parametrave t\u00eb modelit t\u00eb ndrysh\u00ebm <a href=\"https:\/\/k-level.com\/sq\/\">instrumente lazer rrotulluese<\/a><\/strong><\/p>\n<table width=\"1112\">\n<tbody>\n<tr>\n<td width=\"101\">Numri i artikullit<\/td>\n<td width=\"101\">Tra<\/td>\n<td width=\"101\">Horizontal<\/td>\n<td width=\"101\">Vertikale<\/td>\n<td width=\"101\">Pika kryesore<\/td>\n<td width=\"101\">Pika e poshtme<\/td>\n<td width=\"168\">Dorez\u00eb<\/td>\n<td width=\"333\">Fllusk\u00eb<\/td>\n<\/tr>\n<tr>\n<td>KRL-405R<\/td>\n<td>Rreze e Kuqe<\/td>\n<td>\u2714<\/td>\n<td><\/td>\n<td><\/td>\n<td><\/td>\n<td>Dorez\u00eb e vetme<\/td>\n<td>1 fllusk\u00eb e pavarur + 1 fllusk\u00eb e rrumbullak\u00ebt<\/td>\n<\/tr>\n<tr>\n<td>KRL-405G<\/td>\n<td>Rreze e Gjelb\u00ebr<\/td>\n<td>\u2714<\/td>\n<td><\/td>\n<td><\/td>\n<td><\/td>\n<td>Dorez\u00eb e vetme<\/td>\n<td>1 fllusk\u00eb e pavarur + 1 fllusk\u00eb e rrumbullak\u00ebt<\/td>\n<\/tr>\n<tr>\n<td>KRL-410R<\/td>\n<td>Rreze e Kuqe<\/td>\n<td>\u2714<\/td>\n<td>\u2714<\/td>\n<td>\u2714<\/td>\n<td><\/td>\n<td>Dorez\u00eb e vetme<\/td>\n<td>1 fllusk\u00eb e pavarur + 1 fllusk\u00eb e rrumbullak\u00ebt<\/td>\n<\/tr>\n<tr>\n<td>KRL-410G<\/td>\n<td>Rreze e Gjelb\u00ebr<\/td>\n<td>\u2714<\/td>\n<td>\u2714<\/td>\n<td>\u2714<\/td>\n<td><\/td>\n<td>Dorez\u00eb e vetme<\/td>\n<td>1 fllusk\u00eb e pavarur + 1 fllusk\u00eb e rrumbullak\u00ebt<\/td>\n<\/tr>\n<tr>\n<td>KRL-420G<\/td>\n<td>Rreze e Gjelb\u00ebr<\/td>\n<td>\u2714<\/td>\n<td>\u2714<\/td>\n<td>\u2714<\/td>\n<td>\u2714<\/td>\n<td>Dorez\u00eb e dyfisht\u00eb<\/td>\n<td>1 fllusk\u00eb e pavarur + 1 fllusk\u00eb e rrumbullak\u00ebt<\/td>\n<\/tr>\n<tr>\n<td>KRL-420R<\/td>\n<td>Rreze e Kuqe<\/td>\n<td>\u2714<\/td>\n<td>\u2714<\/td>\n<td>\u2714<\/td>\n<td>\u2714<\/td>\n<td>Dorez\u00eb e dyfisht\u00eb<\/td>\n<td>1 fllusk\u00eb e pavarur + 1 fllusk\u00eb e rrumbullak\u00ebt<\/td>\n<\/tr>\n<tr>\n<td>KRL-440R<\/td>\n<td>Rreze e Kuqe<\/td>\n<td>\u2714<\/td>\n<td>\u2714<\/td>\n<td>\u2714<\/td>\n<td>\u2714<\/td>\n<td>Kat\u00ebr doreza<\/td>\n<td>1 fllusk\u00eb e pavarur + 1 fllusk\u00eb e rrumbullak\u00ebt<\/td>\n<\/tr>\n<tr>\n<td>KRL-440G<\/td>\n<td>Rreze e Gjelb\u00ebr<\/td>\n<td>\u2714<\/td>\n<td>\u2714<\/td>\n<td>\u2714<\/td>\n<td>\u2714<\/td>\n<td>Kat\u00ebr doreza<\/td>\n<td>1 fllusk\u00eb e pavarur + 1 fllusk\u00eb e rrumbullak\u00ebt<\/td>\n<\/tr>\n<tr>\n<td>KRL-540G<\/td>\n<td>Rreze e Gjelb\u00ebr<\/td>\n<td>\u2714<\/td>\n<td>\u2714<\/td>\n<td colspan=\"2\" width=\"203\">3 sensor\u00eb t\u00eb gjat\u00eb t\u00eb pavarur<\/td>\n<td>Kat\u00ebr doreza<\/td>\n<td>3 flluska t\u00eb gjata t\u00eb pavarura<\/td>\n<\/tr>\n<tr>\n<td>KRL-540R<\/td>\n<td>Rreze e Kuqe<\/td>\n<td>\u2714<\/td>\n<td>\u2714<\/td>\n<td colspan=\"2\" width=\"203\">3 sensor\u00eb t\u00eb gjat\u00eb t\u00eb pavarur<\/td>\n<td>Kat\u00ebr doreza<\/td>\n<td>3 flluska t\u00eb gjata t\u00eb pavarura<\/td>\n<\/tr>\n<tr>\n<td>KRL-640R<\/td>\n<td>Rreze e Kuqe<\/td>\n<td>\u2714<\/td>\n<td>\u2714<\/td>\n<td colspan=\"2\" width=\"203\">3 sensor\u00eb t\u00eb gjat\u00eb t\u00eb pavarur<\/td>\n<td>Kat\u00ebr doreza<\/td>\n<td>3 flluska t\u00eb gjata t\u00eb pavarura<\/td>\n<\/tr>\n<tr>\n<td>KRL-640G<\/td>\n<td>Rreze e Gjelb\u00ebr<\/td>\n<td>\u2714<\/td>\n<td>\u2714<\/td>\n<td colspan=\"2\" width=\"203\">3 sensor\u00eb t\u00eb gjat\u00eb t\u00eb pavarur<\/td>\n<td>Kat\u00ebr doreza<\/td>\n<td>3 flluska t\u00eb gjata t\u00eb pavarura<\/td>\n<\/tr>\n<\/tbody>\n<\/table>\n<p>Keni nevoj\u00eb p\u00ebr nj\u00eb zgjidhje?<\/p>\n<p><a href=\"https:\/\/k-level.com\/sq\/\">Niveli K<\/a> ofron Sh\u00ebrbime Konsulence p\u00ebr pajisje matjeje. Na kontaktoni p\u00ebr porosi me shumic\u00eb ose mb\u00ebshtetje teknike!<\/p>","protected":false},"excerpt":{"rendered":"<ul>\n<li>Kombinimi i rrotulluesit automatik t\u00eb drejtimit t\u00eb teknologjis\u00eb s\u00eb fundit<\/li>\n<li>teknologji lazeri me performanc\u00eb t\u00eb fort\u00eb<\/li>\n<li>Niveli lazer rrotullues KRL-420 p\u00ebr gradim \u00ebsht\u00eb lazeri rrotullues shum\u00ebfunksional p\u00ebrfundimtar p\u00ebr profesionist\u00ebt.<\/li>\n<\/ul>\n<p><img decoding=\"async\" class=\"alignnone size-medium wp-image-13646\" src=\"https:\/\/k-level.com\/wp-content\/uploads\/2025\/05\/logo-300x98.png\" alt=\"\" width=\"300\" height=\"98\" srcset=\"https:\/\/k-level.com\/wp-content\/uploads\/2025\/05\/logo-300x98.png 300w, https:\/\/k-level.com\/wp-content\/uploads\/2025\/05\/logo-18x6.png 18w, https:\/\/k-level.com\/wp-content\/uploads\/2025\/05\/logo.png 307w\" sizes=\"(max-width: 300px) 100vw, 300px\" \/><\/p>","protected":false},"featured_media":13999,"comment_status":"open","ping_status":"closed","template":"","meta":[],"product_brand":[],"product_cat":[241],"product_tag":[236],"class_list":{"0":"post-13070","1":"product","2":"type-product","3":"status-publish","4":"has-post-thumbnail","6":"product_cat-krl-420","7":"product_tag-construction","9":"first","10":"instock","11":"shipping-taxable","12":"product-type-simple"},"_links":{"self":[{"href":"https:\/\/k-level.com\/sq\/wp-json\/wp\/v2\/product\/13070","targetHints":{"allow":["GET"]}}],"collection":[{"href":"https:\/\/k-level.com\/sq\/wp-json\/wp\/v2\/product"}],"about":[{"href":"https:\/\/k-level.com\/sq\/wp-json\/wp\/v2\/types\/product"}],"replies":[{"embeddable":true,"href":"https:\/\/k-level.com\/sq\/wp-json\/wp\/v2\/comments?post=13070"}],"version-history":[{"count":5,"href":"https:\/\/k-level.com\/sq\/wp-json\/wp\/v2\/product\/13070\/revisions"}],"predecessor-version":[{"id":14082,"href":"https:\/\/k-level.com\/sq\/wp-json\/wp\/v2\/product\/13070\/revisions\/14082"}],"wp:featuredmedia":[{"embeddable":true,"href":"https:\/\/k-level.com\/sq\/wp-json\/wp\/v2\/media\/13999"}],"wp:attachment":[{"href":"https:\/\/k-level.com\/sq\/wp-json\/wp\/v2\/media?parent=13070"}],"wp:term":[{"taxonomy":"product_brand","embeddable":true,"href":"https:\/\/k-level.com\/sq\/wp-json\/wp\/v2\/product_brand?post=13070"},{"taxonomy":"product_cat","embeddable":true,"href":"https:\/\/k-level.com\/sq\/wp-json\/wp\/v2\/product_cat?post=13070"},{"taxonomy":"product_tag","embeddable":true,"href":"https:\/\/k-level.com\/sq\/wp-json\/wp\/v2\/product_tag?post=13070"}],"curies":[{"name":"wp","href":"https:\/\/api.w.org\/{rel}","templated":true}]}}