{"id":13045,"date":"2025-06-11T13:08:46","date_gmt":"2025-06-11T05:08:46","guid":{"rendered":"https:\/\/k-level.com\/?post_type=product&#038;p=13045"},"modified":"2025-07-24T14:24:44","modified_gmt":"2025-07-24T06:24:44","slug":"nivelues-lazeri-me-linje-kll-015-vete-nivelues-360-grade","status":"publish","type":"product","link":"https:\/\/k-level.com\/sq\/produkt\/nivelues-lazeri-me-linje-kll-015-vete-nivelues-360-grade\/","title":{"rendered":"Lazeri i linj\u00ebs KLL-015"},"content":{"rendered":"<p>Prezantimi i <strong>Lazeri i linj\u00ebs KLL-015<\/strong> \u2013 Dukshm\u00ebri superiore me Teknologjin\u00eb e Nivelimit t\u00eb Lavjerr\u00ebsit<\/p>\n<p><a href=\"https:\/\/k-level.com\/sq\/dyqan\/\">Lazeri i linj\u00ebs KLL-015<\/a>, zgjidhja jon\u00eb premium p\u00ebr nivelim lazeri 360 grad\u00eb, e projektuar p\u00ebr kontraktor\u00eb profesionist\u00eb dhe p\u00ebrdorues t\u00eb fokusuar n\u00eb precizion. Ky mjet i p\u00ebrparuar lazeri kombinon mbulim t\u00eb plot\u00eb 360 grad\u00eb me teknologjin\u00eb automatike t\u00eb vet\u00eb-nivelimit, duke e b\u00ebr\u00eb at\u00eb ideal p\u00ebr nd\u00ebrtime komplekse, dizajn t\u00eb brendsh\u00ebm dhe projekte rinovimi.<\/p>\n<p>I\/E\/T\u00eb\/T\u00eb <a href=\"https:\/\/k-level.com\/sq\/\">nivelues lazeri linear 360 vet\u00eb-nivelues<\/a> Sistemi \u00ebsht\u00eb ve\u00e7an\u00ebrisht i vlefsh\u00ebm p\u00ebr:<\/p>\n<p>\u2713 Projekte t\u00eb plota rimodelimi t\u00eb dhomave<br \/>\n\u2713 Vendosje profesionale e pllakave dhe dyshemeve<br \/>\n\u2713 Rreshtimi i rrjet\u00ebs s\u00eb tavanit dhe tavanit t\u00eb varur<br \/>\n\u2713 Kornizim dhe ndarje muri<br \/>\n\u2713 Punime t\u00eb shpejta elektrike dhe hidraulike<\/p>\n<p>&nbsp;<\/p>\n<p><img fetchpriority=\"high\" decoding=\"async\" class=\"aligncenter wp-image-13047 size-medium\" src=\"https:\/\/k-level.com\/wp-content\/uploads\/2025\/06\/KLL-0152-300x300.jpg\" alt=\"nivelues lazeri linear 360 vet\u00eb-nivelues\" width=\"300\" height=\"300\" srcset=\"https:\/\/k-level.com\/wp-content\/uploads\/2025\/06\/KLL-0152-300x300.jpg 300w, https:\/\/k-level.com\/wp-content\/uploads\/2025\/06\/KLL-0152-370x370.jpg 370w, https:\/\/k-level.com\/wp-content\/uploads\/2025\/06\/KLL-0152-100x100.jpg 100w, https:\/\/k-level.com\/wp-content\/uploads\/2025\/06\/KLL-0152-400x400.jpg 400w, https:\/\/k-level.com\/wp-content\/uploads\/2025\/06\/KLL-0152-150x150.jpg 150w, https:\/\/k-level.com\/wp-content\/uploads\/2025\/06\/KLL-0152-768x768.jpg 768w, https:\/\/k-level.com\/wp-content\/uploads\/2025\/06\/KLL-0152-12x12.jpg 12w, https:\/\/k-level.com\/wp-content\/uploads\/2025\/06\/KLL-0152-50x50.jpg 50w, https:\/\/k-level.com\/wp-content\/uploads\/2025\/06\/KLL-0152.jpg 800w\" sizes=\"(max-width: 300px) 100vw, 300px\" \/><\/p>\n<p>Keni nevoj\u00eb p\u00ebr nj\u00eb zgjidhje?<br \/>\nK-level ofron Sh\u00ebrbime Konsulence p\u00ebr pajisje matjeje. Na kontaktoni p\u00ebr porosi me shumic\u00eb ose mb\u00ebshtetje teknike!<\/p>","protected":false},"excerpt":{"rendered":"<ul>\n<li>Puna brenda n\u00ebn drita t\u00eb forta ose jasht\u00eb n\u00eb distanca t\u00eb gjata.<\/li>\n<li>Nivelimi lazerik i linj\u00ebs KLL-015 360 vet\u00eb-nivelues dallohet si nj\u00eb nga m\u00eb t\u00eb mir\u00ebt<\/li>\n<li>Nivel lazeri p\u00ebr nivelim lavjerr\u00ebsi p\u00ebr profesionist\u00eb.<\/li>\n<\/ul>\n<p><img decoding=\"async\" class=\"alignnone size-medium wp-image-13646\" src=\"https:\/\/k-level.com\/wp-content\/uploads\/2025\/05\/logo-300x98.png\" alt=\"\" width=\"300\" height=\"98\" srcset=\"https:\/\/k-level.com\/wp-content\/uploads\/2025\/05\/logo-300x98.png 300w, https:\/\/k-level.com\/wp-content\/uploads\/2025\/05\/logo-18x6.png 18w, https:\/\/k-level.com\/wp-content\/uploads\/2025\/05\/logo.png 307w\" sizes=\"(max-width: 300px) 100vw, 300px\" \/><\/p>","protected":false},"featured_media":14019,"comment_status":"open","ping_status":"closed","template":"","meta":[],"product_brand":[111],"product_cat":[140],"product_tag":[235],"class_list":{"0":"post-13045","1":"product","2":"type-product","3":"status-publish","4":"has-post-thumbnail","6":"product_brand-kll-015","7":"product_cat-pendulum-leveling-laser-level-for-sale-in-china-factory","8":"product_tag-interior-decoration","10":"first","11":"instock","12":"shipping-taxable","13":"product-type-simple"},"_links":{"self":[{"href":"https:\/\/k-level.com\/sq\/wp-json\/wp\/v2\/product\/13045","targetHints":{"allow":["GET"]}}],"collection":[{"href":"https:\/\/k-level.com\/sq\/wp-json\/wp\/v2\/product"}],"about":[{"href":"https:\/\/k-level.com\/sq\/wp-json\/wp\/v2\/types\/product"}],"replies":[{"embeddable":true,"href":"https:\/\/k-level.com\/sq\/wp-json\/wp\/v2\/comments?post=13045"}],"version-history":[{"count":5,"href":"https:\/\/k-level.com\/sq\/wp-json\/wp\/v2\/product\/13045\/revisions"}],"predecessor-version":[{"id":13761,"href":"https:\/\/k-level.com\/sq\/wp-json\/wp\/v2\/product\/13045\/revisions\/13761"}],"wp:featuredmedia":[{"embeddable":true,"href":"https:\/\/k-level.com\/sq\/wp-json\/wp\/v2\/media\/14019"}],"wp:attachment":[{"href":"https:\/\/k-level.com\/sq\/wp-json\/wp\/v2\/media?parent=13045"}],"wp:term":[{"taxonomy":"product_brand","embeddable":true,"href":"https:\/\/k-level.com\/sq\/wp-json\/wp\/v2\/product_brand?post=13045"},{"taxonomy":"product_cat","embeddable":true,"href":"https:\/\/k-level.com\/sq\/wp-json\/wp\/v2\/product_cat?post=13045"},{"taxonomy":"product_tag","embeddable":true,"href":"https:\/\/k-level.com\/sq\/wp-json\/wp\/v2\/product_tag?post=13045"}],"curies":[{"name":"wp","href":"https:\/\/api.w.org\/{rel}","templated":true}]}}