{"id":13040,"date":"2025-06-11T11:26:44","date_gmt":"2025-06-11T03:26:44","guid":{"rendered":"https:\/\/k-level.com\/?post_type=product&#038;p=13040"},"modified":"2026-03-30T09:40:54","modified_gmt":"2026-03-30T01:40:54","slug":"lazeri-i-linjes-kll-d800","status":"publish","type":"product","link":"https:\/\/k-level.com\/sq\/produkt\/lazeri-i-linjes-kll-d800\/","title":{"rendered":"Lazeri i linj\u00ebs KLL-D800"},"content":{"rendered":"<p><strong>Hyrje n\u00eb lazerin e linj\u00ebs KLL-D800<\/strong><\/p>\n<p>K-Level njihet si prodhuesi kryesor i instrumenteve mat\u00ebse, dhe seria jon\u00eb KLL-D800 Line Laser q\u00ebndron si nj\u00eb d\u00ebshmi e p\u00ebrkushtimit ton\u00eb ndaj cil\u00ebsis\u00eb dhe inovacionit. Nd\u00ebr produktet kryesore n\u00eb k\u00ebt\u00eb seri \u00ebsht\u00eb <strong>Nivel lazeri me vija t\u00eb kryq\u00ebzuara p\u00ebr jasht\u00eb, vet\u00eb-nivelues<\/strong>, i projektuar posa\u00e7\u00ebrisht p\u00ebr aplikime n\u00eb natyr\u00eb. Ky nivel lazeri i teknologjis\u00eb s\u00eb fundit \u00ebsht\u00eb projektuar p\u00ebr t\u00eb ofruar sakt\u00ebsi dhe besueshm\u00ebri t\u00eb pakrahasueshme n\u00eb ambiente t\u00eb ndryshme n\u00eb natyr\u00eb, duke e b\u00ebr\u00eb at\u00eb nj\u00eb mjet thelb\u00ebsor si p\u00ebr profesionist\u00ebt ashtu edhe p\u00ebr entuziast\u00ebt e punimeve &quot;b\u00ebje vet\u00eb&quot;.<\/p>\n<p>P\u00ebrve\u00e7 karakteristikave t\u00eb tij t\u00eb fuqishme t\u00eb vet\u00eb-nivelimit, <a href=\"https:\/\/k-level.com\/sq\/rreth-nesh\/\">Nivel lazeri me vija t\u00eb kryq\u00ebzuara p\u00ebr jasht\u00eb, vet\u00eb-nivelues<\/a> \u00cbsht\u00eb projektuar p\u00ebr q\u00ebndrueshm\u00ebri dhe leht\u00ebsi p\u00ebrdorimi. Pjesa e jashtme e tij e fort\u00eb \u00ebsht\u00eb nd\u00ebrtuar p\u00ebr t&#039;i b\u00ebr\u00eb ball\u00eb kushteve t\u00eb ashpra mjedisore, duke siguruar performanc\u00eb afatgjat\u00eb n\u00eb \u00e7do vend pune. Nd\u00ebrfaqja miq\u00ebsore p\u00ebr p\u00ebrdoruesit lejon konfigurim dhe funksionim t\u00eb shpejt\u00eb, duke e b\u00ebr\u00eb at\u00eb t\u00eb p\u00ebrshtatsh\u00ebm si p\u00ebr fillestar\u00ebt ashtu edhe p\u00ebr p\u00ebrdoruesit me p\u00ebrvoj\u00eb. Aksesor\u00ebt e montimit t\u00eb p\u00ebrfshir\u00eb rrisin m\u00eb tej shkatht\u00ebsin\u00eb e tij, duke ju lejuar t\u00eb siguroni nivelin e lazerit n\u00eb pozicione t\u00eb ndryshme p\u00ebr t\u00eb arritur shtrirjen e d\u00ebshiruar.<\/p>\n<p>I\/E\/T\u00eb\/T\u00eb <a href=\"https:\/\/k-level.com\/sq\/rreth-nesh\/\">KLL-D800<\/a> Nuk ka t\u00eb b\u00ebj\u00eb vet\u00ebm me funksionalitetin; ai thekson gjithashtu transportueshm\u00ebrin\u00eb. I leht\u00eb dhe kompakt, ky nivel lazeri mund t\u00eb transportohet leht\u00ebsisht nga nj\u00eb vend pune n\u00eb tjetrin, duke siguruar q\u00eb gjithmon\u00eb t\u00eb keni nj\u00eb mjet mat\u00ebs t\u00eb besuesh\u00ebm n\u00eb dispozicion. Pavar\u00ebsisht n\u00ebse po rreshtoni gardhe, po vendosni themele ose po sh\u00ebnoni peizazhin, Niveli Lazeri me Vija Kryq\u00ebzuese Vet\u00eb-Niveluese p\u00ebr Jasht\u00eb \u00ebsht\u00eb zgjidhja juaj e preferuar p\u00ebr t\u00eb arritur rezultate t\u00eb sakta.<\/p>\n<p><img fetchpriority=\"high\" decoding=\"async\" class=\"aligncenter wp-image-13041 size-medium\" src=\"https:\/\/k-level.com\/wp-content\/uploads\/2025\/06\/KLL-8001-1-300x300.jpg\" alt=\"Nivel lazeri me vija t\u00eb kryq\u00ebzuara p\u00ebr jasht\u00eb, vet\u00eb-nivelues\" width=\"300\" height=\"300\" srcset=\"https:\/\/k-level.com\/wp-content\/uploads\/2025\/06\/KLL-8001-1-300x300.jpg 300w, https:\/\/k-level.com\/wp-content\/uploads\/2025\/06\/KLL-8001-1-370x370.jpg 370w, https:\/\/k-level.com\/wp-content\/uploads\/2025\/06\/KLL-8001-1-100x100.jpg 100w, https:\/\/k-level.com\/wp-content\/uploads\/2025\/06\/KLL-8001-1-400x400.jpg 400w, https:\/\/k-level.com\/wp-content\/uploads\/2025\/06\/KLL-8001-1-150x150.jpg 150w, https:\/\/k-level.com\/wp-content\/uploads\/2025\/06\/KLL-8001-1-768x768.jpg 768w, https:\/\/k-level.com\/wp-content\/uploads\/2025\/06\/KLL-8001-1-12x12.jpg 12w, https:\/\/k-level.com\/wp-content\/uploads\/2025\/06\/KLL-8001-1-50x50.jpg 50w, https:\/\/k-level.com\/wp-content\/uploads\/2025\/06\/KLL-8001-1.jpg 800w\" sizes=\"(max-width: 300px) 100vw, 300px\" \/><\/p>\n<p>&nbsp;<\/p>\n<p>I disponuesh\u00ebm n\u00eb modele t\u00eb shumta, duke p\u00ebrfshir\u00eb KLL-D801R, KLL-D802R, KLL-D803R (rreze e kuqe) dhe KLL-D801G, KLL-D802G, KLL-D803G (rreze e gjelb\u00ebr), lazeri i linj\u00ebs KLL-D800 ofron shkatht\u00ebsi p\u00ebr t\u00eb p\u00ebrmbushur nevojat e ndryshme t\u00eb p\u00ebrdoruesve.<\/p>\n<p>Keni nevoj\u00eb p\u00ebr nj\u00eb zgjidhje?<br \/>\nK-level ofron Sh\u00ebrbime Konsulence p\u00ebr pajisje matjeje. Na kontaktoni p\u00ebr porosi me shumic\u00eb ose mb\u00ebshtetje teknike!<\/p>","protected":false},"excerpt":{"rendered":"<ul>\n<li>Lazeri i linj\u00ebs KLL-D800 \u00ebsht\u00eb nj\u00eb lazer i gjithansh\u00ebm dhe i sakt\u00eb.<\/li>\n<li>Nivel lazeri me vija t\u00eb kryq\u00ebzuara, vet\u00ebnivelues p\u00ebr jasht\u00eb, Mjet i q\u00ebndruesh\u00ebm, thelb\u00ebsor p\u00ebr profesionist\u00ebt e nd\u00ebrtimit.<\/li>\n<li>Lazeri i linj\u00ebs KLL-D800 ka karakteristika t\u00eb p\u00ebrparuara, duke p\u00ebrfshir\u00eb opsione t\u00eb drit\u00ebs s\u00eb dyfisht\u00eb.<\/li>\n<\/ul>\n<p><img decoding=\"async\" class=\"alignnone size-medium wp-image-13646\" src=\"https:\/\/k-level.com\/wp-content\/uploads\/2025\/05\/logo-300x98.png\" alt=\"\" width=\"300\" height=\"98\" srcset=\"https:\/\/k-level.com\/wp-content\/uploads\/2025\/05\/logo-300x98.png 300w, https:\/\/k-level.com\/wp-content\/uploads\/2025\/05\/logo-18x6.png 18w, https:\/\/k-level.com\/wp-content\/uploads\/2025\/05\/logo.png 307w\" sizes=\"(max-width: 300px) 100vw, 300px\" \/><\/p>","protected":false},"featured_media":14022,"comment_status":"open","ping_status":"closed","template":"","meta":[],"product_brand":[110],"product_cat":[133],"product_tag":[235],"class_list":{"0":"post-13040","1":"product","2":"type-product","3":"status-publish","4":"has-post-thumbnail","6":"product_brand-kll-d800","7":"product_cat-electronic-line-laser-for-sale","8":"product_tag-interior-decoration","10":"first","11":"instock","12":"shipping-taxable","13":"product-type-simple"},"_links":{"self":[{"href":"https:\/\/k-level.com\/sq\/wp-json\/wp\/v2\/product\/13040","targetHints":{"allow":["GET"]}}],"collection":[{"href":"https:\/\/k-level.com\/sq\/wp-json\/wp\/v2\/product"}],"about":[{"href":"https:\/\/k-level.com\/sq\/wp-json\/wp\/v2\/types\/product"}],"replies":[{"embeddable":true,"href":"https:\/\/k-level.com\/sq\/wp-json\/wp\/v2\/comments?post=13040"}],"version-history":[{"count":5,"href":"https:\/\/k-level.com\/sq\/wp-json\/wp\/v2\/product\/13040\/revisions"}],"predecessor-version":[{"id":13765,"href":"https:\/\/k-level.com\/sq\/wp-json\/wp\/v2\/product\/13040\/revisions\/13765"}],"wp:featuredmedia":[{"embeddable":true,"href":"https:\/\/k-level.com\/sq\/wp-json\/wp\/v2\/media\/14022"}],"wp:attachment":[{"href":"https:\/\/k-level.com\/sq\/wp-json\/wp\/v2\/media?parent=13040"}],"wp:term":[{"taxonomy":"product_brand","embeddable":true,"href":"https:\/\/k-level.com\/sq\/wp-json\/wp\/v2\/product_brand?post=13040"},{"taxonomy":"product_cat","embeddable":true,"href":"https:\/\/k-level.com\/sq\/wp-json\/wp\/v2\/product_cat?post=13040"},{"taxonomy":"product_tag","embeddable":true,"href":"https:\/\/k-level.com\/sq\/wp-json\/wp\/v2\/product_tag?post=13040"}],"curies":[{"name":"wp","href":"https:\/\/api.w.org\/{rel}","templated":true}]}}