{"id":13007,"date":"2025-06-10T17:34:48","date_gmt":"2025-06-10T09:34:48","guid":{"rendered":"https:\/\/k-level.com\/?post_type=product&#038;p=13007"},"modified":"2025-07-10T13:19:42","modified_gmt":"2025-07-10T05:19:42","slug":"lazeri-i-linjes-kll-012","status":"publish","type":"product","link":"https:\/\/k-level.com\/sq\/produkt\/lazeri-i-linjes-kll-012\/","title":{"rendered":"Lazeri i linj\u00ebs KLL-012"},"content":{"rendered":"<p>K-level prezanton me krenari <a href=\"https:\/\/k-level.com\/sq\/dyqan\/\">Lazeri i linj\u00ebs KLL-012<\/a>, nj\u00eb nivel lazeri me vija t\u00eb teknologjis\u00eb s\u00eb fundit, i projektuar p\u00ebr profesionist\u00ebt q\u00eb k\u00ebrkojn\u00eb sakt\u00ebsi dhe shkatht\u00ebsi maksimale n\u00eb projektet e nd\u00ebrtimit, rinovimit dhe dizajnit t\u00eb brendsh\u00ebm. Si pjes\u00eb e seris\u00eb son\u00eb t\u00eb avancuar t\u00eb nivelimit me lazer, KLL-012 dallohet me aft\u00ebsin\u00eb e tij t\u00eb projeksionit me 4 rreshta, duke ofruar mbulim 360\u00b0 p\u00ebr paraqitje komplekse me sakt\u00ebsi t\u00eb pakrahasueshme.<\/p>\n<p>KLL-012 <a href=\"https:\/\/k-level.com\/sq\/dyqan\/\">\u00a0nivel lazeri linear<\/a> P\u00ebrmban rreze lazeri jeshil shum\u00eb t\u00eb dukshme, duke ofruar shikueshm\u00ebri 4 her\u00eb m\u00eb t\u00eb ndritshme krahasuar me lazer\u00ebt tradicional\u00eb t\u00eb kuq - perfekt p\u00ebr vende pune t\u00eb ndri\u00e7uara mir\u00eb dhe projekte n\u00eb shkall\u00eb t\u00eb gjer\u00eb. Me teknologji vet\u00ebniveluese dhe nj\u00eb sakt\u00ebsi \u00b10.1 mm\/m, ky nivelues lazeri me 4 rreshta siguron nj\u00eb shtrirje t\u00eb p\u00ebrsosur p\u00ebr detyra t\u00eb tilla si pllaka dyshemeje, instalime tavani dhe korniza muri.<\/p>\n<p><img fetchpriority=\"high\" decoding=\"async\" class=\"aligncenter wp-image-13008 size-medium\" src=\"https:\/\/k-level.com\/wp-content\/uploads\/2025\/06\/KLL-0122-300x300.jpg\" alt=\"Niveli lazeri me 16 rreshta\" width=\"300\" height=\"300\" srcset=\"https:\/\/k-level.com\/wp-content\/uploads\/2025\/06\/KLL-0122-300x300.jpg 300w, https:\/\/k-level.com\/wp-content\/uploads\/2025\/06\/KLL-0122-370x370.jpg 370w, https:\/\/k-level.com\/wp-content\/uploads\/2025\/06\/KLL-0122-100x100.jpg 100w, https:\/\/k-level.com\/wp-content\/uploads\/2025\/06\/KLL-0122-400x400.jpg 400w, https:\/\/k-level.com\/wp-content\/uploads\/2025\/06\/KLL-0122-150x150.jpg 150w, https:\/\/k-level.com\/wp-content\/uploads\/2025\/06\/KLL-0122-768x768.jpg 768w, https:\/\/k-level.com\/wp-content\/uploads\/2025\/06\/KLL-0122-12x12.jpg 12w, https:\/\/k-level.com\/wp-content\/uploads\/2025\/06\/KLL-0122-50x50.jpg 50w, https:\/\/k-level.com\/wp-content\/uploads\/2025\/06\/KLL-0122.jpg 800w\" sizes=\"(max-width: 300px) 100vw, 300px\" \/><\/p>\n<p><a href=\"https:\/\/k-level.com\/sq\/\">Lazeri i linj\u00ebs KLL-012<\/a> Aplikime t\u00eb gjera<br \/>\nPavar\u00ebsisht n\u00ebse jeni kontraktor, elektricist apo entuziast i pun\u00ebve &quot;b\u00ebje vet\u00eb&quot;, KLL-012 p\u00ebrshtatet me detyra t\u00eb tilla si:<\/p>\n<p>Rreshtimi i murit dhe dyshemes\u00eb<\/p>\n<p>Instalimi i tavanit t\u00eb varur<\/p>\n<p>Kornizimi dhe gradimi<\/p>\n<p>HVAC dhe punime elektrike<\/p>\n<p>Keni nevoj\u00eb p\u00ebr nj\u00eb zgjidhje?<br \/>\nK-level ofron Sh\u00ebrbime Konsulence p\u00ebr pajisje matjeje. Na kontaktoni p\u00ebr porosi me shumic\u00eb ose mb\u00ebshtetje teknike!<\/p>","protected":false},"excerpt":{"rendered":"<ul>\n<li>Vendoseni lazerin e linj\u00ebs n\u00eb nj\u00eb sip\u00ebrfaqe t\u00eb q\u00ebndrueshme.<\/li>\n<li>ndiz pajisjen<\/li>\n<li>Rregulloni lazerin linear n\u00eb lart\u00ebsin\u00eb e d\u00ebshiruar.<\/li>\n<li>Niveli i lazerit me 4 vija do t\u00eb projektoj\u00eb nj\u00eb vij\u00eb t\u00eb qart\u00eb horizontale ose vertikale.<\/li>\n<\/ul>\n<p><img decoding=\"async\" class=\"alignnone size-medium wp-image-13646\" src=\"https:\/\/k-level.com\/wp-content\/uploads\/2025\/05\/logo-300x98.png\" alt=\"\" width=\"300\" height=\"98\" srcset=\"https:\/\/k-level.com\/wp-content\/uploads\/2025\/05\/logo-300x98.png 300w, https:\/\/k-level.com\/wp-content\/uploads\/2025\/05\/logo-18x6.png 18w, https:\/\/k-level.com\/wp-content\/uploads\/2025\/05\/logo.png 307w\" sizes=\"(max-width: 300px) 100vw, 300px\" \/><\/p>","protected":false},"featured_media":13008,"comment_status":"open","ping_status":"closed","template":"","meta":[],"product_brand":[],"product_cat":[133],"product_tag":[235],"class_list":{"0":"post-13007","1":"product","2":"type-product","3":"status-publish","4":"has-post-thumbnail","6":"product_cat-electronic-line-laser-for-sale","7":"product_tag-interior-decoration","9":"first","10":"instock","11":"shipping-taxable","12":"product-type-simple"},"_links":{"self":[{"href":"https:\/\/k-level.com\/sq\/wp-json\/wp\/v2\/product\/13007","targetHints":{"allow":["GET"]}}],"collection":[{"href":"https:\/\/k-level.com\/sq\/wp-json\/wp\/v2\/product"}],"about":[{"href":"https:\/\/k-level.com\/sq\/wp-json\/wp\/v2\/types\/product"}],"replies":[{"embeddable":true,"href":"https:\/\/k-level.com\/sq\/wp-json\/wp\/v2\/comments?post=13007"}],"version-history":[{"count":5,"href":"https:\/\/k-level.com\/sq\/wp-json\/wp\/v2\/product\/13007\/revisions"}],"predecessor-version":[{"id":13760,"href":"https:\/\/k-level.com\/sq\/wp-json\/wp\/v2\/product\/13007\/revisions\/13760"}],"wp:featuredmedia":[{"embeddable":true,"href":"https:\/\/k-level.com\/sq\/wp-json\/wp\/v2\/media\/13008"}],"wp:attachment":[{"href":"https:\/\/k-level.com\/sq\/wp-json\/wp\/v2\/media?parent=13007"}],"wp:term":[{"taxonomy":"product_brand","embeddable":true,"href":"https:\/\/k-level.com\/sq\/wp-json\/wp\/v2\/product_brand?post=13007"},{"taxonomy":"product_cat","embeddable":true,"href":"https:\/\/k-level.com\/sq\/wp-json\/wp\/v2\/product_cat?post=13007"},{"taxonomy":"product_tag","embeddable":true,"href":"https:\/\/k-level.com\/sq\/wp-json\/wp\/v2\/product_tag?post=13007"}],"curies":[{"name":"wp","href":"https:\/\/api.w.org\/{rel}","templated":true}]}}