{"id":12643,"date":"2025-05-07T15:57:06","date_gmt":"2025-05-07T07:57:06","guid":{"rendered":"http:\/\/www.xcar.com\/?post_type=product&#038;p=12643"},"modified":"2026-03-30T09:08:25","modified_gmt":"2026-03-30T01:08:25","slug":"nivel-lazer-rrotullues-krl-410-me-pjerresi","status":"publish","type":"product","link":"https:\/\/k-level.com\/sq\/produkt\/nivel-lazer-rrotullues-krl-410-me-pjerresi\/","title":{"rendered":"Lazer rrotullues KRL-410"},"content":{"rendered":"<p><strong>Hyrje n\u00eb lazerin rrotullues KRL-410<\/strong><\/p>\n<p>Niveli lazer rrotullues KRL-410 \u00ebsht\u00eb nj\u00eb instrument mat\u00ebs me precizion t\u00eb lart\u00eb i projektuar p\u00ebr aplikime profesionale n\u00eb nd\u00ebrtim, nivelim dhe matje toke.<br \/>\nSi nj\u00eb nivel lazer rrotullues me funksionalitet pjerr\u00ebsie, ai mund\u00ebson nivelim t\u00eb sakt\u00eb dhe rregullime t\u00eb pjerr\u00ebsis\u00eb (\u00b15\u00b0), duke b\u00ebr\u00eb q\u00eb <strong>nivel lazeri rrotullues me pjerr\u00ebsi<\/strong> ideal p\u00ebr punime themelesh, derdhje betoni dhe projekte kullimi. Lazeri l\u00ebshon nj\u00eb rreze rrotulluese 360\u00b0 me shikueshm\u00ebri t\u00eb lart\u00eb (deri n\u00eb 800 m me nj\u00eb lazer rrotullues me marr\u00ebs), duke siguruar performanc\u00eb t\u00eb besueshme edhe n\u00eb kushte t\u00eb ndri\u00e7uara nga drita e jashtme.<\/p>\n<p>Kjo <a href=\"https:\/\/k-level.com\/sq\/na-kontaktoni\/\">komplet niveli lazeri rrotullues<\/a> p\u00ebrfshin nj\u00eb \u00e7ant\u00eb t\u00eb fort\u00eb mbajt\u00ebse, nj\u00eb kllap\u00eb montimi magnetike, nj\u00eb telekomand\u00eb dhe nj\u00eb bateri t\u00eb rikarikueshme p\u00ebr pun\u00eb t\u00eb zgjatur n\u00eb terren. KRL-410 p\u00ebrmban teknologji vet\u00ebniveluese me nj\u00eb sakt\u00ebsi prej \u00b11.5 mm n\u00eb 30 m, duke zvog\u00ebluar koh\u00ebn e konfigurimit dhe duke minimizuar gabimin njer\u00ebzor. Qoft\u00eb i p\u00ebrdorur p\u00ebr rreshtim t\u00eb brendsh\u00ebm apo projekte n\u00eb shkall\u00eb t\u00eb gjer\u00eb n\u00eb natyr\u00eb, ky nivelues lazer rrotullues me pjerr\u00ebsi siguron efikasitet dhe precizion.<\/p>\n<p><img fetchpriority=\"high\" decoding=\"async\" class=\"aligncenter\" src=\"https:\/\/k-level.com\/wp-content\/uploads\/2025\/05\/KRL-4103-1-300x300.jpg\" alt=\"Niveli lazer rrotullues KRL-410 me pjerr\u00ebsi\" width=\"300\" height=\"300\" \/><\/p>\n<p>P\u00ebr kontraktor\u00ebt dhe gjeodet\u00ebt q\u00eb k\u00ebrkojn\u00eb nj\u00eb mjet t\u00eb q\u00ebndruesh\u00ebm dhe t\u00eb gjithansh\u00ebm, KRL-410 \u00ebsht\u00eb nj\u00eb zgjedhje e shk\u00eblqyer. Strehimi i tij i fort\u00eb me vler\u00ebsim IP66 mbron nga pluhuri dhe uji, nd\u00ebrsa lazeri rrotullues me pajtueshm\u00ebri me marr\u00ebsin rrit besueshm\u00ebrin\u00eb e matjes n\u00eb distanca t\u00eb gjata. P\u00ebrmir\u00ebsoni rrjedh\u00ebn tuaj t\u00eb pun\u00ebs me KRL-410 - kompleti p\u00ebrfundimtar i nivelit t\u00eb lazerit rrotullues p\u00ebr k\u00ebrkesat moderne t\u00eb nd\u00ebrtimit.<\/p>\n<p><a href=\"https:\/\/k-level.com\/sq\/na-kontaktoni\/\">Lazer rrotullues KRL-410<\/a> shk\u00eblqen si nj\u00eb nivel lazer rrotullues p\u00ebr gradimin dhe aplikime t\u00eb tjera<br \/>\nduke siguruar sakt\u00ebsi, q\u00ebndrueshm\u00ebri<br \/>\nleht\u00ebsia e p\u00ebrdorimit n\u00eb \u00e7do vend pune.<\/p>\n<p>&nbsp;<\/p>\n<p><strong>Krahasimi i parametrave t\u00eb modelit t\u00eb instrumenteve t\u00eb ndryshme lazer rrotullues<\/strong><\/p>\n<table width=\"1112\">\n<tbody>\n<tr>\n<td width=\"101\">Numri i artikullit<\/td>\n<td width=\"101\">Tra<\/td>\n<td width=\"101\">Horizontal<\/td>\n<td width=\"101\">Vertikale<\/td>\n<td width=\"101\">Pika kryesore<\/td>\n<td width=\"101\">Pika e poshtme<\/td>\n<td width=\"168\">Dorez\u00eb<\/td>\n<td width=\"333\">Fllusk\u00eb<\/td>\n<\/tr>\n<tr>\n<td>KRL-405R<\/td>\n<td>Rreze e Kuqe<\/td>\n<td>\u2714<\/td>\n<td><\/td>\n<td><\/td>\n<td><\/td>\n<td>Dorez\u00eb e vetme<\/td>\n<td>1 fllusk\u00eb e pavarur + 1 fllusk\u00eb e rrumbullak\u00ebt<\/td>\n<\/tr>\n<tr>\n<td>KRL-405G<\/td>\n<td>Rreze e Gjelb\u00ebr<\/td>\n<td>\u2714<\/td>\n<td><\/td>\n<td><\/td>\n<td><\/td>\n<td>Dorez\u00eb e vetme<\/td>\n<td>1 fllusk\u00eb e pavarur + 1 fllusk\u00eb e rrumbullak\u00ebt<\/td>\n<\/tr>\n<tr>\n<td>KRL-410R<\/td>\n<td>Rreze e Kuqe<\/td>\n<td>\u2714<\/td>\n<td>\u2714<\/td>\n<td>\u2714<\/td>\n<td><\/td>\n<td>Dorez\u00eb e vetme<\/td>\n<td>1 fllusk\u00eb e pavarur + 1 fllusk\u00eb e rrumbullak\u00ebt<\/td>\n<\/tr>\n<tr>\n<td>KRL-410G<\/td>\n<td>Rreze e Gjelb\u00ebr<\/td>\n<td>\u2714<\/td>\n<td>\u2714<\/td>\n<td>\u2714<\/td>\n<td><\/td>\n<td>Dorez\u00eb e vetme<\/td>\n<td>1 fllusk\u00eb e pavarur + 1 fllusk\u00eb e rrumbullak\u00ebt<\/td>\n<\/tr>\n<tr>\n<td>KRL-420G<\/td>\n<td>Rreze e Gjelb\u00ebr<\/td>\n<td>\u2714<\/td>\n<td>\u2714<\/td>\n<td>\u2714<\/td>\n<td>\u2714<\/td>\n<td>Dorez\u00eb e dyfisht\u00eb<\/td>\n<td>1 fllusk\u00eb e pavarur + 1 fllusk\u00eb e rrumbullak\u00ebt<\/td>\n<\/tr>\n<tr>\n<td>KRL-420R<\/td>\n<td>Rreze e Kuqe<\/td>\n<td>\u2714<\/td>\n<td>\u2714<\/td>\n<td>\u2714<\/td>\n<td>\u2714<\/td>\n<td>Dorez\u00eb e dyfisht\u00eb<\/td>\n<td>1 fllusk\u00eb e pavarur + 1 fllusk\u00eb e rrumbullak\u00ebt<\/td>\n<\/tr>\n<tr>\n<td>KRL-440R<\/td>\n<td>Rreze e Kuqe<\/td>\n<td>\u2714<\/td>\n<td>\u2714<\/td>\n<td>\u2714<\/td>\n<td>\u2714<\/td>\n<td>Kat\u00ebr doreza<\/td>\n<td>1 fllusk\u00eb e pavarur + 1 fllusk\u00eb e rrumbullak\u00ebt<\/td>\n<\/tr>\n<tr>\n<td>KRL-440G<\/td>\n<td>Rreze e Gjelb\u00ebr<\/td>\n<td>\u2714<\/td>\n<td>\u2714<\/td>\n<td>\u2714<\/td>\n<td>\u2714<\/td>\n<td>Kat\u00ebr doreza<\/td>\n<td>1 fllusk\u00eb e pavarur + 1 fllusk\u00eb e rrumbullak\u00ebt<\/td>\n<\/tr>\n<tr>\n<td>KRL-540G<\/td>\n<td>Rreze e Gjelb\u00ebr<\/td>\n<td>\u2714<\/td>\n<td>\u2714<\/td>\n<td colspan=\"2\" width=\"203\">3 sensor\u00eb t\u00eb gjat\u00eb t\u00eb pavarur<\/td>\n<td>Kat\u00ebr doreza<\/td>\n<td>3 flluska t\u00eb gjata t\u00eb pavarura<\/td>\n<\/tr>\n<tr>\n<td>KRL-540R<\/td>\n<td>Rreze e Kuqe<\/td>\n<td>\u2714<\/td>\n<td>\u2714<\/td>\n<td colspan=\"2\" width=\"203\">3 sensor\u00eb t\u00eb gjat\u00eb t\u00eb pavarur<\/td>\n<td>Kat\u00ebr doreza<\/td>\n<td>3 flluska t\u00eb gjata t\u00eb pavarura<\/td>\n<\/tr>\n<tr>\n<td>KRL-640R<\/td>\n<td>Rreze e Kuqe<\/td>\n<td>\u2714<\/td>\n<td>\u2714<\/td>\n<td colspan=\"2\" width=\"203\">3 sensor\u00eb t\u00eb gjat\u00eb t\u00eb pavarur<\/td>\n<td>Kat\u00ebr doreza<\/td>\n<td>3 flluska t\u00eb gjata t\u00eb pavarura<\/td>\n<\/tr>\n<tr>\n<td>KRL-640G<\/td>\n<td>Rreze e Gjelb\u00ebr<\/td>\n<td>\u2714<\/td>\n<td>\u2714<\/td>\n<td colspan=\"2\" width=\"203\">3 sensor\u00eb t\u00eb gjat\u00eb t\u00eb pavarur<\/td>\n<td>Kat\u00ebr doreza<\/td>\n<td>3 flluska t\u00eb gjata t\u00eb pavarura<\/td>\n<\/tr>\n<\/tbody>\n<\/table>\n<p>Keni nevoj\u00eb p\u00ebr nj\u00eb zgjidhje?<\/p>\n<p><a href=\"https:\/\/k-level.com\/sq\/\">Niveli K<\/a> ofron Sh\u00ebrbime Konsulence p\u00ebr pajisje matjeje. Na kontaktoni p\u00ebr porosi me shumic\u00eb ose mb\u00ebshtetje teknike!<\/p>","protected":false},"excerpt":{"rendered":"<ul>\n<li>Lazeri rrotullues KRL-410 shk\u00eblqen si nj\u00eb nivelues lazeri rrotullues p\u00ebr gradimin.<\/li>\n<li>Aplikime t\u00eb tjera, duke siguruar sakt\u00ebsi, q\u00ebndrueshm\u00ebri.<\/li>\n<li>Nivel lazer rrotullues KRL-410 me pjerr\u00ebsi, leht\u00ebsi p\u00ebrdorimi n\u00eb \u00e7do vend pune.<\/li>\n<\/ul>\n<p><img decoding=\"async\" class=\"alignnone size-medium wp-image-13646\" src=\"https:\/\/k-level.com\/wp-content\/uploads\/2025\/05\/logo-300x98.png\" alt=\"\" width=\"300\" height=\"98\" srcset=\"https:\/\/k-level.com\/wp-content\/uploads\/2025\/05\/logo-300x98.png 300w, https:\/\/k-level.com\/wp-content\/uploads\/2025\/05\/logo-18x6.png 18w, https:\/\/k-level.com\/wp-content\/uploads\/2025\/05\/logo.png 307w\" sizes=\"(max-width: 300px) 100vw, 300px\" \/><\/p>","protected":false},"featured_media":13998,"comment_status":"open","ping_status":"closed","template":"","meta":[],"product_brand":[],"product_cat":[240],"product_tag":[236],"class_list":{"0":"post-12643","1":"product","2":"type-product","3":"status-publish","4":"has-post-thumbnail","6":"product_cat-krl-410","7":"product_tag-construction","9":"first","10":"instock","11":"shipping-taxable","12":"product-type-simple"},"_links":{"self":[{"href":"https:\/\/k-level.com\/sq\/wp-json\/wp\/v2\/product\/12643","targetHints":{"allow":["GET"]}}],"collection":[{"href":"https:\/\/k-level.com\/sq\/wp-json\/wp\/v2\/product"}],"about":[{"href":"https:\/\/k-level.com\/sq\/wp-json\/wp\/v2\/types\/product"}],"replies":[{"embeddable":true,"href":"https:\/\/k-level.com\/sq\/wp-json\/wp\/v2\/comments?post=12643"}],"version-history":[{"count":5,"href":"https:\/\/k-level.com\/sq\/wp-json\/wp\/v2\/product\/12643\/revisions"}],"predecessor-version":[{"id":14083,"href":"https:\/\/k-level.com\/sq\/wp-json\/wp\/v2\/product\/12643\/revisions\/14083"}],"wp:featuredmedia":[{"embeddable":true,"href":"https:\/\/k-level.com\/sq\/wp-json\/wp\/v2\/media\/13998"}],"wp:attachment":[{"href":"https:\/\/k-level.com\/sq\/wp-json\/wp\/v2\/media?parent=12643"}],"wp:term":[{"taxonomy":"product_brand","embeddable":true,"href":"https:\/\/k-level.com\/sq\/wp-json\/wp\/v2\/product_brand?post=12643"},{"taxonomy":"product_cat","embeddable":true,"href":"https:\/\/k-level.com\/sq\/wp-json\/wp\/v2\/product_cat?post=12643"},{"taxonomy":"product_tag","embeddable":true,"href":"https:\/\/k-level.com\/sq\/wp-json\/wp\/v2\/product_tag?post=12643"}],"curies":[{"name":"wp","href":"https:\/\/api.w.org\/{rel}","templated":true}]}}