{"id":12640,"date":"2025-05-07T15:24:04","date_gmt":"2025-05-07T07:24:04","guid":{"rendered":"http:\/\/www.xcar.com\/?post_type=product&#038;p=12640"},"modified":"2026-03-30T09:07:28","modified_gmt":"2026-03-30T01:07:28","slug":"lazer-rrotullues-shumefunksional-krl-405","status":"publish","type":"product","link":"https:\/\/k-level.com\/sq\/produkt\/lazer-rrotullues-shumefunksional-krl-405\/","title":{"rendered":"Lazer rrotullues KRL-405"},"content":{"rendered":"<p>Lazer rrotullues KRL-405 \u2013 Instrument mat\u00ebs shum\u00ebfunksional preciz<\/p>\n<p>Lazeri rrotullues KRL-405 \u00ebsht\u00eb nj\u00eb lazer me performanc\u00eb t\u00eb lart\u00eb. <a href=\"https:\/\/k-level.com\/sq\/dyqan\/\">lazer rrotullues shum\u00ebfunksional<\/a> i projektuar p\u00ebr nd\u00ebrtim, matje dhe aplikime industriale. Me opsionet e rrezes s\u00eb gjelb\u00ebr lazer rrotulluese dhe rrezes s\u00eb kuqe lazer rrotulluese, ky mjet i gjithansh\u00ebm siguron shikueshm\u00ebri optimale n\u00eb kushte t\u00eb ndryshme ndri\u00e7imi, duke e b\u00ebr\u00eb at\u00eb ideal p\u00ebr p\u00ebrdorim t\u00eb brendsh\u00ebm dhe t\u00eb jasht\u00ebm.<\/p>\n<p>Si nj\u00eb lazer rrotullues shum\u00ebfunksional, KRL-405 ofron vet\u00ebnivelim automatik, modalitet pjerr\u00ebsi manuale dhe nj\u00eb rreze rrotulluese 360\u00b0 p\u00ebr mbulim t\u00eb plot\u00eb t\u00eb vendit t\u00eb pun\u00ebs. Rrezja e gjelb\u00ebr e lazerit rrotullues (520nm) ofron deri n\u00eb 4 her\u00eb shikueshm\u00ebri m\u00eb t\u00eb mir\u00eb se rrezet tradicionale t\u00eb kuqe, perfekte p\u00ebr mjedise t\u00eb ndritshme, nd\u00ebrsa <a href=\"https:\/\/k-level.com\/sq\/rreth-nesh\/\">lazer rrotullues<\/a> Rrezja e kuqe (635 nm) mbetet nj\u00eb zgjedhje e besueshme p\u00ebr aplikimet standarde. Me nj\u00eb gam\u00eb pune deri n\u00eb 800 m (me detektor) dhe sakt\u00ebsi \u00b11.5 mm n\u00eb 30 m, ky lazer siguron sakt\u00ebsi t\u00eb nivelit profesional.<\/p>\n<p><img fetchpriority=\"high\" decoding=\"async\" class=\"aligncenter wp-image-13057 size-medium\" src=\"https:\/\/k-level.com\/wp-content\/uploads\/2025\/05\/KRL-4053-300x300.jpg\" alt=\"Lazer rrotullues shum\u00ebfunksional KRL-405\" width=\"300\" height=\"300\" srcset=\"https:\/\/k-level.com\/wp-content\/uploads\/2025\/05\/KRL-4053-300x300.jpg 300w, https:\/\/k-level.com\/wp-content\/uploads\/2025\/05\/KRL-4053-370x370.jpg 370w, https:\/\/k-level.com\/wp-content\/uploads\/2025\/05\/KRL-4053-100x100.jpg 100w, https:\/\/k-level.com\/wp-content\/uploads\/2025\/05\/KRL-4053-400x400.jpg 400w, https:\/\/k-level.com\/wp-content\/uploads\/2025\/05\/KRL-4053-150x150.jpg 150w, https:\/\/k-level.com\/wp-content\/uploads\/2025\/05\/KRL-4053-768x768.jpg 768w, https:\/\/k-level.com\/wp-content\/uploads\/2025\/05\/KRL-4053-12x12.jpg 12w, https:\/\/k-level.com\/wp-content\/uploads\/2025\/05\/KRL-4053-50x50.jpg 50w, https:\/\/k-level.com\/wp-content\/uploads\/2025\/05\/KRL-4053.jpg 800w\" sizes=\"(max-width: 300px) 100vw, 300px\" \/><\/p>\n<p><a href=\"https:\/\/k-level.com\/sq\/dyqan\/\">Lazer rrotullues shum\u00ebfunksional KRL-405<\/a> p\u00ebrfshijn\u00eb:<\/p>\n<p>Kaloni midis rrezes s\u00eb gjelb\u00ebr lazer rrotulluese dhe rrezes s\u00eb kuqe lazer rrotulluese sipas nevoj\u00ebs<br \/>\nI pap\u00ebrshkuesh\u00ebm nga pluhuri dhe uji p\u00ebr vende pune t\u00eb v\u00ebshtira<br \/>\nRrit efikasitetin n\u00eb projekte n\u00eb shkall\u00eb t\u00eb gjer\u00eb<\/p>\n<p>Pavar\u00ebsisht n\u00ebse keni nevoj\u00eb p\u00ebr shtrirje me dukshm\u00ebri t\u00eb lart\u00eb apo nivelim me rreze t\u00eb gjat\u00eb, lazeri rrotullues shum\u00ebfunksional KRL-405 ofron performanc\u00eb t\u00eb pakrahasueshme.<\/p>\n<p><strong>Krahasimi i parametrave t\u00eb modelit t\u00eb instrumenteve t\u00eb ndryshme lazer rrotullues<\/strong><\/p>\n<table width=\"1112\">\n<tbody>\n<tr>\n<td width=\"101\">Numri i artikullit<\/td>\n<td width=\"101\">Tra<\/td>\n<td width=\"101\">Horizontal<\/td>\n<td width=\"101\">Vertikale<\/td>\n<td width=\"101\">Pika kryesore<\/td>\n<td width=\"101\">Pika e poshtme<\/td>\n<td width=\"168\">Dorez\u00eb<\/td>\n<td width=\"333\">Fllusk\u00eb<\/td>\n<\/tr>\n<tr>\n<td>KRL-405R<\/td>\n<td>Rreze e Kuqe<\/td>\n<td>\u2714<\/td>\n<td><\/td>\n<td><\/td>\n<td><\/td>\n<td>Dorez\u00eb e vetme<\/td>\n<td>1 fllusk\u00eb e pavarur + 1 fllusk\u00eb e rrumbullak\u00ebt<\/td>\n<\/tr>\n<tr>\n<td>KRL-405G<\/td>\n<td>Rreze e Gjelb\u00ebr<\/td>\n<td>\u2714<\/td>\n<td><\/td>\n<td><\/td>\n<td><\/td>\n<td>Dorez\u00eb e vetme<\/td>\n<td>1 fllusk\u00eb e pavarur + 1 fllusk\u00eb e rrumbullak\u00ebt<\/td>\n<\/tr>\n<tr>\n<td>KRL-410R<\/td>\n<td>Rreze e Kuqe<\/td>\n<td>\u2714<\/td>\n<td>\u2714<\/td>\n<td>\u2714<\/td>\n<td><\/td>\n<td>Dorez\u00eb e vetme<\/td>\n<td>1 fllusk\u00eb e pavarur + 1 fllusk\u00eb e rrumbullak\u00ebt<\/td>\n<\/tr>\n<tr>\n<td>KRL-410G<\/td>\n<td>Rreze e Gjelb\u00ebr<\/td>\n<td>\u2714<\/td>\n<td>\u2714<\/td>\n<td>\u2714<\/td>\n<td><\/td>\n<td>Dorez\u00eb e vetme<\/td>\n<td>1 fllusk\u00eb e pavarur + 1 fllusk\u00eb e rrumbullak\u00ebt<\/td>\n<\/tr>\n<tr>\n<td>KRL-420G<\/td>\n<td>Rreze e Gjelb\u00ebr<\/td>\n<td>\u2714<\/td>\n<td>\u2714<\/td>\n<td>\u2714<\/td>\n<td>\u2714<\/td>\n<td>Dorez\u00eb e dyfisht\u00eb<\/td>\n<td>1 fllusk\u00eb e pavarur + 1 fllusk\u00eb e rrumbullak\u00ebt<\/td>\n<\/tr>\n<tr>\n<td>KRL-420R<\/td>\n<td>Rreze e Kuqe<\/td>\n<td>\u2714<\/td>\n<td>\u2714<\/td>\n<td>\u2714<\/td>\n<td>\u2714<\/td>\n<td>Dorez\u00eb e dyfisht\u00eb<\/td>\n<td>1 fllusk\u00eb e pavarur + 1 fllusk\u00eb e rrumbullak\u00ebt<\/td>\n<\/tr>\n<tr>\n<td>KRL-440R<\/td>\n<td>Rreze e Kuqe<\/td>\n<td>\u2714<\/td>\n<td>\u2714<\/td>\n<td>\u2714<\/td>\n<td>\u2714<\/td>\n<td>Kat\u00ebr doreza<\/td>\n<td>1 fllusk\u00eb e pavarur + 1 fllusk\u00eb e rrumbullak\u00ebt<\/td>\n<\/tr>\n<tr>\n<td>KRL-440G<\/td>\n<td>Rreze e Gjelb\u00ebr<\/td>\n<td>\u2714<\/td>\n<td>\u2714<\/td>\n<td>\u2714<\/td>\n<td>\u2714<\/td>\n<td>Kat\u00ebr doreza<\/td>\n<td>1 fllusk\u00eb e pavarur + 1 fllusk\u00eb e rrumbullak\u00ebt<\/td>\n<\/tr>\n<tr>\n<td>KRL-540G<\/td>\n<td>Rreze e Gjelb\u00ebr<\/td>\n<td>\u2714<\/td>\n<td>\u2714<\/td>\n<td colspan=\"2\" width=\"203\">3 flluska t\u00eb gjata t\u00eb pavarura<\/td>\n<td>Kat\u00ebr doreza<\/td>\n<td>3 flluska t\u00eb gjata t\u00eb pavarura<\/td>\n<\/tr>\n<tr>\n<td>KRL-540R<\/td>\n<td>Rreze e Kuqe<\/td>\n<td>\u2714<\/td>\n<td>\u2714<\/td>\n<td colspan=\"2\" width=\"203\">3 flluska t\u00eb gjata t\u00eb pavarura<\/td>\n<td>Kat\u00ebr doreza<\/td>\n<td>3 flluska t\u00eb gjata t\u00eb pavarura<\/td>\n<\/tr>\n<tr>\n<td>KRL-640R<\/td>\n<td>Rreze e Kuqe<\/td>\n<td>\u2714<\/td>\n<td>\u2714<\/td>\n<td colspan=\"2\" width=\"203\">3 flluska t\u00eb gjata t\u00eb pavarura<\/td>\n<td>Kat\u00ebr doreza<\/td>\n<td>3 flluska t\u00eb gjata t\u00eb pavarura<\/td>\n<\/tr>\n<tr>\n<td>KRL-640G<\/td>\n<td>Rreze e Gjelb\u00ebr<\/td>\n<td>\u2714<\/td>\n<td>\u2714<\/td>\n<td colspan=\"2\" width=\"203\">3 flluska t\u00eb gjata t\u00eb pavarura<\/td>\n<td>Kat\u00ebr doreza<\/td>\n<td>3 flluska t\u00eb gjata t\u00eb pavarura<\/td>\n<\/tr>\n<\/tbody>\n<\/table>\n<p>Keni nevoj\u00eb p\u00ebr nj\u00eb zgjidhje?<\/p>\n<p>K-level ofron Sh\u00ebrbime Konsulence p\u00ebr pajisje matjeje. Na kontaktoni p\u00ebr porosi me shumic\u00eb ose mb\u00ebshtetje teknike!<\/p>","protected":false},"excerpt":{"rendered":"<ul>\n<li>Lazeri rrotullues KRL-405 kombinon teknologjin\u00eb m\u00eb t\u00eb p\u00ebrparuar<\/li>\n<li>Lazer rrotullues KRL-405 me performanc\u00eb t\u00eb fort\u00eb.<\/li>\n<li>Lazeri rrotullues shum\u00ebfunksional ofron nivelim me precizion t\u00eb lart\u00eb, shikueshm\u00ebri n\u00eb distanc\u00eb t\u00eb gjat\u00eb dhe dizajn t\u00eb q\u00ebndruesh\u00ebm.<\/li>\n<\/ul>\n<p><img decoding=\"async\" class=\"alignnone size-medium wp-image-13646\" src=\"https:\/\/k-level.com\/wp-content\/uploads\/2025\/05\/logo-300x98.png\" alt=\"\" width=\"300\" height=\"98\" srcset=\"https:\/\/k-level.com\/wp-content\/uploads\/2025\/05\/logo-300x98.png 300w, https:\/\/k-level.com\/wp-content\/uploads\/2025\/05\/logo-18x6.png 18w, https:\/\/k-level.com\/wp-content\/uploads\/2025\/05\/logo.png 307w\" sizes=\"(max-width: 300px) 100vw, 300px\" \/><\/p>","protected":false},"featured_media":13997,"comment_status":"open","ping_status":"closed","template":"","meta":[],"product_brand":[],"product_cat":[239],"product_tag":[236],"class_list":{"0":"post-12640","1":"product","2":"type-product","3":"status-publish","4":"has-post-thumbnail","6":"product_cat-krl-405","7":"product_tag-construction","9":"first","10":"instock","11":"shipping-taxable","12":"product-type-simple"},"_links":{"self":[{"href":"https:\/\/k-level.com\/sq\/wp-json\/wp\/v2\/product\/12640","targetHints":{"allow":["GET"]}}],"collection":[{"href":"https:\/\/k-level.com\/sq\/wp-json\/wp\/v2\/product"}],"about":[{"href":"https:\/\/k-level.com\/sq\/wp-json\/wp\/v2\/types\/product"}],"replies":[{"embeddable":true,"href":"https:\/\/k-level.com\/sq\/wp-json\/wp\/v2\/comments?post=12640"}],"version-history":[{"count":5,"href":"https:\/\/k-level.com\/sq\/wp-json\/wp\/v2\/product\/12640\/revisions"}],"predecessor-version":[{"id":13651,"href":"https:\/\/k-level.com\/sq\/wp-json\/wp\/v2\/product\/12640\/revisions\/13651"}],"wp:featuredmedia":[{"embeddable":true,"href":"https:\/\/k-level.com\/sq\/wp-json\/wp\/v2\/media\/13997"}],"wp:attachment":[{"href":"https:\/\/k-level.com\/sq\/wp-json\/wp\/v2\/media?parent=12640"}],"wp:term":[{"taxonomy":"product_brand","embeddable":true,"href":"https:\/\/k-level.com\/sq\/wp-json\/wp\/v2\/product_brand?post=12640"},{"taxonomy":"product_cat","embeddable":true,"href":"https:\/\/k-level.com\/sq\/wp-json\/wp\/v2\/product_cat?post=12640"},{"taxonomy":"product_tag","embeddable":true,"href":"https:\/\/k-level.com\/sq\/wp-json\/wp\/v2\/product_tag?post=12640"}],"curies":[{"name":"wp","href":"https:\/\/api.w.org\/{rel}","templated":true}]}}